{"id":19471,"date":"2024-12-16T00:15:52","date_gmt":"2024-12-15T23:15:52","guid":{"rendered":"https:\/\/mama-niemowlaka.pl\/sklep\/?post_type=product&#038;p=19471"},"modified":"2025-12-16T00:17:06","modified_gmt":"2025-12-15T23:17:06","slug":"pajacyk-bez-stopek-dla-dziewczynki-bezowy","status":"publish","type":"product","link":"https:\/\/mama-niemowlaka.pl\/sklep\/produkt\/ubranka-niemowlece\/pajacyki-dla-niemowlat\/pajacyk-bez-stopek-dla-dziewczynki-bezowy\/","title":{"rendered":"Pajacyk niemowl\u0119cy bez st\u00f3pek dla dziewczynki &#8211; be\u017cowy"},"content":{"rendered":"<h2 data-pm-slice=\"1 1 []\">Bawe\u0142niany pajacyk niemowl\u0119cy bez st\u00f3pek dla dziewczynki<\/h2>\n<p data-pm-slice=\"1 1 []\">Nasz <a href=\"https:\/\/mama-niemowlaka.pl\/sklep\/produkt\/ubranka-niemowlece\/pajacyki-dla-niemowlat\/pajacyk-bez-stopek-dla-dziewczynki-bezowy\/\" target=\"_blank\" rel=\"noopener\"><strong>pajacyk bez st\u00f3pek<\/strong><\/a> to nie tylko wygodny str\u00f3j na co dzie\u0144, ale tak\u017ce elegancka stylizacja na specjalne okazje. Dzi\u0119ki neutralnemu be\u017cowemu kolorowi i subtelnym detalom, jak marszczenia na r\u0119kawkach i urocze serduszko, Twoja c\u00f3reczka b\u0119dzie wygl\u0105da\u0107 wyj\u0105tkowo. Zestaw z czapeczk\u0105 sprawia, \u017ce jest to idealny wyb\u00f3r na spacery, wizyty rodzinne czy sesje zdj\u0119ciowe. Mi\u0119kka bawe\u0142na, z kt\u00f3rej wykonano ten pajacyk, jest przyjazna dla sk\u00f3ry dziecka, a zapi\u0119cia na napy umo\u017cliwiaj\u0105 szybk\u0105 zmian\u0119 pieluszki, bez zb\u0119dnego stresu.<\/p>\n<p data-pm-slice=\"1 1 []\">Nasz pajacyk dla dziewczynki to wygodne ubranko dla niemowlaka. Kup je ju\u017c dzi\u015b.<\/p>\n<h2 data-pm-slice=\"1 1 []\">Pajacyki dla niemowl\u0105t w sklepie <a href=\"https:\/\/mama-niemowlaka.pl\" target=\"_blank\" rel=\"noopener\">mama-niemowlaka.pl<\/a><\/h2>\n<p data-pm-slice=\"1 1 []\">Je\u015bli spodoba\u0142 Ci si\u0119 ten <strong>pajacyk niemowl\u0119cy bez st\u00f3pek<\/strong>, zapraszamy do zapoznania si\u0119 z nasz\u0105 pe\u0142n\u0105 ofert\u0105 <a href=\"https:\/\/mama-niemowlaka.pl\/sklep\/c\/ubranka-niemowlece\/pajacyki-dla-niemowlat\/\" target=\"_blank\" rel=\"noopener\"><strong>wygodnych pajacyk\u00f3w niemowl\u0119cych<\/strong><\/a>. W sklepie Mama Niemowlaka znajdziesz tylko <strong>najwy\u017cszej jako\u015bci pajacyki<\/strong>, idealne dla Twojego maluszka. Ka\u017cdy <strong>pajacyk niemowl\u0119cy <\/strong>dost\u0119pny w naszej ofercie zosta\u0142 starannie wyselekcjonowany, aby zapewni\u0107 komfort i bezpiecze\u0144stwo Twojego dziecka. W naszej ofercie znajdziesz szeroki wyb\u00f3r <a href=\"https:\/\/mama-niemowlaka.pl\/sklep\/t\/pajacyki-dla-dziewczynek\/\" target=\"_blank\" rel=\"noopener\"><strong>pajacyk\u00f3w dla dziewczynki<\/strong><\/a> oraz <a href=\"https:\/\/mama-niemowlaka.pl\/sklep\/t\/pajacyki-niemowlece-dla-chlopca\/\" target=\"_blank\" rel=\"noopener\"><strong>pajacyki dla ch\u0142opca<\/strong><\/a>. Odkryj te\u017c <a href=\"https:\/\/mama-niemowlaka.pl\/sklep\/t\/pajacyki-dla-noworodka\/\" target=\"_blank\" rel=\"noopener\"><strong>pajacyki dla noworodka<\/strong><\/a> w r\u00f3\u017cnych wzorach i kolorach, kt\u00f3re z pewno\u015bci\u0105 przypadn\u0105 do gustu ka\u017cdej mamie i jej maluszkowi.<\/p>\n<p data-pm-slice=\"1 1 []\">Warto kupi\u0107 pajacyki niemowl\u0119ce na naszym sklepie!<\/p>\n","protected":false},"excerpt":{"rendered":"<p data-pm-slice=\"1 1 []\"><a href=\"https:\/\/mama-niemowlaka.pl\/sklep\/produkt\/ubranka-niemowlece\/pajacyki-dla-niemowlat\/pajacyk-bez-stopek-dla-dziewczynki-bezowy\/\" target=\"_blank\" rel=\"noopener\"><strong>Pajacyk bez st\u00f3pek<\/strong><\/a> to wyj\u0105tkowy zestaw dla ma\u0142ej dziewczynki, kt\u00f3ry \u0142\u0105czy komfort z elegancj\u0105. Wykonany z mi\u0119kkiej i delikatnej bawe\u0142ny, ten be\u017cowy pajacyk zapewnia ciep\u0142o i wygod\u0119 na co dzie\u0144. W komplecie znajduje si\u0119 urocza czapeczka, kt\u00f3ra idealnie dope\u0142nia ca\u0142\u0105 stylizacj\u0119. Pajacyk zapinany jest w kroku na bezniklowe napy, co u\u0142atwia przebieranie maluszka. Ten stylowy zestaw to doskona\u0142y wyb\u00f3r na ka\u017cd\u0105 okazj\u0119.<\/p>\n<p>Bawe\u0142niany pajacyk niemowl\u0119cy bez st\u00f3pek dla dziewczynki dost\u0119pny jest w czterech rozmiarach: 68, 74, 80 i 86.<\/p>\n<p>Sk\u0142ad: 100% bawe\u0142na<\/p>\n","protected":false},"featured_media":16129,"template":"","meta":[],"product_brand":[],"product_cat":[59,57],"product_tag":[118,152,180,277,279,273,275,276,274,235],"class_list":{"0":"post-19471","1":"product","2":"type-product","3":"status-publish","4":"has-post-thumbnail","6":"product_cat-pajacyki-dla-niemowlat","7":"product_cat-ubranka-niemowlece","8":"product_tag-bawelna","9":"product_tag-ubranka-dla-niemowlat-dziewczynek","10":"product_tag-nowosc","11":"product_tag-pajacyk-80","12":"product_tag-pajacyk-86","13":"product_tag-pajacyki-68","14":"product_tag-pajacyki-74","15":"product_tag-pajacyki-bez-stopek","16":"product_tag-pajacyki-dla-dziewczynek","17":"product_tag-rampersy","18":"product_shipping_class-lekka","19":"pa_rozmiar-313","20":"pa_rozmiar-314","21":"pa_rozmiar-315","22":"pa_rozmiar-316","24":"first","25":"instock","26":"taxable","27":"shipping-taxable","28":"purchasable","29":"product-type-variable","30":"has-default-attributes","31":"wvs-archive-product-wrapper"},"_links":{"self":[{"href":"https:\/\/mama-niemowlaka.pl\/sklep\/wp-json\/wp\/v2\/product\/19471","targetHints":{"allow":["GET"]}}],"collection":[{"href":"https:\/\/mama-niemowlaka.pl\/sklep\/wp-json\/wp\/v2\/product"}],"about":[{"href":"https:\/\/mama-niemowlaka.pl\/sklep\/wp-json\/wp\/v2\/types\/product"}],"wp:featuredmedia":[{"embeddable":true,"href":"https:\/\/mama-niemowlaka.pl\/sklep\/wp-json\/wp\/v2\/media\/16129"}],"wp:attachment":[{"href":"https:\/\/mama-niemowlaka.pl\/sklep\/wp-json\/wp\/v2\/media?parent=19471"}],"wp:term":[{"taxonomy":"product_brand","embeddable":true,"href":"https:\/\/mama-niemowlaka.pl\/sklep\/wp-json\/wp\/v2\/product_brand?post=19471"},{"taxonomy":"product_cat","embeddable":true,"href":"https:\/\/mama-niemowlaka.pl\/sklep\/wp-json\/wp\/v2\/product_cat?post=19471"},{"taxonomy":"product_tag","embeddable":true,"href":"https:\/\/mama-niemowlaka.pl\/sklep\/wp-json\/wp\/v2\/product_tag?post=19471"}],"curies":[{"name":"wp","href":"https:\/\/api.w.org\/{rel}","templated":true}]}}