{"id":19476,"date":"2025-09-16T00:19:32","date_gmt":"2025-09-15T22:19:32","guid":{"rendered":"https:\/\/mama-niemowlaka.pl\/sklep\/?post_type=product&#038;p=19476"},"modified":"2025-12-16T00:21:08","modified_gmt":"2025-12-15T23:21:08","slug":"rampers-sweterkowy-kremowy","status":"publish","type":"product","link":"https:\/\/mama-niemowlaka.pl\/sklep\/produkt\/ubranka-niemowlece\/pajacyki-dla-niemowlat\/rampers-sweterkowy-kremowy\/","title":{"rendered":"Rampers sweterkowy kremowy"},"content":{"rendered":"<h2 data-pm-slice=\"1 1 []\"><strong>Rampersy niemowl\u0119ce &#8211; komfort u\u017cytkowania<\/strong><\/h2>\n<p>Rampers niemowl\u0119cy to niezwykle istotny element garderoby ka\u017cdego maluszka. Jest niezb\u0119dny w ka\u017cdej wyprawcie dla maluszka. Rampersy niemowl\u0119ce zapewniaj\u0105 wygod\u0119, ochron\u0119 i swobod\u0119 ruchu, a tak\u017ce u\u0142atwiaj\u0105 codzienn\u0105 piel\u0119gnacj\u0119 i przewijanie niemowlaka. Kupuj\u0105c rampersy dla niemowlaka wybierz te, kt\u00f3re s\u0105 wykonane z materia\u0142\u00f3w wysokiej jako\u015bci. Wybieraj\u0105c ubranko dla niemowlaka wybierz bawe\u0142n\u0119, kt\u00f3ra jest bezpieczna i delikatna dla sk\u00f3ry niemowlaka.<\/p>\n<p>Kup ju\u017c dzi\u015b ten kombinezon sweterkowy i zapewnij wygod\u0119 i uroczy wygl\u0105d dla swojego maluszka.<\/p>\n<h2><strong>Ubranka niemowl\u0119ce w sklepie <a href=\"http:\/\/www.mama-niemowlaka.pl\">www.mama-niemowlaka.pl<\/a><\/strong><\/h2>\n<p>Odwied\u017a nasz sklep internetowy <a href=\"http:\/\/www.mama-niemowlaka.pl\"><strong>www.mama-niemowlaka.pl<\/strong><\/a>, gdzie znajdziesz szeroki wyb\u00f3r ubranek niemowl\u0119cych najwy\u017cszej jako\u015bci. Gwarantujemy wysy\u0142k\u0119 zam\u00f3wienia w ci\u0105gu 48 godzin oraz darmow\u0105 wymian\u0119 towaru lub mo\u017cliwo\u015b\u0107 zwrotu w ci\u0105gu 14 dni. Co wi\u0119cej, je\u015bli zam\u00f3wisz za minimum 249 PLN, dostawa b\u0119dzie ca\u0142kowicie darmowa.<\/p>\n<p>Z nami skompletujesz wyprawk\u0119 dla siebie oraz swojego Maluszka. Sprawd\u017a pozosta\u0142e rampersy niemowl\u0119ce i kup wygodne ubranka dla niemowlaka. Pozosta\u0142e rampersy niemowl\u0119ce i pajacyki znajdziesz tutaj -&gt; <a href=\"https:\/\/mama-niemowlaka.pl\/sklep\/c\/ubranka\/pajacyki-dla-niemowlat\/\" target=\"_blank\" rel=\"noopener\"><strong>pajacyki dla niemowlaka<\/strong><\/a>.<\/p>\n","protected":false},"excerpt":{"rendered":"<p data-pm-slice=\"1 1 []\">Sweterkowy rampers niemowl\u0119cy w kolorze kremowym to wygodne ubranko dla maluszka. Rampers niemowl\u0119cy zapinany jest na guziczki. Pajacyk niemowl\u0119cy zosta\u0142 wykonany z ciep\u0142ej dzianiny dzi\u0119ki czemu zapewnia wysoki komfort u\u017cytkowania. Materia\u0142 tego kombinezonu sweterkowego jest delikatny i odpowiedni od pierwszych dni \u017cycia maluszka. Rampers sweterkowy jest niezwykle funkcjonalny, cieplutki i wygodny.<\/p>\n<p>Rampers sweterkowy w kolorze kremowym wyst\u0119puje w trzech rozmiarach: 68, 74 i 80.<\/p>\n<p>Sk\u0142ad: 80% bawe\u0142na, 20% poliester<\/p>\n","protected":false},"featured_media":18743,"template":"","meta":[],"product_brand":[],"product_cat":[59,57],"product_tag":[238,145,152,277,273,275,276,274,269,235],"class_list":{"0":"post-19476","1":"product","2":"type-product","3":"status-publish","4":"has-post-thumbnail","6":"product_cat-pajacyki-dla-niemowlat","7":"product_cat-ubranka-niemowlece","8":"product_tag-ubranka-swiateczne-dla-niemowlaka","9":"product_tag-ubranka-dla-niemowlat-chlopca","10":"product_tag-ubranka-dla-niemowlat-dziewczynek","11":"product_tag-pajacyk-80","12":"product_tag-pajacyki-68","13":"product_tag-pajacyki-74","14":"product_tag-pajacyki-bez-stopek","15":"product_tag-pajacyki-dla-dziewczynek","16":"product_tag-pajacyki-niemowlece-dla-chlopca","17":"product_tag-rampersy","18":"product_shipping_class-lekka","19":"pa_rozmiar-313","20":"pa_rozmiar-314","21":"pa_rozmiar-315","23":"first","24":"instock","25":"taxable","26":"shipping-taxable","27":"purchasable","28":"product-type-variable","29":"has-default-attributes","30":"wvs-archive-product-wrapper"},"_links":{"self":[{"href":"https:\/\/mama-niemowlaka.pl\/sklep\/wp-json\/wp\/v2\/product\/19476","targetHints":{"allow":["GET"]}}],"collection":[{"href":"https:\/\/mama-niemowlaka.pl\/sklep\/wp-json\/wp\/v2\/product"}],"about":[{"href":"https:\/\/mama-niemowlaka.pl\/sklep\/wp-json\/wp\/v2\/types\/product"}],"wp:featuredmedia":[{"embeddable":true,"href":"https:\/\/mama-niemowlaka.pl\/sklep\/wp-json\/wp\/v2\/media\/18743"}],"wp:attachment":[{"href":"https:\/\/mama-niemowlaka.pl\/sklep\/wp-json\/wp\/v2\/media?parent=19476"}],"wp:term":[{"taxonomy":"product_brand","embeddable":true,"href":"https:\/\/mama-niemowlaka.pl\/sklep\/wp-json\/wp\/v2\/product_brand?post=19476"},{"taxonomy":"product_cat","embeddable":true,"href":"https:\/\/mama-niemowlaka.pl\/sklep\/wp-json\/wp\/v2\/product_cat?post=19476"},{"taxonomy":"product_tag","embeddable":true,"href":"https:\/\/mama-niemowlaka.pl\/sklep\/wp-json\/wp\/v2\/product_tag?post=19476"}],"curies":[{"name":"wp","href":"https:\/\/api.w.org\/{rel}","templated":true}]}}