{"id":19484,"date":"2024-12-16T00:25:27","date_gmt":"2024-12-15T23:25:27","guid":{"rendered":"https:\/\/mama-niemowlaka.pl\/sklep\/?post_type=product&#038;p=19484"},"modified":"2025-12-16T00:26:52","modified_gmt":"2025-12-15T23:26:52","slug":"pajacyk-niemowlecy-prazek-mis-szary","status":"publish","type":"product","link":"https:\/\/mama-niemowlaka.pl\/sklep\/produkt\/ubranka-niemowlece\/komplet-niemowlecy\/pajacyk-niemowlecy-prazek-mis-szary\/","title":{"rendered":"Pajacyk niemowl\u0119cy pr\u0105\u017cek mi\u015b &#8211; szary"},"content":{"rendered":"<h2 data-pm-slice=\"1 1 []\"><strong>Pajacyk niemowl\u0119cy pr\u0105\u017cek dla ch\u0142opca na suwak w komplecie z czapk\u0105 &#8211; szary.<\/strong><\/h2>\n<p>Ka\u017cdy rodzic wie, jak wa\u017cne jest wybieranie odpowiednich ubranek dla swojego dziecka, kt\u00f3re zapewni\u0105 mu maksymalny komfort i wygod\u0119. Ten szary pajacyk niemowl\u0119cy pr\u0105\u017cek na suwak to doskona\u0142y wyb\u00f3r dla rodzic\u00f3w, kt\u00f3rzy poszukuj\u0105 praktycznego i wygodnego ubranka dla swojego maluszka.<\/p>\n<p>Pajacyk zosta\u0142 uszyty z bawe\u0142ny w pr\u0105\u017cek,\u00a0 najwy\u017cszej jako\u015bci, dzi\u0119ki czemu zapewni dziecku wygod\u0119 podczas snu i zabawy, a suwak na przodzie u\u0142atwi przewijanie. Bezpieczne i wygodne ubranie to podstawa, aby dziecko mog\u0142o swobodnie si\u0119 porusza\u0107 i rozwija\u0107 swoje umiej\u0119tno\u015bci. Nogawki zako\u0144czone s\u0105 pe\u0142nymi st\u00f3pkami, dzi\u0119ki czemu ochroni\u0105 n\u00f3\u017cki i zapewni\u0105 ciep\u0142o maluszkowi. Dzi\u0119ki suwakowi z przodu, przewijanie b\u0119dzie szybkie i \u0142atwe, co jest niezwykle wa\u017cne w przypadku ma\u0142ych dzieci, kt\u00f3re cz\u0119sto wymagaj\u0105 zmiany pieluchy w nocy. Nasz pajacyk na suwak to doskona\u0142y wyb\u00f3r dla ka\u017cdej mamy, kt\u00f3ra ceni sobie wygod\u0119 i praktyczno\u015b\u0107, a tak\u017ce bezstresowe przebieranie malucha.<\/p>\n<h2><strong>Dlaczego warto wybra\u0107 pajacyk zapinany na suwak?<\/strong><\/h2>\n<p>Pajacyk niemowl\u0119cy pr\u0105\u017cek jest wykonany z dba\u0142o\u015bci\u0105 o detale, ozdobiony jest on haftem w kszta\u0142cie misia. Pajacyk niemowl\u0119cy zosta\u0142 uszyty z przyjemnej, oddychaj\u0105cej bawe\u0142ny w pr\u0105\u017cek.<\/p>\n<h2><strong>Pajacyki niemowl\u0119ce to obowi\u0105zkowy element wyprawki dla noworodka<\/strong><\/h2>\n<p>Pajace niemowl\u0119ce to jeden z podstawowych element\u00f3w wyprawki dla noworodka. Bawe\u0142niane ubranka to najlepszy wyb\u00f3r dla delikatnej sk\u00f3ry niemowl\u0105t.<\/p>\n<p>Nie czekaj d\u0142u\u017cej i kup bezpieczne ubranko dla Twojego dziecka, kt\u00f3re sprawi mu rado\u015b\u0107 i wygod\u0119. Nasz pajacyk na suwak w szarym kolorze to idealny wyb\u00f3r dla ka\u017cdej mamy, kt\u00f3ra szuka praktycznego i wygodnego ubranka dla swojego dziecka. Dzi\u0119ki temu, \u017ce pajacyk jest zapinany na suwak przewijanie b\u0119dzie szybkie i \u0142atwe, co jest szczeg\u00f3lnie wa\u017cne w przypadku ma\u0142ych dzieci, kt\u00f3re wymagaj\u0105 cz\u0119stych zmian pieluchy. Pajacyk znakomicie sprawdzi jako pi\u017camka &#8211; sprawne przebieranie malucha w nocy to marzenie ka\u017cdego rodzica. Wykonany z mi\u0119kkiego i przyjemnego w dotyku materia\u0142u, ten pajacyk zapewni dziecku maksymalny komfort podczas snu i zabawy. Skorzystaj teraz z okazji i zam\u00f3w ten pajacyk na suwak w szarym kolorze, aby zapewni\u0107 swojemu dziecku najwy\u017cszy komfort i wygod\u0119.<\/p>\n<h3><span style=\"font-weight: 400;\">Sk\u0142ad:<\/span><\/h3>\n<p><span style=\"font-weight: 400;\">100% bawe\u0142na<br \/>\n<\/span><\/p>\n","protected":false},"excerpt":{"rendered":"<p data-pm-slice=\"1 1 []\">Pajacyk niemowl\u0119cy pr\u0105\u017cek na suwak w kolorze szarym zamieni codzienn\u0105 rutyn\u0119 piel\u0119gnacji Twojego dziecka w przyjemno\u015b\u0107 dzi\u0119ki temu wygodnemu i praktycznemu. Pajacyk niemowl\u0119cy pr\u0105\u017cek wykonany z mi\u0119kkiej i przyjemnej w dotyku bawe\u0142ny w pr\u0105\u017cek, zapewni Twojemu maluszkowi maksymalny komfort podczas snu i zabawy. Dzi\u0119ki suwakowi na przodzie, przewijanie b\u0119dzie szybkie i \u0142atwe, a Ty b\u0119dziesz mie\u0107 wi\u0119cej czasu na mi\u0142e chwile z dzieckiem. Pajacyk w komplecie z czapk\u0105 znakomicie sprawdzi si\u0119 jako ubranko do codziennego u\u017cytku lub jako pi\u017camka.<\/p>\n<h3><span style=\"font-weight: 400;\">Sk\u0142ad: <\/span><span style=\"font-weight: 400;\">100% bawe\u0142na<\/span><\/h3>\n","protected":false},"featured_media":17645,"template":"","meta":[],"product_brand":[],"product_cat":[122,59,57],"product_tag":[118,214,145,352,148,277,279,270,273,275,280,269,182],"class_list":{"0":"post-19484","1":"product","2":"type-product","3":"status-publish","4":"has-post-thumbnail","6":"product_cat-komplet-niemowlecy","7":"product_cat-pajacyki-dla-niemowlat","8":"product_cat-ubranka-niemowlece","9":"product_tag-bawelna","10":"product_tag-bestseller","11":"product_tag-ubranka-dla-niemowlat-chlopca","12":"product_tag-komplety-niemowlece-dla-chlopca","13":"product_tag-na-suwak","14":"product_tag-pajacyk-80","15":"product_tag-pajacyk-86","16":"product_tag-pajacyk-do-spania","17":"product_tag-pajacyki-68","18":"product_tag-pajacyki-74","19":"product_tag-pajacyki-na-zamek","20":"product_tag-pajacyki-niemowlece-dla-chlopca","21":"product_tag-prazek","22":"product_shipping_class-lekka","23":"pa_rozmiar-313","24":"pa_rozmiar-314","25":"pa_rozmiar-315","26":"pa_rozmiar-316","28":"first","29":"instock","30":"taxable","31":"shipping-taxable","32":"purchasable","33":"product-type-variable","34":"has-default-attributes","35":"wvs-archive-product-wrapper"},"_links":{"self":[{"href":"https:\/\/mama-niemowlaka.pl\/sklep\/wp-json\/wp\/v2\/product\/19484","targetHints":{"allow":["GET"]}}],"collection":[{"href":"https:\/\/mama-niemowlaka.pl\/sklep\/wp-json\/wp\/v2\/product"}],"about":[{"href":"https:\/\/mama-niemowlaka.pl\/sklep\/wp-json\/wp\/v2\/types\/product"}],"wp:featuredmedia":[{"embeddable":true,"href":"https:\/\/mama-niemowlaka.pl\/sklep\/wp-json\/wp\/v2\/media\/17645"}],"wp:attachment":[{"href":"https:\/\/mama-niemowlaka.pl\/sklep\/wp-json\/wp\/v2\/media?parent=19484"}],"wp:term":[{"taxonomy":"product_brand","embeddable":true,"href":"https:\/\/mama-niemowlaka.pl\/sklep\/wp-json\/wp\/v2\/product_brand?post=19484"},{"taxonomy":"product_cat","embeddable":true,"href":"https:\/\/mama-niemowlaka.pl\/sklep\/wp-json\/wp\/v2\/product_cat?post=19484"},{"taxonomy":"product_tag","embeddable":true,"href":"https:\/\/mama-niemowlaka.pl\/sklep\/wp-json\/wp\/v2\/product_tag?post=19484"}],"curies":[{"name":"wp","href":"https:\/\/api.w.org\/{rel}","templated":true}]}}