{"id":19494,"date":"2023-07-15T00:29:46","date_gmt":"2023-07-14T22:29:46","guid":{"rendered":"https:\/\/mama-niemowlaka.pl\/sklep\/?post_type=product&#038;p=19494"},"modified":"2026-03-05T22:47:49","modified_gmt":"2026-03-05T21:47:49","slug":"puchatek-szary","status":"publish","type":"product","link":"https:\/\/mama-niemowlaka.pl\/sklep\/produkt\/ubranka-niemowlece\/pajacyki-dla-niemowlat\/puchatek-szary\/","title":{"rendered":"Pajacyk ch\u0142opi\u0119cy Kubu\u015b szary"},"content":{"rendered":"<h2 data-pm-slice=\"1 1 []\">Pajacyk niemowl\u0119cy ch\u0142opi\u0119cy Kubu\u015b<\/h2>\n<p>Pajac dla ch\u0142opca to niezb\u0119dny element garderoby niemowlaka. Pajacyki dla niemowl\u0105t ch\u0142opi\u0119ce i dziewcz\u0119ce bardzo cz\u0119sto to nie tylko ubranko na co dzie\u0144, ale tak\u017ce bardzo wygodna pi\u017camka. Pajacyk ch\u0142opi\u0119cy Kubu\u015b doskonale sprawdzi si\u0119 jako ubranko w ci\u0105gu dnia jak i w nocy. Bawe\u0142na z kt\u00f3rej jest uszyty nasz bawe\u0142niany pajacyk nie kr\u0119puje ruch\u00f3w dziecka, dzi\u0119ki czemu dziecko mo\u017ce si\u0119 w nim swobodnie porusza\u0107 i bawi\u0107. Natomiast w nocy dzi\u0119ki bawe\u0142nie pajac ch\u0142opi\u0119cy zapewni doskona\u0142\u0105 wentylacj\u0119 i ruch powietrza, dzi\u0119ki czemu dziecko ani si\u0119 nie przegrzeje ani nie b\u0119dzie mu za zimno. Pajacyk ch\u0142opi\u0119cy z bawe\u0142ny Kubu\u015b to doskona\u0142y wyb\u00f3r dla Twojego dziecka.<\/p>\n<h2>Gdzie szuka\u0107 pajacyk\u00f3w niemowl\u0119cych dla ch\u0142opca?<\/h2>\n<p>W sklepie <a href=\"http:\/\/www.mama-niemowlaka.pl\">www.mama-niemowlaka.pl<\/a> znajdziesz prze\u015bliczne pajacyki niemowl\u0119ce. Sprawd\u017a kategori\u0119 pajacyki dla niemowl\u0105t dost\u0119pn\u0105 <a href=\"https:\/\/mama-niemowlaka.pl\/sklep\/c\/ubranka\/pajacyki-dla-niemowlat\/\" target=\"_blank\" rel=\"noopener\"><strong>tutaj<\/strong><\/a> i wybierz idealny pajac niemowl\u0119cy dla swojego Maluszka. Wszystkie pajacyki niemowl\u0119ce dost\u0119pne w naszym sklepie s\u0105 wykonane z naturalnych materia\u0142\u00f3w, jak bawe\u0142na dzi\u0119ki czemu kupisz wygodny pajac dla niemowlaka. W naszej ofercie znajdziesz zar\u00f3wno pajacyk ch\u0142opi\u0119cy na lato jak i pajacyk ch\u0142opi\u0119cy zimowy. Sprawd\u017a ubranka niemowl\u0119ce dost\u0119pne w naszym sklepie.<\/p>\n<p>&nbsp;<\/p>\n<p>Sk\u0142ad: 100% bawe\u0142na<\/p>\n","protected":false},"excerpt":{"rendered":"<p data-pm-slice=\"1 1 []\">Pajacyk ch\u0142opi\u0119cy Kubu\u015b szary to uroczy i wygodny bawe\u0142niany pajacyk dla niemowl\u0105t. Wykonany z bawe\u0142ny w pr\u0105\u017cek, kt\u00f3ra jest bardzo popularna ostatnio. Pajacyk dla ch\u0142opca Kubu\u015b posiada zatrzaski bez niklu, kt\u00f3re si\u0119gaj\u0105 do samego do\u0142u, co sprawia, \u017ce ubranko jest \u0142atwe w zak\u0142adaniu. Pajacyk ma d\u0142ugie r\u0119kawy i nogawki bez st\u00f3pek, a zako\u0144czony jest delikatnymi \u015bci\u0105gaczami.<\/p>\n<p>Pajacyk ch\u0142opi\u0119cy Kubu\u015b dost\u0119pny jest w kolorze szarym w czterech rozmiarach.<\/p>\n","protected":false},"featured_media":9049,"template":"","meta":[],"product_brand":[],"product_cat":[59,57],"product_tag":[118,145,220,277,270,272,273,275,276,269,235],"class_list":{"0":"post-19494","1":"product","2":"type-product","3":"status-publish","4":"has-post-thumbnail","6":"product_cat-pajacyki-dla-niemowlat","7":"product_cat-ubranka-niemowlece","8":"product_tag-bawelna","9":"product_tag-ubranka-dla-niemowlat-chlopca","10":"product_tag-ubranka-dla-noworodkow","11":"product_tag-pajacyk-80","12":"product_tag-pajacyk-do-spania","13":"product_tag-pajacyk-niemowlecy-62","14":"product_tag-pajacyki-68","15":"product_tag-pajacyki-74","16":"product_tag-pajacyki-bez-stopek","17":"product_tag-pajacyki-niemowlece-dla-chlopca","18":"product_tag-rampersy","19":"product_shipping_class-lekka","20":"pa_rozmiar-312","21":"pa_rozmiar-313","22":"pa_rozmiar-314","23":"pa_rozmiar-315","25":"first","26":"instock","27":"taxable","28":"shipping-taxable","29":"purchasable","30":"product-type-variable","31":"has-default-attributes","32":"wvs-archive-product-wrapper"},"_links":{"self":[{"href":"https:\/\/mama-niemowlaka.pl\/sklep\/wp-json\/wp\/v2\/product\/19494","targetHints":{"allow":["GET"]}}],"collection":[{"href":"https:\/\/mama-niemowlaka.pl\/sklep\/wp-json\/wp\/v2\/product"}],"about":[{"href":"https:\/\/mama-niemowlaka.pl\/sklep\/wp-json\/wp\/v2\/types\/product"}],"wp:featuredmedia":[{"embeddable":true,"href":"https:\/\/mama-niemowlaka.pl\/sklep\/wp-json\/wp\/v2\/media\/9049"}],"wp:attachment":[{"href":"https:\/\/mama-niemowlaka.pl\/sklep\/wp-json\/wp\/v2\/media?parent=19494"}],"wp:term":[{"taxonomy":"product_brand","embeddable":true,"href":"https:\/\/mama-niemowlaka.pl\/sklep\/wp-json\/wp\/v2\/product_brand?post=19494"},{"taxonomy":"product_cat","embeddable":true,"href":"https:\/\/mama-niemowlaka.pl\/sklep\/wp-json\/wp\/v2\/product_cat?post=19494"},{"taxonomy":"product_tag","embeddable":true,"href":"https:\/\/mama-niemowlaka.pl\/sklep\/wp-json\/wp\/v2\/product_tag?post=19494"}],"curies":[{"name":"wp","href":"https:\/\/api.w.org\/{rel}","templated":true}]}}