{"id":19524,"date":"2022-12-16T23:47:18","date_gmt":"2022-12-16T22:47:18","guid":{"rendered":"https:\/\/mama-niemowlaka.pl\/sklep\/?post_type=product&#038;p=19524"},"modified":"2026-01-19T23:58:57","modified_gmt":"2026-01-19T22:58:57","slug":"dres-ciazowy-komplet-rozowy","status":"publish","type":"product","link":"https:\/\/mama-niemowlaka.pl\/sklep\/produkt\/dlamamy\/dresy-ciazowe\/dres-ciazowy-komplet-rozowy\/","title":{"rendered":"R\u00f3\u017cowy dres ci\u0105\u017cowy komplet z mo\u017cliwo\u015bci\u0105 karmienia"},"content":{"rendered":"<h2 data-pm-slice=\"1 1 []\"><strong>Dresy damskie ci\u0105\u017cowe. Dres ci\u0105\u017cowy komplet z mo\u017cliwo\u015bci\u0105 dyskretnego karmienia piersi\u0105 w kolorze r\u00f3\u017cowym.<\/strong><\/h2>\n<p>Troska o Tw\u00f3j komfort i dziecka jest kluczowa w czasie ci\u0105\u017cy. Jak zadba\u0107 o to, by czu\u0107 si\u0119 dobrze bez wzgl\u0119du na sytuacj\u0119? Jednym ze sposob\u00f3w by\u0142o Ci wygodnie, jest si\u0119ganie po wygodn\u0105 odzie\u017c ci\u0105\u017cow\u0105 jak nasz wyj\u0105tkowy dres ci\u0105\u017cowy. Wygodne spodnie dresowe ci\u0105\u017cowe i bluza to komplet dresowy, kt\u00f3rego potrzebujesz.<\/p>\n<p>Prezentujemy Ci wyj\u0105tkowy dres ci\u0105\u017cowy do karmienia, kt\u00f3ry zapewni Ci wygod\u0119 i funkcjonalno\u015b\u0107 na ka\u017cdym etapie ci\u0105\u017cy oraz po porodzie. Jest to idealny wyb\u00f3r dla kobiet, kt\u00f3re ceni\u0105 sobie komfort i swobod\u0119 ruch\u00f3w, ale jednocze\u015bnie chc\u0105 wygl\u0105da\u0107 modnie i stylowo. Dres ci\u0105\u017cowy damski zosta\u0142 zaprojektowany tak, aby spe\u0142nia\u0142 potrzeby przysz\u0142ych mam. Posiada specjalne rozwi\u0105zania, kt\u00f3re u\u0142atwiaj\u0105 karmienie piersi\u0105. Wystarczy jedno szybkie rozpi\u0119cie, aby mie\u0107 dost\u0119p do piersi i umo\u017cliwi\u0107 dziecku \u0142atwe ssanie. Dzi\u0119ki temu ju\u017c nigdy nie musisz si\u0119 martwi\u0107 o dyskretne karmienie w miejscach publicznych.<\/p>\n<h3><strong>Nie czekaj i ju\u017c dzi\u015b zam\u00f3w nasz modny i wygodny dres ci\u0105\u017cowy komplet, kt\u00f3ry zapewni Ci komfort, funkcjonalno\u015b\u0107 i modny wygl\u0105d przez ca\u0142y czas ci\u0105\u017cy i po porodzie!<\/strong><\/h3>\n<h2><strong>Moda ci\u0105\u017cowa. Wygodna odzie\u017c ci\u0105\u017cowa w sklepie <\/strong><a href=\"https:\/\/mama-niemowlaka.pl\"><strong>mama-niemowlaka.pl<\/strong><\/a><\/h2>\n<p>W sklepie <a href=\"https:\/\/mama-niemowlaka.pl\">mama-niemowlaka.pl<\/a> znajdziesz ubrania ci\u0105\u017cowe oraz bielizn\u0119 poporodow\u0105. Nasze produkty wysy\u0142amy w ci\u0105gu 48 godzin. Oferujemy bezp\u0142atn\u0105 wymian\u0119 i 14-dniowy zwrot. Dodatkowo, je\u015bli zam\u00f3wisz za minimum 249 z\u0142, dostawa b\u0119dzie ca\u0142kowicie bezp\u0142atna. Nasze produkty s\u0105 starannie dobierane tak, aby zapewni\u0107 Ci maksymalny komfort i bezpiecze\u0144stwo. Nie musisz ju\u017c traci\u0107 czasu na przeszukiwanie innych sklep\u00f3w. <a href=\"https:\/\/mama-niemowlaka.pl\">mama-niemowlaka.pl<\/a> ma wszystko, czego potrzebujesz! Skorzystaj z naszych us\u0142ug ju\u017c teraz i sprawd\u017a nasz\u0105 ofert\u0119 komfortowych koszul nocnych do karmienia, odzie\u017c ci\u0105\u017cow\u0105, bielizn\u0119 nocn\u0105 ci\u0105\u017cow\u0105 oraz ubranka dla niemowl\u0105t ju\u017c dzi\u015b! Sprawd\u017a nasze pozosta\u0142e koszule nocne dla matek karmi\u0105cych, znajdziesz je w kategorii koszule do karmienia.<\/p>\n<p>Pozosta\u0142e elementy ci\u0105\u017cowej garderoby dla przysz\u0142ej mamy znajdziesz w kategorii <a href=\"https:\/\/mama-niemowlaka.pl\/sklep\/tag-produktu\/dla-mamy\/\" target=\"_blank\" rel=\"noopener\"><strong>Dla mamy<\/strong><\/a>.<\/p>\n<p><span style=\"font-weight: 400;\">Wymiary:<\/span><\/p>\n<figure id=\"attachment_2500\" aria-describedby=\"caption-attachment-2500\" style=\"width: 651px\" class=\"wp-caption alignnone\"><img loading=\"lazy\" decoding=\"async\" class=\"wp-image-2500 \" src=\"https:\/\/mama-niemowlaka.pl\/sklep\/wp-content\/uploads\/sites\/3\/2022\/05\/wymiary-dresow.png\" alt=\"wymiary dres\u00f3w\" width=\"651\" height=\"175\" title=\"\" srcset=\"https:\/\/mama-niemowlaka.pl\/sklep\/wp-content\/uploads\/sites\/3\/2022\/05\/wymiary-dresow.png 751w, https:\/\/mama-niemowlaka.pl\/sklep\/wp-content\/uploads\/sites\/3\/2022\/05\/wymiary-dresow-400x108.png 400w, https:\/\/mama-niemowlaka.pl\/sklep\/wp-content\/uploads\/sites\/3\/2022\/05\/wymiary-dresow-300x81.png 300w, https:\/\/mama-niemowlaka.pl\/sklep\/wp-content\/uploads\/sites\/3\/2022\/05\/wymiary-dresow-600x161.png 600w\" sizes=\"auto, (max-width: 651px) 100vw, 651px\" \/><figcaption id=\"caption-attachment-2500\" class=\"wp-caption-text\"><span style=\"font-weight: 400;\">Sk\u0142ad: <\/span><span style=\"font-weight: 400;\">65% bawe\u0142na, <\/span><span style=\"font-weight: 400;\">35% poliester<\/span><\/figcaption><\/figure>\n","protected":false},"excerpt":{"rendered":"<p data-pm-slice=\"1 1 []\">Dres ci\u0105\u017cowy komplet w kolorze r\u00f3\u017cowym to wygodne dresy ci\u0105\u017cowe z mo\u017cliwo\u015bci\u0105 karmienia. Komplet dresowy ci\u0105\u017cowy sk\u0142ada si\u0119 z dw\u00f3ch element\u00f3w: S\u0105 to spodnie ci\u0105\u017cowe z wysokim pasem oraz bluza dresowa z zamkami na piersiach, aby m\u00f3c karmi\u0107 piersi\u0105. Ten model spodni ci\u0105\u017cowych posiada wysoki stan oraz praktyczne kieszenie, dzi\u0119ki czemu umo\u017cliwiaj\u0105 przechowywanie drobnych przedmiot\u00f3w.\u00a0Spodnie ci\u0105\u017cowe zapewni\u0105 Ci wygod\u0119 dzi\u0119ki specjalnej konstrukcji. Wysoki pas jest elastyczny i jednocze\u015bnie nie uciska ci\u0105\u017cowego brzuszka. Bluza ci\u0105\u017cowa posiada klasyczny kr\u00f3j, dzi\u0119ki czemu mo\u017cesz j\u0105 wykorzystywa\u0107 przy r\u00f3\u017cnych stylizacjach. Dzi\u0119ki wszytym suwakom na piersiach mo\u017cesz komfortowo, a zarazem dyskretnie karmi\u0107 piersi\u0105. Ca\u0142o\u015b\u0107 tworzy niezwykle wygodny komplet dresowy, kt\u00f3ry doskonale sprawdzi si\u0119 w czasie ci\u0105\u017cy jak r\u00f3wnie\u017c w okresie po\u0142ogu. R\u00f3\u017cowe dresy ci\u0105\u017cowe komplet za\u0142o\u017cysz z powodzeniem na ka\u017cdym etapie ci\u0105\u017cy i zawsze b\u0119dziesz si\u0119 czu\u0142a wygodnie i komfortowo. Wygodny dres ci\u0105\u017cowy to najcz\u0119\u015bciej wybierana odzie\u017c ci\u0105\u017cowa jak\u0105 przysz\u0142e mamy zbieraj\u0105 ze sob\u0105 do szpitala. Nasze wygodny komplet dresowy odpowiada na potrzeby kobiet w r\u00f3\u017cnych etapach ci\u0105\u017cy oraz po porodzie.<\/p>\n<p>Dres ci\u0105\u017cowy komplet z mo\u017cliwo\u015bci\u0105 karmienia dost\u0119pny jest w kolorze r\u00f3\u017cowym, co pozwala na \u0142atwe dopasowanie do ka\u017cdej stylizacji. Nasze dresy ci\u0105\u017cowe wykonane zosta\u0142y z najwy\u017cszej jako\u015bci bawe\u0142ny, dzi\u0119ki czemu s\u0105 bardzo mi\u0119kkie i delikatne w dotyku.<\/p>\n<p>R\u00f3\u017cowy dres ci\u0105\u017cowy komplet wyst\u0119puje w pi\u0119ciu rozmiarach: S, M, L, XL, XXL. Bawe\u0142niany dres ci\u0105\u017cowy dost\u0119pny jest r\u00f3wnie\u017c w kolorze czarnym: <a href=\"https:\/\/mama-niemowlaka.pl\/sklep\/produkt\/dlamamy\/dresy-ciazowe\/dres-ciazowy-do-karmienia-czarny\/\" target=\"_blank\" rel=\"noopener\"><strong>Dres ci\u0105\u017cowy do karmienia &#8211; czarny<\/strong><\/a><\/p>\n<p>Sk\u0142ad: 65% bawe\u0142na, 35% poliester<\/p>\n","protected":false},"featured_media":6773,"template":"","meta":[],"product_brand":[],"product_cat":[64,95],"product_tag":[119,96],"class_list":{"0":"post-19524","1":"product","2":"type-product","3":"status-publish","4":"has-post-thumbnail","6":"product_cat-dlamamy","7":"product_cat-dresy-ciazowe","8":"product_tag-dla-mamy","9":"product_tag-dres-do-karmienia-piersia","10":"pa_rozmiar-2xl","11":"pa_rozmiar-l","12":"pa_rozmiar-m","13":"pa_rozmiar-s","14":"pa_rozmiar-xl","16":"first","17":"instock","18":"taxable","19":"shipping-taxable","20":"purchasable","21":"product-type-variable","22":"has-default-attributes","23":"wvs-archive-product-wrapper"},"_links":{"self":[{"href":"https:\/\/mama-niemowlaka.pl\/sklep\/wp-json\/wp\/v2\/product\/19524","targetHints":{"allow":["GET"]}}],"collection":[{"href":"https:\/\/mama-niemowlaka.pl\/sklep\/wp-json\/wp\/v2\/product"}],"about":[{"href":"https:\/\/mama-niemowlaka.pl\/sklep\/wp-json\/wp\/v2\/types\/product"}],"wp:featuredmedia":[{"embeddable":true,"href":"https:\/\/mama-niemowlaka.pl\/sklep\/wp-json\/wp\/v2\/media\/6773"}],"wp:attachment":[{"href":"https:\/\/mama-niemowlaka.pl\/sklep\/wp-json\/wp\/v2\/media?parent=19524"}],"wp:term":[{"taxonomy":"product_brand","embeddable":true,"href":"https:\/\/mama-niemowlaka.pl\/sklep\/wp-json\/wp\/v2\/product_brand?post=19524"},{"taxonomy":"product_cat","embeddable":true,"href":"https:\/\/mama-niemowlaka.pl\/sklep\/wp-json\/wp\/v2\/product_cat?post=19524"},{"taxonomy":"product_tag","embeddable":true,"href":"https:\/\/mama-niemowlaka.pl\/sklep\/wp-json\/wp\/v2\/product_tag?post=19524"}],"curies":[{"name":"wp","href":"https:\/\/api.w.org\/{rel}","templated":true}]}}