{"id":19538,"date":"2025-04-17T17:10:10","date_gmt":"2025-04-17T15:10:10","guid":{"rendered":"https:\/\/mama-niemowlaka.pl\/sklep\/?post_type=product&#038;p=19538"},"modified":"2026-03-10T23:41:59","modified_gmt":"2026-03-10T22:41:59","slug":"podkolanowki-dzieciece-z-kokarda-6-kolorow","status":"publish","type":"product","link":"https:\/\/mama-niemowlaka.pl\/sklep\/produkt\/ubranka-niemowlece\/bielizna-dla-niemowlaka\/podkolanowki-dzieciece-z-kokarda-6-kolorow\/","title":{"rendered":"Podkolan\u00f3wki dzieci\u0119ce z kokard\u0105 &#8211; 6 kolor\u00f3w"},"content":{"rendered":"<h2 data-pm-slice=\"1 1 []\"><strong>Urocze podkolan\u00f3wki z kokardk\u0105<\/strong><\/h2>\n<p data-pm-slice=\"1 1 []\">G\u0142adkie <a href=\"https:\/\/mama-niemowlaka.pl\/sklep\/produkt\/ubranka-niemowlece\/bielizna-dla-niemowlaka\/podkolanowki-dzieciece-z-kokarda-6-kolorow\/\" target=\"_blank\" rel=\"noopener\"><strong>podkolan\u00f3wki dzieci\u0119ce z kokard\u0105<\/strong><\/a> to uroczy dodatek, kt\u00f3ry dodaje dziewcz\u0119cej stylizacji delikatno\u015bci i elegancji. Urokliwa kokarda dodaje podkolan\u00f3wkom dziewcz\u0119cego charakteru, nadaj\u0105c stylizacji uroku i oryginalno\u015bci. Podkolan\u00f3wki dzieci\u0119ce z kokard\u0105 s\u0105 bezuciskowe, jednocze\u015bnie idealnie dopasowuj\u0105 si\u0119 do n\u00f3\u017cki maluszka.<\/p>\n<p data-pm-slice=\"1 1 []\">Te podkolan\u00f3wki dla dziewczynek z kokard\u0105 s\u0105 nie tylko modnym dodatkiem, ale tak\u017ce praktycznym elementem garderoby dla ma\u0142ych dam! <a href=\"https:\/\/mama-niemowlaka.pl\/sklep\/produkt\/ubranka-niemowlece\/bielizna-dla-niemowlaka\/podkolanowki-dzieciece-z-kokarda-6-kolorow\/\" target=\"_blank\" rel=\"noopener\"><strong>Podkolan\u00f3wki dzieci\u0119ce z kokard\u0105<\/strong><\/a> doskonale pasuj\u0105 zar\u00f3wno do sukienek dla niemowl\u0105t jak i spodenek.<\/p>\n<h2 data-pm-slice=\"1 1 []\">Skarpetki, rajstopki dla dziewczynki niemowl\u0119ce w sklepie <a href=\"https:\/\/mama-niemowlaka.pl\">mama-niemowlaka.pl<\/a><\/h2>\n<p data-pm-slice=\"1 1 []\">Gdzie znale\u017a\u0107 skarpetki niemowl\u0119ce, dzieci\u0119ce podkolan\u00f3wki lub <a href=\"https:\/\/mama-niemowlaka.pl\/sklep\/t\/rajstopy-niemowlece\/\" target=\"_blank\" rel=\"noopener\"><strong>rajstopki niemowl\u0119ce<\/strong><\/a>? W sklepie <a href=\"https:\/\/mama-niemowlaka.pl\/sklep\/\" target=\"_blank\" rel=\"noopener\"><strong>mama-niemowlaka.pl<\/strong><\/a> kupisz <a href=\"https:\/\/mama-niemowlaka.pl\/sklep\/t\/skarpetki-niemowlece\/\" target=\"_blank\" rel=\"noopener\"><strong>skarpety dla niemowl\u0105t<\/strong><\/a> i <a href=\"https:\/\/mama-niemowlaka.pl\/sklep\/t\/rajstopy-niemowlece\/\" target=\"_blank\" rel=\"noopener\"><strong>rajstopy niemowl\u0119ce<\/strong><\/a>. Odkryj szeroki wyb\u00f3r <a href=\"https:\/\/mama-niemowlaka.pl\/sklep\/t\/skarpetki-niemowlece\/\" target=\"_blank\" rel=\"noopener\"><strong>skarpetek dla noworodk\u00f3w<\/strong><\/a> i niemowl\u0105t w sklepie <a href=\"https:\/\/mama-niemowlaka.pl\/sklep\/\" target=\"_blank\" rel=\"noopener\"><strong>mama-niemowlaka.pl<\/strong><\/a>. Znajd\u017a <a href=\"https:\/\/mama-niemowlaka.pl\/sklep\/t\/skarpetki-niemowlece\/\" target=\"_blank\" rel=\"noopener\"><strong>skarpetki dla niemowlaka i noworodka<\/strong><\/a> w r\u00f3\u017cnych wzorach i kolorach. W naszej ofercie znajdziesz zar\u00f3wno dziewcz\u0119ce skarpetki, jak i ch\u0142opi\u0119ce skarpetki oraz skarpetki uniwersalne, <a href=\"https:\/\/mama-niemowlaka.pl\/sklep\/produkt\/ubranka-niemowlece\/bielizna-dla-niemowlaka\/podkolanowki-dzieciece-z-kokarda-6-kolorow\/\" target=\"_blank\" rel=\"noopener\"><strong>podkolan\u00f3wki niemowl\u0119ce z kokard\u0105<\/strong><\/a> a tak\u017ce <a href=\"https:\/\/mama-niemowlaka.pl\/sklep\/produkt\/ubranka-niemowlece\/bielizna-dla-niemowlaka\/rajstopki-z-kokardkami-w-grochy\/\" target=\"_blank\" rel=\"noopener\"><strong>rajstopy z kokard\u0105<\/strong><\/a> i <a href=\"https:\/\/mama-niemowlaka.pl\/sklep\/produkt\/ubranka-niemowlece\/bielizna-dla-niemowlaka\/biale-rajstopy-niemowlece-azurowe\/\" target=\"_blank\" rel=\"noopener\"><strong>rajstopy dzieci\u0119ce a\u017curowe<\/strong><\/a>.<\/p>\n<p data-pm-slice=\"1 1 []\">Nasze podkolan\u00f3wki bawe\u0142niane z kokard\u0105 s\u0105 uniwersalne i \u015bwietnie pasuj\u0105 do r\u00f3\u017cnych stylizacji. Wybierz nasze <a href=\"https:\/\/mama-niemowlaka.pl\/sklep\/t\/skarpetki-niemowlece\/\" target=\"_blank\" rel=\"noopener\"><strong>skarpety dla niemowl\u0105t<\/strong><\/a> i <a href=\"https:\/\/mama-niemowlaka.pl\/sklep\/t\/rajstopy-niemowlece\/\" target=\"_blank\" rel=\"noopener\"><strong>rajstopy niemowl\u0119ce<\/strong><\/a>, aby zapewni\u0107 im wygod\u0119 i modny wygl\u0105d swojemu dziecku ju\u017c od pierwszych dni.<\/p>\n<p>&nbsp;<\/p>\n","protected":false},"excerpt":{"rendered":"<p data-pm-slice=\"1 1 []\">G\u0142adkie podkolan\u00f3wki z kokard\u0105 po boku, s\u0105 kolorystycznym odpowiednikiem Naszych bestsellerowych <a href=\"https:\/\/mama-niemowlaka.pl\/sklep\/produkt\/ubranka-niemowlece\/bielizna-dla-niemowlaka\/rajstopki-niemowlece-z-kokarda\/\" target=\"_blank\" rel=\"noopener\"><strong>bawe\u0142nianych rajstop z kokardk\u0105<\/strong><\/a>. <a href=\"https:\/\/mama-niemowlaka.pl\/sklep\/produkt\/ubranka-niemowlece\/bielizna-dla-niemowlaka\/podkolanowki-dzieciece-z-kokarda-6-kolorow\/\" target=\"_blank\" rel=\"noopener\"><strong>Dzieci\u0119ce podkolan\u00f3wki z kokardk\u0105<\/strong><\/a> wykonane z przyjemnej w dotyku bawe\u0142ny, podkolan\u00f3wki s\u0105 wygodne i doskonale przylegaj\u0105 do n\u00f3\u017cek dziecka. Satynowa wst\u0105\u017ceczka nadaje podkolan\u00f3wkom uniwersalny charakter, dzi\u0119ki czemu \u015bwietnie komponuj\u0105 si\u0119 zar\u00f3wno z sukienkami, jak i spodniami.<\/p>\n<p><a href=\"https:\/\/mama-niemowlaka.pl\/sklep\/produkt\/ubranka-niemowlece\/bielizna-dla-niemowlaka\/podkolanowki-dzieciece-z-kokarda-6-kolorow\/\" target=\"_blank\" rel=\"noopener\"><strong>Podkolan\u00f3wki z kokardk\u0105<\/strong><\/a> dost\u0119pne s\u0105 w sze\u015bciu kolorach i a\u017c trzech rozmiarach.<\/p>\n<p>Sk\u0142ad: 92% bawe\u0142na, 8% spandex<\/p>\n","protected":false},"featured_media":14206,"template":"","meta":[],"product_brand":[],"product_cat":[190,57],"product_tag":[214,238,125,152,333,329,341,344],"class_list":{"0":"post-19538","1":"product","2":"type-product","3":"status-publish","4":"has-post-thumbnail","6":"product_cat-bielizna-dla-niemowlaka","7":"product_cat-ubranka-niemowlece","8":"product_tag-bestseller","9":"product_tag-ubranka-swiateczne-dla-niemowlaka","10":"product_tag-ubranka-do-chrztu","11":"product_tag-ubranka-dla-niemowlat-dziewczynek","12":"product_tag-rajstopki-do-chrztu","13":"product_tag-rajstopy-niemowlece","14":"product_tag-skarpetki-niemowlece","15":"product_tag-ubranka-do-chrztu-dla-dziewczynki","17":"first","18":"instock","19":"taxable","20":"shipping-taxable","21":"purchasable","22":"product-type-variable","23":"has-default-attributes","24":"wvs-archive-product-wrapper"},"_links":{"self":[{"href":"https:\/\/mama-niemowlaka.pl\/sklep\/wp-json\/wp\/v2\/product\/19538","targetHints":{"allow":["GET"]}}],"collection":[{"href":"https:\/\/mama-niemowlaka.pl\/sklep\/wp-json\/wp\/v2\/product"}],"about":[{"href":"https:\/\/mama-niemowlaka.pl\/sklep\/wp-json\/wp\/v2\/types\/product"}],"wp:featuredmedia":[{"embeddable":true,"href":"https:\/\/mama-niemowlaka.pl\/sklep\/wp-json\/wp\/v2\/media\/14206"}],"wp:attachment":[{"href":"https:\/\/mama-niemowlaka.pl\/sklep\/wp-json\/wp\/v2\/media?parent=19538"}],"wp:term":[{"taxonomy":"product_brand","embeddable":true,"href":"https:\/\/mama-niemowlaka.pl\/sklep\/wp-json\/wp\/v2\/product_brand?post=19538"},{"taxonomy":"product_cat","embeddable":true,"href":"https:\/\/mama-niemowlaka.pl\/sklep\/wp-json\/wp\/v2\/product_cat?post=19538"},{"taxonomy":"product_tag","embeddable":true,"href":"https:\/\/mama-niemowlaka.pl\/sklep\/wp-json\/wp\/v2\/product_tag?post=19538"}],"curies":[{"name":"wp","href":"https:\/\/api.w.org\/{rel}","templated":true}]}}