{"id":19557,"date":"2025-01-17T17:16:10","date_gmt":"2025-01-17T16:16:10","guid":{"rendered":"https:\/\/mama-niemowlaka.pl\/sklep\/?post_type=product&#038;p=19557"},"modified":"2025-12-17T17:18:32","modified_gmt":"2025-12-17T16:18:32","slug":"biale-rajstopy-niemowlece-dla-dziewczynki-azurowe","status":"publish","type":"product","link":"https:\/\/mama-niemowlaka.pl\/sklep\/produkt\/ubranka-niemowlece\/bielizna-dla-niemowlaka\/biale-rajstopy-niemowlece-dla-dziewczynki-azurowe\/","title":{"rendered":"Bia\u0142e rajstopy niemowl\u0119ce dla dziewczynki &#8211; a\u017curowe"},"content":{"rendered":"<h2 data-pm-slice=\"1 1 []\"><strong>Bia\u0142e rajstopy niemowl\u0119ce do Chrztu<\/strong><\/h2>\n<p data-pm-slice=\"1 1 []\">Komfortowe, <a href=\"https:\/\/mama-niemowlaka.pl\/sklep\/produkt\/ubranka-niemowlece\/bielizna-dla-niemowlaka\/biale-rajstopy-niemowlece-azurowe\/\" target=\"_blank\" rel=\"noopener\"><strong>bia\u0142e rajstopy niemowl\u0119ce<\/strong><\/a> wykonane z wysokiej jako\u015bci mikrofibry z dodatkiem elastanu. Nasze bia\u0142e, a\u017curowe <a href=\"https:\/\/mama-niemowlaka.pl\/sklep\/t\/rajstopy-niemowlece\/\" target=\"_blank\" rel=\"noopener\"><strong>rajstopy dla niemowlaka<\/strong><\/a> s\u0105 bezuciskowe i idealnie dopasowuj\u0105 si\u0119 do n\u00f3\u017cki maluszka. S\u0105 uniwersalnym elementem niemowl\u0119cej garderoby, kt\u00f3ry b\u0119dzie pasowa\u0142 do wielu stylizacji.<\/p>\n<p data-pm-slice=\"1 1 []\">Nasze <a href=\"https:\/\/mama-niemowlaka.pl\/sklep\/produkt\/ubranka-niemowlece\/bielizna-dla-niemowlaka\/biale-rajstopy-niemowlece-azurowe\/\" target=\"_blank\" rel=\"noopener\"><strong>bia\u0142e rajstopy niemowl\u0119ce<\/strong><\/a> to idealne <a href=\"https:\/\/mama-niemowlaka.pl\/sklep\/t\/rajstopki-do-chrztu\/\" target=\"_blank\" rel=\"noopener\"><strong>rajstopy do Chrztu<\/strong><\/a> niemowl\u0119ce. Sprawd\u017a konieczne nasz\u0105 ofert\u0119 sukieneczek do Chrztu. Wybierz idealne ubranko niemowl\u0119ce na t\u0105 okazj\u0119.<\/p>\n<h2 data-pm-slice=\"1 1 []\"><strong>Rajstopy dla niemowl\u0105t w sklepie <\/strong><a href=\"https:\/\/mama-niemowlaka.pl\"><strong>mama-niemowlaka.pl<\/strong><\/a><\/h2>\n<p data-pm-slice=\"1 1 []\"><a href=\"https:\/\/mama-niemowlaka.pl\/sklep\/\" target=\"_blank\" rel=\"noopener\"><strong>mama-niemowlaka.pl<\/strong><\/a> to sklep, kt\u00f3ry oferuje szeroki wyb\u00f3r ubranek dla najm\u0142odszych. W naszej ofercie znajdziesz mi\u0119dzy innymi komfortowe <a href=\"https:\/\/mama-niemowlaka.pl\/sklep\/t\/rajstopy-niemowlece\/\" target=\"_blank\" rel=\"noopener\"><strong>rajstopy dla niemowlaka<\/strong><\/a>, kt\u00f3re s\u0105 nie tylko funkcjonalne, ale r\u00f3wnie\u017c pi\u0119knie wykonane. Sprawd\u017a nasz\u0105 ofert\u0119 <a href=\"https:\/\/mama-niemowlaka.pl\/sklep\/c\/ubranka-niemowlece\/bielizna-dla-niemowlaka\/\" target=\"_blank\" rel=\"noopener\"><strong>bielizny dla niemowl\u0105t<\/strong><\/a>. W\u015br\u00f3d bielizny dla niemowl\u0105t znajdziesz <a href=\"https:\/\/mama-niemowlaka.pl\/sklep\/t\/rajstopy-niemowlece\/\" target=\"_blank\" rel=\"noopener\"><strong>rajstopki dla niemowlaka<\/strong><\/a>. W naszym sklepie kupisz bawe\u0142niane rajstopy dzieci\u0119ce do ka\u017cdej dzieci\u0119cej stylizacji. W szerokiej gamie kolorystycznej znajdziesz w delikatne, \u017cakardowe wzorki, kt\u00f3re doskonale uzupe\u0142ni\u0105 stylizacj\u0119 maluszka, idealnie sprawdz\u0105 si\u0119 w \u017c\u0142obku, przedszkolu czy na spacerze. W naszym sklepie kupisz tak\u017ce bia\u0142e rajstopy idealne jako <a href=\"https:\/\/mama-niemowlaka.pl\/sklep\/t\/rajstopki-do-chrztu\/\" target=\"_blank\" rel=\"noopener\"><strong>rajstopy do Chrztu<\/strong><\/a> niemowl\u0119ce. Nie zapomnij r\u00f3wnie\u017c sprawdzi\u0107 naszej oferty <a href=\"https:\/\/mama-niemowlaka.pl\/sklep\/c\/ubranka-niemowlece\/sukienki\/\" target=\"_blank\" rel=\"noopener\"><strong>sukienek dla niemowl\u0105t<\/strong><\/a>.<\/p>\n<p data-pm-slice=\"1 1 []\">Sprawd\u017a nasz\u0105 ofert\u0119 <a href=\"https:\/\/mama-niemowlaka.pl\/sklep\/t\/rajstopy-niemowlece\/\" target=\"_blank\" rel=\"noopener\"><strong>rajstop niemowl\u0119cych<\/strong><\/a>.<\/p>\n","protected":false},"excerpt":{"rendered":"<p data-pm-slice=\"1 1 []\">Bia\u0142e, a\u017curowe <a href=\"https:\/\/mama-niemowlaka.pl\/sklep\/t\/rajstopy-niemowlece\/\" target=\"_blank\" rel=\"noopener\"><strong>rajstopy dla niemowlaka<\/strong><\/a> idealne do ka\u017cdej sukienki dla niemowl\u0105t. <a href=\"https:\/\/mama-niemowlaka.pl\/sklep\/produkt\/ubranka-niemowlece\/bielizna-dla-niemowlaka\/biale-rajstopy-niemowlece-azurowe\/\" target=\"_blank\" rel=\"noopener\"><strong>Bia\u0142e rajstopy niemowl\u0119ce<\/strong><\/a> to uniwersalny element niemowl\u0119cej garderoby, kt\u00f3ry b\u0119dzie pasowa\u0142 do wielu stylizacji. Nasze rajstopy dla niemowlaka s\u0105 bezuciskowe, jednocze\u015bnie idealnie dopasowuj\u0105 si\u0119 do n\u00f3\u017cki maluszka. Dzi\u0119ki naszym rajstopkom, Tw\u00f3j maluszek b\u0119dzie wygl\u0105da\u0142 uroczo oraz b\u0119dzie czu\u0142 si\u0119 wygodnie.<\/p>\n<p>Rajstopy dla niemowl\u0105t w kolorze bia\u0142ym wyst\u0119puj\u0105 w trzech rozmiarach: 68\/74, 80\/86 i 92\/98.<\/p>\n<p>Sk\u0142ad: 88% poliamid, 12% elastan<\/p>\n<p>Produkt Polski<\/p>\n","protected":false},"featured_media":14153,"template":"","meta":[],"product_brand":[],"product_cat":[190,57],"product_tag":[214,238,125,152,355,333,329,344],"class_list":{"0":"post-19557","1":"product","2":"type-product","3":"status-publish","4":"has-post-thumbnail","6":"product_cat-bielizna-dla-niemowlaka","7":"product_cat-ubranka-niemowlece","8":"product_tag-bestseller","9":"product_tag-ubranka-swiateczne-dla-niemowlaka","10":"product_tag-ubranka-do-chrztu","11":"product_tag-ubranka-dla-niemowlat-dziewczynek","12":"product_tag-letnie-ubranka-dla-niemowlat","13":"product_tag-rajstopki-do-chrztu","14":"product_tag-rajstopy-niemowlece","15":"product_tag-ubranka-do-chrztu-dla-dziewczynki","17":"first","18":"instock","19":"taxable","20":"shipping-taxable","21":"purchasable","22":"product-type-variable","23":"has-default-attributes","24":"wvs-archive-product-wrapper"},"_links":{"self":[{"href":"https:\/\/mama-niemowlaka.pl\/sklep\/wp-json\/wp\/v2\/product\/19557","targetHints":{"allow":["GET"]}}],"collection":[{"href":"https:\/\/mama-niemowlaka.pl\/sklep\/wp-json\/wp\/v2\/product"}],"about":[{"href":"https:\/\/mama-niemowlaka.pl\/sklep\/wp-json\/wp\/v2\/types\/product"}],"wp:featuredmedia":[{"embeddable":true,"href":"https:\/\/mama-niemowlaka.pl\/sklep\/wp-json\/wp\/v2\/media\/14153"}],"wp:attachment":[{"href":"https:\/\/mama-niemowlaka.pl\/sklep\/wp-json\/wp\/v2\/media?parent=19557"}],"wp:term":[{"taxonomy":"product_brand","embeddable":true,"href":"https:\/\/mama-niemowlaka.pl\/sklep\/wp-json\/wp\/v2\/product_brand?post=19557"},{"taxonomy":"product_cat","embeddable":true,"href":"https:\/\/mama-niemowlaka.pl\/sklep\/wp-json\/wp\/v2\/product_cat?post=19557"},{"taxonomy":"product_tag","embeddable":true,"href":"https:\/\/mama-niemowlaka.pl\/sklep\/wp-json\/wp\/v2\/product_tag?post=19557"}],"curies":[{"name":"wp","href":"https:\/\/api.w.org\/{rel}","templated":true}]}}