{"id":19566,"date":"2023-12-17T17:40:51","date_gmt":"2023-12-17T16:40:51","guid":{"rendered":"https:\/\/mama-niemowlaka.pl\/sklep\/?post_type=product&#038;p=19566"},"modified":"2025-12-17T17:54:06","modified_gmt":"2025-12-17T16:54:06","slug":"sukienka-niemowleca-z-krotkim-rekawem-bezowe-kwiaty","status":"publish","type":"product","link":"https:\/\/mama-niemowlaka.pl\/sklep\/produkt\/ubranka-niemowlece\/sukienki-dla-niemowlat\/sukienka-niemowleca-z-krotkim-rekawem-bezowe-kwiaty\/","title":{"rendered":"Sukienka niemowl\u0119ca z kr\u00f3tkim r\u0119kawem &#8211; be\u017cowe kwiaty"},"content":{"rendered":"<h2>Sukienka niemowl\u0119ca z kr\u00f3tkim r\u0119kawem &#8211; urocze ubranko dla Twojej dziewczynki<\/h2>\n<p>Sukienka niemowl\u0119ca z kr\u00f3tkim r\u0119kawem to urocze ubranko, kt\u00f3re zachwyci zar\u00f3wno maluchy, jak i ich rodzic\u00f3w. Wykonana z wysokiej jako\u015bci bawe\u0142ny, zapewnia nie tylko komfort, ale tak\u017ce doskona\u0142\u0105 przewiewno\u015b\u0107, idealn\u0105 na lato.<\/p>\n<p>G\u00f3ra sukienki, utrzymana w naturalnym, be\u017cowym kolorze i delikatnej strukturze lnu, dodaje sukience wyj\u0105tkowego uroku. D\u00f3\u0142 sukienki jest lekko rozszerzany, o kszta\u0142cie litery A, co nadaje jej subtelny, dziewcz\u0119cy charakter.<\/p>\n<p>W pasie sukienki znajduje si\u0119 koronkowa, be\u017cowa lam\u00f3wka, kt\u00f3ra nie tylko dodaje sukience elegancji, ale tak\u017ce podkre\u015bla marszczenia do\u0142u sukienki, nadaj\u0105c im jeszcze wi\u0119kszego uroku.<\/p>\n<p>Sukienka jest zapinana na suwak, kt\u00f3ry znajduje si\u0119 z ty\u0142u.<\/p>\n<h2>Komfort i przewiewno\u015b\u0107 &#8211; idealna sukienka niemowl\u0119ca z kr\u00f3tkim r\u0119kawem na lato<\/h2>\n<p>D\u00f3\u0142 sukienki wykonany jest z mi\u0119kkiej bawe\u0142ny, w delikatne be\u017cowo-br\u0105zowe kwiaty, tworz\u0105c harmonijn\u0105 kompozycj\u0119 z naturalnymi kolorami g\u00f3ry sukienki.<\/p>\n<p>Ta sukienka niemowl\u0119ca z kr\u00f3tkim r\u0119kawem to idealne ubranko dla Twojej dziewczynki. Nie tylko prezentuje si\u0119 uroczo, ale tak\u017ce zapewnia wygod\u0119 i przewiewno\u015b\u0107 w letnie dni.<\/p>\n<p>Nie przegap tej uroczej propozycji jak\u0105 jest sukienka niemowl\u0119ca z kr\u00f3tkim r\u0119kawem \u2013 dodaj j\u0105 do garderoby Twojego maluszka ju\u017c teraz!<\/p>\n<p>Sk\u0142ad: 100% bawe\u0142na<\/p>\n","protected":false},"excerpt":{"rendered":"<p data-pm-slice=\"1 1 []\">Urocza, bawe\u0142niana sukienka niemowl\u0119ca z kr\u00f3tkim r\u0119kawem i lekko rozszerzanym do\u0142em o kszta\u0142cie litery A to idealny wyb\u00f3r na lato dla Twojej ma\u0142ej c\u00f3reczki. Ozdobiona koronkow\u0105 lam\u00f3wk\u0105 i delikatnymi kwiatowymi wzorami, ta sukienka zapewni nie tylko uroczy wygl\u0105d, ale tak\u017ce doskona\u0142y komfort dla Twojego dziecka.<\/p>\n<p>Sukienka niemowl\u0119ca dost\u0119pna w rozmiarze 68.<\/p>\n","protected":false},"featured_media":8367,"template":"","meta":[],"product_brand":[],"product_cat":[126,144,57],"product_tag":[118,152,162,355],"class_list":{"0":"post-19566","1":"product","2":"type-product","3":"status-publish","4":"has-post-thumbnail","6":"product_cat-sukienki-dla-niemowlat","7":"product_cat-eleganckie-sukienki-dla-niemowlat","8":"product_cat-ubranka-niemowlece","9":"product_tag-bawelna","10":"product_tag-ubranka-dla-niemowlat-dziewczynek","11":"product_tag-lato","12":"product_tag-letnie-ubranka-dla-niemowlat","13":"product_shipping_class-lekka","15":"first","16":"instock","17":"taxable","18":"shipping-taxable","19":"purchasable","20":"product-type-simple"},"_links":{"self":[{"href":"https:\/\/mama-niemowlaka.pl\/sklep\/wp-json\/wp\/v2\/product\/19566","targetHints":{"allow":["GET"]}}],"collection":[{"href":"https:\/\/mama-niemowlaka.pl\/sklep\/wp-json\/wp\/v2\/product"}],"about":[{"href":"https:\/\/mama-niemowlaka.pl\/sklep\/wp-json\/wp\/v2\/types\/product"}],"wp:featuredmedia":[{"embeddable":true,"href":"https:\/\/mama-niemowlaka.pl\/sklep\/wp-json\/wp\/v2\/media\/8367"}],"wp:attachment":[{"href":"https:\/\/mama-niemowlaka.pl\/sklep\/wp-json\/wp\/v2\/media?parent=19566"}],"wp:term":[{"taxonomy":"product_brand","embeddable":true,"href":"https:\/\/mama-niemowlaka.pl\/sklep\/wp-json\/wp\/v2\/product_brand?post=19566"},{"taxonomy":"product_cat","embeddable":true,"href":"https:\/\/mama-niemowlaka.pl\/sklep\/wp-json\/wp\/v2\/product_cat?post=19566"},{"taxonomy":"product_tag","embeddable":true,"href":"https:\/\/mama-niemowlaka.pl\/sklep\/wp-json\/wp\/v2\/product_tag?post=19566"}],"curies":[{"name":"wp","href":"https:\/\/api.w.org\/{rel}","templated":true}]}}