{"id":19567,"date":"2023-12-17T17:43:25","date_gmt":"2023-12-17T16:43:25","guid":{"rendered":"https:\/\/mama-niemowlaka.pl\/sklep\/?post_type=product&#038;p=19567"},"modified":"2026-03-27T14:48:03","modified_gmt":"2026-03-27T13:48:03","slug":"ozowa-sukienka-z-trenem-dla-dziewczynki-zestaw-sukienka-body-opaska-i-buciki","status":"publish","type":"product","link":"https:\/\/mama-niemowlaka.pl\/sklep\/produkt\/ubranka-niemowlece\/sukienki-dla-niemowlat\/ozowa-sukienka-z-trenem-dla-dziewczynki-zestaw-sukienka-body-opaska-i-buciki\/","title":{"rendered":"R\u00f3\u017cowa sukienka z trenem dla dziewczynki &#8211; zestaw sukienka, body, opaska i buciki"},"content":{"rendered":"<h2 data-pm-slice=\"1 1 []\"><strong><del>Sukienka<\/del> na wyj\u0105tkowe uroczysto\u015bci.<\/strong><\/h2>\n<p>Uroczy zestaw ubranek zosta\u0142 starannie zaprojektowany, aby stworzy\u0107 niezapomniane wspomnienia z tych wa\u017cnych dni. Wyobra\u017a sobie swoj\u0105 ma\u0142\u0105 ksi\u0119\u017cniczk\u0119 w r\u00f3\u017cowej sukience, kt\u00f3ra zachwyci wszystkich swoim wdzi\u0119kiem.<\/p>\n<h2><strong>R\u00f3\u017cowa sukienka to wyj\u0105tkowe ubranko<\/strong><\/h2>\n<p>G\u0142\u00f3wnym elementem tego zestawu jest pi\u0119kna r\u00f3\u017cowa sukienka z trenem. Jest ona wykonana z delikatnej i mi\u0119kkiej tkaniny, kt\u00f3ra zapewnia wygod\u0119 i komfort Twojemu dziecku. Sukienka ma urocze ozdobne detale jak delikatna koronka, kt\u00f3re dodaj\u0105 elegancji i delikatno\u015bci. Tren dodaje efektowno\u015bci i podkre\u015bla uroczysty charakter. Z ty\u0142u sukienka ozdobiona jest urocz\u0105 kokard\u0105.<\/p>\n<h2><strong>Bia\u0142e body niemowl\u0119ce<\/strong><\/h2>\n<p>Aby zapewni\u0107 ciep\u0142o i ochron\u0119 Twojemu maluszkowi, zestaw zawiera r\u00f3wnie\u017c bia\u0142e body niemowl\u0119ce z d\u0142ugim r\u0119kawem. To praktyczne i funkcjonalne rozwi\u0105zanie, kt\u00f3re pozwoli Twojej c\u00f3reczce czu\u0107 si\u0119 wygodnie przez ca\u0142e uroczysto\u015bci. Body jest wykonane z mi\u0119kkiego materia\u0142u, kt\u00f3ry delikatnie otula sk\u00f3r\u0119 dziecka.<\/p>\n<h2><strong>Dodatki<\/strong><\/h2>\n<p>Opaska na g\u0142ow\u0119 to kolejny element tego zestawu, kt\u00f3ry dodaje uroku i kompletno\u015bci stylizacji. Ozdobiona delikatn\u0105 kokard\u0105, opaska jest idealnym dodatkiem do sukienki i nadaje wyj\u0105tkowego wdzi\u0119ku ma\u0142ej dziewczynce.<\/p>\n<p>Aby dope\u0142ni\u0107 ca\u0142y zestaw, znajduj\u0105 si\u0119 w nim r\u00f3wnie\u017c buciki. Bia\u0142e buciki s\u0105 nie tylko urocze, ale r\u00f3wnie\u017c praktyczne, zapewniaj\u0105c ochron\u0119 ma\u0142ych st\u00f3pek Twojego dziecka. Wykonane z mi\u0119kkiego materia\u0142u, zapewniaj\u0105 komfort i \u0142atwo\u015b\u0107 ruchu. D\u0142ugo\u015b\u0107 bucik\u00f3w &#8211; 10cm.<\/p>\n<h2><strong>Najlepszy wyb\u00f3r eleganckich ubranek<\/strong><\/h2>\n<p>Nasz zestaw ubranek dla dziewczynki jest idealnym wyborem, je\u015bli szukasz czego\u015b eleganckiego, uroczego i jednocze\u015bnie praktycznego. Oferuje on wszystko, czego potrzebujesz, aby uczyni\u0107 ten wa\u017cny dzie\u0144 jeszcze bardziej wyj\u0105tkowym. Ubrania s\u0105 starannie wykonane z my\u015bl\u0105 o wygodzie Twojego dziecka, jednocze\u015bnie zachowuj\u0105c wysoki poziom stylu i elegancji.<\/p>\n<p>Je\u017celi poszukujesz wyj\u0105tkowego ubranka do Chrztu, gwarantujemy Ci \u017ce w naszym asortymencie znajdziesz kreacj\u0119, kt\u00f3ra spe\u0142ni Twoje oczekiwania. Sprawd\u017a nasza ofert\u0119 eleganckich ubranek dla niemowl\u0105t <a href=\"https:\/\/mama-niemowlaka.pl\/sklep\/c\/ubranka\/eleganckie-sukienki\/\" rel=\" \"><strong>tutaj<\/strong><\/a>.<\/p>\n<p>Sk\u0142ad: 50% bawe\u0142na, 50% poliester.<\/p>\n","protected":false},"excerpt":{"rendered":"<p data-pm-slice=\"1 1 []\">Eleganckie ubranko na Chrzest \u015awi\u0119ty dla dziewczynki. Zestaw sk\u0142ada si\u0119 z:<\/p>\n<ul>\n<li>r\u00f3\u017cowej sukienki z trenem ozdobionej delikatn\u0105 koronk\u0105,<\/li>\n<li>bia\u0142e body z d\u0142ugim r\u0119kawem,<\/li>\n<li>opaska,<\/li>\n<li>buciki niechodki.<\/li>\n<\/ul>\n<p>Zestaw ubranek idealnie pasuje na dziewczynki w wieku 3-6 miesi\u0119cy.<\/p>\n","protected":false},"featured_media":8366,"template":"","meta":[],"product_brand":[],"product_cat":[126,144,135,163,57],"product_tag":[243,171,152,153,156,158],"class_list":{"0":"post-19567","1":"product","2":"type-product","3":"status-publish","4":"has-post-thumbnail","6":"product_cat-sukienki-dla-niemowlat","7":"product_cat-eleganckie-sukienki-dla-niemowlat","8":"product_cat-eleganckie-ubranka-dla-niemowlaka","9":"product_cat-sukieneczki-do-chrztu","10":"product_cat-ubranka-niemowlece","11":"product_tag-black-friday","12":"product_tag-buciki","13":"product_tag-ubranka-dla-niemowlat-dziewczynek","14":"product_tag-komplet","15":"product_tag-sukienka","16":"product_tag-zestaw","17":"product_shipping_class-duza","19":"first","20":"instock","21":"taxable","22":"shipping-taxable","23":"purchasable","24":"product-type-simple"},"_links":{"self":[{"href":"https:\/\/mama-niemowlaka.pl\/sklep\/wp-json\/wp\/v2\/product\/19567","targetHints":{"allow":["GET"]}}],"collection":[{"href":"https:\/\/mama-niemowlaka.pl\/sklep\/wp-json\/wp\/v2\/product"}],"about":[{"href":"https:\/\/mama-niemowlaka.pl\/sklep\/wp-json\/wp\/v2\/types\/product"}],"wp:featuredmedia":[{"embeddable":true,"href":"https:\/\/mama-niemowlaka.pl\/sklep\/wp-json\/wp\/v2\/media\/8366"}],"wp:attachment":[{"href":"https:\/\/mama-niemowlaka.pl\/sklep\/wp-json\/wp\/v2\/media?parent=19567"}],"wp:term":[{"taxonomy":"product_brand","embeddable":true,"href":"https:\/\/mama-niemowlaka.pl\/sklep\/wp-json\/wp\/v2\/product_brand?post=19567"},{"taxonomy":"product_cat","embeddable":true,"href":"https:\/\/mama-niemowlaka.pl\/sklep\/wp-json\/wp\/v2\/product_cat?post=19567"},{"taxonomy":"product_tag","embeddable":true,"href":"https:\/\/mama-niemowlaka.pl\/sklep\/wp-json\/wp\/v2\/product_tag?post=19567"}],"curies":[{"name":"wp","href":"https:\/\/api.w.org\/{rel}","templated":true}]}}