{"id":19582,"date":"2022-12-17T19:30:19","date_gmt":"2022-12-17T18:30:19","guid":{"rendered":"https:\/\/mama-niemowlaka.pl\/sklep\/?post_type=product&#038;p=19582"},"modified":"2025-12-17T19:34:05","modified_gmt":"2025-12-17T18:34:05","slug":"koszula-do-karmienia-odcinana-pod-biustem-granatowa","status":"publish","type":"product","link":"https:\/\/mama-niemowlaka.pl\/sklep\/produkt\/dlamamy\/koszule-do-karmienia\/koszula-do-karmienia-odcinana-pod-biustem-granatowa\/","title":{"rendered":"Koszula do karmienia odcinana pod biustem &#8211; granatowa"},"content":{"rendered":"<h2 data-pm-slice=\"1 1 []\">Koszula do karmienia odcinana pod biustem<\/h2>\n<p>Koszula do karmienia odcinana pod biustem w kolorze granatowym zosta\u0142a zaprojektowana z my\u015bl\u0105 o wygodzie i funkcjonalno\u015bci przysz\u0142ych mam. Wykonana z wysokiej jako\u015bci bawe\u0142ny, gwarantuje mi\u0119kko\u015b\u0107, delikatno\u015b\u0107 i doskona\u0142\u0105 wentylacj\u0119 powietrza. W ciep\u0142e letnie noce bawe\u0142na zapewnia przyjemne uczucie ch\u0142odzenia i minimalizuje pocenie si\u0119.<\/p>\n<p>G\u0142\u00f3wn\u0105 cech\u0105 tej koszuli jest odci\u0119cie pod biustem, kt\u00f3re umo\u017cliwia korzystanie z niej ju\u017c od pierwszych tygodni ci\u0105\u017cy. Nasza koszula nocna doskonale przystosowuje si\u0119 do cia\u0142a przysz\u0142ej mamy. Innowacyjna konstrukcja zapewnia elastyczno\u015b\u0107 i dopasowanie do zmieniaj\u0105cego si\u0119 cia\u0142a, dostosowuj\u0105c si\u0119 do rosn\u0105cego brzuszka. Dzi\u0119ki temu, nawet w najwcze\u015bniejszych etapach ci\u0105\u017cy, koszula zapewnia komfortow\u0105 przestrze\u0144 dla rozwijaj\u0105cego si\u0119 dziecka i odci\u0105\u017ca napi\u0119cie w obszarze brzucha.<\/p>\n<h2><strong>Wygodne karmienie piersi\u0105<\/strong><\/h2>\n<p>Dodatkow\u0105 zalet\u0105 tej koszuli nocnej jest jej funkcja karmienia. Dzi\u0119ki specjalnie zaprojektowanej konstrukcji z dyskretnymi rozporkami na piersiach koszula zapewnia wygodne karmienie male\u0144stwa. Koszula ci\u0105\u017cowa umo\u017cliwia \u0142atwy dost\u0119p do piersi, co jest niezwykle praktyczne podczas nocnego karmienia tak, aby mie\u0107 mo\u017cliwo\u015b\u0107 swobodnego karmienia dziecka. Nie ma potrzeby zdejmowania ca\u0142ej koszuli, co oszcz\u0119dza czas i zachowuje komfort dla mamy i dziecka. Wygodne koszule nocne to podstawa wyprawki przysz\u0142ej mamy.<\/p>\n<h2><strong>Kobieca bielizna nocna m\u0142odej mamy<\/strong><\/h2>\n<p>Granatowy kolor dodaje koszuli nocnej uroku i kobieco\u015bci. Delikatny odcie\u0144 sprawia, \u017ce jest ona jednocze\u015bnie urocza i subtelna. Elastyczny materia\u0142 oraz lu\u017any kr\u00f3j zapewniaj\u0105 swobod\u0119 ruch\u00f3w i niekr\u0119puj\u0105ce dopasowanie.<\/p>\n<p>Nasza bawe\u0142niana koszula nocna do karmienia jest nie tylko praktyczna, ale tak\u017ce estetyczna. Doskonale nadaje si\u0119 jako prezent dla przysz\u0142ej mamy, kt\u00f3ra z pewno\u015bci\u0105 doceni jej wygod\u0119 i funkcjonalno\u015b\u0107. Zach\u0119camy do zakupu tego wyj\u0105tkowego produktu, kt\u00f3ry zapewni Ci spokojny sen i komfort podczas ca\u0142ego okresu ci\u0105\u017cy i karmienia piersi\u0105.<\/p>\n<p>Sk\u0142ad: 95% bawe\u0142na, 5% elastan<\/p>\n","protected":false},"excerpt":{"rendered":"<p data-pm-slice=\"1 1 []\">Koszula do karmienia odcinana pod biustem zosta\u0142a zaprojektowana z my\u015bl\u0105 o przysz\u0142ych mamach, kt\u00f3re pragn\u0105 cieszy\u0107 si\u0119 komfortem, zar\u00f3wno w trakcie ci\u0105\u017cy, jak i w okresie karmienia. Koszula ci\u0105\u017cowa jest odcinana pod biustem, zapewnia idealne dopasowanie od pierwszych tygodni ci\u0105\u017cy. Wykonana z mi\u0119kkiej bawe\u0142ny, gwarantuje delikatno\u015b\u0107 i doskona\u0142y komfort. Dzi\u0119ki specjalnym rozporkom na piersiach, karmienie male\u0144stwa staje si\u0119 prostsze i bardziej wygodne. Co jest niezwykle wa\u017cne szczeg\u00f3lnie podczas nocnego karmienia noworodka. Dodatkowo, grantowy kolor dodaje koszuli uroku i kobiecego wdzi\u0119ku. Wybierz nasz\u0105 koszul\u0119 nocn\u0105 do karmienia i zapewnij sobie spokojny sen i wygod\u0119 przez ca\u0142y okres ci\u0105\u017cy i karmienia piersi\u0105!<\/p>\n<p>Bawe\u0142niana koszula do karmienia odcinana pod biustem dost\u0119pna jest w trzech rozmiarach.<\/p>\n","protected":false},"featured_media":18466,"template":"","meta":[],"product_brand":[],"product_cat":[97,64],"product_tag":[118,243,119,236,138,146,259,258,98,260,331],"class_list":{"0":"post-19582","1":"product","2":"type-product","3":"status-publish","4":"has-post-thumbnail","6":"product_cat-koszule-do-karmienia","7":"product_cat-dlamamy","8":"product_tag-bawelna","9":"product_tag-black-friday","10":"product_tag-dla-mamy","11":"product_tag-koszula-do-karmienia","12":"product_tag-koszule-ciazowe","13":"product_tag-koszule-ciazowe-do-karmienia","14":"product_tag-koszula-do-karmienia-l","15":"product_tag-koszula-do-karmienia-m","16":"product_tag-koszule-nocne-do-karmienia","17":"product_tag-koszula-do-karmienia-xl","18":"product_tag-koszulka-nocna-do-karmienia","19":"product_shipping_class-lekka","20":"pa_rozmiar-l","21":"pa_rozmiar-m","22":"pa_rozmiar-xl","24":"first","25":"instock","26":"taxable","27":"shipping-taxable","28":"purchasable","29":"product-type-variable","30":"has-default-attributes","31":"wvs-archive-product-wrapper"},"_links":{"self":[{"href":"https:\/\/mama-niemowlaka.pl\/sklep\/wp-json\/wp\/v2\/product\/19582","targetHints":{"allow":["GET"]}}],"collection":[{"href":"https:\/\/mama-niemowlaka.pl\/sklep\/wp-json\/wp\/v2\/product"}],"about":[{"href":"https:\/\/mama-niemowlaka.pl\/sklep\/wp-json\/wp\/v2\/types\/product"}],"wp:featuredmedia":[{"embeddable":true,"href":"https:\/\/mama-niemowlaka.pl\/sklep\/wp-json\/wp\/v2\/media\/18466"}],"wp:attachment":[{"href":"https:\/\/mama-niemowlaka.pl\/sklep\/wp-json\/wp\/v2\/media?parent=19582"}],"wp:term":[{"taxonomy":"product_brand","embeddable":true,"href":"https:\/\/mama-niemowlaka.pl\/sklep\/wp-json\/wp\/v2\/product_brand?post=19582"},{"taxonomy":"product_cat","embeddable":true,"href":"https:\/\/mama-niemowlaka.pl\/sklep\/wp-json\/wp\/v2\/product_cat?post=19582"},{"taxonomy":"product_tag","embeddable":true,"href":"https:\/\/mama-niemowlaka.pl\/sklep\/wp-json\/wp\/v2\/product_tag?post=19582"}],"curies":[{"name":"wp","href":"https:\/\/api.w.org\/{rel}","templated":true}]}}