{"id":19594,"date":"2025-05-18T00:47:26","date_gmt":"2025-05-17T22:47:26","guid":{"rendered":"https:\/\/mama-niemowlaka.pl\/sklep\/?post_type=product&#038;p=19594"},"modified":"2025-12-19T13:22:44","modified_gmt":"2025-12-19T12:22:44","slug":"elegancka-koszula-ciazowa-do-karmienia-rozowa","status":"publish","type":"product","link":"https:\/\/mama-niemowlaka.pl\/sklep\/produkt\/dlamamy\/koszule-do-karmienia\/elegancka-koszula-ciazowa-do-karmienia-rozowa\/","title":{"rendered":"Elegancka koszula ci\u0105\u017cowa do karmienia &#8211; r\u00f3\u017cowa"},"content":{"rendered":"<h2 data-pm-slice=\"1 1 []\">Elegancka koszula ci\u0105\u017cowa. Koszula ci\u0105\u017cowa idealna do wygodnego karmienia piersi\u0105<\/h2>\n<p>Elegancka koszula ci\u0105\u017cowa i do karmienia male\u0144stwa piersi\u0105, to wygodna bielizna nocna, kt\u00f3ra z powodzeniem mo\u017ce zast\u0105pi\u0107 pi\u017cam\u0119. Jest to dobry wyb\u00f3r dla kobiet w ci\u0105\u017cy jak i tych, dla kt\u00f3rych karmienie piersi\u0105 dopiero staje si\u0119 now\u0105 przygod\u0105. Ta nocna koszula ci\u0105\u017cowa do karmienia zosta\u0142a wykonana z mi\u0119kkiego i przyjemnego w dotyku materia\u0142u, kt\u00f3ry zapewnia maksymalny komfort i wygod\u0119 podczas spania. Bawe\u0142niana koszula ci\u0105\u017cowa posiada dyskretne suwaki po obu stronach piersi, dzi\u0119ki czemu w okresie karmienia piersi\u0105 zagwarantujesz sobie wygodne karmienie maluszka. Dzi\u0119ki wygodnemu krojowi, mi\u0119kkiej tkaninie oraz eleganckiemu designowi, koszula ci\u0105\u017cowa do karmienia r\u00f3\u017cowa b\u0119dzie idealnym produktem dla ka\u017cdej mamy, kt\u00f3ra szuka praktycznego i jednocze\u015bnie stylowego rozwi\u0105zania dla siebie i swojego dziecka. Koszula ci\u0105\u017cowa do spania i karmienia to propozycja, kt\u00f3r\u0105 musisz wzi\u0105\u0107 pod uwag\u0119 kompletuj\u0105c swoj\u0105 torb\u0119 do szpitala. Koszula nocna do szpitala w kolorze r\u00f3\u017cowym, to r\u00f3wnie\u017c produkt o eleganckim designie, kt\u00f3ry sprawi, \u017ce ka\u017cda mama poczuje si\u0119 kobieco i pi\u0119knie, nawet podczas porannych porz\u0105dk\u00f3w w domu.<\/p>\n<p>Koszula nocna do karmienia mo\u017ce by\u0107 r\u00f3wnie\u017c eleganckim elementem garderoby. Zar\u00f3wno w ci\u0105\u017cy jak i po porodzie powinna\u015b si\u0119 czu\u0107 przede wszystkim wygodnie, ale r\u00f3wnie\u017c kobieco.<\/p>\n<h2>Koszulki nocne do karmienia w sklepie <a href=\"https:\/\/mama-niemowlaka.pl\/sklep\/\">mama-niemowlaka.pl<\/a> \u2013 wybierz najlepsze koszule ci\u0105\u017cowe do karmienia piersi\u0105<\/h2>\n<p>W sklepie <a href=\"https:\/\/mama-niemowlaka.pl\/sklep\/\" target=\"_blank\" rel=\"noopener\"><strong>mama-niemowlaka.pl<\/strong><\/a> znajdziesz szeroki wyb\u00f3r koszul do karmienia piersi\u0105. Znajdziesz zar\u00f3wno koszule poporodowe, klasyczn\u0105 koszul\u0119 ci\u0105\u017cow\u0105 zapinan\u0105 na guziki, koszule na napy, koszule do karmienia na ekspres lub suwak, eleganckie koszule ci\u0105\u017cowe jaki pi\u017camy ci\u0105\u017cowe. Znajdziesz koszule dla kobiet w r\u00f3\u017cnych rozmiarach: od S do XXXL. Nasze produkty wysy\u0142amy w ci\u0105gu 48 godzin. Oferujemy bezp\u0142atn\u0105 wymian\u0119 i 14-dniowy zwrot. Dodatkowo, je\u015bli zam\u00f3wisz za minimum 249 z\u0142, dostawa b\u0119dzie ca\u0142kowicie bezp\u0142atna. Nasze produkty s\u0105 starannie dobierane tak, aby zapewni\u0107 Ci maksymalny komfort i bezpiecze\u0144stwo. Nie musisz ju\u017c traci\u0107 czasu na przeszukiwanie innych sklep\u00f3w. <a href=\"https:\/\/mama-niemowlaka.pl\/sklep\/\" target=\"_blank\" rel=\"noopener\"><strong>mama-niemowlaka.pl<\/strong><\/a> ma wszystko, czego potrzebujesz! Skorzystaj z naszych us\u0142ug ju\u017c teraz i sprawd\u017a nasz\u0105 ofert\u0119 komfortowych koszul nocnych do karmienia, odzie\u017c ci\u0105\u017cow\u0105, bielizn\u0119 dla przysz\u0142ych mam oraz ubranka dla niemowl\u0105t ju\u017c dzi\u015b! Sprawd\u017a nasze pozosta\u0142e koszule dla kobiet do porodu i karmienia piersi\u0105, znajdziesz je w kategorii <a href=\"https:\/\/mama-niemowlaka.pl\/sklep\/c\/dlamamy\/koszule-do-karmienia\/\" target=\"_blank\" rel=\"noopener\"><strong>koszule do karmienia<\/strong><\/a>.<\/p>\n<p>Sprawd\u017a nasz\u0105 ofert\u0119 koszul nocnych ci\u0105\u017cowych i kup ju\u017c dzi\u015b wyj\u0105tkow\u0105 koszul\u0119 damsk\u0105 do karmienia. Pami\u0119taj, aby wyprawk\u0119 do szpitala dla m\u0142odej mamy uzupe\u0142ni\u0107 o bielizn\u0119 poporodow\u0105. Sprawd\u017a koniecznie nasz\u0105 ofert\u0119 majtek poporodowych i biustonoszy do karmienia \u2013 <a href=\"https:\/\/mama-niemowlaka.pl\/sklep\/c\/dlamamy\/bielizna-poporodowa\/\" target=\"_blank\" rel=\"noopener\"><strong>bielizna poporodowa<\/strong><\/a>.<\/p>\n<h3><strong>Tablica wymiar\u00f3w koszul nocnych:<\/strong><\/h3>\n<figure id=\"attachment_2523\" class=\"wp-caption alignleft\" style=\"width: 517px;\" aria-describedby=\"caption-attachment-2523\">\n<table style=\"height: 227px;\" width=\"419\">\n<tbody>\n<tr>\n<td width=\"148\">Rozmiar<\/td>\n<td width=\"40\">S<\/td>\n<td width=\"47\">M<\/td>\n<td width=\"54\">L<\/td>\n<td width=\"54\">XL<\/td>\n<\/tr>\n<tr>\n<td>Biust (cm)<\/td>\n<td>85-96<\/td>\n<td>96-104<\/td>\n<td>102-110<\/td>\n<td>108-116<\/td>\n<\/tr>\n<tr>\n<td>D\u0142ugo\u015b\u0107 (cm)<\/td>\n<td>96<\/td>\n<td>98<\/td>\n<td>100<\/td>\n<td>102<\/td>\n<\/tr>\n<tr>\n<td>Szeroko\u015b\u0107 ramion (cm)<\/td>\n<td>38<\/td>\n<td>39,5<\/td>\n<td>41<\/td>\n<td>42,5<\/td>\n<\/tr>\n<tr>\n<td>D\u0142ugo\u015b\u0107 r\u0119kawa (cm)<\/td>\n<td>44<\/td>\n<td>45<\/td>\n<td>46<\/td>\n<td>47<\/td>\n<\/tr>\n<\/tbody>\n<\/table><figcaption id=\"caption-attachment-2523\" class=\"wp-caption-text\">Sk\u0142ad koszul nocnych: 95% bawe\u0142na,\u00a0 5% spandex<\/figcaption><\/figure>\n<h2><\/h2>\n","protected":false},"excerpt":{"rendered":"<p data-pm-slice=\"1 1 []\">Elegancka koszula ci\u0105\u017cowa r\u00f3\u017cowa, to idealny produkt dla mam karmi\u0105cych, kt\u00f3re szukaj\u0105 wygody i funkcjonalno\u015bci podczas porannych i nocnych karmie\u0144 swoich niemowl\u0105t. Jednym z g\u0142\u00f3wnych atut\u00f3w tego produktu jest funkcjonalny kr\u00f3j, kt\u00f3ry umo\u017cliwia \u0142atwe i szybkie karmienie dziecka bez konieczno\u015bci zdejmowania ca\u0142ej koszuli nocnej do karmienia. Dzi\u0119ki suwakom ukrytym po bokach, mo\u017cna wygodnie i dyskretnie nakarmi\u0107 dziecko w dowolnym miejscu i czasie. Koszula nocna ma wygodny kr\u00f3j, kt\u00f3ry idealnie dopasowuje si\u0119 do rosn\u0105cego ci\u0105\u017cowego brzuszka w czasie ci\u0105\u017cy. To bardzo wygodna koszula nocna dla przysz\u0142ej mamy. R\u00f3\u017cowy kolor oraz delikatne, subtelne wyko\u0144czenie koronk\u0105 dodaj\u0105 koszuli do karmienia uroku i elegancji. Koszula ci\u0105\u017cowa do karmienia wykonana jest z bardzo przyjemnej w dotyku bawe\u0142ny, kt\u00f3ra jest delikatna dla sk\u00f3ry mamy jak i dziecka. Nie podra\u017cnia i nie uczula.<\/p>\n<p>Elegancka koszula ci\u0105\u017cowa w kolorze r\u00f3\u017cowym wyst\u0119puje w czterech rozmiarach: S, M, L, XL. Ta bawe\u0142niana koszula ci\u0105\u017cowa dost\u0119pna jest r\u00f3wnie\u017c w kolorze granatowym: <a href=\"https:\/\/mama-niemowlaka.pl\/sklep\/produkt\/dlamamy\/elegancka-koszula-do-karmienia-granatowa\/\" target=\"_blank\" rel=\"noopener\"><strong>Elegancka koszula do karmienia &#8211; granatowa<\/strong><\/a><a href=\"https:\/\/mama-niemowlaka.pl\/sklep\/produkt\/dlamamy\/koszula-ciazowa-do-karmienia-rozowa\/\" target=\"_blank\" rel=\"noopener\"><strong>.<\/strong><\/a><\/p>\n<p>Sk\u0142ad: 95% bawe\u0142na,\u00a0 5% spandex<\/p>\n","protected":false},"featured_media":18434,"template":"","meta":[],"product_brand":[],"product_cat":[97,64],"product_tag":[118,119,337,236,138,146,259,258,98,257,260,256,331,148],"class_list":{"0":"post-19594","1":"product","2":"type-product","3":"status-publish","4":"has-post-thumbnail","6":"product_cat-koszule-do-karmienia","7":"product_cat-dlamamy","8":"product_tag-bawelna","9":"product_tag-dla-mamy","10":"product_tag-eleganckie-koszule-ciazowe","11":"product_tag-koszula-do-karmienia","12":"product_tag-koszule-ciazowe","13":"product_tag-koszule-ciazowe-do-karmienia","14":"product_tag-koszula-do-karmienia-l","15":"product_tag-koszula-do-karmienia-m","16":"product_tag-koszule-nocne-do-karmienia","17":"product_tag-koszula-do-karmienia-s","18":"product_tag-koszula-do-karmienia-xl","19":"product_tag-koszule-do-karmienia-na-zamek","20":"product_tag-koszulka-nocna-do-karmienia","21":"product_tag-na-suwak","22":"product_shipping_class-lekka","23":"pa_rozmiar-l","24":"pa_rozmiar-m","25":"pa_rozmiar-s","26":"pa_rozmiar-xl","28":"first","29":"instock","30":"taxable","31":"shipping-taxable","32":"purchasable","33":"product-type-variable","34":"has-default-attributes","35":"wvs-archive-product-wrapper"},"_links":{"self":[{"href":"https:\/\/mama-niemowlaka.pl\/sklep\/wp-json\/wp\/v2\/product\/19594","targetHints":{"allow":["GET"]}}],"collection":[{"href":"https:\/\/mama-niemowlaka.pl\/sklep\/wp-json\/wp\/v2\/product"}],"about":[{"href":"https:\/\/mama-niemowlaka.pl\/sklep\/wp-json\/wp\/v2\/types\/product"}],"wp:featuredmedia":[{"embeddable":true,"href":"https:\/\/mama-niemowlaka.pl\/sklep\/wp-json\/wp\/v2\/media\/18434"}],"wp:attachment":[{"href":"https:\/\/mama-niemowlaka.pl\/sklep\/wp-json\/wp\/v2\/media?parent=19594"}],"wp:term":[{"taxonomy":"product_brand","embeddable":true,"href":"https:\/\/mama-niemowlaka.pl\/sklep\/wp-json\/wp\/v2\/product_brand?post=19594"},{"taxonomy":"product_cat","embeddable":true,"href":"https:\/\/mama-niemowlaka.pl\/sklep\/wp-json\/wp\/v2\/product_cat?post=19594"},{"taxonomy":"product_tag","embeddable":true,"href":"https:\/\/mama-niemowlaka.pl\/sklep\/wp-json\/wp\/v2\/product_tag?post=19594"}],"curies":[{"name":"wp","href":"https:\/\/api.w.org\/{rel}","templated":true}]}}