{"id":19696,"date":"2022-01-04T19:10:50","date_gmt":"2022-01-04T18:10:50","guid":{"rendered":"https:\/\/mama-niemowlaka.pl\/sklep\/?post_type=product&#038;p=19696"},"modified":"2026-05-07T11:39:25","modified_gmt":"2026-05-07T09:39:25","slug":"majtki-poporodowe-bawelniane-3szt-czarne","status":"publish","type":"product","link":"https:\/\/mama-niemowlaka.pl\/sklep\/produkt\/dlamamy\/bielizna-poporodowa\/majtki-poporodowe-bawelniane-3szt-czarne\/","title":{"rendered":"Majtki poporodowe bawe\u0142niane 3szt czarne"},"content":{"rendered":"<h1><strong>Majtki poporodowe bawe\u0142niane<\/strong><strong> \u2013 3 sztuki w kolorze czarnym<\/strong><\/h1>\n<div>Majtki poporodowe bawe\u0142niane to genialna alternatywa dla tradycyjnych, powszechnie znanych majtek jakimi s\u0105 siateczkowe majtki poporodowe lub jednorazowe majtki poporodowe.<\/div>\n<h2>Jakie majtki poporodowe wybra\u0107?<\/h2>\n<div>Okres po\u0142ogu to trudny czas w \u017cyciu ka\u017cdej \u015bwie\u017co upieczonej mamy. W okresie po urodzeniu dziecka problemem s\u0105 obfite odchody po\u0142ogowe. W okresie po\u0142ogu kobieta cz\u0119sto dodatkowo zmaga si\u0119 z b\u00f3lem i dyskomfortem spowodowanym przez rany po naci\u0119ciu krocza lub cesarskim ci\u0119ciu. W utrzymaniu odpowiedniej higieny w czasie po\u0142ogu pomagaj\u0105 majtki poporodowe. Bielizna poporodowa poprawia komfort m\u0142odych mam, wspomaga gojenie si\u0119 ran i ogranicza ryzyko infekcji. Podczas pobytu w szpitalu, po porodzie bardzo wa\u017cny jest Tw\u00f3j komfort. Bielizna poporodowa, kt\u00f3rej b\u0119dziesz u\u017cywa\u0107 mo\u017ce by\u0107 kobieca i elegancka. Nie musisz si\u0119 jej wstydzi\u0107. Bawe\u0142niane majtki poporodowe z wysokim stanem to obowi\u0105zkowy element wyposa\u017cenia torby do szpitala przysz\u0142ej mamy. S\u0105 bardzo wygodne, a za razem dyskretne. Doskonale spe\u0142niaj\u0105 swoj\u0105 rol\u0119. Materia\u0142 majtek jest mi\u0119kki i delikatny, dzi\u0119ki czemu nie powoduje podra\u017cnie\u0144. Elastyczno\u015b\u0107 poprawia wygod\u0119 i pozwala na idealne dopasowanie do cia\u0142a. Odpowiednie majtki poporodowe to przede wszystkim komfort i bezpiecze\u0144stwo. Nasze majtki poporodowe s\u0105 przewiewne oraz bardzo dobrze podtrzymuj\u0105 podk\u0142ady poporodowe. Sprawdz\u0105 si\u0119 po porodzie naturalnym, porodzie przez cesarskie ci\u0119cie oraz w czasie po\u0142ogu.<\/div>\n<h2>Majtki poporodowe bawe\u0142niane wielokrotnego u\u017cytku dost\u0119pne w sklepie mama-niemowlaka.pl<\/h2>\n<div>Prosta wersja majtek poporodowych wykonana z 95% bawe\u0142ny. Wysoki stan, tak aby zakry\u0107 brzuch z szersz\u0105, nieuciskaj\u0105c\u0105 gumk\u0105. Oddychaj\u0105ce, nie kurcz\u0105 si\u0119 w praniu i maj\u0105 trwa\u0142e kolory. Majtki poporodowe znakomicie sprawdz\u0105 si\u0119 r\u00f3wnie\u017c po okresie po\u0142ogu jako bielizna wyszczuplaj\u0105ca.<\/div>\n<div>Bawe\u0142niane majtki poporodowe s\u0105 to majtki wielorazowego u\u017cytku. Po u\u017cyciu mog\u0105 by\u0107 one prane w pralce b\u0105d\u017a r\u0119cznie i u\u017cywane ponownie. W por\u00f3wnaniu do majtek poporodowych jednorazowego u\u017cytku s\u0105 one trwalsze i maj\u0105 lepsz\u0105 jako\u015b\u0107.<\/div>\n<div>Rozmiar majtek poporodowych nale\u017cy dobra\u0107 indywidualnie uwzgl\u0119dniaj\u0105c obw\u00f3d bioder.<\/div>\n<h3>Opakowanie zawiera 3 sztuki majtek poporodowych .<\/h3>\n<p><a href=\"https:\/\/mama-niemowlaka.pl\/sklep\/c\/dlamamy\/bielizna-poporodowa\/\" target=\"_blank\" rel=\"noopener noreferrer\">Wybierz <\/a><a href=\"https:\/\/mama-niemowlaka.pl\/sklep\/c\/dlamamy\/bielizna-poporodowa\/\" target=\"_blank\" rel=\"noopener noreferrer\">odpowiedni\u0105 bielizn\u0119 poporodow\u0105<\/a><a href=\"https:\/\/mama-niemowlaka.pl\/sklep\/c\/dlamamy\/bielizna-poporodowa\/\" target=\"_blank\" rel=\"noopener noreferrer\">. Sprawd\u017a jej ofert\u0119 w naszym sklepie.<\/a><\/p>\n<h3>Sk\u0142ad materia\u0142u:<\/h3>\n<p>95% bawe\u0142ny, 5% elastan<\/p>\n<h3>Wymiary majtek:<\/h3>\n<table width=\"700\">\n<tbody>\n<tr>\n<td><strong>Rozmiar<\/strong><\/td>\n<td style=\"text-align: center;\"><strong>M<\/strong><\/td>\n<td style=\"text-align: center;\"><strong>L<\/strong><\/td>\n<td style=\"text-align: center;\"><strong>XL<\/strong><\/td>\n<td style=\"text-align: center;\"><strong>XXL<\/strong><\/td>\n<td style=\"text-align: center;\"><strong>XXXL<\/strong><\/td>\n<\/tr>\n<tr>\n<td>Talia<\/td>\n<td style=\"text-align: center;\">64-72 cm<\/td>\n<td style=\"text-align: center;\">72-84 cm<\/td>\n<td style=\"text-align: center;\">84-90 cm<\/td>\n<td style=\"text-align: center;\">90-94 cm<\/td>\n<td style=\"text-align: center;\">94-98 cm<\/td>\n<\/tr>\n<tr>\n<td>D\u0142ugo\u015b\u0107 (do p\u0119pka)<\/td>\n<td style=\"text-align: center;\">26,5 cm<\/td>\n<td style=\"text-align: center;\">27,5 cm<\/td>\n<td style=\"text-align: center;\">28,5 cm<\/td>\n<td style=\"text-align: center;\">29,5 cm<\/td>\n<td style=\"text-align: center;\">30,5 cm<\/td>\n<\/tr>\n<\/tbody>\n<\/table>\n","protected":false},"excerpt":{"rendered":"<h2>Majtki poporodowe bawe\u0142niane.<\/h2>\n<p>Wielorazowe majtki poporodowe bawe\u0142niane. 3-pak majtek w kolorze czarnym. Majtki posiadaj\u0105 wysoki stan, tak aby zakry\u0107 brzuch z szersz\u0105, nieuciskaj\u0105c\u0105 gumk\u0105.<\/p>\n<p>Sk\u0142ad materia\u0142u:\u00a0 95% bawe\u0142ny, 5% elastan<\/p>\n<h3>Wymiary majtek:<\/h3>\n<table width=\"700\">\n<tbody>\n<tr>\n<td><strong>Rozmiar<\/strong><\/td>\n<td style=\"text-align: center;\"><strong>M<\/strong><\/td>\n<td style=\"text-align: center;\"><strong>L<\/strong><\/td>\n<td style=\"text-align: center;\"><strong>XL<\/strong><\/td>\n<td style=\"text-align: center;\"><strong>XXL<\/strong><\/td>\n<td style=\"text-align: center;\"><strong>XXXL<\/strong><\/td>\n<\/tr>\n<tr>\n<td>Talia<\/td>\n<td style=\"text-align: center;\">64-72 cm<\/td>\n<td style=\"text-align: center;\">72-84 cm<\/td>\n<td style=\"text-align: center;\">84-90 cm<\/td>\n<td style=\"text-align: center;\">90-94 cm<\/td>\n<td style=\"text-align: center;\">94-98 cm<\/td>\n<\/tr>\n<tr>\n<td>D\u0142ugo\u015b\u0107 (do p\u0119pka)<\/td>\n<td style=\"text-align: center;\">26,5 cm<\/td>\n<td style=\"text-align: center;\">27,5 cm<\/td>\n<td style=\"text-align: center;\">28,5 cm<\/td>\n<td style=\"text-align: center;\">29,5 cm<\/td>\n<td style=\"text-align: center;\">30,5 cm<\/td>\n<\/tr>\n<\/tbody>\n<\/table>\n","protected":false},"featured_media":19186,"template":"","meta":[],"product_brand":[],"product_cat":[56,64],"product_tag":[608,119,335],"class_list":{"0":"post-19696","1":"product","2":"type-product","3":"status-publish","4":"has-post-thumbnail","6":"product_cat-bielizna-poporodowa","7":"product_cat-dlamamy","8":"product_tag-bestsellery-dla-mamy","9":"product_tag-dla-mamy","10":"product_tag-majtki-poporodowe","11":"product_shipping_class-lekka","12":"pa_rozmiar-2xl","13":"pa_rozmiar-3xl","14":"pa_rozmiar-l","15":"pa_rozmiar-m","16":"pa_rozmiar-xl","18":"first","19":"instock","20":"taxable","21":"shipping-taxable","22":"purchasable","23":"product-type-variable","24":"has-default-attributes","25":"wvs-archive-product-wrapper"},"_links":{"self":[{"href":"https:\/\/mama-niemowlaka.pl\/sklep\/wp-json\/wp\/v2\/product\/19696","targetHints":{"allow":["GET"]}}],"collection":[{"href":"https:\/\/mama-niemowlaka.pl\/sklep\/wp-json\/wp\/v2\/product"}],"about":[{"href":"https:\/\/mama-niemowlaka.pl\/sklep\/wp-json\/wp\/v2\/types\/product"}],"wp:featuredmedia":[{"embeddable":true,"href":"https:\/\/mama-niemowlaka.pl\/sklep\/wp-json\/wp\/v2\/media\/19186"}],"wp:attachment":[{"href":"https:\/\/mama-niemowlaka.pl\/sklep\/wp-json\/wp\/v2\/media?parent=19696"}],"wp:term":[{"taxonomy":"product_brand","embeddable":true,"href":"https:\/\/mama-niemowlaka.pl\/sklep\/wp-json\/wp\/v2\/product_brand?post=19696"},{"taxonomy":"product_cat","embeddable":true,"href":"https:\/\/mama-niemowlaka.pl\/sklep\/wp-json\/wp\/v2\/product_cat?post=19696"},{"taxonomy":"product_tag","embeddable":true,"href":"https:\/\/mama-niemowlaka.pl\/sklep\/wp-json\/wp\/v2\/product_tag?post=19696"}],"curies":[{"name":"wp","href":"https:\/\/api.w.org\/{rel}","templated":true}]}}