{"id":19714,"date":"2021-01-05T02:05:42","date_gmt":"2021-01-05T01:05:42","guid":{"rendered":"https:\/\/mama-niemowlaka.pl\/sklep\/?post_type=product&#038;p=19714"},"modified":"2026-01-05T02:06:36","modified_gmt":"2026-01-05T01:06:36","slug":"dres-niemowlecy-z-bezrekawnikiem-rozowy","status":"publish","type":"product","link":"https:\/\/mama-niemowlaka.pl\/sklep\/produkt\/ubranka-niemowlece\/dres-dla-niemowlaka\/dres-niemowlecy-z-bezrekawnikiem-rozowy\/","title":{"rendered":"Dres dla niemowlaka z bezr\u0119kawnikiem &#8211; r\u00f3\u017cowy"},"content":{"rendered":"<div>\n<h2>Komplet niemowl\u0119cy dresowy i bia\u0142a kamizelka niemowl\u0119ca.<\/h2>\n<div>Komplet niemowl\u0119cy z bezr\u0119kawnikiem to doskona\u0142y wyb\u00f3r dla ka\u017cdego rodzica, kt\u00f3ry szuka wygodnych i funkcjonalnych ubra\u0144 dla swojego maluszka. To obowi\u0105zkowy element niemowl\u0119cej garderoby, kt\u00f3ry warto mie\u0107 w swojej szafie na wiosn\u0119 czy jesie\u0144. W sk\u0142ad kompletu wchodz\u0105 dresy niemowl\u0119ce w kolorze r\u00f3\u017cowym oraz bia\u0142y bezr\u0119kawnik, kt\u00f3ry mo\u017cna nosi\u0107 osobno lub w po\u0142\u0105czeniu z dresikiem. Kamizelka niemowl\u0119ca to ubranko w niemowl\u0119cej garderobie, kt\u00f3ra jest \u015bwietnym dodatkiem do wielu stylizacji. Bezr\u0119kawnik dzieci\u0119cy jest bardzo uniwersalnym produktem. Pasuje do wi\u0119kszo\u015bci ubranek niemowl\u0119cych. Mo\u017cna go zak\u0142ada\u0107 na wiele okazji takich jak urodziny, spacer, zabawa w piaskownicy czy jako dodatkow\u0105 warstw\u0119 podczas ch\u0142odniejszych dni.<\/div>\n<div>Wygodny komplet dres\u00f3w niemowl\u0119cych to ubranko uszyte z delikatnej bawe\u0142ny, co zapewnia mi\u0119kko\u015b\u0107 i delikatno\u015b\u0107 dla sk\u00f3ry dziecka. Dres niemowl\u0119cy w komplecie z ocieplanym bezr\u0119kawnikiem to dobrze zaprojektowany i praktyczny komplet, kt\u00f3ry sprawdzi si\u0119 jako codzienna stylizacja ka\u017cdej dziewczynki.<\/div>\n<h2>Komplet dresowy sk\u0142ada si\u0119 z trzech element\u00f3w: bluza dziewcz\u0119ca z d\u0142ugim r\u0119kawem, spodnie dresowe oraz ocieplany bezr\u0119kawnik niemowl\u0119cy.<\/h2>\n<div>Ca\u0142o\u015b\u0107 stanowi uroczy komplet niemowl\u0119cy. Kamizelka niemowl\u0119ca w kolorze bia\u0142ym wykonana jest z mi\u0119kkiej tkaniny, kt\u00f3ra zapewnia ciep\u0142o i komfort podczas ch\u0142odniejszych dni. Ma praktyczny zamek b\u0142yskawiczny, co u\u0142atwia ubieranie. Bezr\u0119kawnik mo\u017cna r\u00f3wnie\u017c nosi\u0107 osobno, jako samodzielne ubranie. Kamizelka ma doczepianego ma\u0142ego misia.<\/div>\n<div>Bluza dziewcz\u0119ca i spodnie dresowe wykonane s\u0105 z przyjemnej bawe\u0142ny. Spodenki posiadaj\u0105 bezuciskowy pas, kt\u00f3ry doskonale utrzymuje spodenki. Dres ma elastyczny \u015bci\u0105gacz przy r\u0119kawach, nogawkach i w pasie, co u\u0142atwia ubieranie, a jednocze\u015bnie dobrze dopasowuje si\u0119 do cia\u0142a dziecka. Bluza posiada uroczy print z misiem. Warto r\u00f3wnie\u017c zwr\u00f3ci\u0107 uwag\u0119 na estetyk\u0119 tego kompletu. R\u00f3\u017cowy kolor z dodatkiem bia\u0142ych element\u00f3w nadaje mu delikatno\u015bci i uroku, co sprawia, \u017ce dziecko wygl\u0105da w nim uroczo.<\/div>\n<div>\n<h3>Komplet dresowy z bezr\u0119kawnikiem to zestawy ubranek, kt\u00f3ry warto wybra\u0107 na jesienne lub wiosenne spacery. Kamizelki niemowl\u0119ce maj\u0105 wiele zalet i sprawdzaj\u0105 si\u0119 \u015bwietnie niezale\u017cnie od pory roku. Kamizelka niemowl\u0119ca os\u0142ania korpus maluszka dzi\u0119ki czemu spe\u0142nia rol\u0119 dodatkowego nakrycia i zabezpieczenia pleck\u00f3w naszego male\u0144stwa jednocze\u015bnie nie kr\u0119puje ruch\u00f3w.<\/h3>\n<div>Komplet niemowl\u0119cy z bezr\u0119kawnikiem jest doskona\u0142ym wyborem dla ka\u017cdego rodzica, kt\u00f3ry chce zapewni\u0107 swojemu dziecku wygod\u0119, komfort i funkcjonalno\u015b\u0107. Zach\u0119camy do zakupu tego produktu, kt\u00f3ry na pewno spe\u0142ni oczekiwania nawet najbardziej wymagaj\u0105cych rodzic\u00f3w. Szukaj\u0105c ubranek dla niemowlaka warto zwr\u00f3ci\u0107 uwag\u0119 na ten komplet niemowl\u0119cy dresowy z bezr\u0119kawnikiem.<\/div>\n<div>\n<p>Sk\u0142ad:Bluza &#8211; 100% bawe\u0142na<\/p>\n<p>Spodnie &#8211; 100% bawe\u0142na<\/p>\n<p>Bezr\u0119kawnik &#8211; 100% poliester<\/p>\n<p>Wymiary:<\/p>\n<table>\n<tbody>\n<tr>\n<td><strong>Dres dzieci\u0119cy<\/strong><\/td>\n<td nowrap=\"nowrap\"><strong>92<\/strong><\/td>\n<td nowrap=\"nowrap\"><strong>98<\/strong><\/td>\n<td nowrap=\"nowrap\"><strong>104<\/strong><\/td>\n<td nowrap=\"nowrap\"><strong>110<\/strong><\/td>\n<\/tr>\n<tr>\n<td>D\u0142ugo\u015b\u0107 ca\u0142kowita bluzy<\/td>\n<td nowrap=\"nowrap\">39cm<\/td>\n<td nowrap=\"nowrap\">40cm<\/td>\n<td nowrap=\"nowrap\">41cm<\/td>\n<td nowrap=\"nowrap\">45cm<\/td>\n<\/tr>\n<tr>\n<td>D\u0142. od pachy do pachy bluza<\/td>\n<td nowrap=\"nowrap\">33cm<\/td>\n<td nowrap=\"nowrap\">35cm<\/td>\n<td nowrap=\"nowrap\">37cm<\/td>\n<td nowrap=\"nowrap\">38cm<\/td>\n<\/tr>\n<tr>\n<td nowrap=\"nowrap\">D\u0142ugo\u015b\u0107 r\u0119kawa<\/td>\n<td nowrap=\"nowrap\">34cm<\/td>\n<td nowrap=\"nowrap\">37cm<\/td>\n<td nowrap=\"nowrap\">39cm<\/td>\n<td nowrap=\"nowrap\">43cm<\/td>\n<\/tr>\n<tr>\n<td>D\u0142ugo\u015b\u0107 ca\u0142kowita spodni<\/td>\n<td nowrap=\"nowrap\">51cm<\/td>\n<td nowrap=\"nowrap\">54cm<\/td>\n<td nowrap=\"nowrap\">59cm<\/td>\n<td nowrap=\"nowrap\">64cm<\/td>\n<\/tr>\n<tr>\n<td>D\u0142ugo\u015b\u0107 ca\u0142kowita bezr\u0119kawnika<\/td>\n<td nowrap=\"nowrap\">42 cm<\/td>\n<td nowrap=\"nowrap\">46cm<\/td>\n<td nowrap=\"nowrap\">47cm<\/td>\n<td nowrap=\"nowrap\">48cm<\/td>\n<\/tr>\n<tr>\n<td>D\u0142. od pachy do pachy bezr\u0119kawnik<\/td>\n<td nowrap=\"nowrap\">33 cm<\/td>\n<td nowrap=\"nowrap\">34cm<\/td>\n<td nowrap=\"nowrap\">35cm<\/td>\n<td nowrap=\"nowrap\">36cm<\/td>\n<\/tr>\n<\/tbody>\n<\/table>\n<\/div>\n<\/div>\n<\/div>\n","protected":false},"excerpt":{"rendered":"<div><\/div>\n<div>Wygodny komplet dres\u00f3w niemowl\u0119cych to ubranko uszyte z delikatnej bawe\u0142ny, co zapewnia mi\u0119kko\u015b\u0107 i delikatno\u015b\u0107 dla sk\u00f3ry dziecka. Dres niemowl\u0119cy w komplecie z ocieplanym bezr\u0119kawnikiem to dobrze zaprojektowany i praktyczny komplet, kt\u00f3ry sprawdzi si\u0119 jako codzienna stylizacja ka\u017cdej dziewczynki.<\/div>\n<div id=\"gtx-trans\">\n<div class=\"gtx-trans-icon\">\n<p>Sk\u0142ad:<\/p>\n<\/div>\n<\/div>\n<p>Bluza &#8211; 100% bawe\u0142na<\/p>\n<p>Spodnie &#8211; 100% bawe\u0142na<\/p>\n<p>Bezr\u0119kawnik &#8211; 100% poliester<\/p>\n<p>Wymiary:<\/p>\n<table>\n<tbody>\n<tr>\n<td><strong>Dres dzieci\u0119cy<\/strong><\/td>\n<td nowrap=\"nowrap\"><strong>92<\/strong><\/td>\n<td nowrap=\"nowrap\"><strong>98<\/strong><\/td>\n<td nowrap=\"nowrap\"><strong>104<\/strong><\/td>\n<td nowrap=\"nowrap\"><strong>110<\/strong><\/td>\n<\/tr>\n<tr>\n<td>D\u0142ugo\u015b\u0107 ca\u0142kowita bluzy<\/td>\n<td nowrap=\"nowrap\">39cm<\/td>\n<td nowrap=\"nowrap\">40cm<\/td>\n<td nowrap=\"nowrap\">41cm<\/td>\n<td nowrap=\"nowrap\">45cm<\/td>\n<\/tr>\n<tr>\n<td>D\u0142. od pachy do pachy bluza<\/td>\n<td nowrap=\"nowrap\">33cm<\/td>\n<td nowrap=\"nowrap\">35cm<\/td>\n<td nowrap=\"nowrap\">37cm<\/td>\n<td nowrap=\"nowrap\">38cm<\/td>\n<\/tr>\n<tr>\n<td nowrap=\"nowrap\">D\u0142ugo\u015b\u0107 r\u0119kawa<\/td>\n<td nowrap=\"nowrap\">34cm<\/td>\n<td nowrap=\"nowrap\">37cm<\/td>\n<td nowrap=\"nowrap\">39cm<\/td>\n<td nowrap=\"nowrap\">43cm<\/td>\n<\/tr>\n<tr>\n<td>D\u0142ugo\u015b\u0107 ca\u0142kowita spodni<\/td>\n<td nowrap=\"nowrap\">51cm<\/td>\n<td nowrap=\"nowrap\">54cm<\/td>\n<td nowrap=\"nowrap\">59cm<\/td>\n<td nowrap=\"nowrap\">64cm<\/td>\n<\/tr>\n<tr>\n<td>D\u0142ugo\u015b\u0107 ca\u0142kowita bezr\u0119kawnika<\/td>\n<td nowrap=\"nowrap\">42 cm<\/td>\n<td nowrap=\"nowrap\">46cm<\/td>\n<td nowrap=\"nowrap\">47cm<\/td>\n<td nowrap=\"nowrap\">48cm<\/td>\n<\/tr>\n<tr>\n<td>D\u0142. od pachy do pachy bezr\u0119kawnik<\/td>\n<td nowrap=\"nowrap\">33 cm<\/td>\n<td nowrap=\"nowrap\">34cm<\/td>\n<td nowrap=\"nowrap\">35cm<\/td>\n<td nowrap=\"nowrap\">36cm<\/td>\n<\/tr>\n<\/tbody>\n<\/table>\n<div id=\"gtx-trans\">\n<div class=\"gtx-trans-icon\"><\/div>\n<\/div>\n","protected":false},"featured_media":5155,"template":"","meta":[],"product_brand":[],"product_cat":[136,57],"product_tag":[118,222,152,237],"class_list":{"0":"post-19714","1":"product","2":"type-product","3":"status-publish","4":"has-post-thumbnail","6":"product_cat-dres-dla-niemowlaka","7":"product_cat-ubranka-niemowlece","8":"product_tag-bawelna","9":"product_tag-bezrekawniki-dla-niemowlat","10":"product_tag-ubranka-dla-niemowlat-dziewczynek","11":"product_tag-dresik-dla-dziewczynki","12":"product_shipping_class-duza","13":"pa_rozmiar-319","14":"pa_rozmiar-320","15":"pa_rozmiar-317","16":"pa_rozmiar-318","18":"first","19":"instock","20":"taxable","21":"shipping-taxable","22":"purchasable","23":"product-type-variable","24":"has-default-attributes","25":"wvs-archive-product-wrapper"},"_links":{"self":[{"href":"https:\/\/mama-niemowlaka.pl\/sklep\/wp-json\/wp\/v2\/product\/19714","targetHints":{"allow":["GET"]}}],"collection":[{"href":"https:\/\/mama-niemowlaka.pl\/sklep\/wp-json\/wp\/v2\/product"}],"about":[{"href":"https:\/\/mama-niemowlaka.pl\/sklep\/wp-json\/wp\/v2\/types\/product"}],"wp:featuredmedia":[{"embeddable":true,"href":"https:\/\/mama-niemowlaka.pl\/sklep\/wp-json\/wp\/v2\/media\/5155"}],"wp:attachment":[{"href":"https:\/\/mama-niemowlaka.pl\/sklep\/wp-json\/wp\/v2\/media?parent=19714"}],"wp:term":[{"taxonomy":"product_brand","embeddable":true,"href":"https:\/\/mama-niemowlaka.pl\/sklep\/wp-json\/wp\/v2\/product_brand?post=19714"},{"taxonomy":"product_cat","embeddable":true,"href":"https:\/\/mama-niemowlaka.pl\/sklep\/wp-json\/wp\/v2\/product_cat?post=19714"},{"taxonomy":"product_tag","embeddable":true,"href":"https:\/\/mama-niemowlaka.pl\/sklep\/wp-json\/wp\/v2\/product_tag?post=19714"}],"curies":[{"name":"wp","href":"https:\/\/api.w.org\/{rel}","templated":true}]}}