{"id":19726,"date":"2024-01-06T00:02:18","date_gmt":"2024-01-05T23:02:18","guid":{"rendered":"https:\/\/mama-niemowlaka.pl\/sklep\/?post_type=product&#038;p=19726"},"modified":"2026-01-06T00:04:48","modified_gmt":"2026-01-05T23:04:48","slug":"kocyk-dla-niemowlaka-bialy","status":"publish","type":"product","link":"https:\/\/mama-niemowlaka.pl\/sklep\/produkt\/pielegnacja\/posciel\/kocyk-dla-niemowlaka-bialy\/","title":{"rendered":"Kocyk dla niemowlaka &#8211; bia\u0142y"},"content":{"rendered":"<h2 data-pm-slice=\"1 1 []\"><strong>Idealny kocyk niemowl\u0119cy<\/strong><\/h2>\n<p>Kiedy my\u015blisz o przyj\u015bciu na \u015bwiat Twojego dziecka, pewnie wyobra\u017casz sobie idealny pok\u00f3j z uroczymi i przytulnymi dodatkami. Nasz bia\u0142y kocyk dla niemowlaka b\u0119dzie idealnym dope\u0142nieniem takiego pokoju. Wykonany z mi\u0119kkiego i delikatnego materia\u0142u, b\u0119dzie towarzyszy\u0142 Twojemu dziecku w ka\u017cdej chwili &#8211; podczas drzemki, karmienia czy zabawy. Jego uniwersalny kolor i wzory sprawi\u0105, \u017ce kocyk stanie si\u0119 ulubionym dodatkiem Twojego dziecka, a Ty b\u0119dziesz mia\u0142 pewno\u015b\u0107, \u017ce jest on bezpieczny i funkcjonalny.<\/p>\n<h2><strong>Bezpieczny kocyk dla wra\u017cliwej sk\u00f3ry niemowl\u0105t <\/strong><\/h2>\n<p>Pierwszy kocyk dla noworodka nie mo\u017ce by\u0107 przypadkowy. To musi by\u0107 idealny pierwszy kocyk. Warto wybra\u0107 delikatny, przytulny, a jednocze\u015bnie bezpieczny kocyk.\u00a0 Kocyk niemowl\u0119cy po\u00adwi\u00adnien by\u0107 ple\u00adcio\u00adny tak, aby w ra\u00adzie za\u00adrzu\u00adce\u00adnia na g\u0142\u00f3w\u00adk\u0119 malucha, by\u0142a swo\u00adbod\u00adna cyr\u00adku\u00adla\u00adcja po\u00adwie\u00adtrza. Nasz kocyk jest bardzo funkcjonalny. Dzi\u0119ki swojemu mi\u0119kkiemu materia\u0142owi, zapewnia ciep\u0142o i wygod\u0119 dla dziecka, co jest szczeg\u00f3lnie wa\u017cne podczas snu i odpoczynku. Jest te\u017c bardzo \u0142atwy w czyszczeniu i praniu, co sprawia, \u017ce jest to idealny wyb\u00f3r dla zapracowanych rodzic\u00f3w.<\/p>\n<p>Kocyk ten jest ozdobiony delikatnymi wzorami, kt\u00f3re z pewno\u015bci\u0105 przypadn\u0105 do gustu zar\u00f3wno rodzicom, jak i dziecku. Jego lekko\u015b\u0107 i delikatno\u015b\u0107 sprawiaj\u0105, \u017ce jest to idealny dodatek do pokoju niemowlaka.<\/p>\n<p>Nasz kocyk zosta\u0142 wykonany z wysokiej jako\u015bci materia\u0142\u00f3w, kt\u00f3re s\u0105 bezpieczne dla dziecka. Dzi\u0119ki temu mo\u017cesz mie\u0107 pewno\u015b\u0107, \u017ce Tw\u00f3j maluszek jest otoczony tylko tym, co najlepsze.<\/p>\n<h2><strong>Kiedy kupi\u0107 kocyk niemowl\u0119cy?<\/strong><\/h2>\n<p>Ten kocyk dla niemowlaka to nie tylko idealny towarzysz dla Twojego dziecka, ale tak\u017ce doskona\u0142y pomys\u0142 na prezent dla przysz\u0142ych rodzic\u00f3w. Kocyk ten jest wyj\u0105tkowo mi\u0119kki i delikatny, dzi\u0119ki czemu kocyk doskonale sprawdzi si\u0119 zar\u00f3wno w domu, jak i w w\u00f3zku, na spacerze czy podczas podr\u00f3\u017cy samochodem.<\/p>\n<p>Ten kocyk dla niemowlaka to nie tylko produkt wysokiej jako\u015bci, ale tak\u017ce \u015bwietna inwestycja w zdrowie i komfort Twojego dziecka. Dzi\u0119ki niemu Twoje dziecko b\u0119dzie czu\u0142o si\u0119 bezpiecznie i chronione, a Ty zyskasz pewno\u015b\u0107, \u017ce wybra\u0142a\u015b najlepszy produkt na rynku. Nie podra\u017cnia delikatnej sk\u00f3ry dziecka. Kocyk posiada w\u0142a\u015bciwo\u015bci termoregulacyjne \u2013 pozwala sk\u00f3rze oddycha\u0107 oraz naturalnie reguluje ciep\u0142o.<\/p>\n<p>Jest to idealny kocyk do delikatnego otulania Twojego Malucha. Nie czekaj, zam\u00f3w ju\u017c teraz wyj\u0105tkowo delikatny kocyk dla niemowlaka.<\/p>\n<h3><strong>Kocyk niemowl\u0119cy dost\u0119pny jest w pi\u0119ciu kolorach do wyboru:<\/strong><\/h3>\n<ul>\n<li style=\"font-weight: 400;\"><a href=\"https:\/\/mama-niemowlaka.pl\/sklep\/produkt\/pielegnacja\/kocyk-dla-niemowlaka-kremowy\/\" target=\"_blank\" rel=\"noopener\"><span style=\"font-weight: 400;\">Kremowy<\/span><\/a><\/li>\n<li><a href=\"https:\/\/mama-niemowlaka.pl\/sklep\/produkt\/pielegnacja\/kocyk-dla-niemowlaka-rozowy\/\" target=\"_blank\" rel=\"noopener\">R\u00f3\u017cowy<\/a><\/li>\n<li style=\"font-weight: 400;\"><a href=\"https:\/\/mama-niemowlaka.pl\/sklep\/produkt\/pielegnacja\/kocyk-dla-niemowlaka-niebieski\/\" target=\"_blank\" rel=\"noopener\"><span style=\"font-weight: 400;\">Niebieski<\/span><\/a><\/li>\n<li style=\"font-weight: 400;\"><a href=\"https:\/\/mama-niemowlaka.pl\/sklep\/produkt\/pielegnacja\/kocyk-dla-niemowlaka-granatowy\/\" target=\"_blank\" rel=\"noopener\"><span style=\"font-weight: 400;\">Granatowy<\/span><\/a><\/li>\n<li><a href=\"https:\/\/mama-niemowlaka.pl\/sklep\/produkt\/pielegnacja\/posciel\/kocyk-dla-niemowlaka-szary\/\" target=\"_blank\" rel=\"noopener\">Szary<\/a><\/li>\n<\/ul>\n<p><span style=\"font-weight: 400;\">Wymiary kocyka dla niemowl\u0105t 90&#215;90 cm.<\/span><\/p>\n<p><span style=\"font-weight: 400;\">Sk\u0142ad: 10<\/span><span style=\"font-weight: 400;\">0% akryl<\/span><\/p>\n","protected":false},"excerpt":{"rendered":"<p>Idealny kocyk dla ka\u017cdego, kto szuka \u0142atwego w u\u017cyciu i funkcjonalnego dodatku do pokoju niemowlaka. Dzi\u0119ki jego mi\u0119kkiej fakturze i uroczemu wygl\u0105dowi, z pewno\u015bci\u0105 b\u0119dzie to ulubiony kocyk Twojego dziecka. Jest te\u017c bardzo \u0142atwy w czyszczeniu i praniu, co sprawia, \u017ce jest to idealny wyb\u00f3r dla zapracowanych rodzic\u00f3w. Jego wysoka jako\u015b\u0107 i bezpiecze\u0144stwo zapewni\u0105 spok\u00f3j i pewno\u015b\u0107, \u017ce Tw\u00f3j maluszek jest otoczony tylko tym, co najlepsze. Kupuj\u0105c nasz bia\u0142y kocyk dla niemowlaka, masz pewno\u015b\u0107, \u017ce wybierasz produkt, kt\u00f3ry spe\u0142ni Twoje oczekiwania. Nasz lekki kocyk doskonale sprawdzi si\u0119 w wiosennej i letniej wyprawce, cho\u0107 mo\u017ce by\u0107 u\u017cywany przez ca\u0142y rok.<\/p>\n<p><span style=\"font-weight: 400;\">Wymiary: 90&#215;90 cm.<br \/>\nSk\u0142ad: 10<\/span><span style=\"font-weight: 400;\">0% akryl<\/span><\/p>\n","protected":false},"featured_media":11193,"template":"","meta":[],"product_brand":[],"product_cat":[127],"product_tag":[214,125,145,152,254,220],"class_list":{"0":"post-19726","1":"product","2":"type-product","3":"status-publish","4":"has-post-thumbnail","6":"product_cat-posciel","7":"product_tag-bestseller","8":"product_tag-ubranka-do-chrztu","9":"product_tag-ubranka-dla-niemowlat-chlopca","10":"product_tag-ubranka-dla-niemowlat-dziewczynek","11":"product_tag-kocyki-dla-niemowlat","12":"product_tag-ubranka-dla-noworodkow","13":"product_shipping_class-lekka","15":"first","16":"instock","17":"taxable","18":"shipping-taxable","19":"purchasable","20":"product-type-simple"},"_links":{"self":[{"href":"https:\/\/mama-niemowlaka.pl\/sklep\/wp-json\/wp\/v2\/product\/19726","targetHints":{"allow":["GET"]}}],"collection":[{"href":"https:\/\/mama-niemowlaka.pl\/sklep\/wp-json\/wp\/v2\/product"}],"about":[{"href":"https:\/\/mama-niemowlaka.pl\/sklep\/wp-json\/wp\/v2\/types\/product"}],"wp:featuredmedia":[{"embeddable":true,"href":"https:\/\/mama-niemowlaka.pl\/sklep\/wp-json\/wp\/v2\/media\/11193"}],"wp:attachment":[{"href":"https:\/\/mama-niemowlaka.pl\/sklep\/wp-json\/wp\/v2\/media?parent=19726"}],"wp:term":[{"taxonomy":"product_brand","embeddable":true,"href":"https:\/\/mama-niemowlaka.pl\/sklep\/wp-json\/wp\/v2\/product_brand?post=19726"},{"taxonomy":"product_cat","embeddable":true,"href":"https:\/\/mama-niemowlaka.pl\/sklep\/wp-json\/wp\/v2\/product_cat?post=19726"},{"taxonomy":"product_tag","embeddable":true,"href":"https:\/\/mama-niemowlaka.pl\/sklep\/wp-json\/wp\/v2\/product_tag?post=19726"}],"curies":[{"name":"wp","href":"https:\/\/api.w.org\/{rel}","templated":true}]}}