{"id":19732,"date":"2022-01-06T00:40:46","date_gmt":"2022-01-05T23:40:46","guid":{"rendered":"https:\/\/mama-niemowlaka.pl\/sklep\/?post_type=product&#038;p=19732"},"modified":"2026-01-06T00:44:39","modified_gmt":"2026-01-05T23:44:39","slug":"sweterek-rozpinany-uszatek-rozowy","status":"publish","type":"product","link":"https:\/\/mama-niemowlaka.pl\/sklep\/produkt\/ubranka-niemowlece\/sweterki-dla-niemowlat\/sweterek-rozpinany-uszatek-rozowy\/","title":{"rendered":"Sweterek dzieci\u0119cy rozpinany Uszatek &#8211; R\u00f3\u017cowy"},"content":{"rendered":"<h2>Sweterek dzieci\u0119cy rozpinany &#8211; Uszatek r\u00f3\u017cowy.<\/h2>\n<p>R\u00f3\u017cowy sweterek dla dziewczynki to urocze i praktyczne ubranko dla ka\u017cdej m\u0142odej damy. Idealnie sprawdzi si\u0119 w ch\u0142odniejsze i wietrzne dni jako ciep\u0142y sweterek. Sweterek niemowl\u0119cy jest rozpinany dzi\u0119ki czemu mamy gwarancj\u0119 wygody i komfortu przy zak\u0142adaniu i zdejmowaniu. Sweterek typu kardigan nie wymaga przek\u0142adania przez g\u0142ow\u0119, co znacznie u\u0142atwia i przy\u015bpiesza proces ubierania. Sweter zapewni dziecku ciep\u0142o oraz wygod\u0119.<\/p>\n<p><span style=\"font-weight: 400;\">Rozpinany sweterek dzieci\u0119cy posiada kaptur, kt\u00f3ry ozdobiony jest ma\u0142ymi uszkami. Dwurz\u0119dowe zapi\u0119cie dodaje sweterkowi elegancji, a ma\u0142e kieszonki pomieszcz\u0105 drobne skarby naszego malucha.\u00a0<\/span><\/p>\n<p><span style=\"font-weight: 400;\">Sweterek dzieci\u0119cy Uszatek b\u0119dzie doskona\u0142ym uzupe\u0142nieniem garderoby dla ma\u0142ej damy zar\u00f3wno na co dzie\u0144 jak i od \u015bwi\u0119ta &#8211; np. na Chrzest \u015awi\u0119ty. Taki sweterek po prostu trzeba mie\u0107 w\u015br\u00f3d ciuszk\u00f3w dla niemowlaka.<\/span><\/p>\n<h3><span style=\"font-weight: 400;\">Sweterek Uszatek wyst\u0119puje tak\u017ce w innych wersjach kolorystycznych, r\u00f3wnie\u017c dla ch\u0142opca.<\/span><\/h3>\n<h3><span style=\"font-weight: 400;\">Kolory:<\/span><\/h3>\n<ul>\n<li style=\"font-weight: 400;\"><a href=\"https:\/\/mama-niemowlaka.pl\/sklep\/produkt\/ubranka\/bluzkiisweterki\/sweterek-rozpinany-uszatek-bialy\/\"><span style=\"font-weight: 400;\">Bia\u0142y<\/span><\/a><\/li>\n<li style=\"font-weight: 400;\"><a href=\"https:\/\/mama-niemowlaka.pl\/sklep\/produkt\/ubranka\/bluzkiisweterki\/sweterek-rozpinany-uszatek-rozowy\/\"><span style=\"font-weight: 400;\">R\u00f3\u017cowy<\/span><\/a><\/li>\n<li style=\"font-weight: 400;\"><a href=\"https:\/\/mama-niemowlaka.pl\/sklep\/produkt\/ubranka\/bluzkiisweterki\/sweterek-rozpinany-musztardowy\/\"><span style=\"font-weight: 400;\">Musztardowy<\/span><\/a><\/li>\n<li style=\"font-weight: 400;\"><a href=\"https:\/\/mama-niemowlaka.pl\/sklep\/produkt\/ubranka\/bluzkiisweterki\/sweterek-rozpinany-uszatek-szary\/\"><span style=\"font-weight: 400;\">Szary<\/span><\/a><\/li>\n<\/ul>\n<p><span style=\"font-weight: 400;\">Sk\u0142ad: <\/span><span style=\"font-weight: 400;\">100% akryl<\/span><\/p>\n<h3><span style=\"font-weight: 400;\">Wymiary sweterka dzieci\u0119cego :<\/span><\/h3>\n<table>\n<tbody>\n<tr>\n<td><b>Sweterek<\/b><\/td>\n<td><b>74<\/b><\/td>\n<td><b>80<\/b><\/td>\n<td><b>92<\/b><\/td>\n<\/tr>\n<tr>\n<td><span style=\"font-weight: 400;\">D\u0142ugo\u015b\u0107 ca\u0142kowita<\/span><\/td>\n<td><span style=\"font-weight: 400;\">33cm<\/span><\/td>\n<td><span style=\"font-weight: 400;\">35cm<\/span><\/td>\n<td><span style=\"font-weight: 400;\">37cm<\/span><\/td>\n<\/tr>\n<tr>\n<td><span style=\"font-weight: 400;\">D\u0142. od pachy do pachy<\/span><\/td>\n<td><span style=\"font-weight: 400;\">26cm<\/span><\/td>\n<td><span style=\"font-weight: 400;\">28cm<\/span><\/td>\n<td><span style=\"font-weight: 400;\">30cm<\/span><\/td>\n<\/tr>\n<tr>\n<td><span style=\"font-weight: 400;\">D\u0142ugo\u015b\u0107 r\u0119kawa<\/span><\/td>\n<td><span style=\"font-weight: 400;\">25cm<\/span><\/td>\n<td><span style=\"font-weight: 400;\">26,5cm<\/span><\/td>\n<td><span style=\"font-weight: 400;\">29cm<\/span><\/td>\n<\/tr>\n<\/tbody>\n<\/table>\n<div id=\"gtx-trans\" style=\"position: absolute; left: -12px; top: 348.792px;\">\n<div class=\"gtx-trans-icon\"><\/div>\n<\/div>\n","protected":false},"excerpt":{"rendered":"<h2>Sweterek dzieci\u0119cy rozpinany &#8211; Uszatek r\u00f3\u017cowy.<\/h2>\n<p>R\u00f3\u017cowy sweterek dla dziewczynki to urocze i praktyczne ubranko dla ka\u017cdej m\u0142odej damy. Idealnie sprawdzi si\u0119 w ch\u0142odniejsze i wietrzne dni jako ciep\u0142y sweterek. Sweterek niemowl\u0119cy jest rozpinany dzi\u0119ki czemu mamy gwarancj\u0119 wygody i komfortu przy zak\u0142adaniu i zdejmowaniu. Sweterek typu kardigan nie wymaga przek\u0142adania przez g\u0142ow\u0119, co znacznie u\u0142atwia i przy\u015bpiesza proces ubierania. Sweter zapewni dziecku ciep\u0142o oraz wygod\u0119.<\/p>\n<p><span style=\"font-weight: 400;\">Rozpinany sweterek dzieci\u0119cy posiada kaptur, kt\u00f3ry ozdobiony jest ma\u0142ymi uszkami. Dwurz\u0119dowe zapi\u0119cie dodaje sweterkowi elegancji, a ma\u0142e kieszonki pomieszcz\u0105 drobne skarby naszego malucha.\u00a0<\/span><\/p>\n<p><span style=\"font-weight: 400;\">Sweterek dzieci\u0119cy Uszatek b\u0119dzie doskona\u0142ym uzupe\u0142nieniem garderoby dla ma\u0142ej damy zar\u00f3wno na co dzie\u0144 jak i od \u015bwi\u0119ta &#8211; np. na Chrzest \u015awi\u0119ty. Taki sweterek po prostu trzeba mie\u0107 w\u015br\u00f3d ciuszk\u00f3w dla niemowlaka.<\/span><\/p>\n<h3><span style=\"font-weight: 400;\">Sweterek Uszatek wyst\u0119puje tak\u017ce w innych wersjach kolorystycznych, r\u00f3wnie\u017c dla ch\u0142opca.<\/span><\/h3>\n<h3><span style=\"font-weight: 400;\">Kolory:<\/span><\/h3>\n<ul>\n<li style=\"list-style-type: none;\">\n<ul>\n<li style=\"font-weight: 400;\"><a href=\"https:\/\/mama-niemowlaka.pl\/sklep\/produkt\/ubranka\/bluzkiisweterki\/sweterek-rozpinany-uszatek-bialy\/\"><span style=\"font-weight: 400;\">Bia\u0142y<\/span><\/a><\/li>\n<li style=\"font-weight: 400;\"><a href=\"https:\/\/mama-niemowlaka.pl\/sklep\/produkt\/ubranka\/bluzkiisweterki\/sweterek-rozpinany-uszatek-rozowy\/\"><span style=\"font-weight: 400;\">R\u00f3\u017cowy<\/span><\/a><\/li>\n<li style=\"font-weight: 400;\"><a href=\"https:\/\/mama-niemowlaka.pl\/sklep\/produkt\/ubranka\/bluzkiisweterki\/sweterek-rozpinany-musztardowy\/\"><span style=\"font-weight: 400;\">Musztardowy<\/span><\/a><\/li>\n<li><a href=\"https:\/\/mama-niemowlaka.pl\/sklep\/produkt\/ubranka\/bluzkiisweterki\/sweterek-rozpinany-uszatek-szary\/\" target=\"_blank\" rel=\"noopener\">Szary<\/a><\/li>\n<\/ul>\n<\/li>\n<\/ul>\n<p><span style=\"font-weight: 400;\">Sk\u0142ad: <\/span><span style=\"font-weight: 400;\">100% akryl<\/span><\/p>\n<h3><span style=\"font-weight: 400;\">Wymiary sweterka dzieci\u0119cego :<\/span><\/h3>\n<table>\n<tbody>\n<tr>\n<td><b>Sweterek<\/b><\/td>\n<td><b>74<\/b><\/td>\n<td><b>80<\/b><\/td>\n<td><b>92<\/b><\/td>\n<\/tr>\n<tr>\n<td><span style=\"font-weight: 400;\">D\u0142ugo\u015b\u0107 ca\u0142kowita<\/span><\/td>\n<td nowrap=\"nowrap\"><span style=\"font-weight: 400;\">33cm<\/span><\/td>\n<td nowrap=\"nowrap\"><span style=\"font-weight: 400;\">35cm<\/span><\/td>\n<td nowrap=\"nowrap\"><span style=\"font-weight: 400;\">37cm<\/span><\/td>\n<\/tr>\n<tr>\n<td><span style=\"font-weight: 400;\">D\u0142. od pachy do pachy<\/span><\/td>\n<td nowrap=\"nowrap\"><span style=\"font-weight: 400;\">26cm<\/span><\/td>\n<td nowrap=\"nowrap\"><span style=\"font-weight: 400;\">28cm<\/span><\/td>\n<td nowrap=\"nowrap\"><span style=\"font-weight: 400;\">30cm<\/span><\/td>\n<\/tr>\n<tr>\n<td><span style=\"font-weight: 400;\">D\u0142ugo\u015b\u0107 r\u0119kawa<\/span><\/td>\n<td nowrap=\"nowrap\"><span style=\"font-weight: 400;\">25cm<\/span><\/td>\n<td nowrap=\"nowrap\"><span style=\"font-weight: 400;\">26,5cm<\/span><\/td>\n<td nowrap=\"nowrap\"><span style=\"font-weight: 400;\">29cm<\/span><\/td>\n<\/tr>\n<\/tbody>\n<\/table>\n","protected":false},"featured_media":2283,"template":"","meta":[],"product_brand":[],"product_cat":[80,57],"product_tag":[152],"class_list":{"0":"post-19732","1":"product","2":"type-product","3":"status-publish","4":"has-post-thumbnail","6":"product_cat-sweterki-dla-niemowlat","7":"product_cat-ubranka-niemowlece","8":"product_tag-ubranka-dla-niemowlat-dziewczynek","9":"product_shipping_class-lekka","10":"pa_rozmiar-314","11":"pa_rozmiar-315","12":"pa_rozmiar-317","14":"first","15":"instock","16":"taxable","17":"shipping-taxable","18":"purchasable","19":"product-type-variable","20":"has-default-attributes","21":"wvs-archive-product-wrapper"},"_links":{"self":[{"href":"https:\/\/mama-niemowlaka.pl\/sklep\/wp-json\/wp\/v2\/product\/19732","targetHints":{"allow":["GET"]}}],"collection":[{"href":"https:\/\/mama-niemowlaka.pl\/sklep\/wp-json\/wp\/v2\/product"}],"about":[{"href":"https:\/\/mama-niemowlaka.pl\/sklep\/wp-json\/wp\/v2\/types\/product"}],"wp:featuredmedia":[{"embeddable":true,"href":"https:\/\/mama-niemowlaka.pl\/sklep\/wp-json\/wp\/v2\/media\/2283"}],"wp:attachment":[{"href":"https:\/\/mama-niemowlaka.pl\/sklep\/wp-json\/wp\/v2\/media?parent=19732"}],"wp:term":[{"taxonomy":"product_brand","embeddable":true,"href":"https:\/\/mama-niemowlaka.pl\/sklep\/wp-json\/wp\/v2\/product_brand?post=19732"},{"taxonomy":"product_cat","embeddable":true,"href":"https:\/\/mama-niemowlaka.pl\/sklep\/wp-json\/wp\/v2\/product_cat?post=19732"},{"taxonomy":"product_tag","embeddable":true,"href":"https:\/\/mama-niemowlaka.pl\/sklep\/wp-json\/wp\/v2\/product_tag?post=19732"}],"curies":[{"name":"wp","href":"https:\/\/api.w.org\/{rel}","templated":true}]}}