{"id":19742,"date":"2024-01-06T00:58:48","date_gmt":"2024-01-05T23:58:48","guid":{"rendered":"https:\/\/mama-niemowlaka.pl\/sklep\/?post_type=product&#038;p=19742"},"modified":"2026-01-06T01:02:55","modified_gmt":"2026-01-06T00:02:55","slug":"komplet-body-i-polspiochy-dla-dziewczynki-bialy-w-kwiatki","status":"publish","type":"product","link":"https:\/\/mama-niemowlaka.pl\/sklep\/produkt\/ubranka-niemowlece\/komplet-niemowlecy\/komplet-body-i-polspiochy-dla-dziewczynki-bialy-w-kwiatki\/","title":{"rendered":"Komplet body i p\u00f3\u0142\u015bpiochy dla dziewczynki \u2013 bia\u0142y w kwiatki"},"content":{"rendered":"<h2 data-pm-slice=\"1 1 []\">Komplety dla niemowl\u0105t<\/h2>\n<h3>Komplet body i p\u00f3\u0142\u015bpiochy niemowl\u0119ce<\/h3>\n<p>Pierwsze ubranka dla noworodka to wa\u017cny zakup. Komplet body i p\u00f3\u0142\u015bpioch\u00f3w jest niezb\u0119dny w garderobie ka\u017cdego noworodka. Body niemowl\u0119ce s\u0105 niezwykle praktyczne i popularne w\u015br\u00f3d rodzic\u00f3w ze wzgl\u0119du na wygod\u0119. Stanowi\u0105 obowi\u0105zkowy element wyprawki Twojego noworodka. To samo dotyczy p\u00f3\u0142\u015bpioszk\u00f3w: chroni\u0105 n\u00f3\u017cki dziecka przed zimnem i u\u0142atwiaj\u0105 zmian\u0119 pieluszki. Nasze p\u00f3\u0142\u015bpiochy niemowl\u0119ce mo\u017cna \u0142\u0105czy\u0107 z dowolnym innym body lub kaftanikiem, dzi\u0119ki czemu mo\u017cna je \u0142\u0105czy\u0107 z r\u00f3\u017cnymi stylizacjami. Ju\u017c dzi\u015b wybierz nasz bawe\u0142niany komplet niemowl\u0119cy, aby zapewni\u0107 dziecku ciep\u0142o i wygod\u0119 przez ca\u0142y dzie\u0144.<\/p>\n<h2>Dlaczego warto kupi\u0107 ubranka niemowl\u0119ce marki Pour Bebe w sklepie <a href=\"https:\/\/mama-niemowlaka.pl\">mama-niemowlaka.pl<\/a>?<\/h2>\n<p>Odwied\u017a nasz sklep internetowy <a href=\"https:\/\/mama-niemowlaka.pl\">mama-niemowlaka.pl<\/a>, gdzie znajdziesz szeroki wyb\u00f3r najwy\u017cszej jako\u015bci ubranek niemowl\u0119cych. Na szczeg\u00f3ln\u0105 uwag\u0119 zas\u0142uguj\u0105 komplety dla niemowl\u0105t, gotowe zestawy, dzi\u0119ki czemu nie musisz wybiera\u0107 wielu ubranek dla niemowlaka. Gwarantujemy wysy\u0142k\u0119 zam\u00f3wienia w ci\u0105gu 48 godzin oraz darmow\u0105 wymian\u0119 towaru lub mo\u017cliwo\u015b\u0107 zwrotu w ci\u0105gu 14 dni. Co wi\u0119cej, je\u015bli zam\u00f3wisz za minimum 249 PLN, dostawa b\u0119dzie ca\u0142kowicie darmowa.<\/p>\n<p>Dbamy o wygod\u0119 i bezpiecze\u0144stwo Twojego dziecka, dlatego nasze produkty s\u0105 starannie wyselekcjonowane. Nie tra\u0107 wi\u0119cej czasu na przeszukiwanie innych sklep\u00f3w \u2013 <a href=\"https:\/\/mama-niemowlaka.pl\">mama-niemowlaka.pl<\/a> ma wszystko, czego potrzebujesz!<\/p>\n<p>Skorzystaj teraz z naszych us\u0142ug i sprawd\u017a nasz\u0105 ofert\u0119 ubranek dla niemowlaka ju\u017c dzi\u015b! Wybierz wygodne ubranka dla niemowlaka.<\/p>\n","protected":false},"excerpt":{"rendered":"<p data-pm-slice=\"1 1 []\">Nasz komplet niemowl\u0119cy to idealne rozwi\u0105zanie dla Twojej ma\u0142ej dziewczynki. W sk\u0142ad kompletu wchodz\u0105 p\u00f3\u0142\u015bpiochy oraz body niemowl\u0119ce z d\u0142ugim r\u0119kawem w kolorze bia\u0142ym w delikatne, r\u00f3\u017cowe kwiatki. Ubranko niemowl\u0119ce zosta\u0142o wykonane z wysokiej jako\u015bci bawe\u0142ny, zapewniaj\u0105c maksymalny komfort dla malucha. Body dzieci\u0119ce \u015bwietnie komponuj\u0105 si\u0119 ze spodenkami jakimi s\u0105 p\u00f3\u0142\u015bpiochy niemowl\u0119ce. P\u00f3\u0142\u015bpioszki niemowl\u0119ce posiadaj\u0105 elastyczny \u015bci\u0105gacz w pasie, kt\u00f3ry nie uciska brzuszka malucha. Body i p\u00f3\u0142\u015bpioszki w komplecie to komplet niemowl\u0119cy idealny zar\u00f3wno do szpitala jak i na prezent dla noworodka.<\/p>\n<p>Komplet body i p\u00f3\u0142\u015bpiochy dost\u0119pny jest w trzech rozmiarach: 56, 62 i 68, co pozwala dopasowa\u0107 go do potrzeb rosn\u0105cego dziecka.<\/p>\n<p>Sk\u0142ad: 100% bawe\u0142na<\/p>\n","protected":false},"featured_media":9170,"template":"","meta":[],"product_brand":[],"product_cat":[122,57,91],"product_tag":[118,161,249,252,247,152,153,351,220,165],"class_list":{"0":"post-19742","1":"product","2":"type-product","3":"status-publish","4":"has-post-thumbnail","6":"product_cat-komplet-niemowlecy","7":"product_cat-ubranka-niemowlece","8":"product_cat-wyprawka-dla-noworodka","9":"product_tag-bawelna","10":"product_tag-body-dla-niemowlat","11":"product_tag-body-dla-dziewczynek","12":"product_tag-body-dla-noworodka","13":"product_tag-body-z-dlugim-rekawem","14":"product_tag-ubranka-dla-niemowlat-dziewczynek","15":"product_tag-komplet","16":"product_tag-komplety-niemowlece-dla-dziewczynki","17":"product_tag-ubranka-dla-noworodkow","18":"product_tag-polspiochy","19":"product_shipping_class-lekka","20":"pa_rozmiar-311","21":"pa_rozmiar-312","22":"pa_rozmiar-313","24":"first","25":"instock","26":"taxable","27":"shipping-taxable","28":"purchasable","29":"product-type-variable","30":"has-default-attributes","31":"wvs-archive-product-wrapper"},"_links":{"self":[{"href":"https:\/\/mama-niemowlaka.pl\/sklep\/wp-json\/wp\/v2\/product\/19742","targetHints":{"allow":["GET"]}}],"collection":[{"href":"https:\/\/mama-niemowlaka.pl\/sklep\/wp-json\/wp\/v2\/product"}],"about":[{"href":"https:\/\/mama-niemowlaka.pl\/sklep\/wp-json\/wp\/v2\/types\/product"}],"wp:featuredmedia":[{"embeddable":true,"href":"https:\/\/mama-niemowlaka.pl\/sklep\/wp-json\/wp\/v2\/media\/9170"}],"wp:attachment":[{"href":"https:\/\/mama-niemowlaka.pl\/sklep\/wp-json\/wp\/v2\/media?parent=19742"}],"wp:term":[{"taxonomy":"product_brand","embeddable":true,"href":"https:\/\/mama-niemowlaka.pl\/sklep\/wp-json\/wp\/v2\/product_brand?post=19742"},{"taxonomy":"product_cat","embeddable":true,"href":"https:\/\/mama-niemowlaka.pl\/sklep\/wp-json\/wp\/v2\/product_cat?post=19742"},{"taxonomy":"product_tag","embeddable":true,"href":"https:\/\/mama-niemowlaka.pl\/sklep\/wp-json\/wp\/v2\/product_tag?post=19742"}],"curies":[{"name":"wp","href":"https:\/\/api.w.org\/{rel}","templated":true}]}}