{"id":19749,"date":"2022-01-06T01:20:04","date_gmt":"2022-01-06T00:20:04","guid":{"rendered":"https:\/\/mama-niemowlaka.pl\/sklep\/?post_type=product&#038;p=19749"},"modified":"2026-02-21T23:17:15","modified_gmt":"2026-02-21T22:17:15","slug":"pajacyk-na-suwak-rozowy-moi-noi","status":"publish","type":"product","link":"https:\/\/mama-niemowlaka.pl\/sklep\/produkt\/ubranka-niemowlece\/pajacyki-dla-niemowlat\/pajacyk-na-suwak-rozowy-moi-noi\/","title":{"rendered":"Pajacyk na suwak r\u00f3\u017cowy MOI NOI"},"content":{"rendered":"<h2>Pajac niemowl\u0119cy na suwak r\u00f3\u017cowy Moi Noi<\/h2>\n<p><span style=\"font-weight: 400;\">Uroczy, r\u00f3\u017cowy pajac w bia\u0142e grochy to wygodna propozycja na codzienny str\u00f3j dla niemowlaka. Dzi\u0119ki dziewcz\u0119cemu kolorowi w takim odzieniu niemowlak b\u0119dzie prezentowa\u0107 si\u0119 doskonale. <\/span><\/p>\n<p><span style=\"font-weight: 400;\">Bardzo przyjemny, delikatny pajacyk dziewcz\u0119cy rozpinany po ca\u0142o\u015bci na suwak. Pajacyk zapinany jest na zamek, co jest wygodnym rozwi\u0105zaniem zar\u00f3wno dla dziecka jak i rodzica. Dzi\u0119ki zapi\u0119ciu na suwak zmiana pieluszki, chocia\u017cby noc\u0105 przebiega bardzo szybko i sprawnie.\u00a0 Dodatkowo pajacyk posiada zakryte st\u00f3pki, dzi\u0119ki czemu twojemu maluszkowi b\u0119dzie ciep\u0142o. Pajace niemowl\u0119ce to jeden z podstawowych element\u00f3w wyprawki dla noworodka. Nie zapomnij o nim pakuj\u0105c wasz\u0105 torb\u0119 do szpitala. Jest to ubranko wygodne i praktyczne, a przede wszystkim bezpieczne dla noworodka.<\/span><\/p>\n<p><span style=\"font-weight: 400;\">Pajacyk wykonany z dba\u0142o\u015bci\u0105 o detale. Suwak pod szyj\u0105 posiada zabezpieczenie przed uszczypni\u0119ciem dziecka \u2013 zapinane na napk\u0119 bez niklu.\u00a0<\/span><\/p>\n<p>Do pajacyka mo\u017cna dokupi\u0107 <strong><a href=\"https:\/\/mama-niemowlaka.pl\/sklep\/produkt\/ubranka\/dodatki\/czapka-niemowleca-moi-noi\/\" target=\"_blank\" rel=\"noopener\">czapeczk\u0119<\/a><\/strong> w tych samych kolorach.<\/p>\n<h3>Pajacyk niemowl\u0119cy zosta\u0142 uszyty z przyjemnej bawe\u0142ny. Bawe\u0142na jest przyjemna w dotyku i oddychaj\u0105ca.<\/h3>\n<h3><span style=\"font-weight: 400;\">Sk\u0142ad:<\/span><\/h3>\n<p><span style=\"font-weight: 400;\">100% bawe\u0142na<\/span><\/p>\n<p>Wymiary:<\/p>\n<table>\n<tbody>\n<tr>\n<td><strong>Rozmiar<\/strong><\/td>\n<td><strong>62<\/strong><\/td>\n<td><strong>68<\/strong><\/td>\n<td><strong>74<\/strong><\/td>\n<td><strong>80<\/strong><\/td>\n<td><strong>86<\/strong><\/td>\n<\/tr>\n<tr>\n<td>D\u0142ugo\u015b\u0107 ca\u0142kowita<\/td>\n<td>50<\/td>\n<td>55<\/td>\n<td>59<\/td>\n<td>62<\/td>\n<td>66<\/td>\n<\/tr>\n<tr>\n<td>D\u0142. od pachy do pachy<\/td>\n<td>27<\/td>\n<td>29<\/td>\n<td>30<\/td>\n<td>31<\/td>\n<td>32<\/td>\n<\/tr>\n<tr>\n<td>D\u0142ugo\u015b\u0107 r\u0119kawa<\/td>\n<td>24<\/td>\n<td>26<\/td>\n<td>28<\/td>\n<td>31<\/td>\n<td>32<\/td>\n<\/tr>\n<tr>\n<td><\/td>\n<td><\/td>\n<td><\/td>\n<td><\/td>\n<td><\/td>\n<td><\/td>\n<\/tr>\n<\/tbody>\n<\/table>\n<p><span style=\"font-weight: 400;\">\u00a0<\/span><\/p>\n","protected":false},"excerpt":{"rendered":"<h2>Pajac niemowl\u0119cy na suwak r\u00f3\u017cowy Moi Noi<\/h2>\n<p><span style=\"font-weight: 400;\">Uroczy, r\u00f3\u017cowy pajac w bia\u0142e grochy to wygodna propozycja na codzienny str\u00f3j dla niemowlaka. Dzi\u0119ki dziewcz\u0119cemu kolorowi w takim odzieniu niemowlak b\u0119dzie prezentowa\u0107 si\u0119 doskonale. <\/span><\/p>\n<p><span style=\"font-weight: 400;\">Bardzo przyjemny, delikatny pajacyk dziewcz\u0119cy rozpinany po ca\u0142o\u015bci na suwak. Pajacyk zapinany jest na zamek, co jest wygodnym rozwi\u0105zaniem zar\u00f3wno dla dziecka jak i rodzica. Dzi\u0119ki zapi\u0119ciu na suwak zmiana pieluszki, chocia\u017cby noc\u0105 przebiega bardzo szybko i sprawnie.\u00a0 Dodatkowo pajacyk posiada zakryte st\u00f3pki, dzi\u0119ki czemu twojemu maluszkowi b\u0119dzie ciep\u0142o. Pajace niemowl\u0119ce to jeden z podstawowych element\u00f3w wyprawki dla noworodka. Nie zapomnij o nim pakuj\u0105c wasz\u0105 torb\u0119 do szpitala. Jest to ubranko wygodne i praktyczne, a przede wszystkim bezpieczne dla noworodka.<\/span><\/p>\n<p><span style=\"font-weight: 400;\">Pajacyk wykonany z dba\u0142o\u015bci\u0105 o detale. Suwak pod szyj\u0105 posiada zabezpieczenie przed uszczypni\u0119ciem dziecka \u2013 zapinane na napk\u0119 bez niklu.\u00a0<\/span><\/p>\n<p>Do pajacyka mo\u017cna dokupi\u0107 <strong><a href=\"https:\/\/mama-niemowlaka.pl\/sklep\/produkt\/ubranka\/dodatki\/czapka-niemowleca-moi-noi\/\" target=\"_blank\" rel=\"noopener\">czapeczk\u0119<\/a><\/strong> w tych samych kolorach.<\/p>\n<h3>Pajacyk niemowl\u0119cy zosta\u0142 uszyty z przyjemnej bawe\u0142ny. Bawe\u0142na jest przyjemna w dotyku i oddychaj\u0105ca.<\/h3>\n<p><span style=\"font-weight: 400;\">Sk\u0142ad:<\/span><\/p>\n<p><span style=\"font-weight: 400;\">100% bawe\u0142na<\/span><\/p>\n<p>Wymiary:<\/p>\n<table>\n<tbody>\n<tr>\n<td><strong>Pajacyk<\/strong><\/td>\n<td><strong>62<\/strong><\/td>\n<td><strong>68<\/strong><\/td>\n<td><strong>74<\/strong><\/td>\n<td><strong>80<\/strong><\/td>\n<td><strong>86<\/strong><\/td>\n<\/tr>\n<tr>\n<td>D\u0142ugo\u015b\u0107 ca\u0142kowita<\/td>\n<td>50<\/td>\n<td>55<\/td>\n<td>59<\/td>\n<td>62<\/td>\n<td>66<\/td>\n<\/tr>\n<tr>\n<td>D\u0142. od pachy do pachy<\/td>\n<td>27<\/td>\n<td>29<\/td>\n<td>30<\/td>\n<td>31<\/td>\n<td>32<\/td>\n<\/tr>\n<tr>\n<td>D\u0142ugo\u015b\u0107 r\u0119kawa<\/td>\n<td>24<\/td>\n<td>26<\/td>\n<td>28<\/td>\n<td>31<\/td>\n<td>32<\/td>\n<\/tr>\n<tr>\n<td>Wiek dziecka<\/td>\n<td>3-6 m-cy<\/td>\n<td>6-9 m-cy<\/td>\n<td>9-12 m-cy<\/td>\n<td>12-18 m-cy<\/td>\n<td>18-24 m-cy<\/td>\n<\/tr>\n<\/tbody>\n<\/table>\n<p><span style=\"font-weight: 400;\">\u00a0<\/span><\/p>\n","protected":false},"featured_media":5083,"template":"","meta":[],"product_brand":[],"product_cat":[59,57],"product_tag":[118,214,152,120,224,148,93,277,279,270,272,273,275,276,274,280,235],"class_list":{"0":"post-19749","1":"product","2":"type-product","3":"status-publish","4":"has-post-thumbnail","6":"product_cat-pajacyki-dla-niemowlat","7":"product_cat-ubranka-niemowlece","8":"product_tag-bawelna","9":"product_tag-bestseller","10":"product_tag-ubranka-dla-niemowlat-dziewczynek","11":"product_tag-moi-noi","12":"product_tag-moinoi","13":"product_tag-na-suwak","14":"product_tag-oeko-tex-100","15":"product_tag-pajacyk-80","16":"product_tag-pajacyk-86","17":"product_tag-pajacyk-do-spania","18":"product_tag-pajacyk-niemowlecy-62","19":"product_tag-pajacyki-68","20":"product_tag-pajacyki-74","21":"product_tag-pajacyki-bez-stopek","22":"product_tag-pajacyki-dla-dziewczynek","23":"product_tag-pajacyki-na-zamek","24":"product_tag-rampersy","25":"product_shipping_class-lekka","26":"pa_rozmiar-312","27":"pa_rozmiar-313","28":"pa_rozmiar-314","29":"pa_rozmiar-315","30":"pa_rozmiar-316","32":"first","33":"instock","34":"taxable","35":"shipping-taxable","36":"purchasable","37":"product-type-variable","38":"has-default-attributes","39":"wvs-archive-product-wrapper"},"_links":{"self":[{"href":"https:\/\/mama-niemowlaka.pl\/sklep\/wp-json\/wp\/v2\/product\/19749","targetHints":{"allow":["GET"]}}],"collection":[{"href":"https:\/\/mama-niemowlaka.pl\/sklep\/wp-json\/wp\/v2\/product"}],"about":[{"href":"https:\/\/mama-niemowlaka.pl\/sklep\/wp-json\/wp\/v2\/types\/product"}],"wp:featuredmedia":[{"embeddable":true,"href":"https:\/\/mama-niemowlaka.pl\/sklep\/wp-json\/wp\/v2\/media\/5083"}],"wp:attachment":[{"href":"https:\/\/mama-niemowlaka.pl\/sklep\/wp-json\/wp\/v2\/media?parent=19749"}],"wp:term":[{"taxonomy":"product_brand","embeddable":true,"href":"https:\/\/mama-niemowlaka.pl\/sklep\/wp-json\/wp\/v2\/product_brand?post=19749"},{"taxonomy":"product_cat","embeddable":true,"href":"https:\/\/mama-niemowlaka.pl\/sklep\/wp-json\/wp\/v2\/product_cat?post=19749"},{"taxonomy":"product_tag","embeddable":true,"href":"https:\/\/mama-niemowlaka.pl\/sklep\/wp-json\/wp\/v2\/product_tag?post=19749"}],"curies":[{"name":"wp","href":"https:\/\/api.w.org\/{rel}","templated":true}]}}