{"id":19755,"date":"2022-01-06T01:25:59","date_gmt":"2022-01-06T00:25:59","guid":{"rendered":"https:\/\/mama-niemowlaka.pl\/sklep\/?post_type=product&#038;p=19755"},"modified":"2026-01-06T01:28:55","modified_gmt":"2026-01-06T00:28:55","slug":"pajacyk-na-suwak-szary-moi-noi","status":"publish","type":"product","link":"https:\/\/mama-niemowlaka.pl\/sklep\/produkt\/ubranka-niemowlece\/pajacyki-dla-niemowlat\/pajacyk-na-suwak-szary-moi-noi\/","title":{"rendered":"Pajacyk na suwak szary MOI NOI"},"content":{"rendered":"<h2>Pajac niemowl\u0119cy na suwak szary Moi Noi<\/h2>\n<p><span style=\"font-weight: 400;\">Uroczy, szary pajac w drobny wz\u00f3r to wygodna propozycja na codzienny str\u00f3j dla niemowlaka. Dzi\u0119ki ciekawemu wzorowi\u00a0 niemowlak b\u0119dzie prezentowa\u0107 si\u0119 doskonale. <\/span><\/p>\n<p><span style=\"font-weight: 400;\">Bardzo przyjemny, delikatny pajacyk ch\u0142opi\u0119cy rozpinany po ca\u0142o\u015bci na suwak. Pajacyk zapinany jest na zamek, co jest wygodnym rozwi\u0105zaniem zar\u00f3wno dla dziecka jak i rodzica. Dzi\u0119ki zapi\u0119ciu na suwak zmiana pieluszki, chocia\u017cby noc\u0105 przebiega bardzo szybko i sprawnie.\u00a0 Dodatkowo pajacyk posiada odkryte st\u00f3pki, dzi\u0119ki czemu twojemu maluszkowi b\u0119dzie wygodnie. Pajace niemowl\u0119ce to jeden z podstawowych element\u00f3w wyprawki dla noworodka. Nie zapomnij o nim pakuj\u0105c wasz\u0105 torb\u0119 do szpitala. Jest to ubranko wygodne i praktyczne, a przede wszystkim bezpieczne dla noworodka. Pajac doskonale sprawdzi si\u0119 jako pi\u017cama dzieci\u0119ca czy \u015bpiworek do spania.<\/span><\/p>\n<p><span style=\"font-weight: 400;\">Pajacyk wykonany z dba\u0142o\u015bci\u0105 o detale. Suwak pod szyj\u0105 posiada zabezpieczenie przed uszczypni\u0119ciem dziecka.<\/span><\/p>\n<p>Do pajacyka mo\u017cna dokupi\u0107 <strong><a href=\"https:\/\/mama-niemowlaka.pl\/sklep\/produkt\/ubranka\/dodatki\/czapka-niemowleca-moi-noi-szara\/\" target=\"_blank\" rel=\"noopener\">czapeczk\u0119<\/a><\/strong> w tych samych kolorach.<\/p>\n<h3>Pajacyk niemowl\u0119cy zosta\u0142 uszyty z przyjemnej bawe\u0142ny. Bawe\u0142na jest przyjemna w dotyku i oddychaj\u0105ca. Bawe\u0142na posiada certyfikat Oeko-Tex Standard 100.<\/h3>\n<h3><span style=\"font-weight: 400;\">Sk\u0142ad:<\/span><\/h3>\n<p><span style=\"font-weight: 400;\">95% bawe\u0142na, 5% elastan<\/span><\/p>\n<p>Wymiary:<\/p>\n<table>\n<tbody>\n<tr>\n<td><strong>Pajacyk<\/strong><\/td>\n<td><strong>62<\/strong><\/td>\n<td><strong>68<\/strong><\/td>\n<td><strong>74<\/strong><\/td>\n<td><strong>80<\/strong><\/td>\n<td><strong>86<\/strong><\/td>\n<\/tr>\n<tr>\n<td>D\u0142ugo\u015b\u0107 ca\u0142kowita<\/td>\n<td>50<\/td>\n<td>55<\/td>\n<td>59<\/td>\n<td>62<\/td>\n<td>66<\/td>\n<\/tr>\n<tr>\n<td>D\u0142. od pachy do pachy<\/td>\n<td>27<\/td>\n<td>29<\/td>\n<td>30<\/td>\n<td>31<\/td>\n<td>32<\/td>\n<\/tr>\n<tr>\n<td>D\u0142ugo\u015b\u0107 r\u0119kawa<\/td>\n<td>24<\/td>\n<td>26<\/td>\n<td>28<\/td>\n<td>31<\/td>\n<td>32<\/td>\n<\/tr>\n<tr>\n<td>Wiek dziecka<\/td>\n<td>3-6 m-cy<\/td>\n<td>6-9 m-cy<\/td>\n<td>9-12 m-cy<\/td>\n<td>12-18 m-cy<\/td>\n<td>12-18 m-cy<\/td>\n<\/tr>\n<\/tbody>\n<\/table>\n<p><span style=\"font-weight: 400;\">\u00a0<\/span><\/p>\n","protected":false},"excerpt":{"rendered":"<h2>Pajac niemowl\u0119cy na suwak szary Moi Noi<\/h2>\n<p><span style=\"font-weight: 400;\">Uroczy, szary pajac w drobny wz\u00f3r to wygodna propozycja na codzienny str\u00f3j dla niemowlaka. Dzi\u0119ki ciekawemu wzorowi\u00a0 niemowlak b\u0119dzie prezentowa\u0107 si\u0119 doskonale. <\/span><\/p>\n<p><span style=\"font-weight: 400;\">Bardzo przyjemny, delikatny pajacyk ch\u0142opi\u0119cy rozpinany po ca\u0142o\u015bci na suwak. Pajacyk zapinany jest na zamek, co jest wygodnym rozwi\u0105zaniem zar\u00f3wno dla dziecka jak i rodzica. Dzi\u0119ki zapi\u0119ciu na suwak zmiana pieluszki, chocia\u017cby noc\u0105 przebiega bardzo szybko i sprawnie.\u00a0 Dodatkowo pajacyk posiada odkryte st\u00f3pki, dzi\u0119ki czemu twojemu maluszkowi b\u0119dzie wygodnie. Pajace niemowl\u0119ce to jeden z podstawowych element\u00f3w wyprawki dla noworodka. Nie zapomnij o nim pakuj\u0105c wasz\u0105 torb\u0119 do szpitala. Jest to ubranko wygodne i praktyczne, a przede wszystkim bezpieczne dla noworodka. Pajac doskonale sprawdzi si\u0119 jako pi\u017cama dzieci\u0119ca czy \u015bpiworek do spania.<\/span><\/p>\n<p><span style=\"font-weight: 400;\">Pajacyk wykonany z dba\u0142o\u015bci\u0105 o detale. Suwak pod szyj\u0105 posiada zabezpieczenie przed uszczypni\u0119ciem dziecka.<\/span><\/p>\n<p>Do pajacyka mo\u017cna dokupi\u0107 <strong><a href=\"https:\/\/mama-niemowlaka.pl\/sklep\/produkt\/ubranka\/dodatki\/czapka-niemowleca-moi-noi-szara\/\" target=\"_blank\" rel=\"noopener\">czapeczk\u0119<\/a><\/strong> w tych samych kolorach.<\/p>\n<h3>Pajacyk niemowl\u0119cy zosta\u0142 uszyty z przyjemnej bawe\u0142ny. Bawe\u0142na jest przyjemna w dotyku i oddychaj\u0105ca. Bawe\u0142na posiada certyfikat Oeko-Tex Standard 100.<\/h3>\n<h3><span style=\"font-weight: 400;\">Sk\u0142ad:<\/span><\/h3>\n<p><span style=\"font-weight: 400;\">95% bawe\u0142na, 5% elastan<\/span><\/p>\n<p>Wymiary:<\/p>\n<table>\n<tbody>\n<tr>\n<td><strong>Pajacyk<\/strong><\/td>\n<td><strong>62<\/strong><\/td>\n<td><strong>68<\/strong><\/td>\n<td><strong>74<\/strong><\/td>\n<td><strong>80<\/strong><\/td>\n<td><strong>86<\/strong><\/td>\n<\/tr>\n<tr>\n<td>D\u0142ugo\u015b\u0107 ca\u0142kowita<\/td>\n<td>50<\/td>\n<td>55<\/td>\n<td>59<\/td>\n<td>62<\/td>\n<td>66<\/td>\n<\/tr>\n<tr>\n<td>D\u0142. od pachy do pachy<\/td>\n<td>27<\/td>\n<td>29<\/td>\n<td>30<\/td>\n<td>31<\/td>\n<td>32<\/td>\n<\/tr>\n<tr>\n<td>D\u0142ugo\u015b\u0107 r\u0119kawa<\/td>\n<td>24<\/td>\n<td>26<\/td>\n<td>28<\/td>\n<td>31<\/td>\n<td>32<\/td>\n<\/tr>\n<tr>\n<td>Wiek dziecka<\/td>\n<td>3-6 m-cy<\/td>\n<td>6-9 m-cy<\/td>\n<td>9-12 m-cy<\/td>\n<td>12-18 m-cy<\/td>\n<td>18-24 m-cy<\/td>\n<\/tr>\n<\/tbody>\n<\/table>\n<p>&nbsp;<\/p>\n<h2><\/h2>\n","protected":false},"featured_media":3446,"template":"","meta":[],"product_brand":[],"product_cat":[59,57],"product_tag":[118,214,145,120,224,148,93,277,279,270,272,273,275,276,280,269,235],"class_list":{"0":"post-19755","1":"product","2":"type-product","3":"status-publish","4":"has-post-thumbnail","6":"product_cat-pajacyki-dla-niemowlat","7":"product_cat-ubranka-niemowlece","8":"product_tag-bawelna","9":"product_tag-bestseller","10":"product_tag-ubranka-dla-niemowlat-chlopca","11":"product_tag-moi-noi","12":"product_tag-moinoi","13":"product_tag-na-suwak","14":"product_tag-oeko-tex-100","15":"product_tag-pajacyk-80","16":"product_tag-pajacyk-86","17":"product_tag-pajacyk-do-spania","18":"product_tag-pajacyk-niemowlecy-62","19":"product_tag-pajacyki-68","20":"product_tag-pajacyki-74","21":"product_tag-pajacyki-bez-stopek","22":"product_tag-pajacyki-na-zamek","23":"product_tag-pajacyki-niemowlece-dla-chlopca","24":"product_tag-rampersy","25":"product_shipping_class-lekka","26":"pa_rozmiar-312","27":"pa_rozmiar-313","28":"pa_rozmiar-314","29":"pa_rozmiar-315","30":"pa_rozmiar-316","32":"first","33":"instock","34":"taxable","35":"shipping-taxable","36":"purchasable","37":"product-type-variable","38":"has-default-attributes","39":"wvs-archive-product-wrapper"},"_links":{"self":[{"href":"https:\/\/mama-niemowlaka.pl\/sklep\/wp-json\/wp\/v2\/product\/19755","targetHints":{"allow":["GET"]}}],"collection":[{"href":"https:\/\/mama-niemowlaka.pl\/sklep\/wp-json\/wp\/v2\/product"}],"about":[{"href":"https:\/\/mama-niemowlaka.pl\/sklep\/wp-json\/wp\/v2\/types\/product"}],"wp:featuredmedia":[{"embeddable":true,"href":"https:\/\/mama-niemowlaka.pl\/sklep\/wp-json\/wp\/v2\/media\/3446"}],"wp:attachment":[{"href":"https:\/\/mama-niemowlaka.pl\/sklep\/wp-json\/wp\/v2\/media?parent=19755"}],"wp:term":[{"taxonomy":"product_brand","embeddable":true,"href":"https:\/\/mama-niemowlaka.pl\/sklep\/wp-json\/wp\/v2\/product_brand?post=19755"},{"taxonomy":"product_cat","embeddable":true,"href":"https:\/\/mama-niemowlaka.pl\/sklep\/wp-json\/wp\/v2\/product_cat?post=19755"},{"taxonomy":"product_tag","embeddable":true,"href":"https:\/\/mama-niemowlaka.pl\/sklep\/wp-json\/wp\/v2\/product_tag?post=19755"}],"curies":[{"name":"wp","href":"https:\/\/api.w.org\/{rel}","templated":true}]}}