{"id":19790,"date":"2025-05-10T11:21:40","date_gmt":"2025-05-10T09:21:40","guid":{"rendered":"https:\/\/mama-niemowlaka.pl\/sklep\/?post_type=product&#038;p=19790"},"modified":"2026-03-25T13:31:51","modified_gmt":"2026-03-25T12:31:51","slug":"dresik-dla-dziewczynki-wrzosowy","status":"publish","type":"product","link":"https:\/\/mama-niemowlaka.pl\/sklep\/produkt\/ubranka-niemowlece\/dres-dla-niemowlaka\/dresik-dla-dziewczynki-wrzosowy\/","title":{"rendered":"Dresik dla niemowlaka dziewczynki z koniczyn\u0105 &#8211; wrzosowy"},"content":{"rendered":"<h2>Dresik dla dziewczynki w kolorze wrzosowym.<\/h2>\n<p>Dresik &#8222;Koniczynka&#8221; dla niemowlaka to nie tylko wygodny i funkcjonalny str\u00f3j do codziennego u\u017cytku, ale r\u00f3wnie\u017c stylowy i oryginalny element garderoby, kt\u00f3ry z pewno\u015bci\u0105 przyci\u0105gnie uwag\u0119 rodzic\u00f3w. Wykonany z mi\u0119kkiej i przyjaznej dla sk\u00f3ry bawe\u0142ny. Wrzosowy dres z listkiem koniczynki na bluzie jest idealnym wyborem dla maluszk\u00f3w.<\/p>\n<p>Dzi\u0119ki swobodnemu krojowi i elastycznej tkaninie, dres zapewni komfort i swobod\u0119 ruch\u00f3w Twojemu dziecku, nie kr\u0119puj\u0105c go w \u017caden spos\u00f3b. Wrzosowy kolor i koniczyna na bluzie nadadz\u0105 Twojemu maluszkowi wyj\u0105tkowego i uroczego wygl\u0105du, kt\u00f3ry z pewno\u015bci\u0105 przyci\u0105gnie spojrzenia.<\/p>\n<p>R\u0119kawy i d\u00f3\u0142 bluzy zako\u0144czone s\u0105 bezuciskowym \u015bci\u0105gaczem. Ca\u0142o\u015b\u0107 wykonana jest z przyjaznego dla sk\u00f3ry dziecka materia\u0142u, kt\u00f3ry zapewnia wysoki komfort u\u017cytkowania oraz jest przyjazny dla sk\u00f3ry delikatnej sk\u00f3ry dziecka, zapewniaj\u0105c mu maksymalny komfort i wygod\u0119 podczas codziennych zabaw i snu. Spodenki posiadaj\u0105 bezuciskowy pas kt\u00f3ry dobrze je utrzymuje. Dodatkowym atutem spodenek s\u0105 d\u0142ugie \u015bci\u0105gacze w nogawkach, kt\u00f3re rosn\u0105 wraz z dzieckiem.<\/p>\n<p>Dres &#8222;Koniczynka&#8221; dla niemowlaka to idealny wyb\u00f3r dla rodzic\u00f3w, kt\u00f3rzy ceni\u0105 sobie jako\u015b\u0107 i oryginalno\u015b\u0107 produkt\u00f3w dla swojego dziecka. Dzi\u0119ki temu, \u017ce dres jest wygodny i \u0142atwy w u\u017cytkowaniu, b\u0119dzie on idealnym strojem dla Twojego dziecka na ka\u017cd\u0105 okazj\u0119. To produkt, kt\u00f3ry z pewno\u015bci\u0105 przyci\u0105gnie uwag\u0119 zar\u00f3wno w\u015br\u00f3d rodzic\u00f3w, kt\u00f3rzy poszukuj\u0105 oryginalnych stroj\u00f3w dla swoich dzieci, jak i tych, kt\u00f3rzy ceni\u0105 sobie wygod\u0119 i funkcjonalno\u015b\u0107.<\/p>\n<p>Dresik niemowl\u0119cy to doskona\u0142y wyb\u00f3r zar\u00f3wno na co dzie\u0144, jak i na specjalne okazje.<\/p>\n<h3>Dresik niemowl\u0119cy dla dziewczynki \u015bwietnie sprawdzi si\u0119 jako prezent dla maluszka lub jako uzupe\u0142nienie garderoby Twojego dziecka. Zam\u00f3w teraz i ciesz si\u0119 zadowoleniem Twojego malucha z tego s\u0142odkiego dresiku!<\/h3>\n<h3><span style=\"font-weight: 400;\">Sk\u0142ad:<\/span><\/h3>\n<p><span style=\"font-weight: 400;\">100% bawe\u0142na<\/span><\/p>\n","protected":false},"excerpt":{"rendered":"<h2>Dresik niemowl\u0119cy dla dziewczynki w kolorze wrzosowym.<\/h2>\n<p>Dresik &#8222;Koniczyna&#8221; dla niemowlaka to nie tylko wygodny i funkcjonalny str\u00f3j do codziennego u\u017cytku, ale r\u00f3wnie\u017c stylowy i oryginalny element garderoby, kt\u00f3ry z pewno\u015bci\u0105 przyci\u0105gnie uwag\u0119 rodzic\u00f3w. Wykonany z mi\u0119kkiej i przyjaznej dla sk\u00f3ry bawe\u0142ny.<\/p>\n<p>R\u0119kawy i d\u00f3\u0142 bluzy zako\u0144czone s\u0105 bezuciskowym \u015bci\u0105gaczem. Ca\u0142o\u015b\u0107 wykonana jest z przyjaznego dla sk\u00f3ry dziecka materia\u0142u, kt\u00f3ry zapewnia wysoki komfort u\u017cytkowania oraz jest przyjazny dla sk\u00f3ry delikatnej sk\u00f3ry dziecka, zapewniaj\u0105c mu maksymalny komfort i wygod\u0119 podczas codziennych zabaw i snu. Spodenki posiadaj\u0105 bezuciskowy pas kt\u00f3ry dobrze je utrzymuje.<\/p>\n<h3><span style=\"font-weight: 400;\">Sk\u0142ad:\u00a0<\/span><span style=\"font-weight: 400;\">100% bawe\u0142na<br \/>\nKraj produkcji: Turcja<\/span><\/h3>\n","protected":false},"featured_media":20045,"template":"","meta":[],"product_brand":[],"product_cat":[136,122,57],"product_tag":[118,214,152,237,351,180],"class_list":{"0":"post-19790","1":"product","2":"type-product","3":"status-publish","4":"has-post-thumbnail","6":"product_cat-dres-dla-niemowlaka","7":"product_cat-komplet-niemowlecy","8":"product_cat-ubranka-niemowlece","9":"product_tag-bawelna","10":"product_tag-bestseller","11":"product_tag-ubranka-dla-niemowlat-dziewczynek","12":"product_tag-dresik-dla-dziewczynki","13":"product_tag-komplety-niemowlece-dla-dziewczynki","14":"product_tag-nowosc","15":"product_shipping_class-lekka","16":"pa_rozmiar-313","17":"pa_rozmiar-314","18":"pa_rozmiar-315","19":"pa_rozmiar-316","21":"first","22":"instock","23":"taxable","24":"shipping-taxable","25":"purchasable","26":"product-type-variable","27":"has-default-attributes","28":"wvs-archive-product-wrapper"},"_links":{"self":[{"href":"https:\/\/mama-niemowlaka.pl\/sklep\/wp-json\/wp\/v2\/product\/19790","targetHints":{"allow":["GET"]}}],"collection":[{"href":"https:\/\/mama-niemowlaka.pl\/sklep\/wp-json\/wp\/v2\/product"}],"about":[{"href":"https:\/\/mama-niemowlaka.pl\/sklep\/wp-json\/wp\/v2\/types\/product"}],"wp:featuredmedia":[{"embeddable":true,"href":"https:\/\/mama-niemowlaka.pl\/sklep\/wp-json\/wp\/v2\/media\/20045"}],"wp:attachment":[{"href":"https:\/\/mama-niemowlaka.pl\/sklep\/wp-json\/wp\/v2\/media?parent=19790"}],"wp:term":[{"taxonomy":"product_brand","embeddable":true,"href":"https:\/\/mama-niemowlaka.pl\/sklep\/wp-json\/wp\/v2\/product_brand?post=19790"},{"taxonomy":"product_cat","embeddable":true,"href":"https:\/\/mama-niemowlaka.pl\/sklep\/wp-json\/wp\/v2\/product_cat?post=19790"},{"taxonomy":"product_tag","embeddable":true,"href":"https:\/\/mama-niemowlaka.pl\/sklep\/wp-json\/wp\/v2\/product_tag?post=19790"}],"curies":[{"name":"wp","href":"https:\/\/api.w.org\/{rel}","templated":true}]}}