{"id":19795,"date":"2024-11-10T11:25:10","date_gmt":"2024-11-10T10:25:10","guid":{"rendered":"https:\/\/mama-niemowlaka.pl\/sklep\/?post_type=product&#038;p=19795"},"modified":"2026-02-02T00:22:16","modified_gmt":"2026-02-01T23:22:16","slug":"dres-pluszowy-dla-niemowlaka-bezowy","status":"publish","type":"product","link":"https:\/\/mama-niemowlaka.pl\/sklep\/produkt\/ubranka-niemowlece\/dres-dla-niemowlaka\/dres-pluszowy-dla-niemowlaka-bezowy\/","title":{"rendered":"Dres dla niemowlaka pluszowy &#8211; be\u017cowy"},"content":{"rendered":"<h2 data-pm-slice=\"1 1 []\"><strong>Dres dla niemowlaka &#8211; dres niemowl\u0119cy pluszowy<\/strong><\/h2>\n<p>Dziecko potrzebuje wygodnych ubranek niemowl\u0119cych. Komplet dres\u00f3w niemowl\u0119cych to niezb\u0119dny element niemowl\u0119cej garderoby. Ten dres dla niemowlaka to ciep\u0142y komplet ubranek dla maluszka. W sk\u0142ad komplet dres\u00f3w niemowl\u0119cych wchodzi: bluza wk\u0142adana przez g\u0142ow\u0119 i spodnie dresowe dla niemowlaka.<\/p>\n<p>Nasz be\u017cowy dres pluszowy dla niemowlaka ma wiele zastosowa\u0144 \u2013 dresy dla niemowl\u0105t idealnie mog\u0105 s\u0142u\u017cy\u0107 jako ubranko na co dzie\u0144 w domu lub mog\u0105 by\u0107 u\u017cyte jako warstwa zewn\u0119trzna na spacerach jesieni\u0105. Ten ciep\u0142y dresik dla niemowl\u0105t to doskona\u0142y wyb\u00f3r poniewa\u017c nie tylko zapewnia komfort termiczny dla Twojego dziecka, ale tak\u017ce jest bezpieczny dla sk\u00f3ry dziecka. Wygodny, uroczy dres niemowl\u0119cy jest r\u00f3wnie\u017c \u015bwietnym zamiennikiem jednocz\u0119\u015bciowego kombinezonu, poniewa\u017c mo\u017cna go nosi\u0107 jako ca\u0142y komplet, sam\u0105 bluz\u0119 dzieci\u0119c\u0105 lub same spodenki w razie potrzeby. Nie czekaj i zam\u00f3w ju\u017c dzi\u015b ten uroczy dres pluszowy dla niemowlaka.<\/p>\n<h2><strong>Wysokiej jako\u015bci ubranka niemowl\u0119ce w sklepie <a href=\"https:\/\/mama-niemowlaka.pl\">mama-niemowlaka.pl<\/a> &#8211; dresy i komplety dla niemowl\u0105t<\/strong><\/h2>\n<p>Odwied\u017a nasz sklep internetowy <a href=\"https:\/\/mama-niemowlaka.pl\"><strong>mama-niemowlaka.pl<\/strong><\/a>, gdzie znajdziesz szeroki wyb\u00f3r ubranek niemowl\u0119cych najwy\u017cszej jako\u015bci. Gwarantujemy wysy\u0142k\u0119 zam\u00f3wienia w ci\u0105gu 48 godzin oraz darmow\u0105 wymian\u0119 towaru lub mo\u017cliwo\u015b\u0107 zwrotu w ci\u0105gu 14 dni. Co wi\u0119cej, je\u015bli zam\u00f3wisz za minimum 249 PLN, dostawa b\u0119dzie ca\u0142kowicie darmowa.<\/p>\n<p>Skorzystaj teraz z naszych us\u0142ug i sprawd\u017a nasz\u0105 ofert\u0119 ubranek dla niemowlaka ju\u017c dzi\u015b! Wybierz wygodne ubranka dla niemowlaka. Pozosta\u0142e komplety dresowe dzieci\u0119ce dost\u0119pne w sklepie <a href=\"https:\/\/mama-niemowlaka.pl\"><strong>mama-niemowlaka.pl<\/strong><\/a> znajdziesz w kategorii <a href=\"https:\/\/mama-niemowlaka.pl\/sklep\/c\/ubranka\/dresy-niemowlece\/\" target=\"_blank\" rel=\"noopener\"><strong>dresy dla niemowl\u0105t<\/strong><\/a>. Kup ju\u017c dzi\u015b wygodne dresy niemowl\u0119ce w naszym sklepie.<\/p>\n","protected":false},"excerpt":{"rendered":"<p>Mi\u0119kki wygodny, ciep\u0142y dresik dla niemowlaka w kolorze be\u017cowym to doskona\u0142e ubranko na ch\u0142odniejsze dni. Wygodny komplet dresowy dla niemowlaka sk\u0142ada si\u0119 z bluzy i spodni. Bluza niemowl\u0119ca zak\u0142adana jest przez g\u0142ow\u0119. Z przodu ozdobiona jest uroczym misiem. R\u0119kawy i d\u00f3\u0142 bluzy niemowl\u0119cej maj\u0105 delikatne \u015bci\u0105gacze, kt\u00f3re utrzymuj\u0105 j\u0105 na miejscu i poprawiaj\u0105 komfort cieplny. Spodnie dresowe niemowl\u0119ce maj\u0105 prosty swobodny kr\u00f3j z nogawkami, kt\u00f3re nieco zw\u0119\u017caj\u0105 si\u0119 ku do\u0142owi. W pasie znajduje si\u0119 delikatny \u015bci\u0105gacz, kt\u00f3ry nie uciska brzuszka. Ten dres dla niemowlaka doskonale sprawdzi si\u0119 od wczesnej jesieni do p\u00f3\u017anej wiosny i stanowi \u015bwietny pomys\u0142 na prezent!<\/p>\n<p>Dres pluszowy dla niemowlaka w kolorze be\u017cowym wyst\u0119puje w czterech rozmiarach: 74, 80, 86 i 92.<\/p>\n<p>Sk\u0142ad: 100% bawe\u0142na<\/p>\n","protected":false},"featured_media":20202,"template":"","meta":[],"product_brand":[],"product_cat":[136,57],"product_tag":[145,152,153],"class_list":{"0":"post-19795","1":"product","2":"type-product","3":"status-publish","4":"has-post-thumbnail","6":"product_cat-dres-dla-niemowlaka","7":"product_cat-ubranka-niemowlece","8":"product_tag-ubranka-dla-niemowlat-chlopca","9":"product_tag-ubranka-dla-niemowlat-dziewczynek","10":"product_tag-komplet","11":"product_shipping_class-lekka","12":"pa_rozmiar-314","13":"pa_rozmiar-315","14":"pa_rozmiar-316","15":"pa_rozmiar-317","17":"first","18":"instock","19":"taxable","20":"shipping-taxable","21":"purchasable","22":"product-type-variable","23":"has-default-attributes","24":"wvs-archive-product-wrapper"},"_links":{"self":[{"href":"https:\/\/mama-niemowlaka.pl\/sklep\/wp-json\/wp\/v2\/product\/19795","targetHints":{"allow":["GET"]}}],"collection":[{"href":"https:\/\/mama-niemowlaka.pl\/sklep\/wp-json\/wp\/v2\/product"}],"about":[{"href":"https:\/\/mama-niemowlaka.pl\/sklep\/wp-json\/wp\/v2\/types\/product"}],"wp:featuredmedia":[{"embeddable":true,"href":"https:\/\/mama-niemowlaka.pl\/sklep\/wp-json\/wp\/v2\/media\/20202"}],"wp:attachment":[{"href":"https:\/\/mama-niemowlaka.pl\/sklep\/wp-json\/wp\/v2\/media?parent=19795"}],"wp:term":[{"taxonomy":"product_brand","embeddable":true,"href":"https:\/\/mama-niemowlaka.pl\/sklep\/wp-json\/wp\/v2\/product_brand?post=19795"},{"taxonomy":"product_cat","embeddable":true,"href":"https:\/\/mama-niemowlaka.pl\/sklep\/wp-json\/wp\/v2\/product_cat?post=19795"},{"taxonomy":"product_tag","embeddable":true,"href":"https:\/\/mama-niemowlaka.pl\/sklep\/wp-json\/wp\/v2\/product_tag?post=19795"}],"curies":[{"name":"wp","href":"https:\/\/api.w.org\/{rel}","templated":true}]}}