{"id":19820,"date":"2024-05-10T12:35:10","date_gmt":"2024-05-10T10:35:10","guid":{"rendered":"https:\/\/mama-niemowlaka.pl\/sklep\/?post_type=product&#038;p=19820"},"modified":"2026-01-26T02:54:38","modified_gmt":"2026-01-26T01:54:38","slug":"niemowlecy-komplet-prazkowany-dla-chlopca-szary","status":"publish","type":"product","link":"https:\/\/mama-niemowlaka.pl\/sklep\/produkt\/ubranka-niemowlece\/dres-dla-niemowlaka\/niemowlecy-komplet-prazkowany-dla-chlopca-szary\/","title":{"rendered":"Dres dla niemowlaka pr\u0105\u017ckowany &#8211; szary"},"content":{"rendered":"<h2 data-pm-slice=\"1 1 []\">Komplety ubranek dla ch\u0142opc\u00f3w &#8211; wygodny pr\u0105\u017cek<\/h2>\n<p>Dziecko potrzebuje wygodnych ubranek niemowl\u0119cych. Komplety dresowe dla niemowl\u0105t to niezb\u0119dne elementy niemowl\u0119cej garderoby. Ten zestaw ubranek dla niemowl\u0105t jest wygodny i praktyczny w u\u017cytkowaniu. Bawe\u0142na pr\u0105\u017ckowana jest ostatnio bardzo modna i popularna w\u015br\u00f3d mam. Nasze komplety dzieci\u0119ce dla ch\u0142opc\u00f3w s\u0105 wykonane nie tylko z mi\u0119kkiej bawe\u0142ny, ale tak\u017ce s\u0105 bardzo praktyczne w u\u017cytkowaniu. Komplet niemowl\u0119cy jest \u0142atwy w praniu i zachowuje swoje w\u0142a\u015bciwo\u015bci nawet po wielokrotnym praniu.<\/p>\n<p>Wybierz komplet pr\u0105\u017ckowany dla ch\u0142opca je\u017celi szukasz pomys\u0142u na prezent dla maluszka.<\/p>\n<h2>Niemowl\u0119ce komplety dla ch\u0142opca i dziewczynki w sklepie <a href=\"https:\/\/www.mama-niemowlaka.pl\">mama-niemowlaka.pl<\/a> \u2013 dresy niemowl\u0119ce<\/h2>\n<p>Doskonale wiemy, \u017ce Twoje dziecko potrzebuje wygodnych ubra\u0144 na ka\u017cd\u0105 okazj\u0119. Odwied\u017a nasz sklep internetowy <a href=\"https:\/\/www.mama-niemowlaka.pl\"><strong>mama-niemowlaka.pl<\/strong><\/a>, gdzie znajdziesz szeroki wyb\u00f3r najwy\u017cszej jako\u015bci ubranek niemowl\u0119cych. Na szczeg\u00f3ln\u0105 uwag\u0119 zas\u0142uguj\u0105 komplety dresowe dla niemowl\u0105t, gotowe zestawy, dzi\u0119ki czemu nie musisz wybiera\u0107 wielu ubranek dla niemowlaka. Gotowe komplety to jedne z najpopularniejszych ubranek niemowl\u0119cych poniewa\u017c tworz\u0105 idealny zestaw w po\u0142\u0105czeniu ze sob\u0105, jak i w po\u0142\u0105czeniu z innymi elementami dzieci\u0119cej garderoby. Gwarantujemy wysy\u0142k\u0119 zam\u00f3wienia w ci\u0105gu 48 godzin oraz darmow\u0105 wymian\u0119 towaru lub mo\u017cliwo\u015b\u0107 zwrotu w ci\u0105gu 14 dni. Co wi\u0119cej, je\u015bli zam\u00f3wisz za minimum 249 PLN, dostawa b\u0119dzie ca\u0142kowicie darmowa.<\/p>\n<h2>Komplety ubranek dla niemowl\u0105t \u2013 w sklepie <a href=\"https:\/\/www.mama-niemowlaka.pl\">mama-niemowlaka.pl<\/a> znajdziesz wymarzony komplet dzieci\u0119cy<\/h2>\n<p>Dbamy o wygod\u0119 i bezpiecze\u0144stwo Twojego dziecka, dlatego nasze produkty s\u0105 starannie wyselekcjonowane. Nie tra\u0107 wi\u0119cej czasu na przeszukiwanie innych sklep\u00f3w \u2013 <a href=\"https:\/\/www.mama-niemowlaka.pl\"><strong>mama-niemowlaka.pl<\/strong><\/a> ma wszystko, czego potrzebujesz!<\/p>\n<p>Skorzystaj teraz z naszych us\u0142ug i sprawd\u017a nasz\u0105 ofert\u0119 ubranek dla niemowlaka ju\u017c dzi\u015b! Wybierz wygodne ubranka dla niemowlaka. Pozosta\u0142e komplety ubranek i dresy dla niemowl\u0105t w sklepie <a href=\"https:\/\/www.mama-niemowlaka.pl\"><strong>mama-niemowlaka.pl<\/strong><\/a> znajdziesz w kategorii <a href=\"https:\/\/mama-niemowlaka.pl\/sklep\/c\/ubranka\/dresy-niemowlece\/\" target=\"_blank\" rel=\"noopener\"><strong>dresy dla niemowl\u0105t<\/strong><\/a>.<\/p>\n","protected":false},"excerpt":{"rendered":"<p data-pm-slice=\"1 1 []\">Niemowl\u0119cy komplet pr\u0105\u017ckowany dla ch\u0142opca w kolorze szarym to niezwykle wygodne i praktyczne ubranko dla niemowlaka. Komplet ubranek dla ka\u017cdego ch\u0142opca zosta\u0142 uszyty z mi\u0119kkiej, pr\u0105\u017ckowanej bawe\u0142ny dzi\u0119ki czemu jest bezpieczny i delikatny dla sk\u00f3ry dziecka. W sk\u0142ad kompletu dla ch\u0142opca wchodz\u0105 bluzka z guziczkami oraz spodnie. Bluza z d\u0142ugim r\u0119kawem zapinana jest na dwa guziczki i bezniklow\u0105 nap\u0119 na ramieniu. Spodenki posiadaj\u0105 szerok\u0105, bezuciskow\u0105 gum\u0119 w pasie. Dodatkowo maj\u0105 sznurek do wi\u0105zania w pasie oraz ozdobione zosta\u0142y dwoma guziczkami jak w bluzie. Nie zwlekaj i wybierz komplet pr\u0105\u017ckowany dla ma\u0142ego ch\u0142opca.<\/p>\n<p>Niemowl\u0119cy komplet pr\u0105\u017ckowany dla ch\u0142opca wyst\u0119puje w pi\u0119ciu rozmiarach: 74, 80, 86, 92 i 98. Komplet wyst\u0119puje r\u00f3wnie\u017c w szarym kolorze: <a href=\"https:\/\/mama-niemowlaka.pl\/sklep\/produkt\/ubranka\/komplety-niemowlece\/komplet-prazkowany-dla-dziewczynki-rozowy\/\" target=\"_blank\" rel=\"noopener\"><strong>Niemowl\u0119cy komplet pr\u0105\u017ckowany dla dziewczynki &#8211; r\u00f3\u017cowy<\/strong><\/a>.<\/p>\n<p>Sk\u0142ad: 100% bawe\u0142na<\/p>\n","protected":false},"featured_media":20068,"template":"","meta":[],"product_brand":[],"product_cat":[136,122,57],"product_tag":[118,145,239,352],"class_list":{"0":"post-19820","1":"product","2":"type-product","3":"status-publish","4":"has-post-thumbnail","6":"product_cat-dres-dla-niemowlaka","7":"product_cat-komplet-niemowlecy","8":"product_cat-ubranka-niemowlece","9":"product_tag-bawelna","10":"product_tag-ubranka-dla-niemowlat-chlopca","11":"product_tag-dresik-dla-chlopca","12":"product_tag-komplety-niemowlece-dla-chlopca","13":"product_shipping_class-lekka","14":"pa_rozmiar-314","15":"pa_rozmiar-315","16":"pa_rozmiar-316","17":"pa_rozmiar-317","18":"pa_rozmiar-318","20":"first","21":"instock","22":"taxable","23":"shipping-taxable","24":"purchasable","25":"product-type-variable","26":"has-default-attributes","27":"wvs-archive-product-wrapper"},"_links":{"self":[{"href":"https:\/\/mama-niemowlaka.pl\/sklep\/wp-json\/wp\/v2\/product\/19820","targetHints":{"allow":["GET"]}}],"collection":[{"href":"https:\/\/mama-niemowlaka.pl\/sklep\/wp-json\/wp\/v2\/product"}],"about":[{"href":"https:\/\/mama-niemowlaka.pl\/sklep\/wp-json\/wp\/v2\/types\/product"}],"wp:featuredmedia":[{"embeddable":true,"href":"https:\/\/mama-niemowlaka.pl\/sklep\/wp-json\/wp\/v2\/media\/20068"}],"wp:attachment":[{"href":"https:\/\/mama-niemowlaka.pl\/sklep\/wp-json\/wp\/v2\/media?parent=19820"}],"wp:term":[{"taxonomy":"product_brand","embeddable":true,"href":"https:\/\/mama-niemowlaka.pl\/sklep\/wp-json\/wp\/v2\/product_brand?post=19820"},{"taxonomy":"product_cat","embeddable":true,"href":"https:\/\/mama-niemowlaka.pl\/sklep\/wp-json\/wp\/v2\/product_cat?post=19820"},{"taxonomy":"product_tag","embeddable":true,"href":"https:\/\/mama-niemowlaka.pl\/sklep\/wp-json\/wp\/v2\/product_tag?post=19820"}],"curies":[{"name":"wp","href":"https:\/\/api.w.org\/{rel}","templated":true}]}}