{"id":19832,"date":"2022-12-10T12:40:23","date_gmt":"2022-12-10T11:40:23","guid":{"rendered":"https:\/\/mama-niemowlaka.pl\/sklep\/?post_type=product&#038;p=19832"},"modified":"2026-03-23T00:11:12","modified_gmt":"2026-03-22T23:11:12","slug":"dres-swiateczny-dla-dziewczynki-happy-rozowy","status":"publish","type":"product","link":"https:\/\/mama-niemowlaka.pl\/sklep\/produkt\/ubranka-niemowlece\/dres-dla-niemowlaka\/dres-swiateczny-dla-dziewczynki-happy-rozowy\/","title":{"rendered":"Dres \u015bwi\u0105teczny dla dziewczynki Happy r\u00f3\u017cowy"},"content":{"rendered":"<hr \/>\n<h2 data-pm-slice=\"1 1 []\"><strong>\u015awi\u0105teczne ubrania dla dzieci &#8211; dres \u015bwi\u0105teczny dla dziewczynki Happy<\/strong><\/h2>\n<p>\u015awi\u0105teczna bluza to obowi\u0105zkowe ubranie dla dzieci w okresie \u015awi\u0105t Bo\u017cego Narodzenia. Komplet bluza i spodnie dla dziewczynki doskonale si\u0119 sprawdz\u0105 jako prezent \u015bwi\u0105teczny lub prezent gwiazdkowy dla dziecka. Komplet \u015bwi\u0105teczny sprawi rado\u015b\u0107 dziecku jak r\u00f3wnie\u017c rodzicom &#8211; wygodny i delikatny , a jednocze\u015bnie bezpieczny dla sk\u00f3ry niemowlaka.<\/p>\n<p>\u015awi\u0105teczne ubranie dla dziewczynki wykonane jest z materia\u0142\u00f3w w pe\u0142ni bezpiecznych na delikatnej sk\u00f3ry dziecka. \u015awi\u0105teczny zestaw dla dziewczynki pozwoli Wam \u0142atwo zdoby\u0107 ca\u0142y str\u00f3j dla maluszka, bez potrzeby kompletowania. Dres dzieci\u0119cy \u015bwi\u0105teczny to doskona\u0142y pomys\u0142 na prezent \u015bwi\u0105teczny.<\/p>\n<h2><strong>Kolekcja \u015bwi\u0105teczna ubranek dla niemowl\u0105t w sklepie <a href=\"https:\/\/mama-niemowlaka.pl\">mama-niemowlaka.pl<\/a><\/strong><\/h2>\n<p>Pozosta\u0142e \u015bwi\u0105teczne modele \u015bwi\u0105tecznych ubranek niemowl\u0119cych znajdziesz w kategorii <a href=\"https:\/\/mama-niemowlaka.pl\/sklep\/t\/ubranka-swiateczne-dla-niemowlaka\/\" target=\"_blank\" rel=\"noopener\"><strong>Bo\u017ce Narodzenie<\/strong><\/a>. W naszej kolekcji oferujemy wyj\u0105tkowe ubrania \u015bwi\u0105teczne dla dzieci idealne dla niemowl\u0105t. W ofercie naszego sklepu znajdziesz: body niemowl\u0119ce \u015bwi\u0105teczne, ubranka na \u015bwi\u0119ta dla niemowl\u0105t zar\u00f3wno dla ch\u0142opca jak i dziewczynki, sukienki \u015bwi\u0105teczne dla niemowl\u0105t, \u015bwi\u0105teczne bluzy, oraz wiele innych propozycji komplet\u00f3w \u015bwi\u0105tecznych. Kupisz dziewcz\u0119ce zestawy ubranek oraz eleganckie ubranka niemowl\u0119ce na \u015bwi\u0119ta dla ch\u0142opca. Nasze produkty s\u0105 zaprojektowane z my\u015bl\u0105 o bezpiecze\u0144stwie i wygodzie ma\u0142ych u\u017cytkownik\u00f3w. Wykonane z najwy\u017cszej jako\u015bci materia\u0142\u00f3w, zapewniaj\u0105 one ciep\u0142o i komfort przez ca\u0142y okres \u015bwi\u0105teczny.<\/p>\n<p>Odwied\u017a nasz sklep internetowy <a href=\"https:\/\/mama-niemowlaka.pl\"><strong>mama-niemowlaka.pl<\/strong><\/a>, gdzie znajdziesz szeroki wyb\u00f3r najwy\u017cszej jako\u015bci ubranek niemowl\u0119cych. Gwarantujemy wysy\u0142k\u0119 zam\u00f3wienia w ci\u0105gu 48 godzin oraz darmow\u0105 wymian\u0119 towaru lub mo\u017cliwo\u015b\u0107 zwrotu w ci\u0105gu 14 dni. Co wi\u0119cej, je\u015bli zam\u00f3wisz za minimum 249 PLN, dostawa b\u0119dzie ca\u0142kowicie darmowa.<\/p>\n<p>Nie czekaj i kup ju\u017c dzi\u015b \u015bwi\u0105teczne ubrania dla dzieci niemowl\u0105t w sklepie <a href=\"https:\/\/mama-niemowlaka.pl\"><strong>mama-niemowlaka.pl<\/strong><\/a><\/p>\n","protected":false},"excerpt":{"rendered":"<p data-pm-slice=\"1 1 []\">Dres \u015bwi\u0105teczny dla dziewczynki sk\u0142ada si\u0119 z dw\u00f3ch cz\u0119\u015bci: r\u00f3\u017cowa bluza dresowa w print \u015bwi\u0105teczny oraz r\u00f3\u017cowe spodnie dresowe. Bluza z d\u0142ugim r\u0119kawem ozdobiona jest motywem ba\u0142wanka. Wykonana jest z mi\u0119kkiego i puszystego materia\u0142u, zapewnia wysoki komfort noszenia. R\u00f3\u017cowe spodnie bez printu, wyko\u0144czone s\u0105 w pasie oraz nogawkach delikatn\u0105, nieuciskaj\u0105c\u0105 gumk\u0105. Ca\u0142o\u015b\u0107, bluza \u015bwi\u0105teczna i spodnie tworz\u0105 idealny, pasuj\u0105cy do siebie zestaw w sam raz dla ka\u017cdej dziewczynki na rodzinne \u015bwi\u0119towanie czy jesienno-zimowy spacer.<\/p>\n<p>Dres \u015bwi\u0105teczny dla dziewczynki Happy w kolorze r\u00f3\u017cowym wyst\u0119puje w czterech rozmiarach: 74, 80, 86 i 92.<\/p>\n<p>Sk\u0142ad: 100% bawe\u0142na<\/p>\n","protected":false},"featured_media":18656,"template":"","meta":[],"product_brand":[],"product_cat":[136,57],"product_tag":[118,243,238,152,237],"class_list":{"0":"post-19832","1":"product","2":"type-product","3":"status-publish","4":"has-post-thumbnail","6":"product_cat-dres-dla-niemowlaka","7":"product_cat-ubranka-niemowlece","8":"product_tag-bawelna","9":"product_tag-black-friday","10":"product_tag-ubranka-swiateczne-dla-niemowlaka","11":"product_tag-ubranka-dla-niemowlat-dziewczynek","12":"product_tag-dresik-dla-dziewczynki","13":"product_shipping_class-lekka","14":"pa_rozmiar-314","15":"pa_rozmiar-315","16":"pa_rozmiar-316","17":"pa_rozmiar-317","19":"first","20":"instock","21":"taxable","22":"shipping-taxable","23":"purchasable","24":"product-type-variable","25":"has-default-attributes","26":"wvs-archive-product-wrapper"},"_links":{"self":[{"href":"https:\/\/mama-niemowlaka.pl\/sklep\/wp-json\/wp\/v2\/product\/19832","targetHints":{"allow":["GET"]}}],"collection":[{"href":"https:\/\/mama-niemowlaka.pl\/sklep\/wp-json\/wp\/v2\/product"}],"about":[{"href":"https:\/\/mama-niemowlaka.pl\/sklep\/wp-json\/wp\/v2\/types\/product"}],"wp:featuredmedia":[{"embeddable":true,"href":"https:\/\/mama-niemowlaka.pl\/sklep\/wp-json\/wp\/v2\/media\/18656"}],"wp:attachment":[{"href":"https:\/\/mama-niemowlaka.pl\/sklep\/wp-json\/wp\/v2\/media?parent=19832"}],"wp:term":[{"taxonomy":"product_brand","embeddable":true,"href":"https:\/\/mama-niemowlaka.pl\/sklep\/wp-json\/wp\/v2\/product_brand?post=19832"},{"taxonomy":"product_cat","embeddable":true,"href":"https:\/\/mama-niemowlaka.pl\/sklep\/wp-json\/wp\/v2\/product_cat?post=19832"},{"taxonomy":"product_tag","embeddable":true,"href":"https:\/\/mama-niemowlaka.pl\/sklep\/wp-json\/wp\/v2\/product_tag?post=19832"}],"curies":[{"name":"wp","href":"https:\/\/api.w.org\/{rel}","templated":true}]}}