{"id":19851,"date":"2024-12-11T14:00:56","date_gmt":"2024-12-11T13:00:56","guid":{"rendered":"https:\/\/mama-niemowlaka.pl\/sklep\/?post_type=product&#038;p=19851"},"modified":"2026-03-29T20:24:06","modified_gmt":"2026-03-29T18:24:06","slug":"kombinezon-z-uszami-krolika-dla-niemowlaka-szary","status":"publish","type":"product","link":"https:\/\/mama-niemowlaka.pl\/sklep\/produkt\/ubranka-niemowlece\/kombinezony-dla-niemowlat\/kombinezon-z-uszami-krolika-dla-niemowlaka-szary\/","title":{"rendered":"Kombinezon z uszami kr\u00f3lika dla niemowlaka &#8211; szary"},"content":{"rendered":"<h2 data-pm-slice=\"1 1 []\">Przej\u015bciowy kombinezon niemowl\u0119cy &#8211; mi\u0119kki kombinezon z uszami kr\u00f3lika dla niemowlaka<\/h2>\n<p>Wybieraj\u0105c kombinezon dla niemowlaka nale\u017cy dopasowa\u0107 go do odpowiedniej pory roku i temperatury panuj\u0105cej na zewn\u0105trz. Jest to szczeg\u00f3lnie wa\u017cne w aspekcie przegrzania dziecka, czego staramy si\u0119 unika\u0107. Nie wa\u017cne czy wybieramy kombinezon zimowy czy kombinezon przej\u015bciowy niemowl\u0119cy. Jeden i drugi powinien posiada\u0107 pewne elementy, kt\u00f3re zabezpiecz\u0105 Twoje dziecko przed ch\u0142odem. Kombinezon dzieci\u0119cy z kapturem skutecznie chroni g\u0142\u00f3wk\u0119 male\u0144stwa przed ch\u0142odem, wiatrem i opadami. Nasz kombinezon niemowl\u0119cy kr\u00f3lik przypomina wygl\u0105dem szary pajacyk ocieplany &#8211; zosta\u0142 uszyty z materia\u0142u przyjaznego dla sk\u00f3ry dziecka, dodatkowo kaptur zapewnia dzieciom ochron\u0119 przed wiatrem. Szary kolor idealnie sprawdzi si\u0119 zar\u00f3wno dla dziewczynki jaki i ch\u0142opca.<\/p>\n<p>Kombinezon z uszami kr\u00f3lika dla niemowlaka w kolorze szarym to idealny wyb\u00f3r r\u00f3wnie\u017c na prezent dla niemowl\u0105t! Jeste\u015bmy rodzicami sami i gor\u0105co polecamy ten produkt! To ubranko doskonale chroni\u0105ce przed ch\u0142odem.<\/p>\n<h2>Kombinezony dla noworodka na wyj\u015bcie ze szpitala &#8211; futerkowy kombinezon na ch\u0142odne dni<\/h2>\n<p>Jednocz\u0119\u015bciowy kombinezon niemowl\u0119cy to idealne ubranko na wyj\u015bcie ze szpitala dla noworodka. Wybieraj zawsze kombinezon dla noworodka w odpowiednim rozmiarze lub ewentualnie o jeden rozmiar wi\u0119kszy. Noworodki maj\u0105 przewa\u017cnie rozmiar 56 lub 62. Niestety w tym przypadku nie mo\u017cna kupi\u0107 ubrania na zapas. Zar\u00f3wno przej\u015bciowy kombinezon niemowl\u0119cy jak i zimowy kombinezon je\u017celi b\u0119dzie za du\u017cy to mo\u017ce doj\u015b\u0107 do wych\u0142odzenia cia\u0142a maluszka.<\/p>\n<h2>Ciep\u0142e kombinezony dla niemowlaka w sklepie <a href=\"https:\/\/mama-niemowlaka.pl\">mama-niemowlaka.pl<\/a><\/h2>\n<p data-pm-slice=\"1 1 []\">Je\u015bli szukasz ubranek dla swojego dziecka, to <a href=\"https:\/\/mama-niemowlaka.pl\">mama-niemowlaka.pl<\/a> jest idealnym miejscem dla Ciebie. Oferujemy szeroki wyb\u00f3r ubranek dla niemowl\u0105t. Nasze produkty s\u0105 starannie wyselekcjonowane, aby zapewni\u0107 maksymalny komfort i bezpiecze\u0144stwo Twojemu dziecku. W naszym sklepie mo\u017cesz znale\u017a\u0107 urocze kombinezony zimowe dla dzieci i niemowl\u0105t, kombinezony niemowl\u0119ce na ch\u0142odne dni, kombinezony niemowl\u0119ce dla dziewczynki oraz kombinezony niemowl\u0119ce dla ch\u0142opca. Pozosta\u0142e kombinezony dla dzieci znajdziesz w kategorii <a href=\"https:\/\/mama-niemowlaka.pl\/sklep\/c\/ubranka\/kombinezony\/\" target=\"_blank\" rel=\"noopener\"><strong>kombinezony dla niemowl\u0105t<\/strong><\/a>. Dodatkowo, oferujemy szybk\u0105 dostaw\u0119 (w ci\u0105gu 48 godzin), darmow\u0105 wymian\u0119 oraz mo\u017cliwo\u015b\u0107 zwrotu w ci\u0105gu 14 dni. A je\u015bli Tw\u00f3j zakup przekroczy 249 PLN, masz darmow\u0105 dostaw\u0119!<\/p>\n<p>Nie tra\u0107 ju\u017c wi\u0119cej czasu na przeszukiwanie innych sklep\u00f3w &#8211; <strong><a href=\"https:\/\/mama-niemowlaka.pl\">mama-niemowlaka.pl<\/a><\/strong> ma wszystko, czego potrzebujesz! Skorzystaj teraz z naszych us\u0142ug i sprawd\u017a nasz\u0105 ofert\u0119 ju\u017c dzi\u015b! Kup ju\u017c dzi\u015b idealny ciep\u0142y kombinezon dla niemowlaka.<\/p>\n","protected":false},"excerpt":{"rendered":"<p data-pm-slice=\"1 1 []\">Szary kombinezon z uszami kr\u00f3lika dla niemowlaka z mi\u0119kkiego materia\u0142u futerkowego. Ten uroczy jednocz\u0119\u015bciowy kombinezon niemowl\u0119cy ma swobodny kr\u00f3j z zabudowanymi st\u00f3pkami, co sprawia, \u017ce jest nie tylko wygodny, ale tak\u017ce funkcjonalny. Kombinezon dla niemowlaka zapinany jest na suwak po ca\u0142ej d\u0142ugo\u015bci. Kombinezon niemowl\u0119cy kr\u00f3lik posiada obszerny i efektowny kaptur ozdobiony uroczymi uszkami. Zewn\u0119trzna warstwa tego kombinezonu dla niemowlaka to wysokiej jako\u015bci futerko w pi\u0119knym szarym kolorze. Co wi\u0119cej, futerko jest dwustronne, wi\u0119c zar\u00f3wno na zewn\u0105trz jak i w \u015brodku jest przyjemnie mi\u0119kkie i puszyste.<\/p>\n<p>Mi\u0119kki kombinezon z uszami kr\u00f3lika doskonale nadaje si\u0119 na wyj\u015bcia i spacery w ch\u0142odne dni. Zapewni Twojemu dziecku ciep\u0142o i ochron\u0119 przed wiatrem. Doskonale sprawdzi si\u0119 tak\u017ce podczas spacer\u00f3w, poniewa\u017c jego plecki b\u0119d\u0105 przez ca\u0142\u0105 zabaw\u0119 przykryte. A nawet gdy wracasz do domu po wieczornej przechadzce, nasz jesienny kombinezon niemowl\u0119cy zapewni Twojemu maluszkowi mi\u0142e ciep\u0142o.<\/p>\n<p>Mi\u0119kki kombinezon z uszami kr\u00f3lika w kolorze szarym dla niemowlaka dost\u0119pny jest w trzech rozmiarach: 62,68 i 74. Kombinezon dla niemowlaka z uszkami dost\u0119pny jest tak\u017ce w kolorze \u0142ososiowym: Kombinezon niemowl\u0119cy kr\u00f3lik &#8211; \u0142ososiowy.<\/p>\n<p>Sk\u0142ad: 100% poliester<\/p>\n","protected":false},"featured_media":10516,"template":"","meta":[],"product_brand":[],"product_cat":[78,217,57],"product_tag":[214,145,152,211,339,242,231,338],"class_list":{"0":"post-19851","1":"product","2":"type-product","3":"status-publish","4":"has-post-thumbnail","6":"product_cat-kombinezony-dla-niemowlat","7":"product_cat-okrycia-wierzchnie","8":"product_cat-ubranka-niemowlece","9":"product_tag-bestseller","10":"product_tag-ubranka-dla-niemowlat-chlopca","11":"product_tag-ubranka-dla-niemowlat-dziewczynek","12":"product_tag-kombinezon","13":"product_tag-kombinezon-dla-noworodka","14":"product_tag-kombinezon-futerkowy","15":"product_tag-kombinezon-niemowlecy-jesienny","16":"product_tag-kombinezon-niemowlecy-wiosenny","17":"product_shipping_class-duza","18":"pa_rozmiar-312","19":"pa_rozmiar-313","20":"pa_rozmiar-314","22":"first","23":"instock","24":"taxable","25":"shipping-taxable","26":"purchasable","27":"product-type-variable","28":"has-default-attributes","29":"wvs-archive-product-wrapper"},"_links":{"self":[{"href":"https:\/\/mama-niemowlaka.pl\/sklep\/wp-json\/wp\/v2\/product\/19851","targetHints":{"allow":["GET"]}}],"collection":[{"href":"https:\/\/mama-niemowlaka.pl\/sklep\/wp-json\/wp\/v2\/product"}],"about":[{"href":"https:\/\/mama-niemowlaka.pl\/sklep\/wp-json\/wp\/v2\/types\/product"}],"wp:featuredmedia":[{"embeddable":true,"href":"https:\/\/mama-niemowlaka.pl\/sklep\/wp-json\/wp\/v2\/media\/10516"}],"wp:attachment":[{"href":"https:\/\/mama-niemowlaka.pl\/sklep\/wp-json\/wp\/v2\/media?parent=19851"}],"wp:term":[{"taxonomy":"product_brand","embeddable":true,"href":"https:\/\/mama-niemowlaka.pl\/sklep\/wp-json\/wp\/v2\/product_brand?post=19851"},{"taxonomy":"product_cat","embeddable":true,"href":"https:\/\/mama-niemowlaka.pl\/sklep\/wp-json\/wp\/v2\/product_cat?post=19851"},{"taxonomy":"product_tag","embeddable":true,"href":"https:\/\/mama-niemowlaka.pl\/sklep\/wp-json\/wp\/v2\/product_tag?post=19851"}],"curies":[{"name":"wp","href":"https:\/\/api.w.org\/{rel}","templated":true}]}}