{"id":19857,"date":"2024-01-11T14:07:38","date_gmt":"2024-01-11T13:07:38","guid":{"rendered":"https:\/\/mama-niemowlaka.pl\/sklep\/?post_type=product&#038;p=19857"},"modified":"2026-01-11T14:11:57","modified_gmt":"2026-01-11T13:11:57","slug":"kombinezon-mis-dla-niemowlaka-musztardowy","status":"publish","type":"product","link":"https:\/\/mama-niemowlaka.pl\/sklep\/produkt\/ubranka-niemowlece\/kombinezony-dla-niemowlat\/kombinezon-mis-dla-niemowlaka-musztardowy\/","title":{"rendered":"Kombinezon przej\u015bciowy dla niemowlaka &#8211; musztardowy"},"content":{"rendered":"<h2 data-pm-slice=\"1 1 []\">Kombinezon mi\u015b dla niemowlaka<\/h2>\n<p>Jaki kombinezon niemowl\u0119cy wybra\u0107? Przy wyborze kombinezonu dla niemowl\u0105t najwa\u017cniejsza powinna by\u0107 wygoda \u2013 nie powinna kr\u0119powa\u0107 ruch\u00f3w i zapewnia\u0107 dziecku wystarczaj\u0105c\u0105 ilo\u015b\u0107 miejsca na swobodne poruszanie si\u0119. Nasz kombinezon niemowl\u0119cy jest idealny na pierwsze spacery ze wzgl\u0119du na \u0142atwo\u015b\u0107 noszenia i wygod\u0119.<\/p>\n<h2>Szukasz ubranek dla niemowlaka?<\/h2>\n<p><a href=\"https:\/\/mama-niemowlaka.pl\">Mama-niemowlaka.pl<\/a> to sklep oferuj\u0105cy ubranka niemowl\u0119ce. Nasze produkty wysy\u0142amy w ci\u0105gu 48 godzin. Oferujemy bezp\u0142atn\u0105 wymian\u0119 produkt\u00f3w oraz 14-dniow\u0105 polityk\u0119 zwrotu. Dodatkowo, je\u015bli zam\u00f3wisz za minimum 249 z\u0142, wysy\u0142ka b\u0119dzie ca\u0142kowicie bezp\u0142atna. Nasze produkty s\u0105 starannie dobierane tak, aby zapewni\u0107 Twojemu dziecku maksymalny komfort i bezpiecze\u0144stwo. Nie musisz ju\u017c traci\u0107 czasu na przeszukiwanie innych sklep\u00f3w. <a href=\"https:\/\/mama-niemowlaka.pl\">Mama-niemowlaka.pl<\/a> ma wszystko, czego potrzebujesz! Wybierz nasz\u0105 odzie\u017c niemowl\u0119c\u0105. Skorzystaj z naszych us\u0142ug ju\u017c teraz i sprawd\u017a nasz\u0105 ofert\u0119 ju\u017c dzi\u015b!<\/p>\n","protected":false},"excerpt":{"rendered":"<p data-pm-slice=\"1 1 []\">Kombinezon mi\u015b dla niemowlaka w kolorze musztardowym to idealny wyb\u00f3r dla Twojego dziecka! Wykonany z mi\u0119kkiego materia\u0142u kombinezon dla niemowlaka jest nie tylko delikatny dla sk\u00f3ry dziecka, ale tak\u017ce zapewnia wyj\u0105tkowy komfort. Dzi\u0119ki przyjemnemu i mi\u0119kkiemu materia\u0142owi nasz kombinezon niemowl\u0119cy mi\u015b jest niezwykle uroczy. Welurowy kombinezon mi\u015b niemowl\u0119cy posiada niezawieraj\u0105ce niklu zatrzaski na ca\u0142ej d\u0142ugo\u015bci i u do\u0142u nogawek, co u\u0142atwia ubieranie i rozbieranie malucha oraz ewentualn\u0105 zmian\u0119 pieluchy. Kaptur dodaje uroku i chroni przed zimnem. Kombinezon mi\u015b dla niemowlaka jest idealny na jesie\u0144 lub wiosn\u0119 jako odzie\u017c przej\u015bciowa dla niemowl\u0105t. Mo\u017cna go nosi\u0107 na bawe\u0142niane body lub lekki pajacyk niemowl\u0119cy.<\/p>\n<p>Kombinezon niemowl\u0119cy mi\u015b dost\u0119pny jest w trzech rozmiarach: 62, 68 i 74 oraz w trzech wersjach kolorystycznych: brudna biel, r\u00f3\u017c i musztardowa \u017c\u00f3\u0142\u0107. Sprawd\u017a inne kolory <a href=\"https:\/\/mama-niemowlaka.pl\/sklep\/c\/ubranka\/kombinezony\/\" target=\"_blank\" rel=\"noopener\"><strong>tutaj<\/strong><\/a>.<\/p>\n<p>Sk\u0142ad: 100% poliester.<\/p>\n","protected":false},"featured_media":9138,"template":"","meta":[],"product_brand":[],"product_cat":[78,217,57],"product_tag":[145,152,211,339,242,231,338],"class_list":{"0":"post-19857","1":"product","2":"type-product","3":"status-publish","4":"has-post-thumbnail","6":"product_cat-kombinezony-dla-niemowlat","7":"product_cat-okrycia-wierzchnie","8":"product_cat-ubranka-niemowlece","9":"product_tag-ubranka-dla-niemowlat-chlopca","10":"product_tag-ubranka-dla-niemowlat-dziewczynek","11":"product_tag-kombinezon","12":"product_tag-kombinezon-dla-noworodka","13":"product_tag-kombinezon-futerkowy","14":"product_tag-kombinezon-niemowlecy-jesienny","15":"product_tag-kombinezon-niemowlecy-wiosenny","16":"product_shipping_class-duza","17":"pa_rozmiar-312","18":"pa_rozmiar-313","19":"pa_rozmiar-314","21":"first","22":"instock","23":"taxable","24":"shipping-taxable","25":"purchasable","26":"product-type-variable","27":"has-default-attributes","28":"wvs-archive-product-wrapper"},"_links":{"self":[{"href":"https:\/\/mama-niemowlaka.pl\/sklep\/wp-json\/wp\/v2\/product\/19857","targetHints":{"allow":["GET"]}}],"collection":[{"href":"https:\/\/mama-niemowlaka.pl\/sklep\/wp-json\/wp\/v2\/product"}],"about":[{"href":"https:\/\/mama-niemowlaka.pl\/sklep\/wp-json\/wp\/v2\/types\/product"}],"wp:featuredmedia":[{"embeddable":true,"href":"https:\/\/mama-niemowlaka.pl\/sklep\/wp-json\/wp\/v2\/media\/9138"}],"wp:attachment":[{"href":"https:\/\/mama-niemowlaka.pl\/sklep\/wp-json\/wp\/v2\/media?parent=19857"}],"wp:term":[{"taxonomy":"product_brand","embeddable":true,"href":"https:\/\/mama-niemowlaka.pl\/sklep\/wp-json\/wp\/v2\/product_brand?post=19857"},{"taxonomy":"product_cat","embeddable":true,"href":"https:\/\/mama-niemowlaka.pl\/sklep\/wp-json\/wp\/v2\/product_cat?post=19857"},{"taxonomy":"product_tag","embeddable":true,"href":"https:\/\/mama-niemowlaka.pl\/sklep\/wp-json\/wp\/v2\/product_tag?post=19857"}],"curies":[{"name":"wp","href":"https:\/\/api.w.org\/{rel}","templated":true}]}}