{"id":19862,"date":"2023-12-11T14:17:10","date_gmt":"2023-12-11T13:17:10","guid":{"rendered":"https:\/\/mama-niemowlaka.pl\/sklep\/?post_type=product&#038;p=19862"},"modified":"2026-01-11T14:18:32","modified_gmt":"2026-01-11T13:18:32","slug":"kombinezon-zimowy-chlopiecy-granatowy-dinozaury","status":"publish","type":"product","link":"https:\/\/mama-niemowlaka.pl\/sklep\/produkt\/ubranka-niemowlece\/kombinezony-dla-niemowlat\/kombinezon-zimowy-chlopiecy-granatowy-dinozaury\/","title":{"rendered":"Kombinezon zimowy ch\u0142opi\u0119cy \u2013 granatowy Dinozaury"},"content":{"rendered":"<h2 data-pm-slice=\"1 1 []\"><strong>Kombinezony dla dzieci idealne na zim\u0119 \u2013 kombinezon zimowy ch\u0142opi\u0119cy<\/strong><\/h2>\n<p data-pm-slice=\"1 1 []\">Ten uroczy kombinezon zimowy ch\u0142opi\u0119cy uzupe\u0142niony jest w wiele praktycznych detali, dodaj\u0105cych komfortu dziecku oraz u\u0142atwiaj\u0105cych jego zak\u0142adanie. Wn\u0119trze r\u0119kawk\u00f3w podszyte jest \u015bliskim materia\u0142em, dzi\u0119ki czemu maluch mo\u017ce swobodnie i \u0142atwo wsun\u0105\u0107 r\u0105czki do \u015brodka. Dodatkowo r\u0119kawy zako\u0144czone s\u0105 \u015bci\u0105gaczami, dzi\u0119ki czemu chroni\u0105 ma\u0142e r\u0105czki przed ch\u0142odem. Kombinezon niemowl\u0119cy zimowy rozpinany jest na dwa wygodne suwaki, kt\u00f3re ci\u0105gn\u0105 si\u0119 od szyjki a\u017c po same st\u00f3pki. Zamek jest zabezpieczony praktyczn\u0105 plis\u0105, kt\u00f3ra chroni przed wiatrem. G\u00f3ra suwak\u00f3w jest zabezpieczona tak, aby suwak nie dotyka\u0142 szyi dziecka. Powierzchnia kombinezonu na zim\u0119 to doskona\u0142ej jako\u015bci poliester, kt\u00f3ry jest odporny na wiatr i wod\u0119. Ten model kombinezonu posiada \u015bwietnie izoluj\u0105ce wype\u0142nienie, kt\u00f3re sprawia, \u017ce dziecku b\u0119dzie ciep\u0142o nawet w czasie bardzo mro\u017anych spacer\u00f3w.<\/p>\n<p data-pm-slice=\"1 1 []\">Ju\u017c dzi\u015b wybierz nasz granatowy kombinezon ocieplany dla niemowl\u0105t i zapewnij swojemu maluszkowi ciep\u0142o i komfort w ch\u0142odne dni.<\/p>\n<h3><strong>Gdzie kupi\u0107 kombinezon zimowy ch\u0142opi\u0119cy? Kombinezony na zim\u0119 dla niemowlaka<\/strong><\/h3>\n<p>Szukasz dobrego kombinezonu zimowego, kt\u00f3ry zapewni komfort i ciep\u0142o dla Twojego dziecka? Je\u015bli chcesz kupi\u0107 swojemu maluszkowi kombinezon zimowy sprawd\u017a ofert\u0119 naszego sklepu i kup odpowiedni kombinezon niemowl\u0119cy. Ch\u0142opi\u0119ce kombinezony znajdziesz w kategorii <a href=\"https:\/\/mama-niemowlaka.pl\/sklep\/t\/kombinezon-zimowy-dla-chlopca\/\" target=\"_blank\" rel=\"noopener\"><strong>Kombinezon zimowy dla ch\u0142opca<\/strong><\/a>.<\/p>\n<h2><strong>Zimowe kombinezony dla dzieci i niemowl\u0105t w sklepie <a href=\"https:\/\/mama-niemowlaka.pl\/\">mama-niemowlaka.pl<\/a><\/strong><\/h2>\n<p>Je\u015bli szukasz ubranek dla swojego niemowlaka, to <a href=\"https:\/\/mama-niemowlaka.pl\/\"><strong>mama-niemowlaka.pl<\/strong><\/a> jest idealnym miejscem dla Ciebie. Oferujemy szeroki wyb\u00f3r ubranek dla niemowl\u0105t. Nasze produkty s\u0105 starannie wyselekcjonowane, aby zapewni\u0107 maksymalny komfort i bezpiecze\u0144stwo Twojemu dziecku. W naszym sklepie znajdziesz kombinezon dla noworodka i niemowlaka. W naszej ofercie s\u0105 r\u00f3\u017cne rodzaje kombinezon\u00f3w dla niemowl\u0105t: jesienne i zimowe kombinezony dla noworodk\u00f3w, ciep\u0142e kombinezony zimowe dla niemowl\u0105t, kombinezony niemowl\u0119ce na ch\u0142odne dni kombinezony niemowl\u0119ce dla ch\u0142opc\u00f3w i kombinezony dla dziewczynki. Dodatkowo, oferujemy szybk\u0105 dostaw\u0119 (w ci\u0105gu 48 godzin), darmow\u0105 wymian\u0119 oraz mo\u017cliwo\u015b\u0107 zwrotu w ci\u0105gu 14 dni. A je\u015bli Tw\u00f3j zakup przekroczy 249 PLN, masz darmow\u0105 dostaw\u0119!<\/p>\n<p>Nie tra\u0107 ju\u017c wi\u0119cej czasu na przeszukiwanie innych sklep\u00f3w \u2013 <a href=\"https:\/\/mama-niemowlaka.pl\/\"><strong>mama-niemowlaka.pl<\/strong><\/a> ma wszystko, czego potrzebujesz! Sprawd\u017a <a href=\"https:\/\/mama-niemowlaka.pl\/\"><strong>mama-niemowlaka.pl<\/strong><\/a> i wybierz kombinezon ocieplany niemowl\u0119cy ju\u017c dzi\u015b! Pozosta\u0142e modne kombinezony zimowe dla dzieci i niemowl\u0105t znajdziesz w kategorii <a href=\"https:\/\/mama-niemowlaka.pl\/sklep\/c\/ubranka\/kombinezony\/\" target=\"_blank\" rel=\"noopener\"><strong>kombinezony dla niemowl\u0105t<\/strong><\/a>.<\/p>\n<p>Kup kombinezon ch\u0142opi\u0119cy zimowy w sklepie <a href=\"https:\/\/mama-niemowlaka.pl\/sklep\/\">mama-niemowlaka.pl<\/a><\/p>\n","protected":false},"excerpt":{"rendered":"<p>Kombinezon zimowy ch\u0142opi\u0119cy w kolorze granatowym i uroczym wzorem w dinozaury to gruby, ocieplany kombinezon zimowy z kapturem. Gruby, funkcjonalny i jednocze\u015bnie uroczy kombinezon dzieci\u0119cy zimowy sprawdzi si\u0119 \u015bwietnie ju\u017c od pierwszych chwil niemowlaka. Na zewn\u0105trz jest wysokiej jako\u015b\u0107 po\u0142yskuj\u0105cy, wodoodporny materia\u0142 w kolorze granatowym w urocze dinozaury. Natomiast wewn\u0105trz ciep\u0142ego kombinezonu dla niemowlaka znajduje si\u0119 milutka w dotyku, puszysta i ciep\u0142a podszewka, przypominaj\u0105ca granatowego misia. Kombinezon niemowl\u0119cy rozpinany jest na dwa wygodne suwaki, kt\u00f3re ci\u0105gn\u0105 si\u0119 od szyjki a\u017c po same st\u00f3pki. Kombinezon niemowl\u0119cy zimowy ma kaptur, kt\u00f3ry doskonale ochroni ma\u0142\u0105 g\u0142\u00f3wk\u0119 przed wiatrem. Dodatkowo kaptur jest zapinany na rzep pod szyj\u0105. To bardzo ciep\u0142y kombinezon dla niemowlaka.<\/p>\n<p>Ocieplany kombinezon zimowy ch\u0142opi\u0119cy w kolorze granatowym wyst\u0119puje w trzech rozmiarach: 68, 74 i 80.<\/p>\n<p>Sk\u0142ad: 100% poliester<\/p>\n","protected":false},"featured_media":9409,"template":"","meta":[],"product_brand":[],"product_cat":[78,217,57],"product_tag":[145,211,229,232],"class_list":{"0":"post-19862","1":"product","2":"type-product","3":"status-publish","4":"has-post-thumbnail","6":"product_cat-kombinezony-dla-niemowlat","7":"product_cat-okrycia-wierzchnie","8":"product_cat-ubranka-niemowlece","9":"product_tag-ubranka-dla-niemowlat-chlopca","10":"product_tag-kombinezon","11":"product_tag-kombinezon-niemowlecy-zimowy","12":"product_tag-kombinezon-zimowy-dla-chlopca","13":"product_shipping_class-duza","14":"pa_rozmiar-313","15":"pa_rozmiar-314","16":"pa_rozmiar-315","18":"first","19":"instock","20":"taxable","21":"shipping-taxable","22":"purchasable","23":"product-type-variable","24":"has-default-attributes","25":"wvs-archive-product-wrapper"},"_links":{"self":[{"href":"https:\/\/mama-niemowlaka.pl\/sklep\/wp-json\/wp\/v2\/product\/19862","targetHints":{"allow":["GET"]}}],"collection":[{"href":"https:\/\/mama-niemowlaka.pl\/sklep\/wp-json\/wp\/v2\/product"}],"about":[{"href":"https:\/\/mama-niemowlaka.pl\/sklep\/wp-json\/wp\/v2\/types\/product"}],"wp:featuredmedia":[{"embeddable":true,"href":"https:\/\/mama-niemowlaka.pl\/sklep\/wp-json\/wp\/v2\/media\/9409"}],"wp:attachment":[{"href":"https:\/\/mama-niemowlaka.pl\/sklep\/wp-json\/wp\/v2\/media?parent=19862"}],"wp:term":[{"taxonomy":"product_brand","embeddable":true,"href":"https:\/\/mama-niemowlaka.pl\/sklep\/wp-json\/wp\/v2\/product_brand?post=19862"},{"taxonomy":"product_cat","embeddable":true,"href":"https:\/\/mama-niemowlaka.pl\/sklep\/wp-json\/wp\/v2\/product_cat?post=19862"},{"taxonomy":"product_tag","embeddable":true,"href":"https:\/\/mama-niemowlaka.pl\/sklep\/wp-json\/wp\/v2\/product_tag?post=19862"}],"curies":[{"name":"wp","href":"https:\/\/api.w.org\/{rel}","templated":true}]}}