{"id":19876,"date":"2025-01-13T01:03:52","date_gmt":"2025-01-13T00:03:52","guid":{"rendered":"https:\/\/mama-niemowlaka.pl\/sklep\/?post_type=product&#038;p=19876"},"modified":"2026-01-13T01:07:17","modified_gmt":"2026-01-13T00:07:17","slug":"koszula-do-porodu-i-karmienia-szara","status":"publish","type":"product","link":"https:\/\/mama-niemowlaka.pl\/sklep\/produkt\/dlamamy\/koszule-do-karmienia\/koszula-do-porodu-i-karmienia-szara\/","title":{"rendered":"Koszula do porodu i karmienia &#8211; szara"},"content":{"rendered":"<h2 data-pm-slice=\"1 1 []\"><strong>Dlaczego warto kupi\u0107 koszul\u0119 do porodu? Jednorazowa czy wielorazowa koszula do porodu?<\/strong><\/h2>\n<p>W szpitalu co prawda mo\u017cesz dosta\u0107 koszulk\u0119, ale zdecydowanie lepiej jest mie\u0107 w\u0142asn\u0105 koszul\u0119 ci\u0105\u017cow\u0105. Koszula do porodu i karmienia to specjalna koszula nocna zapewniaj\u0105ca du\u017c\u0105 wygod\u0119 podczas wydawania dziecka na \u015bwiat i opiek\u0119 nad nim w pierwszych miesi\u0105cach \u017cycia. To niezb\u0119dny element garderoby, kt\u00f3ry powinien znale\u017a\u0107 si\u0119 w wyprawce do szpitala. Musz\u0105 by\u0107 one wygodne zar\u00f3wno podczas le\u017cenia, jak i spacer\u00f3w po szpitalnym korytarzu. Gdy rozpocznie si\u0119 por\u00f3d, \u0142atwo je zdj\u0105\u0107 dzi\u0119ki mo\u017cliwo\u015bci rozpinana po ca\u0142ej d\u0142ugo\u015bci.<\/p>\n<p>Warto kupi\u0107 co najmniej trzy koszule ci\u0105\u017cowe do porodu i karmienia, poniewa\u017c taka odzie\u017c cz\u0119sto si\u0119 brudzi i trzeba zmienia\u0107 j\u0105 wielokrotnie w ci\u0105gu dnia. Najlepiej kupi\u0107 jedn\u0105 ta\u0144sz\u0105, kt\u00f3ra pos\u0142u\u017cy jak koszula porodowa, a pozosta\u0142e dro\u017csze, w kt\u00f3rych b\u0119dziesz mog\u0142a wygodnie karmi\u0107 nowo narodzone male\u0144stwo zar\u00f3wno w domu jak i w szpitalu. nocne karmienie maluszka w rozpinanej koszuli nocnej b\u0119dzie bardzo wygodne.<\/p>\n<h2><strong>Koszule do porodu i do karmienia w sklepie <a href=\"https:\/\/mama-niemowlaka.pl\">mama-niemowlaka.pl<\/a> \u2013 wybierz nasze koszule nocne ci\u0105\u017cowe do karmienia piersi\u0105<\/strong><\/h2>\n<p>W sklepie <a href=\"https:\/\/mama-niemowlaka.pl\"><strong>mama-niemowlaka.pl<\/strong><\/a> znajdziesz szeroki wyb\u00f3r koszul do karmienia piersi\u0105. Znajdziesz zar\u00f3wno koszule poporodowe, klasyczn\u0105 koszul\u0119 ci\u0105\u017cow\u0105 zapinan\u0105 na guziki, koszule na napy, koszule do karmienia na ekspres lub suwak jaki pi\u017camy ci\u0105\u017cowe. Znajdziesz koszule do karmienia w r\u00f3\u017cnych rozmiarach: od S do XXXL. Nasze produkty wysy\u0142amy w ci\u0105gu 48 godzin. Oferujemy bezp\u0142atn\u0105 wymian\u0119 i 14-dniowy zwrot. Dodatkowo, je\u015bli zam\u00f3wisz za minimum 249 z\u0142, dostawa b\u0119dzie ca\u0142kowicie bezp\u0142atna. Nasze produkty s\u0105 starannie dobierane tak, aby zapewni\u0107 Ci maksymalny komfort i bezpiecze\u0144stwo. Nie musisz ju\u017c traci\u0107 czasu na przeszukiwanie innych sklep\u00f3w. <a href=\"https:\/\/mama-niemowlaka.pl\"><strong>mama-niemowlaka.pl<\/strong><\/a> ma wszystko, czego potrzebujesz! Skorzystaj z naszych us\u0142ug ju\u017c teraz i sprawd\u017a nasz\u0105 ofert\u0119 komfortowych koszul nocnych do karmienia, odzie\u017c ci\u0105\u017cow\u0105, bielizn\u0119 dla przysz\u0142ych mam oraz ubranka dla niemowl\u0105t ju\u017c dzi\u015b! Sprawd\u017a nasze pozosta\u0142e koszule do porodu i karmienia piersi\u0105, znajdziesz je w kategorii <a href=\"https:\/\/mama-niemowlaka.pl\/sklep\/c\/dlamamy\/koszule-do-karmienia\/\" target=\"_blank\" rel=\"noopener\"><strong>koszule do karmienia<\/strong><\/a>.<\/p>\n<p>Sprawd\u017a nasz\u0105 ofert\u0119 koszul i kup ju\u017c dzi\u015b wygodn\u0105 koszul\u0119 ci\u0105\u017cow\u0105. Pami\u0119taj, aby wyprawk\u0119 do szpitala dla m\u0142odej mamy uzupe\u0142ni\u0107 o bielizn\u0119 poporodow\u0105. Sprawd\u017a koniecznie nasz\u0105 ofert\u0119 majtek poporodowych i biustonoszy do karmienia &#8211; <a href=\"https:\/\/mama-niemowlaka.pl\/sklep\/c\/dlamamy\/bielizna-poporodowa\/\" target=\"_blank\" rel=\"noopener\"><strong>bielizna poporodowa<\/strong><\/a>.<\/p>\n","protected":false},"excerpt":{"rendered":"<p data-pm-slice=\"1 1 []\">Koszula do porodu i karmienia z d\u0142ugim r\u0119kawem w kolorze szarym. Koszula do karmienia rozpinana jest po ca\u0142ej d\u0142ugo\u015bci, co pozwala nie tylko ja wygod\u0119 podczas porodu ale r\u00f3wnie\u017c umo\u017cliwiaj\u0105ce wygodne karmienie dziecka. Koszula nocna do porodu i karmienia to jeden z element\u00f3w szpitalnej wyprawki. Koszula porodowa musi by\u0107 wygodna, przewiewna i mie\u0107 rozwi\u0105zania, kt\u00f3re u\u0142atwia badanie, ktg czy ju\u017c po porodzie przytulenie male\u0144stwa do piersi. Nasza koszula nocna do porodu i karmienia zosta\u0142a uszyta z mi\u0142ego w dotyku i delikatnego materia\u0142u, aby nie podra\u017cni\u0142 sk\u00f3ry mamy i jej male\u0144stwa. Dodatkowo koszula porodowa posiada jedn\u0105 kieszonk\u0119, na lewej piersi na ma\u0142e drobiazgi.<\/p>\n<p>Koszula do porodu i karmienia w kolorze szarym wyst\u0119puje w pi\u0119ciu rozmiarach: S, M, L, XL, XXL.<\/p>\n<p>Sk\u0142ad: 70% bawe\u0142na, 30% poliester<\/p>\n","protected":false},"featured_media":9632,"template":"","meta":[],"product_brand":[],"product_cat":[97,64],"product_tag":[214,119,236,138,146,218,259,258,98,257,260,261,331],"class_list":{"0":"post-19876","1":"product","2":"type-product","3":"status-publish","4":"has-post-thumbnail","6":"product_cat-koszule-do-karmienia","7":"product_cat-dlamamy","8":"product_tag-bestseller","9":"product_tag-dla-mamy","10":"product_tag-koszula-do-karmienia","11":"product_tag-koszule-ciazowe","12":"product_tag-koszule-ciazowe-do-karmienia","13":"product_tag-koszule-do-porodu","14":"product_tag-koszula-do-karmienia-l","15":"product_tag-koszula-do-karmienia-m","16":"product_tag-koszule-nocne-do-karmienia","17":"product_tag-koszula-do-karmienia-s","18":"product_tag-koszula-do-karmienia-xl","19":"product_tag-koszula-do-karmienia-xxl","20":"product_tag-koszulka-nocna-do-karmienia","21":"product_shipping_class-lekka","22":"pa_rozmiar-2xl","23":"pa_rozmiar-l","24":"pa_rozmiar-m","25":"pa_rozmiar-s","26":"pa_rozmiar-xl","28":"first","29":"instock","30":"taxable","31":"shipping-taxable","32":"purchasable","33":"product-type-variable","34":"has-default-attributes","35":"wvs-archive-product-wrapper"},"_links":{"self":[{"href":"https:\/\/mama-niemowlaka.pl\/sklep\/wp-json\/wp\/v2\/product\/19876","targetHints":{"allow":["GET"]}}],"collection":[{"href":"https:\/\/mama-niemowlaka.pl\/sklep\/wp-json\/wp\/v2\/product"}],"about":[{"href":"https:\/\/mama-niemowlaka.pl\/sklep\/wp-json\/wp\/v2\/types\/product"}],"wp:featuredmedia":[{"embeddable":true,"href":"https:\/\/mama-niemowlaka.pl\/sklep\/wp-json\/wp\/v2\/media\/9632"}],"wp:attachment":[{"href":"https:\/\/mama-niemowlaka.pl\/sklep\/wp-json\/wp\/v2\/media?parent=19876"}],"wp:term":[{"taxonomy":"product_brand","embeddable":true,"href":"https:\/\/mama-niemowlaka.pl\/sklep\/wp-json\/wp\/v2\/product_brand?post=19876"},{"taxonomy":"product_cat","embeddable":true,"href":"https:\/\/mama-niemowlaka.pl\/sklep\/wp-json\/wp\/v2\/product_cat?post=19876"},{"taxonomy":"product_tag","embeddable":true,"href":"https:\/\/mama-niemowlaka.pl\/sklep\/wp-json\/wp\/v2\/product_tag?post=19876"}],"curies":[{"name":"wp","href":"https:\/\/api.w.org\/{rel}","templated":true}]}}