{"id":19938,"date":"2025-01-15T00:13:25","date_gmt":"2025-01-14T23:13:25","guid":{"rendered":"https:\/\/mama-niemowlaka.pl\/sklep\/?post_type=product&#038;p=19938"},"modified":"2026-01-15T00:16:00","modified_gmt":"2026-01-14T23:16:00","slug":"body-niemowlece-z-dlugim-rekawem-i-kieszonka-mietowy","status":"publish","type":"product","link":"https:\/\/mama-niemowlaka.pl\/sklep\/produkt\/ubranka-niemowlece\/body-niemowlece\/body-niemowlece-z-dlugim-rekawem-i-kieszonka-mietowy\/","title":{"rendered":"Body niemowl\u0119ce z d\u0142ugim r\u0119kawem i kieszonk\u0105 &#8211; mi\u0119towe"},"content":{"rendered":"<h2>Body niemowl\u0119ce bawe\u0142niane<\/h2>\n<p>Bawe\u0142niane body niemowl\u0119ce z d\u0142ugim r\u0119kawem w kolorze mi\u0119towym z kieszonk\u0105 wykonane z mi\u0119kkiej i elastycznej bawe\u0142ny. Body z d\u0142ugim r\u0119kawem s\u0105 bardzo praktyczne &#8211; zapinane na dwa guziczki pod szyj\u0105. Body zapinane w kroku na bezpieczne bezniklowe napki, kt\u00f3re pozwalaj\u0105 na sprawne przewini\u0119cie dziecka.<\/p>\n<p>Body niemowl\u0119ce to najcz\u0119\u015bciej wybierane ubranko dla niemowlaka ze wzgl\u0119du na sw\u00f3j praktyczny kr\u00f3j. Doskonale sprawdz\u0105 si\u0119 u dzieci, kt\u00f3re nosz\u0105 pieluszk\u0119, gdy\u017c zapewniaj\u0105 do niej wygodny i szybki dost\u0119p nawet podczas drzemki. Ponadto, \u015bwietnie j\u0105 podtrzymuj\u0105 i chroni\u0105 plecki niemowlaka przed wyzi\u0119bieniem.<\/p>\n<p>Body niemowl\u0119ce sprawdz\u0105 si\u0119 w wielu okazjach. Mog\u0105 stanowi\u0107 samodzielne ubranko lub tworzy\u0107 uroczy zestaw z innymi ubrankami, takimi jak: spodenki dresowe lub p\u00f3\u0142\u015bpiochy. Mog\u0105 by\u0107 r\u00f3wnie\u017c noszone jako bielizna pod cieplejsze ubranka takie jak dresiki niemowl\u0119ce czy kombinezony.<\/p>\n<h3>Body niemowl\u0119ce z kieszonk\u0105 wyst\u0119puj\u0105 w dw\u00f3ch kolorach:<\/h3>\n<ul>\n<li>\n<h3><a href=\"https:\/\/mama-niemowlaka.pl\/sklep\/produkt\/ubranka\/body-i-pajacyki\/body-niemowlece-z-kieszonka-mietowy\/\" target=\"_blank\" rel=\"noopener\">mi\u0119towy<\/a>,<\/h3>\n<\/li>\n<li>\n<h3><a href=\"https:\/\/mama-niemowlaka.pl\/sklep\/produkt\/ubranka\/body-i-pajacyki\/body-niemowlece-z-kieszonka-ecru\/\" target=\"_blank\" rel=\"noopener\">ecru<\/a>.<\/h3>\n<\/li>\n<\/ul>\n<p><span style=\"font-weight: 400;\">Sk\u0142ad: <\/span><span style=\"font-weight: 400;\">100% bawe\u0142na<br \/>\n<\/span><\/p>\n","protected":false},"excerpt":{"rendered":"<h2>Body niemowl\u0119ce bawe\u0142niane<\/h2>\n<p>Bawe\u0142niane body niemowl\u0119ce z d\u0142ugim r\u0119kawem w kolorze mi\u0119towym z kieszonk\u0105 wykonane z mi\u0119kkiej i elastycznej bawe\u0142ny. Body z d\u0142ugim r\u0119kawem s\u0105 bardzo praktyczne &#8211; zapinane na dwa guziczki pod szyj\u0105. Body zapinane w kroku na bezpieczne bezniklowe napki, kt\u00f3re pozwalaj\u0105 na sprawne przewini\u0119cie dziecka.<\/p>\n<p>Body niemowl\u0119ce to najcz\u0119\u015bciej wybierane ubranko dla niemowlaka ze wzgl\u0119du na sw\u00f3j praktyczny kr\u00f3j. Doskonale sprawdz\u0105 si\u0119 u dzieci, kt\u00f3re nosz\u0105 pieluszk\u0119, gdy\u017c zapewniaj\u0105 do niej wygodny i szybki dost\u0119p nawet podczas drzemki. Ponadto, \u015bwietnie j\u0105 podtrzymuj\u0105 i chroni\u0105 plecki niemowlaka przed wyzi\u0119bieniem.<\/p>\n<p>Body niemowl\u0119ce sprawdz\u0105 si\u0119 w wielu okazjach. Mog\u0105 stanowi\u0107 samodzielne ubranko lub tworzy\u0107 uroczy zestaw z innymi ubrankami, takimi jak: spodenki dresowe lub p\u00f3\u0142\u015bpiochy. Mog\u0105 by\u0107 r\u00f3wnie\u017c noszone jako bielizna pod cieplejsze ubranka takie jak dresiki niemowl\u0119ce czy kombinezony.<\/p>\n<h3>Body niemowl\u0119ce z kieszonk\u0105 wyst\u0119puj\u0105 w dw\u00f3ch kolorach:<\/h3>\n<ul>\n<li>\n<h3><a href=\"https:\/\/mama-niemowlaka.pl\/sklep\/produkt\/ubranka\/body-i-pajacyki\/body-niemowlece-z-kieszonka-mietowy\/\" target=\"_blank\" rel=\"noopener\">mi\u0119towy<\/a>,<\/h3>\n<\/li>\n<li>\n<h3><a href=\"https:\/\/mama-niemowlaka.pl\/sklep\/produkt\/ubranka\/body-i-pajacyki\/body-niemowlece-z-kieszonka-ecru\/\" target=\"_blank\" rel=\"noopener\">ecru<\/a>.<\/h3>\n<\/li>\n<\/ul>\n<p><span style=\"font-weight: 400;\">Sk\u0142ad: <\/span><span style=\"font-weight: 400;\">100% bawe\u0142na<\/span><\/p>\n","protected":false},"featured_media":4936,"template":"","meta":[],"product_brand":[],"product_cat":[137,57],"product_tag":[118,161,250,252,247,145],"class_list":{"0":"post-19938","1":"product","2":"type-product","3":"status-publish","4":"has-post-thumbnail","6":"product_cat-body-niemowlece","7":"product_cat-ubranka-niemowlece","8":"product_tag-bawelna","9":"product_tag-body-dla-niemowlat","10":"product_tag-body-dla-chlopca","11":"product_tag-body-dla-noworodka","12":"product_tag-body-z-dlugim-rekawem","13":"product_tag-ubranka-dla-niemowlat-chlopca","14":"product_shipping_class-lekka","15":"pa_rozmiar-312","16":"pa_rozmiar-313","17":"pa_rozmiar-314","18":"pa_rozmiar-315","19":"pa_rozmiar-316","21":"first","22":"instock","23":"taxable","24":"shipping-taxable","25":"purchasable","26":"product-type-variable","27":"has-default-attributes","28":"wvs-archive-product-wrapper"},"_links":{"self":[{"href":"https:\/\/mama-niemowlaka.pl\/sklep\/wp-json\/wp\/v2\/product\/19938","targetHints":{"allow":["GET"]}}],"collection":[{"href":"https:\/\/mama-niemowlaka.pl\/sklep\/wp-json\/wp\/v2\/product"}],"about":[{"href":"https:\/\/mama-niemowlaka.pl\/sklep\/wp-json\/wp\/v2\/types\/product"}],"wp:featuredmedia":[{"embeddable":true,"href":"https:\/\/mama-niemowlaka.pl\/sklep\/wp-json\/wp\/v2\/media\/4936"}],"wp:attachment":[{"href":"https:\/\/mama-niemowlaka.pl\/sklep\/wp-json\/wp\/v2\/media?parent=19938"}],"wp:term":[{"taxonomy":"product_brand","embeddable":true,"href":"https:\/\/mama-niemowlaka.pl\/sklep\/wp-json\/wp\/v2\/product_brand?post=19938"},{"taxonomy":"product_cat","embeddable":true,"href":"https:\/\/mama-niemowlaka.pl\/sklep\/wp-json\/wp\/v2\/product_cat?post=19938"},{"taxonomy":"product_tag","embeddable":true,"href":"https:\/\/mama-niemowlaka.pl\/sklep\/wp-json\/wp\/v2\/product_tag?post=19938"}],"curies":[{"name":"wp","href":"https:\/\/api.w.org\/{rel}","templated":true}]}}