{"id":19944,"date":"2024-01-15T01:02:11","date_gmt":"2024-01-15T00:02:11","guid":{"rendered":"https:\/\/mama-niemowlaka.pl\/sklep\/?post_type=product&#038;p=19944"},"modified":"2026-03-24T01:00:18","modified_gmt":"2026-03-24T00:00:18","slug":"koszulobody-biale","status":"publish","type":"product","link":"https:\/\/mama-niemowlaka.pl\/sklep\/produkt\/ubranka-niemowlece\/body-niemowlece\/koszulobody-biale\/","title":{"rendered":"Koszulobody niemowl\u0119ce &#8211; bia\u0142e"},"content":{"rendered":"<h2>Klasyczne, eleganckie body bawe\u0142niane z ko\u0142nierzykiem, z d\u0142ugim r\u0119kawem.<\/h2>\n<p>Koszulobody to absolutna konieczno\u015b\u0107 garderoby ka\u017cdego niemowlaka. Specjalny kr\u00f3j ubranka zapewnia dziecku wi\u0119kszy zakres ruchu i pozwala sk\u00f3rze oddycha\u0107.<\/p>\n<div>Koszulobody ch\u0142opi\u0119ce doskonale sprawdz\u0105 si\u0119 jako eleganckie ubranko dla ch\u0142opca do Chrztu, na Roczek, na wesele i inne uroczysto\u015bci.<\/div>\n<div><\/div>\n<div>Wyj\u0105tkowe koszulobody z d\u0142ugim r\u0119kawem wykonane s\u0105 z mi\u0119kkiej bawe\u0142ny, wysokiej jako\u015bci. Body niemowl\u0119ce z ko\u0142nierzykiem s\u0105 bardzo przyjemne dla sk\u00f3ry dziecka oraz bardzo \u0142atwe w prasowaniu. Body bia\u0142e sprzedawane s\u0105 w zestawie z b\u0142\u0119kitn\u0105 poszetk\u0105. Koszulobody s\u0105 zapiane na guziki, ale tylko do pasa co zapewnia dziecku niezwyk\u0142y komfort. Dzi\u0119ki czemu, gdy dziecko siedzi koszula nie rozchodzi si\u0119 na brzuszku. Na dole, w kroku koszulobody s\u0105 zapinane jak klasyczne body na napki, kt\u00f3re nie zawieraj\u0105 niklu.<\/div>\n<div>Koszulobody bia\u0142e s\u0105 dost\u0119pne w r\u00f3\u017cnych rozmiarach, co pozwala na dopasowanie ich do wieku i rozmiaru dziecka. Ich klasyczna biel pozwala na dowolne zestawianie ich z innymi elementami garderoby, co sprawia, \u017ce koszulobody s\u0105 niezwykle uniwersalnym wyborem.<\/div>\n<h3>Bia\u0142e koszulobody \u015bwietnie skomponuj\u0105 si\u0119 z <a href=\"https:\/\/mama-niemowlaka.pl\/sklep\/produkt\/ubranka\/spodnie\/spodnie-niemowlece-dla-chlopca-granatowe\/\" target=\"_blank\" rel=\"noopener noreferrer\">eleganckimi spodniami<\/a> lub zwyk\u0142ymi jeansami. <a href=\"https:\/\/mama-niemowlaka.pl\/sklep\/produkt\/ubranka\/dodatki\/zestaw-szelki-i-mucha-dla-chlopca-granatowe\/\" target=\"_blank\" rel=\"noopener noreferrer\">Mucha i szelki<\/a> dodadz\u0105 ca\u0142e stylizacji elegancji. Stw\u00f3rz idealn\u0105 stylizacj\u0119 wybieraj\u0105c zestaw spodnie, koszulobody oraz mucha z oferty naszego sklepu internetowego.<\/h3>\n<div><\/div>\n<div>Klasyczna bia\u0142a koszula niezast\u0105piona podczas wyj\u0105tkowych uroczysto\u015bci takich jak Chrzest \u015awi\u0119ty, urodziny czy wesele.<\/div>\n<h2>Bia\u0142e koszulobody niemowl\u0119ce to odpowiednik klasycznej bia\u0142ej, eleganckiej koszuli idealne na chrzest \u015bwi\u0119ty Twojego dziecka.<\/h2>\n<p><span style=\"font-weight: 400;\">Sk\u0142ad: <\/span><span style=\"font-weight: 400;\">100% bawe\u0142na<\/span><\/p>\n<h3><span style=\"font-weight: 400;\">Wymiary body koszulowego:<\/span><\/h3>\n<table>\n<tbody>\n<tr>\n<td><b>Koszulobody<\/b><\/td>\n<td><b>70<\/b><\/td>\n<td><b>80<\/b><\/td>\n<td><b>90<\/b><\/td>\n<\/tr>\n<tr>\n<td><span style=\"font-weight: 400;\">D\u0142ugo\u015b\u0107 ca\u0142kowita<\/span><\/td>\n<td><span style=\"font-weight: 400;\">46cm<\/span><\/td>\n<td><span style=\"font-weight: 400;\">47,7cm<\/span><\/td>\n<td><span style=\"font-weight: 400;\">49cm<\/span><\/td>\n<\/tr>\n<tr>\n<td><span style=\"font-weight: 400;\">D\u0142. od pachy do pachy<\/span><\/td>\n<td><span style=\"font-weight: 400;\">26cm<\/span><\/td>\n<td><span style=\"font-weight: 400;\">27cm<\/span><\/td>\n<td><span style=\"font-weight: 400;\">30cm<\/span><\/td>\n<\/tr>\n<tr>\n<td><span style=\"font-weight: 400;\">D\u0142ugo\u015b\u0107 r\u0119kawa<\/span><\/td>\n<td><span style=\"font-weight: 400;\">26,5cm<\/span><\/td>\n<td><span style=\"font-weight: 400;\">28cm<\/span><\/td>\n<td><span style=\"font-weight: 400;\">28cm<\/span><\/td>\n<\/tr>\n<\/tbody>\n<\/table>\n","protected":false},"excerpt":{"rendered":"<h2>Klasyczne, eleganckie body bawe\u0142niane z ko\u0142nierzykiem, z d\u0142ugim r\u0119kawem.<\/h2>\n<p>Koszulobody to absolutna konieczno\u015b\u0107 garderoby ka\u017cdego niemowlaka. Specjalny kr\u00f3j ubranka zapewnia dziecku wi\u0119kszy zakres ruchu i pozwala sk\u00f3rze oddycha\u0107.<\/p>\n<div>Koszulobody ch\u0142opi\u0119ce doskonale sprawdz\u0105 si\u0119 jako eleganckie ubranko dla ch\u0142opca do Chrztu, na Roczek, na wesele i inne uroczysto\u015bci.<\/div>\n<div><\/div>\n<div>Wyj\u0105tkowe koszulobody z d\u0142ugim r\u0119kawem wykonane s\u0105 z mi\u0119kkiej bawe\u0142ny, wysokiej jako\u015bci. Body niemowl\u0119ce z ko\u0142nierzykiem s\u0105 bardzo przyjemne dla sk\u00f3ry dziecka oraz bardzo \u0142atwe w prasowaniu. Body bia\u0142e sprzedawane s\u0105 w zestawie z b\u0142\u0119kitn\u0105 poszetk\u0105. Koszulobody s\u0105 zapiane na guziki, ale tylko do pasa co zapewnia dziecku niezwyk\u0142y komfort. Dzi\u0119ki czemu, gdy dziecko siedzi koszula nie rozchodzi si\u0119 na brzuszku. Na dole, w kroku koszulobody s\u0105 zapinane jak klasyczne body na napki, kt\u00f3re nie zawieraj\u0105 niklu.<\/div>\n<div>Koszulobody bia\u0142e s\u0105 dost\u0119pne w r\u00f3\u017cnych rozmiarach, co pozwala na dopasowanie ich do wieku i rozmiaru dziecka. Ich klasyczna biel pozwala na dowolne zestawianie ich z innymi elementami garderoby, co sprawia, \u017ce koszulobody s\u0105 niezwykle uniwersalnym wyborem.<\/div>\n<h3>Bia\u0142e koszulobody \u015bwietnie skomponuj\u0105 si\u0119 z <a href=\"https:\/\/mama-niemowlaka.pl\/sklep\/produkt\/ubranka\/spodnie\/spodnie-niemowlece-dla-chlopca-granatowe\/\" target=\"_blank\" rel=\"noopener noreferrer\">eleganckimi spodniami<\/a> lub zwyk\u0142ymi jeansami. <a href=\"https:\/\/mama-niemowlaka.pl\/sklep\/produkt\/ubranka\/dodatki\/zestaw-szelki-i-mucha-dla-chlopca-granatowe\/\" target=\"_blank\" rel=\"noopener noreferrer\">Mucha i szelki<\/a> dodadz\u0105 ca\u0142e stylizacji elegancji. Stw\u00f3rz idealn\u0105 stylizacj\u0119 wybieraj\u0105c zestaw spodnie, koszulobody oraz mucha z oferty naszego sklepu internetowego.<\/h3>\n<div><\/div>\n<div>Klasyczna bia\u0142a koszula niezast\u0105piona podczas wyj\u0105tkowych uroczysto\u015bci takich jak Chrzest \u015awi\u0119ty, urodziny czy wesele.<\/div>\n<h2>Bia\u0142e koszulobody niemowl\u0119ce to odpowiednik klasycznej bia\u0142ej, eleganckiej koszuli idealne na chrzest \u015bwi\u0119ty Twojego dziecka.<\/h2>\n<p><span style=\"font-weight: 400;\">Sk\u0142ad: <\/span><span style=\"font-weight: 400;\">100% bawe\u0142na<\/span><\/p>\n<h3><span style=\"font-weight: 400;\">Wymiary body koszulowego:<\/span><\/h3>\n<table>\n<tbody>\n<tr>\n<td><b>Koszulobody<\/b><\/td>\n<td><b>70<\/b><\/td>\n<td><b>80<\/b><\/td>\n<td><b>90<\/b><\/td>\n<\/tr>\n<tr>\n<td><span style=\"font-weight: 400;\">D\u0142ugo\u015b\u0107 ca\u0142kowita<\/span><\/td>\n<td><span style=\"font-weight: 400;\">46cm<\/span><\/td>\n<td><span style=\"font-weight: 400;\">47,7cm<\/span><\/td>\n<td><span style=\"font-weight: 400;\">49cm<\/span><\/td>\n<\/tr>\n<tr>\n<td><span style=\"font-weight: 400;\">D\u0142. od pachy do pachy<\/span><\/td>\n<td><span style=\"font-weight: 400;\">26cm<\/span><\/td>\n<td><span style=\"font-weight: 400;\">27cm<\/span><\/td>\n<td><span style=\"font-weight: 400;\">30cm<\/span><\/td>\n<\/tr>\n<tr>\n<td><span style=\"font-weight: 400;\">D\u0142ugo\u015b\u0107 r\u0119kawa<\/span><\/td>\n<td><span style=\"font-weight: 400;\">26,5cm<\/span><\/td>\n<td><span style=\"font-weight: 400;\">28cm<\/span><\/td>\n<td><span style=\"font-weight: 400;\">28cm<\/span><\/td>\n<\/tr>\n<\/tbody>\n<\/table>\n","protected":false},"featured_media":1718,"template":"","meta":[],"product_brand":[],"product_cat":[137,135,57],"product_tag":[118,214,161,250,238,125,145,155,248,342,343],"class_list":{"0":"post-19944","1":"product","2":"type-product","3":"status-publish","4":"has-post-thumbnail","6":"product_cat-body-niemowlece","7":"product_cat-eleganckie-ubranka-dla-niemowlaka","8":"product_cat-ubranka-niemowlece","9":"product_tag-bawelna","10":"product_tag-bestseller","11":"product_tag-body-dla-niemowlat","12":"product_tag-body-dla-chlopca","13":"product_tag-ubranka-swiateczne-dla-niemowlaka","14":"product_tag-ubranka-do-chrztu","15":"product_tag-ubranka-dla-niemowlat-chlopca","16":"product_tag-eleganckie","17":"product_tag-eleganckie-body","18":"product_tag-koszulobody","19":"product_tag-ubranka-do-chrztu-dla-chlopca","20":"product_shipping_class-lekka","21":"pa_rozmiar-357","22":"pa_rozmiar-315","23":"pa_rozmiar-317","25":"first","26":"instock","27":"taxable","28":"shipping-taxable","29":"purchasable","30":"product-type-variable","31":"has-default-attributes","32":"wvs-archive-product-wrapper"},"_links":{"self":[{"href":"https:\/\/mama-niemowlaka.pl\/sklep\/wp-json\/wp\/v2\/product\/19944","targetHints":{"allow":["GET"]}}],"collection":[{"href":"https:\/\/mama-niemowlaka.pl\/sklep\/wp-json\/wp\/v2\/product"}],"about":[{"href":"https:\/\/mama-niemowlaka.pl\/sklep\/wp-json\/wp\/v2\/types\/product"}],"wp:featuredmedia":[{"embeddable":true,"href":"https:\/\/mama-niemowlaka.pl\/sklep\/wp-json\/wp\/v2\/media\/1718"}],"wp:attachment":[{"href":"https:\/\/mama-niemowlaka.pl\/sklep\/wp-json\/wp\/v2\/media?parent=19944"}],"wp:term":[{"taxonomy":"product_brand","embeddable":true,"href":"https:\/\/mama-niemowlaka.pl\/sklep\/wp-json\/wp\/v2\/product_brand?post=19944"},{"taxonomy":"product_cat","embeddable":true,"href":"https:\/\/mama-niemowlaka.pl\/sklep\/wp-json\/wp\/v2\/product_cat?post=19944"},{"taxonomy":"product_tag","embeddable":true,"href":"https:\/\/mama-niemowlaka.pl\/sklep\/wp-json\/wp\/v2\/product_tag?post=19944"}],"curies":[{"name":"wp","href":"https:\/\/api.w.org\/{rel}","templated":true}]}}