{"id":20039,"date":"2024-01-22T00:36:31","date_gmt":"2024-01-21T23:36:31","guid":{"rendered":"https:\/\/mama-niemowlaka.pl\/sklep\/?post_type=product&#038;p=20039"},"modified":"2026-01-22T00:39:59","modified_gmt":"2026-01-21T23:39:59","slug":"tunika-ciazowa-do-karmienia-rozowa","status":"publish","type":"product","link":"https:\/\/mama-niemowlaka.pl\/sklep\/produkt\/dlamamy\/koszule-do-karmienia\/tunika-ciazowa-do-karmienia-rozowa\/","title":{"rendered":"Tunika ci\u0105\u017cowa do karmienia piersi\u0105 &#8211; r\u00f3\u017cowa"},"content":{"rendered":"<h2 data-pm-slice=\"1 1 []\"><strong>Tunika ci\u0105\u017cowa do karmienia piersi\u0105<\/strong><\/h2>\n<p data-pm-slice=\"1 1 []\">Tunika ci\u0105\u017cowa do karmienia zosta\u0142a zaprojektowana z my\u015bl\u0105 o komforcie i stylu. Jej oversize&#8217;owy fason pozwala na swobod\u0119 ruchu i ukrycie ewentualnych niedoskona\u0142o\u015bci sylwetki po ci\u0105\u017cy. Tunika si\u0119ga do kolana, dzi\u0119ki czemu masz swobod\u0119 poruszania si\u0119. Tunika o fasonie bombki, kt\u00f3ry jest niesamowicie wygodny. Wykonana z wysokiej jako\u015bci tkaniny, jest przyjemna w dotyku i zapewnia odpowiedni\u0105 wentylacj\u0119 w cieplejsze dni.<\/p>\n<p>Najwa\u017cniejszym elementem tej tuniki jest mo\u017cliwo\u015b\u0107 karmienia, dzi\u0119ki specjalnie zaprojektowanym dw\u00f3m suwakom przy dekolcie. To rozwi\u0105zanie pozwala Ci szybko i wygodnie ods\u0142oni\u0107 piersi w celu karmienia swojego dziecka. Ten praktyczny detal gwarantuje pe\u0142n\u0105 prywatno\u015b\u0107 i dyskrecj\u0119, nawet w miejscach publicznych.<\/p>\n<p>Tunika posiada r\u00f3wnie\u017c dwie kieszenie.<\/p>\n<h2><strong>Wygodny outfit ci\u0105\u017cowy<\/strong><\/h2>\n<p>Dodatkowym atutem tej tuniki jest jej wszechstronno\u015b\u0107. Nie tylko s\u0142u\u017cy jako ubranie do karmienia, ale r\u00f3wnie\u017c jako wygodna tunika na ca\u0142y okres ci\u0105\u017cy. Elastyczne i rozci\u0105gliwe materia\u0142y doskonale dopasowuj\u0105 si\u0119 do zmieniaj\u0105cego si\u0119 brzucha, zapewniaj\u0105c komfort i wygod\u0119 przez ca\u0142y czas. R\u00f3\u017cowa kratka dodaje jej uroku i \u015bwie\u017co\u015bci, a oversize&#8217;owy kr\u00f3j nadaje casualowego, modnego looku. Mo\u017cesz j\u0105 nosi\u0107 zar\u00f3wno na co dzie\u0144, jak i u\u017cywa\u0107 jako koszuli nocnej.<\/p>\n<p>Niezale\u017cnie od tego, czy jeste\u015b w domu, czy w podr\u00f3\u017cy, ta tunika zapewni Ci wygod\u0119 i pewno\u015b\u0107 siebie podczas karmienia Twojego dziecka.<\/p>\n<p>Sk\u0142ad:\u00a0 100% bawe\u0142na<\/p>\n<p>Polska produkcja i design.<\/p>\n<table width=\"700\">\n<tbody>\n<tr>\n<td><strong>Rozmiar<\/strong><\/td>\n<td style=\"text-align: center;\"><strong>S<\/strong><\/td>\n<td style=\"text-align: center;\"><strong>M<\/strong><\/td>\n<td style=\"text-align: center;\"><strong>L<\/strong><\/td>\n<td style=\"text-align: center;\"><strong>XL<\/strong><\/td>\n<td style=\"text-align: center;\"><strong>XXL<\/strong><\/td>\n<\/tr>\n<tr>\n<td>Obw\u00f3d w biodrach<\/td>\n<td style=\"text-align: center;\">88-94 cm<\/td>\n<td style=\"text-align: center;\">94-100 cm<\/td>\n<td style=\"text-align: center;\">\u00a0100-106 cm<\/td>\n<td style=\"text-align: center;\">106-112 cm<\/td>\n<td style=\"text-align: center;\">112-120 cm<\/td>\n<\/tr>\n<tr>\n<td>Obw\u00f3d w klatce piersiowej<\/td>\n<td style=\"text-align: center;\">84-90 cm<\/td>\n<td style=\"text-align: center;\">90-96 cm<\/td>\n<td style=\"text-align: center;\">96-102 cm<\/td>\n<td style=\"text-align: center;\">102-108 cm<\/td>\n<td style=\"text-align: center;\">108-114 cm<\/td>\n<\/tr>\n<\/tbody>\n<\/table>\n","protected":false},"excerpt":{"rendered":"<p data-pm-slice=\"1 1 []\">Tunika ci\u0105\u017cowa do karmienia w kolorze r\u00f3\u017cowej kratki jest idealnym rozwi\u0105zaniem dla mam, kt\u00f3re potrzebuj\u0105 modnego i wygodnego ubrania, umo\u017cliwiaj\u0105cego wygodne karmienie swojego dziecka. To wygodny i kobiecy str\u00f3j do spania, doskona\u0142y dla kobiet w ci\u0105\u017cy, karmi\u0105cych a tak\u017ce puszystych.<\/p>\n<p>Tunika ci\u0105\u017cowa do karmienia piersi\u0105 dost\u0119pna jest w pi\u0119ciu rozmiarach.<\/p>\n<p>Sk\u0142ad:\u00a0 100% bawe\u0142na<\/p>\n<p>Polska produkcja i design.<\/p>\n","protected":false},"featured_media":7648,"template":"","meta":[],"product_brand":[],"product_cat":[97,64],"product_tag":[118,119,236,138,146,259,258,98,257,260,261,256,159,356],"class_list":{"0":"post-20039","1":"product","2":"type-product","3":"status-publish","4":"has-post-thumbnail","6":"product_cat-koszule-do-karmienia","7":"product_cat-dlamamy","8":"product_tag-bawelna","9":"product_tag-dla-mamy","10":"product_tag-koszula-do-karmienia","11":"product_tag-koszule-ciazowe","12":"product_tag-koszule-ciazowe-do-karmienia","13":"product_tag-koszula-do-karmienia-l","14":"product_tag-koszula-do-karmienia-m","15":"product_tag-koszule-nocne-do-karmienia","16":"product_tag-koszula-do-karmienia-s","17":"product_tag-koszula-do-karmienia-xl","18":"product_tag-koszula-do-karmienia-xxl","19":"product_tag-koszule-do-karmienia-na-zamek","20":"product_tag-tunika","21":"product_tag-tuniki-ciazowe","22":"product_shipping_class-lekka","23":"pa_rozmiar-2xl","24":"pa_rozmiar-l","25":"pa_rozmiar-m","26":"pa_rozmiar-s","27":"pa_rozmiar-xl","29":"first","30":"instock","31":"taxable","32":"shipping-taxable","33":"purchasable","34":"product-type-variable","35":"has-default-attributes","36":"wvs-archive-product-wrapper"},"_links":{"self":[{"href":"https:\/\/mama-niemowlaka.pl\/sklep\/wp-json\/wp\/v2\/product\/20039","targetHints":{"allow":["GET"]}}],"collection":[{"href":"https:\/\/mama-niemowlaka.pl\/sklep\/wp-json\/wp\/v2\/product"}],"about":[{"href":"https:\/\/mama-niemowlaka.pl\/sklep\/wp-json\/wp\/v2\/types\/product"}],"wp:featuredmedia":[{"embeddable":true,"href":"https:\/\/mama-niemowlaka.pl\/sklep\/wp-json\/wp\/v2\/media\/7648"}],"wp:attachment":[{"href":"https:\/\/mama-niemowlaka.pl\/sklep\/wp-json\/wp\/v2\/media?parent=20039"}],"wp:term":[{"taxonomy":"product_brand","embeddable":true,"href":"https:\/\/mama-niemowlaka.pl\/sklep\/wp-json\/wp\/v2\/product_brand?post=20039"},{"taxonomy":"product_cat","embeddable":true,"href":"https:\/\/mama-niemowlaka.pl\/sklep\/wp-json\/wp\/v2\/product_cat?post=20039"},{"taxonomy":"product_tag","embeddable":true,"href":"https:\/\/mama-niemowlaka.pl\/sklep\/wp-json\/wp\/v2\/product_tag?post=20039"}],"curies":[{"name":"wp","href":"https:\/\/api.w.org\/{rel}","templated":true}]}}