{"id":20060,"date":"2026-03-18T19:56:36","date_gmt":"2026-03-18T18:56:36","guid":{"rendered":"https:\/\/mama-niemowlaka.pl\/sklep\/?post_type=product&#038;p=20060"},"modified":"2026-04-30T09:08:01","modified_gmt":"2026-04-30T07:08:01","slug":"sukienka-do-chrztu-z-dlugim-rekawem-i-bolerkiem-azurowym-biala","status":"publish","type":"product","link":"https:\/\/mama-niemowlaka.pl\/sklep\/produkt\/ubranka-niemowlece\/sukieneczki-do-chrztu\/sukienka-do-chrztu-z-dlugim-rekawem-i-bolerkiem-azurowym-biala\/","title":{"rendered":"Sukienka na Chrzest dla dziewczynki z bolerkiem \u2013 bia\u0142a"},"content":{"rendered":"<h2 data-pm-slice=\"1 1 []\"><strong>Wyj\u0105tkowa jako\u015b\u0107 i pi\u0119kne wykonanie<\/strong><\/h2>\n<p>Ta sukienka na Chrzest dla dziewczynki w bia\u0142ym kolorze z pewno\u015bci\u0105 przyci\u0105gnie uwag\u0119 wszystkich go\u015bci podczas uroczysto\u015bci. Wykonana z mi\u0119kkiej bawe\u0142ny typu jersey, sukienka gwarantuje najwy\u017cszy komfort dla Twojego dziecka. Mi\u0119kka tkanina przyjemnie otula delikatn\u0105 sk\u00f3r\u0119 dziecka, zapewniaj\u0105c swobod\u0119 ruch\u00f3w.<\/p>\n<h2><strong>Zestaw z bolerkiem dla wi\u0119kszego komfortu<\/strong><\/h2>\n<p>G\u00f3ra sukienki jest ozdobiona wzorem z bolerka, co nadaje jej eleganckiego i jednocze\u015bnie prostego charakteru. Dolna cz\u0119\u015b\u0107 sukienki zosta\u0142a zaprojektowana jako dwuwarstwowa, z wykorzystaniem bawe\u0142ny jako podstawowej tkaniny i zwiewnego tiulu na wierzchu. To po\u0142\u0105czenie dodaje sukience lekko\u015bci i subtelno\u015bci, tworz\u0105c pi\u0119kny kontrast.<\/p>\n<p>W komplecie z sukienk\u0105 znajduje si\u0119 bolerko, kt\u00f3re idealnie pasuje do ca\u0142o\u015bci. Bolerko zosta\u0142o wykonane z a\u017curowej tkaniny, co nadaje mu delikatny po\u0142ysk i elegancki wygl\u0105d.<\/p>\n<h2><strong>Komfort i styl podczas letnich uroczysto\u015bci<\/strong><\/h2>\n<p>Sukienka doskonale sprawdzi si\u0119 na uroczysto\u015b\u0107 Chrztu \u015bwi\u0119tego, dzi\u0119ki d\u0142ugim r\u0119kawom Twoje dziecko b\u0119dzie czu\u0142o si\u0119 komfortowo nawet w ch\u0142odne dni. Mi\u0119kka i lekka tkanina nie tylko zapewnia wygod\u0119, ale tak\u017ce pozostaje przyjemna dla sk\u00f3ry przez ca\u0142\u0105 ceremoni\u0119.<\/p>\n<h3><strong>Przygotuj si\u0119 na niezwyk\u0142\u0105 uroczysto\u015b\u0107! Zam\u00f3w t\u0105 pi\u0119kn\u0105 sukienk\u0119 do chrztu w komplecie z bolerkiem dla Twojego malucha!<\/strong><\/h3>\n<p>Sk\u0142ad: sukienka 100% bawe\u0142na, tiule i koronki 100% poliester<\/p>\n","protected":false},"excerpt":{"rendered":"<p data-pm-slice=\"1 1 []\">Elegancka sukienka na Chrzest dla dziewczynki w kolorze bia\u0142ym z d\u0142ugim r\u0119kawem i bolerkiem a\u017curowym. Sukienka jest wykonana z mi\u0119kkiej bawe\u0142ny oraz tiulu, dzi\u0119ki czemu zapewnia maksymalny komfort. Stw\u00f3rz niezapomnian\u0105 stylizacj\u0119 swojej c\u00f3reczki na Chrzest \u015awi\u0119ty.<\/p>\n<p>Sukienka do Chrztu z kr\u00f3tkim r\u0119kawem i bolerkiem dost\u0119pna w trzech rozmiarach.<\/p>\n<p>Sk\u0142ad: sukienka 100% bawe\u0142na, tiule i koronki 100% poliester<br \/>\nkraj produkcji: Turcja<\/p>\n","protected":false},"featured_media":20589,"template":"","meta":[],"product_brand":[],"product_cat":[163,144,135,126,57],"product_tag":[214,170,176,125,152,180,340,177,344],"class_list":{"0":"post-20060","1":"product","2":"type-product","3":"status-publish","4":"has-post-thumbnail","6":"product_cat-sukieneczki-do-chrztu","7":"product_cat-eleganckie-sukienki-dla-niemowlat","8":"product_cat-eleganckie-ubranka-dla-niemowlaka","9":"product_cat-sukienki-dla-niemowlat","10":"product_cat-ubranka-niemowlece","11":"product_tag-bestseller","12":"product_tag-biala-sukienka-dla-niemowlaka","13":"product_tag-bolerko","14":"product_tag-ubranka-do-chrztu","15":"product_tag-ubranka-dla-niemowlat-dziewczynek","16":"product_tag-nowosc","17":"product_tag-sukieneczka-na-chrzciny","18":"product_tag-tiul","19":"product_tag-ubranka-do-chrztu-dla-dziewczynki","20":"product_shipping_class-duza","21":"pa_rozmiar-314","22":"pa_rozmiar-315","23":"pa_rozmiar-316","25":"first","26":"instock","27":"taxable","28":"shipping-taxable","29":"purchasable","30":"product-type-variable","31":"has-default-attributes","32":"wvs-archive-product-wrapper"},"_links":{"self":[{"href":"https:\/\/mama-niemowlaka.pl\/sklep\/wp-json\/wp\/v2\/product\/20060","targetHints":{"allow":["GET"]}}],"collection":[{"href":"https:\/\/mama-niemowlaka.pl\/sklep\/wp-json\/wp\/v2\/product"}],"about":[{"href":"https:\/\/mama-niemowlaka.pl\/sklep\/wp-json\/wp\/v2\/types\/product"}],"wp:featuredmedia":[{"embeddable":true,"href":"https:\/\/mama-niemowlaka.pl\/sklep\/wp-json\/wp\/v2\/media\/20589"}],"wp:attachment":[{"href":"https:\/\/mama-niemowlaka.pl\/sklep\/wp-json\/wp\/v2\/media?parent=20060"}],"wp:term":[{"taxonomy":"product_brand","embeddable":true,"href":"https:\/\/mama-niemowlaka.pl\/sklep\/wp-json\/wp\/v2\/product_brand?post=20060"},{"taxonomy":"product_cat","embeddable":true,"href":"https:\/\/mama-niemowlaka.pl\/sklep\/wp-json\/wp\/v2\/product_cat?post=20060"},{"taxonomy":"product_tag","embeddable":true,"href":"https:\/\/mama-niemowlaka.pl\/sklep\/wp-json\/wp\/v2\/product_tag?post=20060"}],"curies":[{"name":"wp","href":"https:\/\/api.w.org\/{rel}","templated":true}]}}