{"id":20087,"date":"2023-01-28T21:00:52","date_gmt":"2023-01-28T20:00:52","guid":{"rendered":"https:\/\/mama-niemowlaka.pl\/sklep\/?post_type=product&#038;p=20087"},"modified":"2026-01-28T21:03:07","modified_gmt":"2026-01-28T20:03:07","slug":"rampers-niemowlecy-szary","status":"publish","type":"product","link":"https:\/\/mama-niemowlaka.pl\/sklep\/produkt\/ubranka-niemowlece\/pajacyki-dla-niemowlat\/rampers-niemowlecy-szary\/","title":{"rendered":"Rampers niemowl\u0119cy &#8211; szary"},"content":{"rendered":"<h2 data-pm-slice=\"1 1 []\"><strong>\u015aliczny rampers niemowl\u0119cy w kolorze szarym<\/strong><\/h2>\n<p data-pm-slice=\"1 1 []\">Wygodny, szary <a href=\"https:\/\/mama-niemowlaka.pl\/sklep\/produkt\/ubranka-niemowlece\/pajacyki-dla-niemowlat\/rampers-niemowlecy-szary\/\" target=\"_blank\" rel=\"noopener\"><strong>rampers niemowl\u0119cy<\/strong><\/a> to obowi\u0105zkowy element w wyprawce dla noworodka. Rampers dla niemowlaka zosta\u0142 uszyty z mi\u0119kkiej bawe\u0142ny, dzi\u0119ki czemu jest odpowiedni dla delikatnej sk\u00f3ry noworodka. Bawe\u0142niany rampers niemowl\u0119cy zapinany jest na bezniklowe napki po ca\u0142ej d\u0142ugo\u015bci ubranka i obie n\u00f3\u017cki. Dzi\u0119ki temu zmiana ubranka dla niemowl\u0105t czy pieluszki jest bardzo wygodna oraz szybka. Rampers niemowl\u0119cy posiada d\u0142ugi r\u0119kaw dzi\u0119ki czeku idealnie zapewnia komfort termiczny dziecku. Pajac niemowl\u0119cy posiada odkryte st\u00f3pki, kt\u00f3re s\u0105 wyko\u0144czone delikatnym \u015bci\u0105gaczem. Rampers dla niemowlaka stanowi samodzielne ubranko. \u015awietnie sprawdza si\u0119 podczas zabaw w trakcie dnia, jak r\u00f3wnie\u017c jako pi\u017camka w ci\u0105gu nocy. <a href=\"https:\/\/mama-niemowlaka.pl\/sklep\/ubranka-niemowlece\/\" target=\"_blank\" rel=\"noopener\"><strong>Ubranko niemowl\u0119ce<\/strong><\/a> jest wygodne dzi\u0119ki czemu umo\u017cliwia niemowl\u0119tom swobodne poruszanie.<\/p>\n<p data-pm-slice=\"1 1 []\">Ten uroczy, szary <a href=\"https:\/\/mama-niemowlaka.pl\/sklep\/produkt\/ubranka-niemowlece\/pajacyki-dla-niemowlat\/rampers-niemowlecy-szary\/\" target=\"_blank\" rel=\"noopener\"><strong>rampers niemowl\u0119cy<\/strong><\/a> z d\u0142ugim r\u0119kawem jest zar\u00f3wno praktyczny, jak i \u0142adny, dzi\u0119ki czemu idealnie nadaje si\u0119 jako <a href=\"https:\/\/mama-niemowlaka.pl\/sklep\/t\/pajacyk-do-spania\/\" target=\"_blank\" rel=\"noopener\"><strong>pajacyk niemowl\u0119cy do spania<\/strong><\/a> lub do noszenia na co dzie\u0144. Nasze <a href=\"https:\/\/mama-niemowlaka.pl\/sklep\/c\/ubranka-niemowlece\/pajacyki-dla-niemowlat\/\" target=\"_blank\" rel=\"noopener\"><strong>pajacyki niemowl\u0119ce<\/strong><\/a> zosta\u0142y zaprojektowane, tak aby zapewni\u0107 Twojemu dziecku ciep\u0142o i komfort.<\/p>\n<h2 data-pm-slice=\"1 1 []\"><strong>Wygodne ubranka niemowl\u0119ce w sklepie <\/strong><a href=\"http:\/\/www.mama-niemowlaka.pl\"><strong>www.mama-niemowlaka.pl<\/strong><\/a><\/h2>\n<p data-pm-slice=\"1 1 []\">Odwied\u017a nasz sklep internetowy <a href=\"http:\/\/www.mama-niemowlaka.pl\"><strong>www.mama-niemowlaka.pl<\/strong><\/a>, gdzie znajdziesz szeroki wyb\u00f3r pajacyk\u00f3w oraz <a href=\"https:\/\/mama-niemowlaka.pl\/sklep\/ubranka-niemowlece\/\" target=\"_blank\" rel=\"noopener\"><strong>ubranek niemowl\u0119cych<\/strong><\/a> najwy\u017cszej jako\u015bci. Znajdziesz tu \u015bliczne<strong> p<\/strong><a href=\"https:\/\/mama-niemowlaka.pl\/sklep\/c\/ubranka-niemowlece\/pajacyki-dla-niemowlat\/\" target=\"_blank\" rel=\"noopener\"><strong>ajacyki niemowl\u0119ce<\/strong><\/a> zar\u00f3wno dla ch\u0142opc\u00f3w i dziewczynek. Sprawd\u017a r\u00f3\u017cne rodzaje pajacyk\u00f3w dla niemowl\u0105t dost\u0119pne w naszym sklepie i wybierz idealny <a href=\"https:\/\/mama-niemowlaka.pl\/sklep\/c\/ubranka-niemowlece\/pajacyki-dla-niemowlat\/\" target=\"_blank\" rel=\"noopener\"><strong>pajac niemowl\u0119cy<\/strong><\/a> dla swojego Malucha. W naszym sklepie kupisz <a href=\"https:\/\/mama-niemowlaka.pl\/sklep\/t\/rampersy\/\" target=\"_blank\" rel=\"noopener\"><strong>rampersy niemowl\u0119ce<\/strong><\/a> z d\u0142ugim r\u0119kawem, rampersy niemowl\u0119ce z kr\u00f3tkim r\u0119kawem idealne jako letnie ubranka niemowl\u0119ce, <a href=\"https:\/\/mama-niemowlaka.pl\/sklep\/t\/pajacyk-do-spania\/\" target=\"_blank\" rel=\"noopener\"><strong>pajace do spania<\/strong><\/a>, czy te\u017c pajace niemowl\u0119ce ocieplane. Szczeg\u00f3lnie wygodne b\u0119d\u0105 zapinane <a href=\"https:\/\/mama-niemowlaka.pl\/sklep\/t\/pajacyki-na-zamek\/\" target=\"_blank\" rel=\"noopener\"><strong>pajacyki niemowl\u0119ce na zamek<\/strong><\/a>.<\/p>\n<p data-pm-slice=\"1 1 []\">Gwarantujemy wysy\u0142k\u0119 zam\u00f3wienia w ci\u0105gu 48 godzin oraz darmow\u0105 wymian\u0119 towaru lub mo\u017cliwo\u015b\u0107 zwrotu w ci\u0105gu 14 dni. Co wi\u0119cej, je\u015bli zam\u00f3wisz za minimum 249 PLN, dostawa b\u0119dzie ca\u0142kowicie darmowa.<\/p>\n<p data-pm-slice=\"1 1 []\">Sprawd\u017a pozosta\u0142e <a href=\"https:\/\/mama-niemowlaka.pl\/sklep\/t\/rampersy\/\" target=\"_blank\" rel=\"noopener\"><strong>rampersy niemowl\u0119ce<\/strong><\/a> i kup wygodny <a href=\"https:\/\/mama-niemowlaka.pl\/sklep\/c\/ubranka-niemowlece\/pajacyki-dla-niemowlat\/\" target=\"_blank\" rel=\"noopener\"><strong>pajac niemowl\u0119cy<\/strong><\/a> do swojej wyprawki niemowl\u0119cej. Pajacyki dla noworodk\u00f3w i niemowl\u0105t znajdziesz tutaj -&gt; <a href=\"https:\/\/mama-niemowlaka.pl\/sklep\/c\/ubranka\/pajacyki-dla-niemowlat\/\" target=\"_blank\" rel=\"noopener\"><strong>pajacyki dla niemowlaka.<\/strong><\/a><\/p>\n","protected":false},"excerpt":{"rendered":"<p data-pm-slice=\"1 1 []\">Bawe\u0142niany, rampers dla niemowlaka na napki w kolorze szarym. Nadaje si\u0119 zar\u00f3wno jako <a href=\"https:\/\/mama-niemowlaka.pl\/sklep\/ubranka-niemowlece\/\" target=\"_blank\" rel=\"noopener\"><strong>ubranko dla niemowl\u0105t<\/strong><\/a> na co dzie\u0144, jak i jako wygodna pi\u017camka. Pajacyk niemowl\u0119cy ma mo\u017cliwo\u015b\u0107 rozpinania na ca\u0142ej d\u0142ugo\u015bci co u\u0142atwia ubieranie i przewijanie maluszka. Rampers niemowl\u0119cy zosta\u0142 uszyty z wyj\u0105tkowo mi\u0119kkiej i przewiewnej bawe\u0142ny. Rampers niemowl\u0119cy rozpinany na bezpieczne bezniklowe napy, wyko\u0144czony delikatnym \u015bci\u0105gaczem.<\/p>\n<p>Szary <a href=\"https:\/\/mama-niemowlaka.pl\/sklep\/produkt\/ubranka-niemowlece\/pajacyki-dla-niemowlat\/rampers-niemowlecy-szary\/\" target=\"_blank\" rel=\"noopener\"><strong>rampers niemowl\u0119cy<\/strong><\/a> wyst\u0119puje w trzech rozmiarach: 56, 62 i 68.<\/p>\n<p>Sk\u0142ad: 100% bawe\u0142na<\/p>\n","protected":false},"featured_media":14283,"template":"","meta":[],"product_brand":[],"product_cat":[59,57],"product_tag":[118,145,220,270,272,273,276,271,269,235],"class_list":{"0":"post-20087","1":"product","2":"type-product","3":"status-publish","4":"has-post-thumbnail","6":"product_cat-pajacyki-dla-niemowlat","7":"product_cat-ubranka-niemowlece","8":"product_tag-bawelna","9":"product_tag-ubranka-dla-niemowlat-chlopca","10":"product_tag-ubranka-dla-noworodkow","11":"product_tag-pajacyk-do-spania","12":"product_tag-pajacyk-niemowlecy-62","13":"product_tag-pajacyki-68","14":"product_tag-pajacyki-bez-stopek","15":"product_tag-pajacyki-niemowlece-56","16":"product_tag-pajacyki-niemowlece-dla-chlopca","17":"product_tag-rampersy","18":"product_shipping_class-lekka","19":"pa_rozmiar-311","20":"pa_rozmiar-312","21":"pa_rozmiar-313","23":"first","24":"instock","25":"taxable","26":"shipping-taxable","27":"purchasable","28":"product-type-variable","29":"has-default-attributes","30":"wvs-archive-product-wrapper"},"_links":{"self":[{"href":"https:\/\/mama-niemowlaka.pl\/sklep\/wp-json\/wp\/v2\/product\/20087","targetHints":{"allow":["GET"]}}],"collection":[{"href":"https:\/\/mama-niemowlaka.pl\/sklep\/wp-json\/wp\/v2\/product"}],"about":[{"href":"https:\/\/mama-niemowlaka.pl\/sklep\/wp-json\/wp\/v2\/types\/product"}],"wp:featuredmedia":[{"embeddable":true,"href":"https:\/\/mama-niemowlaka.pl\/sklep\/wp-json\/wp\/v2\/media\/14283"}],"wp:attachment":[{"href":"https:\/\/mama-niemowlaka.pl\/sklep\/wp-json\/wp\/v2\/media?parent=20087"}],"wp:term":[{"taxonomy":"product_brand","embeddable":true,"href":"https:\/\/mama-niemowlaka.pl\/sklep\/wp-json\/wp\/v2\/product_brand?post=20087"},{"taxonomy":"product_cat","embeddable":true,"href":"https:\/\/mama-niemowlaka.pl\/sklep\/wp-json\/wp\/v2\/product_cat?post=20087"},{"taxonomy":"product_tag","embeddable":true,"href":"https:\/\/mama-niemowlaka.pl\/sklep\/wp-json\/wp\/v2\/product_tag?post=20087"}],"curies":[{"name":"wp","href":"https:\/\/api.w.org\/{rel}","templated":true}]}}