{"id":20091,"date":"2024-01-28T21:03:59","date_gmt":"2024-01-28T20:03:59","guid":{"rendered":"https:\/\/mama-niemowlaka.pl\/sklep\/?post_type=product&#038;p=20091"},"modified":"2026-01-28T21:05:19","modified_gmt":"2026-01-28T20:05:19","slug":"pajacyk-w-kwiaty-dla-dziewczynki-z-czapeczka","status":"publish","type":"product","link":"https:\/\/mama-niemowlaka.pl\/sklep\/produkt\/ubranka-niemowlece\/pajacyki-dla-niemowlat\/pajacyk-w-kwiaty-dla-dziewczynki-z-czapeczka\/","title":{"rendered":"Pajacyk niemowl\u0119cy dla dziewczynki z czapeczk\u0105 &#8211; kwiaty"},"content":{"rendered":"<h2 data-pm-slice=\"1 1 []\"><strong>Wygodny pajacyk dla niemowl\u0105t w urocze kwiatuszki z czapeczk\u0105<\/strong><\/h2>\n<p data-pm-slice=\"1 1 []\">Uroczy <a href=\"https:\/\/mama-niemowlaka.pl\/sklep\/produkt\/ubranka-niemowlece\/pajacyki-dla-niemowlat\/pajacyk-w-kwiaty-dla-dziewczynki-z-czapeczka\/\" target=\"_blank\" rel=\"noopener\"><strong>pajacyk w kwiaty<\/strong><\/a> to idealna propozycja dla ma\u0142ych dziewczynek. Wykonany z wygodnej bawe\u0142ny, zapewniaj\u0105cy maluszkowi komfort i swobod\u0119 ruch\u00f3w. <a href=\"https:\/\/mama-niemowlaka.pl\/sklep\/t\/pajacyki-dla-dziewczynek\/\" target=\"_blank\" rel=\"noopener\"><strong>Pajacyk dla dziewczynki<\/strong><\/a> jest ozdobiony uroczym printem w drobne kwiatuszki oraz posiada w komplecie czapeczk\u0119. <a href=\"https:\/\/mama-niemowlaka.pl\/sklep\/c\/ubranka-niemowlece\/pajacyki-dla-niemowlat\/\" target=\"_blank\" rel=\"noopener\"><strong>Bawe\u0142niany pajacyk niemowl\u0119cy<\/strong><\/a> zapinany jest na bezniklowe napki, kt\u00f3re s\u0105 po ca\u0142ej d\u0142ugo\u015bci ubranka, dzi\u0119ki czemu przewijanie i przebieranie maluszka jest wygodne.<\/p>\n<p data-pm-slice=\"1 1 []\">Nasz <a href=\"https:\/\/mama-niemowlaka.pl\/sklep\/produkt\/ubranka-niemowlece\/pajacyki-dla-niemowlat\/pajacyk-w-kwiaty-dla-dziewczynki-z-czapeczka\/\" target=\"_blank\" rel=\"noopener\"><strong>pajacyk w kwiaty<\/strong><\/a> to doskona\u0142y pomys\u0142 na prezent oraz obowi\u0105zkowy element <a href=\"https:\/\/mama-niemowlaka.pl\/sklep\/c\/ubranka-niemowlece\/wyprawka-dla-noworodka\/\" target=\"_blank\" rel=\"noopener\"><strong>wyprawki dla noworodka<\/strong><\/a>.<\/p>\n<h2 data-pm-slice=\"1 1 []\"><strong>Bezpieczne pajace niemowl\u0119ce w sklepie <\/strong><a href=\"http:\/\/mama-niemowlaka.pl\"><strong>mama-niemowlaka.pl<\/strong><\/a><\/h2>\n<p data-pm-slice=\"1 1 []\">Odwied\u017a nasz sklep internetowy <a href=\"https:\/\/mama-niemowlaka.pl\/sklep\/\" target=\"_blank\" rel=\"noopener\"><strong>www.mama-niemowlaka.pl<\/strong><\/a>, gdzie znajdziesz r\u00f3\u017cne rodzaje pajacyk\u00f3w niemowl\u0119cych oraz <a href=\"https:\/\/mama-niemowlaka.pl\/sklep\/ubranka-niemowlece\/\" target=\"_blank\" rel=\"noopener\"><strong>ubranka niemowl\u0119ce<\/strong><\/a> najwy\u017cszej jako\u015bci. Znajdziesz tu \u015bliczne <a href=\"https:\/\/mama-niemowlaka.pl\/sklep\/c\/ubranka-niemowlece\/pajacyki-dla-niemowlat\/\" target=\"_blank\" rel=\"noopener\"><strong>pajacyki niemowl\u0119ce<\/strong><\/a> zar\u00f3wno <a href=\"https:\/\/mama-niemowlaka.pl\/sklep\/t\/pajacyki-niemowlece-dla-chlopca\/\" target=\"_blank\" rel=\"noopener\"><strong>pajacyki dla ch\u0142opc\u00f3w<\/strong><\/a> jak i <a href=\"https:\/\/mama-niemowlaka.pl\/sklep\/t\/pajacyki-dla-dziewczynek\/\" target=\"_blank\" rel=\"noopener\"><strong>pajacyki dla dziewczynek<\/strong><\/a>. Sprawd\u017a r\u00f3\u017cne rodzaje <a href=\"https:\/\/mama-niemowlaka.pl\/sklep\/c\/ubranka-niemowlece\/pajacyki-dla-niemowlat\/\" target=\"_blank\" rel=\"noopener\">pajacyk\u00f3w niemowl\u0119cych<\/a> dost\u0119pne w naszym sklepie i wybierz idealny pajac niemowl\u0119cy dla swojego Malucha. W naszym sklepie kupisz <a href=\"https:\/\/mama-niemowlaka.pl\/sklep\/t\/pajacyk-do-spania\/\" target=\"_blank\" rel=\"noopener\"><strong>pajace niemowl\u0119ce do spania<\/strong><\/a>, <a href=\"https:\/\/mama-niemowlaka.pl\/sklep\/t\/pajacyki-na-zamek\/\" target=\"_blank\" rel=\"noopener\"><strong>pajacyki niemowl\u0119ce na suwak<\/strong><\/a>, <a href=\"https:\/\/mama-niemowlaka.pl\/sklep\/t\/pajacyki-bez-stopek\/\" target=\"_blank\" rel=\"noopener\"><strong>pajacyki bez st\u00f3pek<\/strong><\/a> czy te\u017c <a href=\"https:\/\/mama-niemowlaka.pl\/sklep\/t\/pajacyki-dla-noworodka\/\" target=\"_blank\" rel=\"noopener\"><strong>pajace dla noworodka<\/strong><\/a>.<\/p>\n<p data-pm-slice=\"1 1 []\">Sprawd\u017a pozosta\u0142e <a href=\"https:\/\/mama-niemowlaka.pl\/sklep\/c\/ubranka-niemowlece\/pajacyki-dla-niemowlat\/\" target=\"_blank\" rel=\"noopener\"><strong>pajacyki niemowl\u0119ce<\/strong><\/a> i kup wygodny <a href=\"https:\/\/mama-niemowlaka.pl\/sklep\/c\/ubranka-niemowlece\/pajacyki-dla-niemowlat\/\" target=\"_blank\" rel=\"noopener\"><strong>pajac niemowl\u0119cy<\/strong><\/a> do swojej wyprawki dla noworodka. <a href=\"https:\/\/mama-niemowlaka.pl\/sklep\/t\/pajacyki-dla-noworodka\/\" target=\"_blank\" rel=\"noopener\"><strong>Pajacyki dla noworodk\u00f3w<\/strong><\/a> i niemowl\u0105t znajdziesz tutaj -&gt; <a href=\"https:\/\/mama-niemowlaka.pl\/sklep\/c\/ubranka-niemowlece\/pajacyki-dla-niemowlat\/\" target=\"_blank\" rel=\"noopener\"><strong>pajacyki dla niemowlaka<\/strong><\/a>.<\/p>\n","protected":false},"excerpt":{"rendered":"<p data-pm-slice=\"1 1 []\">Wygodny <a href=\"https:\/\/mama-niemowlaka.pl\/sklep\/c\/ubranka-niemowlece\/pajacyki-dla-niemowlat\/\" target=\"_blank\" rel=\"noopener\"><strong>bawe\u0142niany pajacyk niemowl\u0119cy<\/strong><\/a> dla dziewczynki w uroczy print w kwiatuszki z czapeczk\u0105. Zapinany wzd\u0142u\u017c ca\u0142ego ubranka na wygodne bezniklowe napy, by u\u0142atwi\u0107 przewijanie dziecka. Zapewnij swojemu maluszkowi wygod\u0119 i komfort z naszymi <a href=\"https:\/\/mama-niemowlaka.pl\/sklep\/t\/pajacyki-dla-dziewczynek\/\" target=\"_blank\" rel=\"noopener\"><strong>pajacykiem dla dziewczynki<\/strong><\/a>. Wybierz jako\u015b\u0107 i uroczy design, kt\u00f3ry sprawi, \u017ce Twoja c\u00f3reczka b\u0119dzie wygl\u0105da\u0107 uroczo.<\/p>\n<p><a href=\"https:\/\/mama-niemowlaka.pl\/sklep\/produkt\/ubranka-niemowlece\/pajacyki-dla-niemowlat\/pajacyk-w-kwiaty-dla-dziewczynki-z-czapeczka\/\" target=\"_blank\" rel=\"noopener\"><strong>Pajac niemowl\u0119cy kwiaty <\/strong><\/a>z czapeczk\u0105 dost\u0119pny jest w dw\u00f3ch rozmiarach: 62 i 68.<\/p>\n<p>Sk\u0142ad: 100% bawe\u0142na<\/p>\n","protected":false},"featured_media":13421,"template":"","meta":[],"product_brand":[],"product_cat":[59,57],"product_tag":[118,233,152,220,270,272,273,274,158],"class_list":{"0":"post-20091","1":"product","2":"type-product","3":"status-publish","4":"has-post-thumbnail","6":"product_cat-pajacyki-dla-niemowlat","7":"product_cat-ubranka-niemowlece","8":"product_tag-bawelna","9":"product_tag-czapka","10":"product_tag-ubranka-dla-niemowlat-dziewczynek","11":"product_tag-ubranka-dla-noworodkow","12":"product_tag-pajacyk-do-spania","13":"product_tag-pajacyk-niemowlecy-62","14":"product_tag-pajacyki-68","15":"product_tag-pajacyki-dla-dziewczynek","16":"product_tag-zestaw","17":"product_shipping_class-lekka","18":"pa_rozmiar-312","19":"pa_rozmiar-313","21":"first","22":"instock","23":"taxable","24":"shipping-taxable","25":"purchasable","26":"product-type-variable","27":"has-default-attributes","28":"wvs-archive-product-wrapper"},"_links":{"self":[{"href":"https:\/\/mama-niemowlaka.pl\/sklep\/wp-json\/wp\/v2\/product\/20091","targetHints":{"allow":["GET"]}}],"collection":[{"href":"https:\/\/mama-niemowlaka.pl\/sklep\/wp-json\/wp\/v2\/product"}],"about":[{"href":"https:\/\/mama-niemowlaka.pl\/sklep\/wp-json\/wp\/v2\/types\/product"}],"wp:featuredmedia":[{"embeddable":true,"href":"https:\/\/mama-niemowlaka.pl\/sklep\/wp-json\/wp\/v2\/media\/13421"}],"wp:attachment":[{"href":"https:\/\/mama-niemowlaka.pl\/sklep\/wp-json\/wp\/v2\/media?parent=20091"}],"wp:term":[{"taxonomy":"product_brand","embeddable":true,"href":"https:\/\/mama-niemowlaka.pl\/sklep\/wp-json\/wp\/v2\/product_brand?post=20091"},{"taxonomy":"product_cat","embeddable":true,"href":"https:\/\/mama-niemowlaka.pl\/sklep\/wp-json\/wp\/v2\/product_cat?post=20091"},{"taxonomy":"product_tag","embeddable":true,"href":"https:\/\/mama-niemowlaka.pl\/sklep\/wp-json\/wp\/v2\/product_tag?post=20091"}],"curies":[{"name":"wp","href":"https:\/\/api.w.org\/{rel}","templated":true}]}}