{"id":20112,"date":"2023-02-28T21:59:04","date_gmt":"2023-02-28T20:59:04","guid":{"rendered":"https:\/\/mama-niemowlaka.pl\/sklep\/?post_type=product&#038;p=20112"},"modified":"2026-01-28T22:01:02","modified_gmt":"2026-01-28T21:01:02","slug":"pajacyk-niemowlecy-azurowy-rozowy","status":"publish","type":"product","link":"https:\/\/mama-niemowlaka.pl\/sklep\/produkt\/ubranka-niemowlece\/pajacyki-dla-niemowlat\/pajacyk-niemowlecy-azurowy-rozowy\/","title":{"rendered":"Pajacyk niemowl\u0119cy a\u017curowy &#8211; r\u00f3\u017cowy"},"content":{"rendered":"<h2 data-pm-slice=\"1 1 []\"><strong>Pajac niemowl\u0119cy na lato<\/strong><\/h2>\n<p>Pajacyk niemowl\u0119cy to jeden z podstawowych element\u00f3w garderoby ma\u0142ego dziecka.<\/p>\n<p>A\u017curowy pajacyk niemowl\u0119cy to doskona\u0142y wyb\u00f3r dla rodzic\u00f3w, kt\u00f3rzy szukaj\u0105 ubrania dla swojego dziecka, kt\u00f3re zapewni mu maksymalny komfort i wygod\u0119 w ciep\u0142e dni. Nasz pi\u0119kny i praktyczny pajacyk zosta\u0142 wykonany z a\u017curowej dzianiny bawe\u0142nianej, dzi\u0119ki czemu jest niezwykle lekki i przewiewny, idealny na lato. Pajacyk niemowl\u0119cy jest wykonany z wysokiej jako\u015bci materia\u0142\u00f3w, co sprawia, \u017ce jest trwa\u0142y i wytrzyma\u0142y. Jego estetyczny wygl\u0105d i staranne wykonanie sprawiaj\u0105, \u017ce b\u0119dzie to prezent, kt\u00f3ry zostanie doceniony przez ka\u017cdego rodzica.<\/p>\n<h2><strong>Dziewcz\u0119cy pajacyk niemowl\u0119cy<\/strong><\/h2>\n<p>Bawe\u0142niany pajac niemowl\u0119cy posiad d\u0142ugi r\u0119kaw. Dodatkowo, pajacyk dla ma\u0142ych dziewczynek zosta\u0142 ozdobiony ko\u0142nierzykiem z koronk\u0105, co nadaje mu elegancki wygl\u0105d i sprawia, \u017ce \u200b\u200bwyr\u00f3\u017cnia si\u0119 spo\u015br\u00f3d innych ubranek dla niemowl\u0105t. Ko\u0142nierzyk z koronk\u0105 dodaje eleganckiego wygl\u0105du, co sprawia, \u017ce pajacyk mo\u017ce by\u0107 idealny na specjalne okazje. Pajacyk zapinany jest na bezniklowe napy.<\/p>\n<h2><strong>Ubranka niemowl\u0119ce to sprawdzony pomys\u0142 na prezent<\/strong><\/h2>\n<p>Pajacyk niemowl\u0119cy jest bardzo praktycznym prezentem dla rodzic\u00f3w, poniewa\u017c zapewnia wygod\u0119 i komfort dla dziecka.<\/p>\n<p>A\u017curowy pajacyk niemowl\u0119cy z ko\u0142nierzykiem z koronk\u0105 to doskona\u0142y prezent dla noworodka lub ma\u0142ego dziecka, kt\u00f3ry zapewni dziecku wygod\u0119 i komfort, a jednocze\u015bnie b\u0119dzie estetycznym dodatkiem do garderoby. Jego wysoka jako\u015b\u0107 i uniwersalno\u015b\u0107 sprawiaj\u0105, \u017ce b\u0119dzie to prezent, kt\u00f3ry zostanie doceniony przez ka\u017cdego rodzica.<\/p>\n<p>Sk\u0142ad: 100% bawe\u0142na<\/p>\n","protected":false},"excerpt":{"rendered":"<p data-pm-slice=\"1 1 []\">Pajacyk niemowl\u0119cy w kolorze r\u00f3\u017cowym dla dziewczynki uszyty z a\u017curowej dzianiny bawe\u0142nianej. Dzianina bawe\u0142niana sprawia, \u017ce pajacyk jest przewiewny, a ko\u0142nierzyk z koronk\u0105 dodaje mu eleganckiego wygl\u0105du, co sprawia, \u017ce mo\u017ce by\u0107 idealnym wyborem na specjalne okazje. Lekki materia\u0142 powoduje, \u017ce pajacyk jest niezwykle mi\u0119kki i delikatny. Pajacyk wyst\u0119puje w dw\u00f3ch kolorach: bia\u0142ym i r\u00f3\u017cowym.<\/p>\n<p>Pajacyki niemowl\u0119ce dost\u0119pne s\u0105 w dw\u00f3ch rozmiarach.<\/p>\n","protected":false},"featured_media":15814,"template":"","meta":[],"product_brand":[],"product_cat":[59,57],"product_tag":[118,152,350,162,358,355,220,270,281,272,273,274],"class_list":{"0":"post-20112","1":"product","2":"type-product","3":"status-publish","4":"has-post-thumbnail","6":"product_cat-pajacyki-dla-niemowlat","7":"product_cat-ubranka-niemowlece","8":"product_tag-bawelna","9":"product_tag-ubranka-dla-niemowlat-dziewczynek","10":"product_tag-dzianina-azurowa","11":"product_tag-lato","12":"product_tag-ubranka-letnie-dla-dziewczynki","13":"product_tag-letnie-ubranka-dla-niemowlat","14":"product_tag-ubranka-dla-noworodkow","15":"product_tag-pajacyk-do-spania","16":"product_tag-pajacyk-na-lato","17":"product_tag-pajacyk-niemowlecy-62","18":"product_tag-pajacyki-68","19":"product_tag-pajacyki-dla-dziewczynek","20":"product_shipping_class-lekka","21":"pa_rozmiar-312","22":"pa_rozmiar-313","24":"first","25":"instock","26":"taxable","27":"shipping-taxable","28":"purchasable","29":"product-type-variable","30":"has-default-attributes","31":"wvs-archive-product-wrapper"},"_links":{"self":[{"href":"https:\/\/mama-niemowlaka.pl\/sklep\/wp-json\/wp\/v2\/product\/20112","targetHints":{"allow":["GET"]}}],"collection":[{"href":"https:\/\/mama-niemowlaka.pl\/sklep\/wp-json\/wp\/v2\/product"}],"about":[{"href":"https:\/\/mama-niemowlaka.pl\/sklep\/wp-json\/wp\/v2\/types\/product"}],"wp:featuredmedia":[{"embeddable":true,"href":"https:\/\/mama-niemowlaka.pl\/sklep\/wp-json\/wp\/v2\/media\/15814"}],"wp:attachment":[{"href":"https:\/\/mama-niemowlaka.pl\/sklep\/wp-json\/wp\/v2\/media?parent=20112"}],"wp:term":[{"taxonomy":"product_brand","embeddable":true,"href":"https:\/\/mama-niemowlaka.pl\/sklep\/wp-json\/wp\/v2\/product_brand?post=20112"},{"taxonomy":"product_cat","embeddable":true,"href":"https:\/\/mama-niemowlaka.pl\/sklep\/wp-json\/wp\/v2\/product_cat?post=20112"},{"taxonomy":"product_tag","embeddable":true,"href":"https:\/\/mama-niemowlaka.pl\/sklep\/wp-json\/wp\/v2\/product_tag?post=20112"}],"curies":[{"name":"wp","href":"https:\/\/api.w.org\/{rel}","templated":true}]}}