{"id":20116,"date":"2024-04-28T22:00:26","date_gmt":"2024-04-28T20:00:26","guid":{"rendered":"https:\/\/mama-niemowlaka.pl\/sklep\/?post_type=product&#038;p=20116"},"modified":"2026-01-28T22:03:51","modified_gmt":"2026-01-28T21:03:51","slug":"dzianinowy-kombinezon-niemowlecy-rozowy","status":"publish","type":"product","link":"https:\/\/mama-niemowlaka.pl\/sklep\/produkt\/ubranka-niemowlece\/kombinezony-dla-niemowlat\/dzianinowy-kombinezon-niemowlecy-rozowy\/","title":{"rendered":"Kombinezon bawe\u0142niany dla niemowlaka &#8211; r\u00f3\u017cowy"},"content":{"rendered":"<h2 data-pm-slice=\"1 1 []\"><strong>Wygodny bawe\u0142niany kombinezon niemowl\u0119cy z kapturem<\/strong><\/h2>\n<p data-pm-slice=\"1 1 []\">Bawe\u0142niany kombinezon niemowl\u0119cy z kapturem to wygodne ubranie niemowl\u0119ce. <a href=\"https:\/\/mama-niemowlaka.pl\/sklep\/c\/ubranka-niemowlece\/kombinezony-dla-niemowlat\/\" target=\"_blank\" rel=\"noopener\"><strong>Kombinezon dla niemowlaka<\/strong><\/a> zosta\u0142 uszyty z najwy\u017cszej jako\u015bci materia\u0142\u00f3w, zapewnia nie tylko wygod\u0119 ale jest tak\u017ce bezpieczny dla delikatnej sk\u00f3ry niemowlaka. Zar\u00f3wno r\u0119kawy jak i nogawki zosta\u0142y wyko\u0144czone delikatnymi \u015bci\u0105gaczami. Zapi\u0119cie na suwak zapewnia wygod\u0119 podczas ubierania i rozbierania maluszka. A urocza falbanka wzd\u0142u\u017c suwaka dodaje dziewcz\u0119cego uroku temu stylowemu ubranku niemowl\u0119cemu.<\/p>\n<p data-pm-slice=\"1 1 []\">Nasz <a href=\"https:\/\/mama-niemowlaka.pl\/sklep\/produkt\/ubranka-niemowlece\/kombinezony-dla-niemowlat\/dzianinowy-kombinezon-niemowlecy-rozowy\/\" target=\"_blank\" rel=\"noopener\"><strong>\u00a0kombinezon niemowl\u0119cy<\/strong><\/a> idealnie nadaje si\u0119 na wyj\u015bcia i spacery, czy wyjazdy samochodem w ch\u0142odne letnie dni. W ch\u0142odne jesienne, wiosenne oraz letnie wieczory nasz wygodny kombinezon niemowl\u0119cy zapewni Twojemu dziecku ciep\u0142o. Idealny na wyj\u015bcie ze szpitala jako <a href=\"https:\/\/mama-niemowlaka.pl\/sklep\/t\/kombinezon-dla-noworodka\/\" target=\"_blank\" rel=\"noopener\"><strong>kombinezon dla noworodka<\/strong><\/a>.<\/p>\n<p data-pm-slice=\"1 1 []\">Kup nasz dzianinowy kombinezon niemowl\u0119cy i zapewnij komfort swojemu dziecku.<\/p>\n<h2 data-pm-slice=\"1 1 []\"><strong>Komfortowe kombinezony niemowl\u0119ce na lato w sklepie <\/strong><a href=\"https:\/\/mama-niemowlaka.pl\"><strong>mama-niemowlaka.pl<\/strong><\/a><\/h2>\n<p data-pm-slice=\"1 1 []\">Je\u015bli szukasz <a href=\"https:\/\/mama-niemowlaka.pl\/sklep\/ubranka-niemowlece\/\" target=\"_blank\" rel=\"noopener\"><strong>ubranek niemowl\u0119cych<\/strong><\/a>, to <a href=\"https:\/\/mama-niemowlaka.pl\">mama-niemowlaka.pl<\/a> jest idealnym miejscem dla Ciebie. Oferujemy szeroki wyb\u00f3r <a href=\"https:\/\/mama-niemowlaka.pl\/sklep\/ubranka-niemowlece\/\" target=\"_blank\" rel=\"noopener\"><strong>ubranek niemowl\u0119cych<\/strong><\/a>. Nasze produkty s\u0105 starannie wyselekcjonowane, aby zapewni\u0107 maksymalny komfort i bezpiecze\u0144stwo Twojemu dziecku. W naszym sklepie mo\u017cesz znale\u017a\u0107 urocze <a href=\"https:\/\/mama-niemowlaka.pl\/sklep\/c\/ubranka-niemowlece\/kombinezony-dla-niemowlat\/\" target=\"_blank\" rel=\"noopener\"><strong>kombinezony dzieci\u0119ce<\/strong><\/a> zar\u00f3wno ciep\u0142y <a href=\"https:\/\/mama-niemowlaka.pl\/sklep\/t\/kombinezon-niemowlecy-zimowy\/\" target=\"_blank\" rel=\"noopener\"><strong>kombinezon ocieplany dla niemowl\u0105t<\/strong><\/a> jak i <a href=\"https:\/\/mama-niemowlaka.pl\/sklep\/tag-produktu\/kombinezon-jesienny\/\" target=\"_blank\" rel=\"noopener\"><strong>kombinezon wiosenny, kombinezony niemowl\u0119ce na jesie\u0144 <\/strong><\/a> czy <a href=\"https:\/\/mama-niemowlaka.pl\/sklep\/t\/kombinezon-niemowlecy-zimowy\/\" target=\"_blank\" rel=\"noopener\"><strong>kombinezony zimowe niemowl\u0119ce<\/strong><\/a>. Pozosta\u0142e <a href=\"https:\/\/mama-niemowlaka.pl\/sklep\/t\/kombinezon-letni-dla-niemowlaka\/\" target=\"_blank\" rel=\"noopener\"><strong>kombinezony niemowl\u0119ce na lato<\/strong><\/a> znajdziesz w kategorii <a href=\"https:\/\/mama-niemowlaka.pl\/sklep\/t\/kombinezon-letni-dla-niemowlaka\/\" target=\"_blank\" rel=\"noopener\"><strong>kombinezon letni dla niemowlaka<\/strong><\/a>. Sprawd\u017a nasze <a href=\"https:\/\/mama-niemowlaka.pl\/sklep\/c\/ubranka-niemowlece\/kombinezony-dla-niemowlat\/\" target=\"_blank\" rel=\"noopener\"><strong>kombinezony dla niemowl\u0105t<\/strong><\/a> i kup kombinezon dla niemowlaka dziewczynki lub ch\u0142opca. Dodatkowo, oferujemy szybk\u0105 dostaw\u0119 (w ci\u0105gu 48 godzin), darmow\u0105 wymian\u0119 oraz mo\u017cliwo\u015b\u0107 zwrotu w ci\u0105gu 14 dni. A je\u015bli Tw\u00f3j zakup przekroczy 249 PLN, masz darmow\u0105 dostaw\u0119!<\/p>\n<p data-pm-slice=\"1 1 []\">Kup nasz bawe\u0142niany kombinezon niemowl\u0119cy i zapewnij komfort swojemu dziecku.<\/p>\n<div>Tabela rozmiar\u00f3w<\/div>\n<div>\n<table border=\"1\">\n<tbody>\n<tr>\n<td>Wzrost<\/td>\n<td>Obw\u00f3d w klatce piersiowej<\/td>\n<td>Obw\u00f3d pasa<\/td>\n<td>Obw\u00f3d bioder<\/td>\n<\/tr>\n<tr>\n<td>56<\/td>\n<td>42<\/td>\n<td>45<\/td>\n<td>46<\/td>\n<\/tr>\n<tr>\n<td>62<\/td>\n<td>44<\/td>\n<td>47<\/td>\n<td>48<\/td>\n<\/tr>\n<tr>\n<td>68<\/td>\n<td>46<\/td>\n<td>49<\/td>\n<td>50<\/td>\n<\/tr>\n<tr>\n<td>74<\/td>\n<td>48<\/td>\n<td>51<\/td>\n<td>52<\/td>\n<\/tr>\n<tr>\n<td>80<\/td>\n<td>50<\/td>\n<td>53<\/td>\n<td>54<\/td>\n<\/tr>\n<tr>\n<td>86<\/td>\n<td>52<\/td>\n<td>55<\/td>\n<td>56<\/td>\n<\/tr>\n<\/tbody>\n<\/table>\n<\/div>\n<h3><span style=\"font-weight: 400;\">\u00a0<\/span><\/h3>\n","protected":false},"excerpt":{"rendered":"<p data-pm-slice=\"1 1 []\">Wygodny kombinezon bawe\u0142niany zapinany na suwak w kolorze r\u00f3\u017cowym. To idealny <a href=\"https:\/\/mama-niemowlaka.pl\/sklep\/t\/kombinezon-letni-dla-niemowlaka\/\" target=\"_blank\" rel=\"noopener\"><strong>kombinezon przej\u015bciowy niemowl\u0119cy<\/strong><\/a>, sprawdzi si\u0119 zar\u00f3wno jako ubranko na wyj\u015bcie ze szpitala jako <a href=\"https:\/\/mama-niemowlaka.pl\/sklep\/t\/kombinezon-dla-noworodka\/\" target=\"_blank\" rel=\"noopener\"><strong>kombinezon dla noworodka<\/strong><\/a> oraz podczas spacer\u00f3w w ch\u0142odniejsze dni. Delikatna bawe\u0142na z kt\u00f3rej zosta\u0142 uszyty <a href=\"https:\/\/mama-niemowlaka.pl\/sklep\/c\/ubranka-niemowlece\/kombinezony-dla-niemowlat\/\" target=\"_blank\" rel=\"noopener\"><strong>kombinezon dla niemowlaka<\/strong><\/a> zapewnia nie tylko niesamowity komfort, ale tak\u017ce wygod\u0119, kt\u00f3ra pozwala na swobodne ruchy Twojego dziecka.<\/p>\n<p><a href=\"https:\/\/mama-niemowlaka.pl\/sklep\/produkt\/ubranka-niemowlece\/kombinezony-dla-niemowlat\/dzianinowy-kombinezon-niemowlecy-rozowy\/\" target=\"_blank\" rel=\"noopener\"><strong>Kombinezon niemowl\u0119cy <\/strong><\/a>w kolorze r\u00f3\u017cowym dost\u0119pny jest w czterech rozmiarach: 62, 68, 74 i 80.<\/p>\n<p>Sk\u0142ad: 100% bawe\u0142na<\/p>\n<p>Produkt Polski<\/p>\n","protected":false},"featured_media":14312,"template":"","meta":[],"product_brand":[],"product_cat":[78,59,57],"product_tag":[118,152,211,339,231,353,338,355,148],"class_list":{"0":"post-20116","1":"product","2":"type-product","3":"status-publish","4":"has-post-thumbnail","6":"product_cat-kombinezony-dla-niemowlat","7":"product_cat-pajacyki-dla-niemowlat","8":"product_cat-ubranka-niemowlece","9":"product_tag-bawelna","10":"product_tag-ubranka-dla-niemowlat-dziewczynek","11":"product_tag-kombinezon","12":"product_tag-kombinezon-dla-noworodka","13":"product_tag-kombinezon-niemowlecy-jesienny","14":"product_tag-kombinezon-letni-dla-niemowlaka","15":"product_tag-kombinezon-niemowlecy-wiosenny","16":"product_tag-letnie-ubranka-dla-niemowlat","17":"product_tag-na-suwak","18":"product_shipping_class-lekka","19":"pa_rozmiar-312","20":"pa_rozmiar-313","21":"pa_rozmiar-314","22":"pa_rozmiar-315","24":"first","25":"instock","26":"taxable","27":"shipping-taxable","28":"purchasable","29":"product-type-variable","30":"has-default-attributes","31":"wvs-archive-product-wrapper"},"_links":{"self":[{"href":"https:\/\/mama-niemowlaka.pl\/sklep\/wp-json\/wp\/v2\/product\/20116","targetHints":{"allow":["GET"]}}],"collection":[{"href":"https:\/\/mama-niemowlaka.pl\/sklep\/wp-json\/wp\/v2\/product"}],"about":[{"href":"https:\/\/mama-niemowlaka.pl\/sklep\/wp-json\/wp\/v2\/types\/product"}],"wp:featuredmedia":[{"embeddable":true,"href":"https:\/\/mama-niemowlaka.pl\/sklep\/wp-json\/wp\/v2\/media\/14312"}],"wp:attachment":[{"href":"https:\/\/mama-niemowlaka.pl\/sklep\/wp-json\/wp\/v2\/media?parent=20116"}],"wp:term":[{"taxonomy":"product_brand","embeddable":true,"href":"https:\/\/mama-niemowlaka.pl\/sklep\/wp-json\/wp\/v2\/product_brand?post=20116"},{"taxonomy":"product_cat","embeddable":true,"href":"https:\/\/mama-niemowlaka.pl\/sklep\/wp-json\/wp\/v2\/product_cat?post=20116"},{"taxonomy":"product_tag","embeddable":true,"href":"https:\/\/mama-niemowlaka.pl\/sklep\/wp-json\/wp\/v2\/product_tag?post=20116"}],"curies":[{"name":"wp","href":"https:\/\/api.w.org\/{rel}","templated":true}]}}