{"id":20122,"date":"2022-01-28T22:15:52","date_gmt":"2022-01-28T21:15:52","guid":{"rendered":"https:\/\/mama-niemowlaka.pl\/sklep\/?post_type=product&#038;p=20122"},"modified":"2026-01-28T22:17:49","modified_gmt":"2026-01-28T21:17:49","slug":"wyprawka-dla-chlopca-noworodka-niebieska","status":"publish","type":"product","link":"https:\/\/mama-niemowlaka.pl\/sklep\/produkt\/ubranka-niemowlece\/wyprawka-dla-noworodka\/wyprawka-dla-chlopca-noworodka-niebieska\/","title":{"rendered":"Niebieski zestaw dla noworodka &#8211; wyprawka dla ch\u0142opca"},"content":{"rendered":"<h2 data-pm-slice=\"1 1 []\"><strong>Wyprawka dla ch\u0142opca zestaw wykonany z bawe\u0142ny organicznej z certyfikatem Oeko-Tex 100 w kolorze niebieskim<\/strong><\/h2>\n<p data-pm-slice=\"1 1 []\">Zakup wyprawki dla noworodka to nie lada wyzwanie. Podstawowa wyprawka powinna zawiera\u0107 pajacyk niemowl\u0119cy, body niemowl\u0119ce oraz czapeczk\u0119. Nasza wyprawka dla niemowlaka zawiera te ubranka a tak\u017ce znajdziesz w nim skarpetki niemowl\u0119ce dla Maluszka. Wyprawka dla ch\u0142opca zosta\u0142a uszyta z najdelikatniejszej bawe\u0142ny dla sk\u00f3ry noworodka czyli z bawe\u0142ny organicznej.<\/p>\n<p data-pm-slice=\"1 1 []\">Ubranka dla noworodka to element obowi\u0105zkowy, kt\u00f3ry powinna zawiera\u0107 torba do szpitala. Wybieraj\u0105c pierwsze ubranka dla noworodka do zestawu wyprawkowego musimy zwr\u00f3ci\u0107 szczeg\u00f3ln\u0105 uwag\u0119 na jako\u015b\u0107 materia\u0142\u00f3w. Nasza wyprawka dla ch\u0142opca jest delikatna i przyjazna dla sk\u00f3ry dziecka. Ubranka dla noworodka zosta\u0142y uszyte z bawe\u0142ny organicznej z certyfikatem Oeko-Tex 100 Standard. Bawe\u0142na organiczna jest odpowiednim materia\u0142em na ubranka dla noworodka poniewa\u017c do jej uprawy u\u017cywa si\u0119 wody deszczowej. Przy jej uprawie nie u\u017cywa si\u0119 pestycyd\u00f3w oraz nawoz\u00f3w, tak aby gleba by\u0142a wolna od zanieczyszcze\u0144.<\/p>\n<h2 data-pm-slice=\"1 1 []\"><strong>Wyprawka dla niemowlaka do szpitala<\/strong><\/h2>\n<p data-pm-slice=\"1 1 []\">Wyprawka dla niemowl\u0105t do szpitala powinna tak\u017ce wygl\u0105da\u0107 estetycznie i by\u0107 komfortowa dla ma\u0142ego dziecka. Nasza propozycja to idealna wyprawka dla noworodka. Zestaw zawiera niezb\u0119dne elementy wyprawki dla noworodka oraz jest bezpieczny dla sk\u00f3ry dziecka od pierwszych dni \u017cycia noworodka.<\/p>\n<p data-pm-slice=\"1 1 []\">Nasza wyprawka dla niemowlaka to idealna wyprawka dla noworodka na prezent na baby shower \u2013 komplet niemowl\u0119cy zapakowany jest w ozdobne pude\u0142ko.<\/p>\n<h3 data-pm-slice=\"1 1 []\"><strong>Nasz zestaw to kompletna wyprawka dla noworodka. Sk\u0142ad wyprawki niemowl\u0119cej:<\/strong><\/h3>\n<ul data-pm-slice=\"3 3 []\">\n<li><a href=\"https:\/\/mama-niemowlaka.pl\/sklep\/c\/ubranka-niemowlece\/pajacyki-dla-niemowlat\/\" target=\"_blank\" rel=\"noopener\"><strong>Pajacyk niemowl\u0119cy<\/strong><\/a><\/li>\n<li><a href=\"https:\/\/mama-niemowlaka.pl\/sklep\/t\/body-kopertowe\/\" target=\"_blank\" rel=\"noopener\"><strong>Body niemowl\u0119ce kopertowe<\/strong><\/a><\/li>\n<li><a href=\"https:\/\/mama-niemowlaka.pl\/sklep\/c\/ubranka-niemowlece\/czapki-dla-niemowlat\/\" target=\"_blank\" rel=\"noopener\"><strong>Czapeczka dla noworodka<\/strong><\/a><\/li>\n<li><a href=\"https:\/\/mama-niemowlaka.pl\/sklep\/t\/skarpetki-niemowlece\/\" target=\"_blank\" rel=\"noopener\"><strong>Skarpetki niemowl\u0119ce<\/strong><\/a><\/li>\n<\/ul>\n<p data-pm-slice=\"1 1 []\">Pajacyk niemowl\u0119cy ma prosty i wygodny kr\u00f3j. Zapinany na napy, kt\u00f3re nie zawieraj\u0105 niklu. R\u0119kaw pajacyka wyko\u0144czony jest dopasowanym mankietem, tak aby maluchowi by\u0142o ciep\u0142o.<br \/>\nBody niemowl\u0119ce z d\u0142ugim r\u0119kawem zapinane s\u0105 kopertowo. Do zapi\u0119cia u\u017cyto nap bez niklu. Czapeczka ma mo\u017cliwo\u015b\u0107 regulacji.<\/p>\n<h2 data-pm-slice=\"1 1 []\"><strong>Wyprawka do szpitala dla noworodka &#8211; ubranka na ka\u017cd\u0105 por\u0119<\/strong><\/h2>\n<p data-pm-slice=\"1 1 []\">Nasza kompletna wyprawka dla ch\u0142opca dost\u0119pna jest w dw\u00f3ch rozmiarach: 56 i 62.<\/p>\n<p>Wymiary element\u00f3w wyprawki dla niemowl\u0105t:<\/p>\n<table>\n<tbody>\n<tr>\n<td><b>Pajacyk niemowl\u0119cy<\/b><\/td>\n<td><b>\u00a056\/62\u00a0<\/b><\/td>\n<td><b>\u00a062\/68\u00a0<\/b><\/td>\n<\/tr>\n<tr>\n<td><span style=\"font-weight: 400;\">D\u0142ugo\u015b\u0107 ca\u0142kowita<\/span><\/td>\n<td><span style=\"font-weight: 400;\">53cm<\/span><\/td>\n<td><span style=\"font-weight: 400;\">56cm<\/span><\/td>\n<\/tr>\n<tr>\n<td><span style=\"font-weight: 400;\">D\u0142. od pachy do pachy<\/span><\/td>\n<td><span style=\"font-weight: 400;\">22cm<\/span><\/td>\n<td><span style=\"font-weight: 400;\">24,5cm<\/span><\/td>\n<\/tr>\n<tr>\n<td><span style=\"font-weight: 400;\">D\u0142ugo\u015b\u0107 r\u0119kawa<\/span><\/td>\n<td><span style=\"font-weight: 400;\">18cm<\/span><\/td>\n<td><span style=\"font-weight: 400;\">19cm<\/span><\/td>\n<\/tr>\n<\/tbody>\n<\/table>\n<p>&nbsp;<\/p>\n<table>\n<tbody>\n<tr>\n<td><b>Body kopertowe<\/b><\/td>\n<td><b>\u00a056\/62\u00a0<\/b><\/td>\n<td><b>\u00a062\/68\u00a0<\/b><\/td>\n<\/tr>\n<tr>\n<td><span style=\"font-weight: 400;\">D\u0142ugo\u015b\u0107 ca\u0142kowita<\/span><\/td>\n<td><span style=\"font-weight: 400;\">38cm<\/span><\/td>\n<td><span style=\"font-weight: 400;\">39,5cm<\/span><\/td>\n<\/tr>\n<tr>\n<td><span style=\"font-weight: 400;\">D\u0142. od pachy do pachy<\/span><\/td>\n<td><span style=\"font-weight: 400;\">22cm<\/span><\/td>\n<td><span style=\"font-weight: 400;\">23,5cm<\/span><\/td>\n<\/tr>\n<tr>\n<td><span style=\"font-weight: 400;\">D\u0142ugo\u015b\u0107 r\u0119kawa<\/span><\/td>\n<td><span style=\"font-weight: 400;\">18cm<\/span><\/td>\n<td><span style=\"font-weight: 400;\">19cm<\/span><\/td>\n<\/tr>\n<\/tbody>\n<\/table>\n<p>&nbsp;<\/p>\n<table>\n<tbody>\n<tr>\n<td><b>Czapeczka<\/b><\/td>\n<td><b>\u00a056\/62\u00a0<\/b><\/td>\n<td><b>\u00a062\/68\u00a0<\/b><\/td>\n<\/tr>\n<tr>\n<td><span style=\"font-weight: 400;\">Obw\u00f3d g\u0142owy<\/span><\/td>\n<td><span style=\"font-weight: 400;\">35cm<\/span><\/td>\n<td><span style=\"font-weight: 400;\">35cm<\/span><\/td>\n<\/tr>\n<\/tbody>\n<\/table>\n<h2 data-pm-slice=\"1 1 []\"><strong>Wyprawka dla niemowlaka w sklepie <\/strong><a href=\"https:\/\/mama-niemowlaka.pl\"><strong>mama-niemowlaka.pl<\/strong><\/a><\/h2>\n<p data-pm-slice=\"1 1 []\">Odwied\u017a nasz sklep internetowy <a href=\"https:\/\/mama-niemowlaka.pl\"><strong>mama-niemowlaka.pl<\/strong><\/a>, gdzie znajdziesz szeroki wyb\u00f3r najwy\u017cszej jako\u015bci ubranek niemowl\u0119cych. Gwarantujemy wysy\u0142k\u0119 zam\u00f3wienia w ci\u0105gu 48 godzin oraz darmow\u0105 wymian\u0119 towaru lub mo\u017cliwo\u015b\u0107 zwrotu w ci\u0105gu 14 dni. Co wi\u0119cej, je\u015bli zam\u00f3wisz za minimum 249 PLN, dostawa b\u0119dzie ca\u0142kowicie darmowa. Skompletowanie pierwszej wyprawki dla noworodka to wyzwanie. Z nami zakup wyprawki niemowl\u0119cej b\u0119dzie niezwykle komfortowy.<\/p>\n<p data-pm-slice=\"1 1 []\">Sprawd\u017a nasz pozosta\u0142e propozycje ubranek dla noworodka ch\u0142opca w kategorii <a href=\"https:\/\/mama-niemowlaka.pl\/sklep\/c\/ubranka-niemowlece\/wyprawka-dla-noworodka\/\" target=\"_blank\" rel=\"noopener\"><strong>wyprawka dla noworodka<\/strong><\/a>. Skorzystaj teraz z naszych us\u0142ug i sprawd\u017a nasz\u0105 ofert\u0119 ubranek potrzebnych noworodkowi oraz akcesoria do piel\u0119gnacji niemowl\u0105t ju\u017c dzi\u015b! Wybierz wygodne dzieci\u0119ce ubrania.<\/p>\n","protected":false},"excerpt":{"rendered":"<p data-pm-slice=\"1 1 []\">Zestaw dla noworodka ch\u0142opca z bawe\u0142ny organicznej w niebieskim kolorze. Ubranka w wyprawce dla ch\u0142opca : pajacyk niemowl\u0119cy, body kopertowe, czapeczka i skarpetki. Komplet niemowl\u0119cy idealny dla noworodka ch\u0142opca.<\/p>\n<p>Wyprawka dla noworodka wyst\u0119puje w trzech wersjach kolorystycznych: <a href=\"https:\/\/mama-niemowlaka.pl\/sklep\/produkt\/ubranka-niemowlece\/wyprawka-dla-noworodka\/wyprawka-dla-noworodka-zestaw-bialy\/\" target=\"_blank\" rel=\"noopener\"><u>bia\u0142y<\/u><\/a>, <a href=\"https:\/\/mama-niemowlaka.pl\/sklep\/produkt\/ubranka-niemowlece\/wyprawka-dla-noworodka\/wyprawka-dla-chlopca-noworodka-niebieska\/\" target=\"_blank\" rel=\"noopener\"><u>niebieski<\/u><\/a> i <a href=\"https:\/\/mama-niemowlaka.pl\/sklep\/produkt\/ubranka-niemowlece\/wyprawka-dla-noworodka\/wyprawka-dla-dziewczynki-noworodka-rozowy\/\" target=\"_blank\" rel=\"noopener\"><u>r\u00f3\u017cowy<\/u><\/a>. Wszystkie kolory dost\u0119pne s\u0105 w dw\u00f3ch rozmiarach 56 i 62.<\/p>\n<p>Sk\u0142ad: 100% bawe\u0142na organiczna<\/p>\n","protected":false},"featured_media":7463,"template":"","meta":[],"product_brand":[],"product_cat":[57,91],"product_tag":[94,161,250,252,253,247,145,220,93],"class_list":{"0":"post-20122","1":"product","2":"type-product","3":"status-publish","4":"has-post-thumbnail","6":"product_cat-ubranka-niemowlece","7":"product_cat-wyprawka-dla-noworodka","8":"product_tag-bawelna-organiczna","9":"product_tag-body-dla-niemowlat","10":"product_tag-body-dla-chlopca","11":"product_tag-body-dla-noworodka","12":"product_tag-body-kopertowe","13":"product_tag-body-z-dlugim-rekawem","14":"product_tag-ubranka-dla-niemowlat-chlopca","15":"product_tag-ubranka-dla-noworodkow","16":"product_tag-oeko-tex-100","17":"product_shipping_class-lekka","18":"pa_rozmiar-311","19":"pa_rozmiar-312","21":"first","22":"instock","23":"taxable","24":"shipping-taxable","25":"purchasable","26":"product-type-variable","27":"has-default-attributes","28":"wvs-archive-product-wrapper"},"_links":{"self":[{"href":"https:\/\/mama-niemowlaka.pl\/sklep\/wp-json\/wp\/v2\/product\/20122","targetHints":{"allow":["GET"]}}],"collection":[{"href":"https:\/\/mama-niemowlaka.pl\/sklep\/wp-json\/wp\/v2\/product"}],"about":[{"href":"https:\/\/mama-niemowlaka.pl\/sklep\/wp-json\/wp\/v2\/types\/product"}],"wp:featuredmedia":[{"embeddable":true,"href":"https:\/\/mama-niemowlaka.pl\/sklep\/wp-json\/wp\/v2\/media\/7463"}],"wp:attachment":[{"href":"https:\/\/mama-niemowlaka.pl\/sklep\/wp-json\/wp\/v2\/media?parent=20122"}],"wp:term":[{"taxonomy":"product_brand","embeddable":true,"href":"https:\/\/mama-niemowlaka.pl\/sklep\/wp-json\/wp\/v2\/product_brand?post=20122"},{"taxonomy":"product_cat","embeddable":true,"href":"https:\/\/mama-niemowlaka.pl\/sklep\/wp-json\/wp\/v2\/product_cat?post=20122"},{"taxonomy":"product_tag","embeddable":true,"href":"https:\/\/mama-niemowlaka.pl\/sklep\/wp-json\/wp\/v2\/product_tag?post=20122"}],"curies":[{"name":"wp","href":"https:\/\/api.w.org\/{rel}","templated":true}]}}