{"id":20125,"date":"2023-01-28T22:18:06","date_gmt":"2023-01-28T21:18:06","guid":{"rendered":"https:\/\/mama-niemowlaka.pl\/sklep\/?post_type=product&#038;p=20125"},"modified":"2026-01-28T22:19:29","modified_gmt":"2026-01-28T21:19:29","slug":"komplet-body-i-polspiochy-dla-dziewczynki-rozowe","status":"publish","type":"product","link":"https:\/\/mama-niemowlaka.pl\/sklep\/produkt\/ubranka-niemowlece\/wyprawka-dla-noworodka\/komplet-body-i-polspiochy-dla-dziewczynki-rozowe\/","title":{"rendered":"Komplet body i p\u00f3\u0142\u015bpiochy dla dziewczynki \u2013 r\u00f3\u017cowy"},"content":{"rendered":"<h2 data-pm-slice=\"1 1 []\">Komplet body i p\u00f3\u0142\u015bpiochy dla dziewczynki<\/h2>\n<p>Pierwsze ubranka dla noworodka to wa\u017cny zakup. Body i p\u00f3\u0142\u015bpioszki w komplecie to niezb\u0119dny element garderoby niemowlaka. Body niemowl\u0119ce to niezwykle praktyczne i popularne ubranka dla niemowl\u0105t w\u015br\u00f3d rodzic\u00f3w ze wzgl\u0119du na wygod\u0119. Stanowi\u0105 niezb\u0119dny element wyprawki Twojego noworodka. To samo tyczy si\u0119 spodenek jakimi s\u0105 p\u00f3\u0142\u015bpiochy dla dziecka: chroni\u0105 n\u00f3\u017cki dziecka przed zimnem i u\u0142atwiaj\u0105 zmian\u0119 pieluszki. Nasze p\u00f3\u0142\u015bpiochy niemowl\u0119ce dzieci\u0119ce mo\u017cna \u0142\u0105czy\u0107 z dowolnymi bodami lub bluzeczkami, tworz\u0105c w ten spos\u00f3b kolorowe komplety. Wybieraj\u0105c nasz komplet niemowl\u0119cy zapewniaj\u0105cy dziecku swobod\u0119 ruch\u00f3w dokonasz najlepszego wyboru w\u015br\u00f3d ubranek dla niemowl\u0105t.<\/p>\n<h2>Dlaczego warto kupi\u0107 komplety dla niemowl\u0105t w sklepie <a href=\"https:\/\/mama-niemowlaka.pl\">mama-niemowlaka.pl<\/a>?<\/h2>\n<p>Zapraszamy do naszego sklepu internetowego <a href=\"https:\/\/mama-niemowlaka.pl\">mama-niemowlaka.pl<\/a>, gdzie znajdziesz szeroki wyb\u00f3r wysokiej jako\u015bci ubranek dzieci\u0119cych. Nasze komplety niemowl\u0119ce zas\u0142uguj\u0105 na szczeg\u00f3ln\u0105 uwag\u0119, poniewa\u017c to \u015bliczne gotowe ubranka, dzi\u0119ki czemu nie musisz wybiera\u0107 wielu element\u00f3w garderoby niemowlaka. Gwarantujemy, \u017ce Twoje zam\u00f3wienie zostanie wys\u0142ane w ci\u0105gu 48 godzin, z mo\u017cliwo\u015bci\u0105 bezp\u0142atnej wymiany lub zwrotu w ci\u0105gu 14 dni. Co wi\u0119cej, je\u015bli z\u0142o\u017cysz zam\u00f3wienie na kwot\u0119 powy\u017cej 249 z\u0142, wysy\u0142ka b\u0119dzie ca\u0142kowicie bezp\u0142atna<\/p>\n","protected":false},"excerpt":{"rendered":"<p data-pm-slice=\"1 1 []\">Body i p\u00f3\u0142\u015bpioszki w komplecie to idealne rozwi\u0105zanie dla Twojej ma\u0142ej dziewczynki. W sk\u0142ad gotowego zestawu wchodz\u0105 r\u00f3\u017cowe body niemowl\u0119ce oraz p\u00f3\u0142\u015bpiochy niemowl\u0119ce wykonane z wysokiej jako\u015bci bawe\u0142ny, zapewniaj\u0105cej maksymalny komfort Twojemu Maluszkowi. Body niemowl\u0119ce idealnie komponuj\u0105 si\u0119 drug\u0105 cz\u0119\u015bci\u0105 kompletu niemowl\u0119cego jakim s\u0105 tradycyjne p\u00f3\u0142\u015bpiochy, kt\u00f3re posiadaj\u0105 elastyczny pas. Dzi\u0119ki temu p\u00f3\u0142\u015bpiochy niemowl\u0119ce nie uciskaj\u0105 brzuszka dziecka. Komplet body i spodenki idealnie nadaje si\u0119 jako pierwsze ubranko do szpitala oraz jako prezent dla noworodka. Nasz gotowy zestaw to bawe\u0142niany komplet niemowl\u0119cy, dzi\u0119ki czemu jest idealny dla delikatnej sk\u00f3ry dziecka.<\/p>\n<p>Komplet body i p\u00f3\u0142\u015bpiochy dla dziewczynki wyst\u0119puje w trzech rozmiarach: 56, 62 i 68, co pozwala znale\u017a\u0107 idealne dopasowanie dla rosn\u0105cego dziecka.<\/p>\n<p>Sk\u0142ad: 100% bawe\u0142na.<\/p>\n","protected":false},"featured_media":9165,"template":"","meta":[],"product_brand":[],"product_cat":[91,122,57],"product_tag":[118,161,249,252,247,152,153,351,220,165],"class_list":{"0":"post-20125","1":"product","2":"type-product","3":"status-publish","4":"has-post-thumbnail","6":"product_cat-wyprawka-dla-noworodka","7":"product_cat-komplet-niemowlecy","8":"product_cat-ubranka-niemowlece","9":"product_tag-bawelna","10":"product_tag-body-dla-niemowlat","11":"product_tag-body-dla-dziewczynek","12":"product_tag-body-dla-noworodka","13":"product_tag-body-z-dlugim-rekawem","14":"product_tag-ubranka-dla-niemowlat-dziewczynek","15":"product_tag-komplet","16":"product_tag-komplety-niemowlece-dla-dziewczynki","17":"product_tag-ubranka-dla-noworodkow","18":"product_tag-polspiochy","19":"product_shipping_class-lekka","20":"pa_rozmiar-311","21":"pa_rozmiar-312","22":"pa_rozmiar-313","24":"first","25":"instock","26":"taxable","27":"shipping-taxable","28":"purchasable","29":"product-type-variable","30":"has-default-attributes","31":"wvs-archive-product-wrapper"},"_links":{"self":[{"href":"https:\/\/mama-niemowlaka.pl\/sklep\/wp-json\/wp\/v2\/product\/20125","targetHints":{"allow":["GET"]}}],"collection":[{"href":"https:\/\/mama-niemowlaka.pl\/sklep\/wp-json\/wp\/v2\/product"}],"about":[{"href":"https:\/\/mama-niemowlaka.pl\/sklep\/wp-json\/wp\/v2\/types\/product"}],"wp:featuredmedia":[{"embeddable":true,"href":"https:\/\/mama-niemowlaka.pl\/sklep\/wp-json\/wp\/v2\/media\/9165"}],"wp:attachment":[{"href":"https:\/\/mama-niemowlaka.pl\/sklep\/wp-json\/wp\/v2\/media?parent=20125"}],"wp:term":[{"taxonomy":"product_brand","embeddable":true,"href":"https:\/\/mama-niemowlaka.pl\/sklep\/wp-json\/wp\/v2\/product_brand?post=20125"},{"taxonomy":"product_cat","embeddable":true,"href":"https:\/\/mama-niemowlaka.pl\/sklep\/wp-json\/wp\/v2\/product_cat?post=20125"},{"taxonomy":"product_tag","embeddable":true,"href":"https:\/\/mama-niemowlaka.pl\/sklep\/wp-json\/wp\/v2\/product_tag?post=20125"}],"curies":[{"name":"wp","href":"https:\/\/api.w.org\/{rel}","templated":true}]}}