{"id":20170,"date":"2024-02-01T16:28:44","date_gmt":"2024-02-01T15:28:44","guid":{"rendered":"https:\/\/mama-niemowlaka.pl\/sklep\/?post_type=product&#038;p=20170"},"modified":"2026-02-01T16:44:00","modified_gmt":"2026-02-01T15:44:00","slug":"koszula-ciazowa-plus-size-granatowa","status":"publish","type":"product","link":"https:\/\/mama-niemowlaka.pl\/sklep\/produkt\/dlamamy\/koszule-do-karmienia\/koszula-ciazowa-plus-size-granatowa\/","title":{"rendered":"Koszula do karmienia plus size  &#8211; granatowa"},"content":{"rendered":"<h2 data-pm-slice=\"1 1 []\"><strong>Koszula nocna plus size &#8211; koszula ci\u0105\u017cowa do karmienia<\/strong><\/h2>\n<p data-pm-slice=\"1 1 []\">Bawe\u0142niana <a href=\"https:\/\/mama-niemowlaka.pl\/sklep\/produkt\/dlamamy\/koszule-do-karmienia\/koszula-ciazowa-plus-size-granatowa\/\" target=\"_blank\" rel=\"noopener\"><strong>koszula ci\u0105\u017cowa plus size<\/strong><\/a> dla kobiet karmi\u0105cych piersi\u0105 w kolorze granatowym. Wykonana w 100% z bawe\u0142ny. Bardzo wygodna i funkcjonalna &#8211; idealnie sprawdzi si\u0119 u kobiet o pe\u0142niejszych kszta\u0142tach. Koszula nocna plus size o klasycznym kroju &#8211; prosta i wygodna, z du\u017cym okr\u0105g\u0142ym dekoltem odpinanym z obu stron na guziki. Koszula ci\u0105\u017cowa plus size posiada kr\u00f3j dopasowany do rosn\u0105cego brzucha, dzi\u0119ki czemu nie kr\u0119puje ruch\u00f3w i jest bardzo wygodna. <a href=\"https:\/\/mama-niemowlaka.pl\/sklep\/t\/koszulka-nocna-do-karmienia\/\" target=\"_blank\" rel=\"noopener\"><strong>Koszulka nocna do karmienia<\/strong><\/a> w uroczym, granatowym kolorze z motywem kwiatowym, d\u0142ugo\u015b\u0107 przed kolano. Bardzo kobieca, wygodna i funkcjonalna.<\/p>\n<p data-pm-slice=\"1 1 []\">Nasz\u0105 <a href=\"https:\/\/mama-niemowlaka.pl\/sklep\/t\/koszule-ciazowe-do-karmienia\/\" target=\"_blank\" rel=\"noopener\"><strong>koszul\u0119 ci\u0105\u017cow\u0105 do karmienia<\/strong><\/a> w rozmiarze plus size mo\u017cesz pra\u0107 w pralce oraz nie musisz jej prasowa\u0107, co pozwala zaoszcz\u0119dzi\u0107 czas. Koszula do karmienia plus size zosta\u0142a wykonana w trosce o najmniejsze detale. Podsumowuj\u0105c, w naszej koszuli ci\u0105\u017cowej plus size poczujesz si\u0119 w niej atrakcyjnie i komfortowo.<\/p>\n<h2 data-pm-slice=\"1 1 []\"><strong>Koszule do porodu i do karmienia w sklepie <\/strong><a href=\"https:\/\/mama-niemowlaka.pl\/sklep\/\" target=\"_blank\" rel=\"noopener\"><strong>www.mama-niemowlaka.pl<\/strong><\/a><strong> &#8211; wybierz nasze koszule nocne ci\u0105\u017cowe do karmienia piersi\u0105<\/strong><\/h2>\n<p data-pm-slice=\"1 1 []\">W sklepie <a href=\"https:\/\/mama-niemowlaka.pl\/sklep\/\" target=\"_blank\" rel=\"noopener\"><strong>mama-niemowlaka.pl<\/strong><\/a> znajdziesz szeroki wyb\u00f3r koszul do karmienia piersi\u0105. Znajdziesz zar\u00f3wno klasyczn\u0105 <a href=\"https:\/\/mama-niemowlaka.pl\/sklep\/c\/dlamamy\/koszule-do-karmienia\/\" target=\"_blank\" rel=\"noopener\"><strong>koszul\u0119 do karmienia<\/strong><\/a> zapinan\u0105 na guziki jaki koszule na napy, a tak\u017ce pi\u017camy ci\u0105\u017cowe. Nasze produkty wysy\u0142amy w ci\u0105gu 48 godzin. Oferujemy bezp\u0142atn\u0105 wymian\u0119 i 14-dniowy zwrot. Dodatkowo, je\u015bli zam\u00f3wisz za minimum 249 z\u0142, dostawa b\u0119dzie ca\u0142kowicie bezp\u0142atna. Nasze produkty s\u0105 starannie dobierane tak, aby zapewni\u0107 Ci maksymalny komfort i bezpiecze\u0144stwo. Nie musisz ju\u017c traci\u0107 czasu na przeszukiwanie innych sklep\u00f3w. <a href=\"https:\/\/mama-niemowlaka.pl\/sklep\/\" target=\"_blank\" rel=\"noopener\"><strong>www.mama-niemowlaka.pl<\/strong><\/a> ma wszystko, czego potrzebujesz!<\/p>\n<p data-pm-slice=\"1 1 []\">Skorzystaj z naszych us\u0142ug ju\u017c teraz i sprawd\u017a nasz\u0105 ofert\u0119 komfortowych <a href=\"https:\/\/mama-niemowlaka.pl\/sklep\/c\/dlamamy\/koszule-do-karmienia\/\" target=\"_blank\" rel=\"noopener\"><strong>koszul nocnych do karmienia<\/strong><\/a>, <a href=\"https:\/\/mama-niemowlaka.pl\/sklep\/c\/dlamamy\/dresy-ciazowe\/\" target=\"_blank\" rel=\"noopener\"><strong>odzie\u017c ci\u0105\u017cow\u0105<\/strong><\/a>, <a href=\"https:\/\/mama-niemowlaka.pl\/sklep\/c\/dlamamy\/bielizna-poporodowa\/\" target=\"_blank\" rel=\"noopener\"><strong>bielizn\u0119 dla przysz\u0142ych mam<\/strong><\/a> oraz <a href=\"https:\/\/mama-niemowlaka.pl\/sklep\/ubranka-niemowlece\/\" target=\"_blank\" rel=\"noopener\"><strong>ubranka dla niemowl\u0105t<\/strong><\/a> ju\u017c dzi\u015b! Sprawd\u017a nasze pozosta\u0142e koszule ci\u0105\u017cowe plus size &#8211; znajdziesz je tutaj -&gt; <a href=\"https:\/\/mama-niemowlaka.pl\/sklep\/tag-produktu\/duze-rozmiary\/\" target=\"_blank\" rel=\"noopener\"><strong>koszule do karmienia xxxl<\/strong><\/a>. Wszystkie koszule nocne ci\u0105\u017cowe w naszym sklepie to bawe\u0142niane koszule nocne.<\/p>\n<p data-pm-slice=\"1 1 []\">Do naszych koszul nocnych ci\u0105\u017cowych do karmienia mo\u017cesz dokupi\u0107 r\u00f3wnie\u017c <a href=\"https:\/\/mama-niemowlaka.pl\/sklep\/c\/dlamamy\/szlafrok-ciazowy\/\" target=\"_blank\" rel=\"noopener\"><strong>szlafrok ci\u0105\u017cowy<\/strong><\/a>. Sprawd\u017a tak\u017ce nasze <a href=\"https:\/\/mama-niemowlaka.pl\/sklep\/t\/szlafroki-damskie-duze-rozmiary\/\" target=\"_blank\" rel=\"noopener\"><strong>szlafroki damskie du\u017ce rozmiary<\/strong><\/a>.<\/p>\n<h2>Tabela rozmiar\u00f3w koszuli ci\u0105\u017cowej plus size:<\/h2>\n<table width=\"700\">\n<tbody>\n<tr>\n<td><strong>Rozmiar<\/strong><\/td>\n<td style=\"text-align: center;\"><strong>XL<\/strong><\/td>\n<td style=\"text-align: center;\"><strong>2XL<\/strong><\/td>\n<td style=\"text-align: center;\"><strong>3XL<\/strong><\/td>\n<td style=\"text-align: center;\"><strong>4XL<\/strong><\/td>\n<\/tr>\n<tr>\n<td>D\u0142ugo\u015b\u0107 ca\u0142kowita<\/td>\n<td style=\"text-align: center;\">100 cm<\/td>\n<td style=\"text-align: center;\">101 cm<\/td>\n<td style=\"text-align: center;\">102 cm<\/td>\n<td style=\"text-align: center;\">103 cm<\/td>\n<\/tr>\n<tr>\n<td>Obw\u00f3d w pasie<\/td>\n<td style=\"text-align: center;\">110 cm<\/td>\n<td style=\"text-align: center;\">114 cm<\/td>\n<td style=\"text-align: center;\">118 cm<\/td>\n<td style=\"text-align: center;\">122 cm<\/td>\n<\/tr>\n<tr>\n<td>Obw\u00f3d pod pachami<\/td>\n<td style=\"text-align: center;\">122\u00a0 cm<\/td>\n<td style=\"text-align: center;\">130 cm<\/td>\n<td style=\"text-align: center;\">138 cm<\/td>\n<td style=\"text-align: center;\">146cm<\/td>\n<\/tr>\n<\/tbody>\n<\/table>\n<p>&nbsp;<\/p>\n","protected":false},"excerpt":{"rendered":"<p data-pm-slice=\"1 1 []\">Bawe\u0142niana koszula do karmienia plus size w kolorze granatowym z kr\u00f3tkim r\u0119kawem przeznaczona jest dla kobiet do karmienia dziecka piersi\u0105. Model o wygodnym kroju dla kobiet o pe\u0142nych kszta\u0142tach. Wygodna koszula nocna plus size zapewnia komfort karmienia dziecka dzi\u0119ki zapi\u0119ciom na guziki przy dekolcie.<\/p>\n<p>Koszula ci\u0105\u017cowa plus size w kolorze granatowym dost\u0119pna jest w czterech rozmiarach: XL, XXL, 3XL i 4XL.<\/p>\n<p>Sk\u0142ad: 100% bawe\u0142na<\/p>\n","protected":false},"featured_media":12796,"template":"","meta":[],"product_brand":[],"product_cat":[97,64],"product_tag":[118,119,181,236,262,263,138,146,98,260,261],"class_list":{"0":"post-20170","1":"product","2":"type-product","3":"status-publish","4":"has-post-thumbnail","6":"product_cat-koszule-do-karmienia","7":"product_cat-dlamamy","8":"product_tag-bawelna","9":"product_tag-dla-mamy","10":"product_tag-koszule-do-karmienia-plus-size","11":"product_tag-koszula-do-karmienia","12":"product_tag-koszula-do-karmienia-3xl","13":"product_tag-koszula-do-karmienia-4xl","14":"product_tag-koszule-ciazowe","15":"product_tag-koszule-ciazowe-do-karmienia","16":"product_tag-koszule-nocne-do-karmienia","17":"product_tag-koszula-do-karmienia-xl","18":"product_tag-koszula-do-karmienia-xxl","19":"product_shipping_class-lekka","20":"pa_rozmiar-2xl","21":"pa_rozmiar-3xl","22":"pa_rozmiar-4xl","23":"pa_rozmiar-xl","25":"first","26":"instock","27":"taxable","28":"shipping-taxable","29":"purchasable","30":"product-type-variable","31":"has-default-attributes","32":"wvs-archive-product-wrapper"},"_links":{"self":[{"href":"https:\/\/mama-niemowlaka.pl\/sklep\/wp-json\/wp\/v2\/product\/20170","targetHints":{"allow":["GET"]}}],"collection":[{"href":"https:\/\/mama-niemowlaka.pl\/sklep\/wp-json\/wp\/v2\/product"}],"about":[{"href":"https:\/\/mama-niemowlaka.pl\/sklep\/wp-json\/wp\/v2\/types\/product"}],"wp:featuredmedia":[{"embeddable":true,"href":"https:\/\/mama-niemowlaka.pl\/sklep\/wp-json\/wp\/v2\/media\/12796"}],"wp:attachment":[{"href":"https:\/\/mama-niemowlaka.pl\/sklep\/wp-json\/wp\/v2\/media?parent=20170"}],"wp:term":[{"taxonomy":"product_brand","embeddable":true,"href":"https:\/\/mama-niemowlaka.pl\/sklep\/wp-json\/wp\/v2\/product_brand?post=20170"},{"taxonomy":"product_cat","embeddable":true,"href":"https:\/\/mama-niemowlaka.pl\/sklep\/wp-json\/wp\/v2\/product_cat?post=20170"},{"taxonomy":"product_tag","embeddable":true,"href":"https:\/\/mama-niemowlaka.pl\/sklep\/wp-json\/wp\/v2\/product_tag?post=20170"}],"curies":[{"name":"wp","href":"https:\/\/api.w.org\/{rel}","templated":true}]}}