{"id":20175,"date":"2024-02-01T16:48:58","date_gmt":"2024-02-01T15:48:58","guid":{"rendered":"https:\/\/mama-niemowlaka.pl\/sklep\/?post_type=product&#038;p=20175"},"modified":"2026-02-01T16:50:33","modified_gmt":"2026-02-01T15:50:33","slug":"koszula-nocna-ciazowa-i-do-karmienia-rozowa-biale-grochy","status":"publish","type":"product","link":"https:\/\/mama-niemowlaka.pl\/sklep\/produkt\/dlamamy\/koszule-do-karmienia\/koszula-nocna-ciazowa-i-do-karmienia-rozowa-biale-grochy\/","title":{"rendered":"Koszula do karmienia &#8211; r\u00f3\u017cowa w bia\u0142e grochy"},"content":{"rendered":"<h2 data-pm-slice=\"1 1 []\"><strong>Koszula nocna ci\u0105\u017cowa i do karmienia<\/strong><\/h2>\n<p data-pm-slice=\"1 1 []\">Nasza <a href=\"https:\/\/mama-niemowlaka.pl\/sklep\/produkt\/dlamamy\/koszule-do-karmienia\/koszula-nocna-ciazowa-i-do-karmienia-rozowa-biale-grochy\/\" target=\"_blank\" rel=\"noopener\"><strong>koszula nocna ci\u0105\u017cowa i do karmienia<\/strong><\/a> ma modny design, kt\u00f3ry przypadnie do gustu ka\u017cdej kobiecie. Jest starannie wykonana z doskona\u0142\u0105 precyzj\u0105. Niezale\u017cnie od tego, czy jeste\u015b w ci\u0105\u017cy, czy karmisz piersi\u0105, ta <a href=\"https:\/\/mama-niemowlaka.pl\/sklep\/c\/dlamamy\/koszule-do-karmienia\/\" target=\"_blank\" rel=\"noopener\"><strong>koszula do karmienia<\/strong><\/a> rozpinana na guziki zapewnia wygodne i dyskretne karmienie male\u0144stwa. \u0141atwy i szybki dost\u0119p do piersi usprawni nocne karmienia maluszka piersi\u0105. Ta funkcjonalna <a href=\"https:\/\/mama-niemowlaka.pl\/sklep\/produkt\/dlamamy\/koszule-do-karmienia\/koszula-nocna-ciazowa-i-do-karmienia-rozowa-biale-grochy\/\" target=\"_blank\" rel=\"noopener\"><strong>koszula nocna ci\u0105\u017cowa i do karmienia<\/strong><\/a> zosta\u0142a stworzona z my\u015bl\u0105 o dopasowywaniu si\u0119 do zmieniaj\u0105cego cia\u0142a kobiety. Ta bawe\u0142niana koszula nocna ci\u0105\u017cowa nocna musi si\u0119 znale\u017a\u0107 w Twojej <a href=\"https:\/\/mama-niemowlaka.pl\/sklep\/t\/dla-mamy\/\" target=\"_blank\" rel=\"noopener\"><strong>torbie do szpitala<\/strong><\/a>.<\/p>\n<p data-pm-slice=\"1 1 []\">Zakup tej koszuli do karmienia to doskona\u0142y wyb\u00f3r. Ta <a href=\"https:\/\/mama-niemowlaka.pl\/sklep\/produkt\/dlamamy\/koszule-do-karmienia\/koszula-do-karmienia-bawelniana-blekitna-kwiaty\/\" target=\"_blank\" rel=\"noopener\"><strong>koszula nocna bawe\u0142niana<\/strong><\/a> to wyj\u0105tkowa bielizna, kt\u00f3ra sprawi, \u017ce ka\u017cda m\u0142oda mama poczuje si\u0119 pi\u0119knie i atrakcyjnie, a jednocze\u015bnie zapewni dyskrecj\u0119 przy karmieniu male\u0144stwa.<\/p>\n<h2 data-pm-slice=\"1 1 []\"><strong>Koszule do karmienia piersi\u0105 i szlafroki ci\u0105\u017cowe dla przysz\u0142ej mamy<\/strong><\/h2>\n<p data-pm-slice=\"1 1 []\">Do tej ka\u017cdej koszuli nocnej ci\u0105\u017cowej i do karmienia dost\u0119pnej w naszym sklepie mo\u017cesz dokupi\u0107 <a href=\"https:\/\/mama-niemowlaka.pl\/sklep\/c\/dlamamy\/szlafrok-ciazowy\/\" target=\"_blank\" rel=\"noopener\"><strong>szlafrok ci\u0105\u017cowy.<\/strong><\/a> Sprawd\u017a nasz\u0105 ofert\u0119 <a href=\"https:\/\/mama-niemowlaka.pl\/sklep\/c\/dlamamy\/szlafrok-ciazowy\/\" target=\"_blank\" rel=\"noopener\"><strong>szlafrok\u00f3w ci\u0105\u017cowych<\/strong><\/a>.<\/p>\n<h2 data-pm-slice=\"1 1 []\"><strong><a href=\"https:\/\/mama-niemowlaka.pl\/sklep\/c\/dlamamy\/koszule-do-karmienia\/\" target=\"_blank\" rel=\"noopener\">Koszule dla przysz\u0142ych mam<\/a> w sklepie <a href=\"https:\/\/mama-niemowlaka.pl\/sklep\/\" target=\"_blank\" rel=\"noopener\">mama-niemowlaka.pl<\/a><\/strong><\/h2>\n<p data-pm-slice=\"1 1 []\"><a href=\"https:\/\/mama-niemowlaka.pl\/sklep\/c\/dlamamy\/koszule-do-karmienia\/\" target=\"_blank\" rel=\"noopener\"><strong>Koszule nocne ci\u0105\u017cowe i do karmienia<\/strong><\/a> to niezb\u0119dne elementy garderoby ci\u0105\u017cowej ka\u017cdej przysz\u0142ej mamy. <a href=\"https:\/\/mama-niemowlaka.pl\/sklep\/\" target=\"_blank\" rel=\"noopener\"><strong>mama-niemowlaka.pl<\/strong><\/a> to sklep internetowy oferuj\u0105cy szeroki wyb\u00f3r bielizny poporodowej, koszul do karmienia oraz <a href=\"https:\/\/mama-niemowlaka.pl\/sklep\/ubranka-niemowlece\/\" target=\"_blank\" rel=\"noopener\"><strong>ubranek dzieci\u0119cych<\/strong><\/a>. Kupisz tu najlepsze koszule nocne ci\u0105\u017cowe do karmienia. W naszym sklepie znajdziesz koszule do porodu, klasyczn\u0105 koszul\u0119 nocn\u0105 ci\u0105\u017cow\u0105 rozpinan\u0105 na guziki, koszule na napy, <a href=\"https:\/\/mama-niemowlaka.pl\/sklep\/c\/dlamamy\/koszule-do-karmienia\/\" target=\"_blank\" rel=\"noopener\"><strong>koszule do karmienia<\/strong><\/a> na suwak, <a href=\"https:\/\/mama-niemowlaka.pl\/sklep\/produkt\/dlamamy\/elegancka-koszula-ciazowa-do-karmienia-rozowa\/\" target=\"_blank\" rel=\"noopener\"><strong>eleganckie koszule nocne ci\u0105\u017cowe<\/strong><\/a> jaki <a href=\"https:\/\/mama-niemowlaka.pl\/sklep\/c\/dlamamy\/pizamy-do-karmienia\/\" target=\"_blank\" rel=\"noopener\"><strong>pi\u017camy ci\u0105\u017cowe<\/strong><\/a>.<\/p>\n<p data-pm-slice=\"1 1 []\">Nasze produkty wysy\u0142amy w ci\u0105gu 48 godzin. Zapewniamy r\u00f3wnie\u017c bezp\u0142atn\u0105 wymian\u0119 i 14-dniow\u0105 polityk\u0119 zwrotu. Dodatkowo, je\u015bli zam\u00f3wisz produkty o warto\u015bci minimum 249 z\u0142, dostawa jest ca\u0142kowicie bezp\u0142atna. Nasze produkty s\u0105 starannie dobrane, aby zapewni\u0107 maksymalny komfort i bezpiecze\u0144stwo Tobie i Twojemu dziecku. Nie musisz ju\u017c traci\u0107 czasu na przeszukiwanie innych sklep\u00f3w \u2013 <a href=\"https:\/\/mama-niemowlaka.pl\/sklep\/\" target=\"_blank\" rel=\"noopener\"><strong>mama-niemowlaka.pl<\/strong><\/a> ma wszystko, czego potrzebujesz! Skorzystaj z naszych us\u0142ug ju\u017c teraz i poznaj nasz\u0105 ofert\u0119 ju\u017c dzi\u015b!<\/p>\n<p data-pm-slice=\"1 1 []\">Sprawd\u017a nasz\u0105 ofert\u0119 koszul do karmienia piersi\u0105 i kup ju\u017c dzi\u015b wygodn\u0105 koszul\u0119 nocn\u0105 aby zapewni\u0107 sobie wygodne karmienie maluszka. Pami\u0119taj, aby wyprawk\u0119 do szpitala dla m\u0142odej mamy uzupe\u0142ni\u0107 o bielizn\u0119 poporodow\u0105. Sprawd\u017a koniecznie nasz\u0105 ofert\u0119 majtek poporodowych i biustonoszy do karmienia \u2013 <a href=\"https:\/\/mama-niemowlaka.pl\/sklep\/c\/dlamamy\/bielizna-poporodowa\/\" target=\"_blank\" rel=\"noopener\"><strong>bielizna poporodowa<\/strong><\/a>.<\/p>\n","protected":false},"excerpt":{"rendered":"<p data-pm-slice=\"1 1 []\"><a href=\"https:\/\/mama-niemowlaka.pl\/sklep\/c\/dlamamy\/koszule-do-karmienia\/\" target=\"_blank\" rel=\"noopener\"><strong>Koszula do karmienia<\/strong><\/a> w r\u00f3\u017cowym kolorze w urocze bia\u0142e grochy to koszula do karmienia wykonana z mi\u0119kkiej i przyjaznej dla sk\u00f3ry bawe\u0142ny. Dzi\u0119ki guzikom po obu stronach piersi u\u0142atwia karmienie piersi\u0105. Nasza koszula nocna ci\u0105\u017cowa posiada kr\u00f3tki r\u0119kaw, dzi\u0119ki czemu b\u0119dzie Ci wygodnie.<\/p>\n<p>Koszula nocna do karmienia wyst\u0119puje w czterech rozmiarach: M, L, XL i XXL. Do koszuli nocnej dla karmi\u0105cych piersi\u0105 mo\u017cesz dokupi\u0107 <a href=\"https:\/\/mama-niemowlaka.pl\/sklep\/c\/dlamamy\/szlafrok-ciazowy\/\" target=\"_blank\" rel=\"noopener\"><strong>szlafrok ci\u0105\u017cowy<\/strong><\/a>. Sprawd\u017a nasz\u0105 ofert\u0119 szlafrok\u00f3w damskich.<\/p>\n<p>Sk\u0142ad: 100% bawe\u0142na<\/p>\n","protected":false},"featured_media":12725,"template":"","meta":[],"product_brand":[],"product_cat":[97,64],"product_tag":[118,119,236,138,146,259,258,98,260,261,331],"class_list":{"0":"post-20175","1":"product","2":"type-product","3":"status-publish","4":"has-post-thumbnail","6":"product_cat-koszule-do-karmienia","7":"product_cat-dlamamy","8":"product_tag-bawelna","9":"product_tag-dla-mamy","10":"product_tag-koszula-do-karmienia","11":"product_tag-koszule-ciazowe","12":"product_tag-koszule-ciazowe-do-karmienia","13":"product_tag-koszula-do-karmienia-l","14":"product_tag-koszula-do-karmienia-m","15":"product_tag-koszule-nocne-do-karmienia","16":"product_tag-koszula-do-karmienia-xl","17":"product_tag-koszula-do-karmienia-xxl","18":"product_tag-koszulka-nocna-do-karmienia","19":"product_shipping_class-lekka","20":"pa_rozmiar-2xl","21":"pa_rozmiar-l","22":"pa_rozmiar-m","23":"pa_rozmiar-xl","25":"first","26":"instock","27":"taxable","28":"shipping-taxable","29":"purchasable","30":"product-type-variable","31":"has-default-attributes","32":"wvs-archive-product-wrapper"},"_links":{"self":[{"href":"https:\/\/mama-niemowlaka.pl\/sklep\/wp-json\/wp\/v2\/product\/20175","targetHints":{"allow":["GET"]}}],"collection":[{"href":"https:\/\/mama-niemowlaka.pl\/sklep\/wp-json\/wp\/v2\/product"}],"about":[{"href":"https:\/\/mama-niemowlaka.pl\/sklep\/wp-json\/wp\/v2\/types\/product"}],"wp:featuredmedia":[{"embeddable":true,"href":"https:\/\/mama-niemowlaka.pl\/sklep\/wp-json\/wp\/v2\/media\/12725"}],"wp:attachment":[{"href":"https:\/\/mama-niemowlaka.pl\/sklep\/wp-json\/wp\/v2\/media?parent=20175"}],"wp:term":[{"taxonomy":"product_brand","embeddable":true,"href":"https:\/\/mama-niemowlaka.pl\/sklep\/wp-json\/wp\/v2\/product_brand?post=20175"},{"taxonomy":"product_cat","embeddable":true,"href":"https:\/\/mama-niemowlaka.pl\/sklep\/wp-json\/wp\/v2\/product_cat?post=20175"},{"taxonomy":"product_tag","embeddable":true,"href":"https:\/\/mama-niemowlaka.pl\/sklep\/wp-json\/wp\/v2\/product_tag?post=20175"}],"curies":[{"name":"wp","href":"https:\/\/api.w.org\/{rel}","templated":true}]}}