{"id":20218,"date":"2022-11-03T00:06:54","date_gmt":"2022-11-02T23:06:54","guid":{"rendered":"https:\/\/mama-niemowlaka.pl\/sklep\/?post_type=product&#038;p=20218"},"modified":"2026-02-03T00:08:08","modified_gmt":"2026-02-02T23:08:08","slug":"sukienka-niemowleca-niebieska","status":"publish","type":"product","link":"https:\/\/mama-niemowlaka.pl\/sklep\/produkt\/ubranka-niemowlece\/sukienki-dla-niemowlat\/sukienka-niemowleca-niebieska\/","title":{"rendered":"Sukienka niemowl\u0119ca z d\u0142ugim r\u0119kawem &#8211; niebieska"},"content":{"rendered":"<h2><strong>Sukienka niemowl\u0119ca z d\u0142ugim r\u0119kawem w kolorze niebieskim.<\/strong><\/h2>\n<div><\/div>\n<div>Sukienka niemowl\u0119ca w kolorze niebieskim to idealna propozycja dla ka\u017cdej m\u0142odej mamy, kt\u00f3ra chce kupi\u0107 dla swojej pociechy co\u015b wyj\u0105tkowego i komfortowego. Ta urocza sukienka wykonana jest z mi\u0119kkiego i przyjemnego w dotyku materia\u0142u, kt\u00f3ry zapewnia dziecku komfort i swobod\u0119 ruch\u00f3w.<\/div>\n<div><\/div>\n<h2><strong>Jednym z najwi\u0119kszych atut\u00f3w tej sukienki jest jej uniwersalno\u015b\u0107.<\/strong><\/h2>\n<div><\/div>\n<div>Sukienka dla ma\u0142ej dziewczynki doskonale sprawdzi si\u0119 w r\u00f3\u017cnych okazjach, zar\u00f3wno podczas codziennych spacer\u00f3w, jak i na bardziej uroczystych okazjach, takich jak Chrzest czy \u015blub. Klasyczny fason niemowl\u0119cej sukienki nigdy nie wychodzi z mody i z pewno\u015bci\u0105 przypadnie do gustu wielu mamom.<\/div>\n<div><\/div>\n<div>Dodatkowym atutem sukienki jest jej pi\u0119kny niebieski kolor, kt\u00f3ry jest doskonale dopasowany do delikatnej sk\u00f3ry niemowl\u0105t. Sukienka posiada tak\u017ce urocze aplikacje w postaci drobnych kwiatk\u00f3w, kt\u00f3re dodaj\u0105 sukience jeszcze wi\u0119kszego uroku.<\/div>\n<div><\/div>\n<h2><strong>Kupuj wygodne sukienki niemowl\u0119ce oraz wysokiej jako\u015bci.<\/strong><\/h2>\n<div><\/div>\n<div>Je\u015bli szukasz idealnej sukienki dla swojej c\u00f3reczki, kt\u00f3ra b\u0119dzie nie tylko wygodna i funkcjonalna, ale r\u00f3wnie\u017c pi\u0119kna i stylowa, ta sukienka na pewno spe\u0142ni Twoje oczekiwania. Zach\u0119camy do zakupu i zapewniamy, \u017ce Twoja ma\u0142a ksi\u0119\u017cniczka b\u0119dzie czu\u0142a si\u0119 w niej wyj\u0105tkowo i komfortowo. Sukienka zosta\u0142a uszyta z bawe\u0142ny dzi\u0119ki czemu jest bezpieczna i przyjazna dla sk\u00f3ry dziecka.<\/div>\n<div><\/div>\n<h3><strong>Sprawd\u017a pozosta\u0142\u0105 ofert\u0119 niemowl\u0119cych sukienek w naszym sklepie internetowym.<\/strong><\/h3>\n<p>Sk\u0142ad:<\/p>\n<p>100% bawe\u0142na<\/p>\n","protected":false},"excerpt":{"rendered":"<h2><strong>Sukienka niemowl\u0119ca z d\u0142ugim r\u0119kawem w kolorze niebieskim.<\/strong><\/h2>\n<div><\/div>\n<div>Sukienka niemowl\u0119ca w kolorze niebieskim to idealna propozycja dla ka\u017cdej m\u0142odej mamy, kt\u00f3ra chce kupi\u0107 dla swojej pociechy co\u015b wyj\u0105tkowego i komfortowego. Ta urocza sukienka wykonana jest z mi\u0119kkiego i przyjemnego w dotyku materia\u0142u, kt\u00f3ry zapewnia dziecku komfort i swobod\u0119 ruch\u00f3w.<\/div>\n<div><\/div>\n<h2><strong>Jednym z najwi\u0119kszych atut\u00f3w tej sukienki jest jej uniwersalno\u015b\u0107.<\/strong><\/h2>\n<div><\/div>\n<div>Sukienka dla ma\u0142ej dziewczynki doskonale sprawdzi si\u0119 w r\u00f3\u017cnych okazjach, zar\u00f3wno podczas codziennych spacer\u00f3w, jak i na bardziej uroczystych okazjach, takich jak Chrzest czy \u015blub. Klasyczny fason niemowl\u0119cej sukienki nigdy nie wychodzi z mody i z pewno\u015bci\u0105 przypadnie do gustu wielu mamom.<\/div>\n<div><\/div>\n<div>Dodatkowym atutem sukienki jest jej pi\u0119kny niebieski kolor, kt\u00f3ry jest doskonale dopasowany do delikatnej sk\u00f3ry niemowl\u0105t. Sukienka posiada tak\u017ce urocze aplikacje w postaci drobnych kwiatk\u00f3w, kt\u00f3re dodaj\u0105 sukience jeszcze wi\u0119kszego uroku.<\/div>\n<div><\/div>\n<h2><strong>Kupuj wygodne sukienki niemowl\u0119ce oraz wysokiej jako\u015bci.<\/strong><\/h2>\n<div><\/div>\n<div>Je\u015bli szukasz idealnej sukienki dla swojej c\u00f3reczki, kt\u00f3ra b\u0119dzie nie tylko wygodna i funkcjonalna, ale r\u00f3wnie\u017c pi\u0119kna i stylowa, ta sukienka na pewno spe\u0142ni Twoje oczekiwania. Zach\u0119camy do zakupu i zapewniamy, \u017ce Twoja ma\u0142a ksi\u0119\u017cniczka b\u0119dzie czu\u0142a si\u0119 w niej wyj\u0105tkowo i komfortowo. Sukienka zosta\u0142a uszyta z bawe\u0142ny dzi\u0119ki czemu jest bezpieczna i przyjazna dla sk\u00f3ry dziecka.<\/div>\n<div><\/div>\n<h3><strong>Sprawd\u017a pozosta\u0142\u0105 ofert\u0119 niemowl\u0119cych sukienek w naszym sklepie internetowym.<\/strong><\/h3>\n<p>Sk\u0142ad:<\/p>\n<p>100% bawe\u0142na<\/p>\n","protected":false},"featured_media":7799,"template":"","meta":[],"product_brand":[],"product_cat":[126,57],"product_tag":[118,243,152,228],"class_list":{"0":"post-20218","1":"product","2":"type-product","3":"status-publish","4":"has-post-thumbnail","6":"product_cat-sukienki-dla-niemowlat","7":"product_cat-ubranka-niemowlece","8":"product_tag-bawelna","9":"product_tag-black-friday","10":"product_tag-ubranka-dla-niemowlat-dziewczynek","11":"product_tag-promocje","12":"product_shipping_class-lekka","13":"pa_rozmiar-314","14":"pa_rozmiar-315","15":"pa_rozmiar-316","16":"pa_rozmiar-317","18":"first","19":"instock","20":"sale","21":"taxable","22":"shipping-taxable","23":"purchasable","24":"product-type-variable","25":"has-default-attributes","26":"wvs-archive-product-wrapper"},"_links":{"self":[{"href":"https:\/\/mama-niemowlaka.pl\/sklep\/wp-json\/wp\/v2\/product\/20218","targetHints":{"allow":["GET"]}}],"collection":[{"href":"https:\/\/mama-niemowlaka.pl\/sklep\/wp-json\/wp\/v2\/product"}],"about":[{"href":"https:\/\/mama-niemowlaka.pl\/sklep\/wp-json\/wp\/v2\/types\/product"}],"wp:featuredmedia":[{"embeddable":true,"href":"https:\/\/mama-niemowlaka.pl\/sklep\/wp-json\/wp\/v2\/media\/7799"}],"wp:attachment":[{"href":"https:\/\/mama-niemowlaka.pl\/sklep\/wp-json\/wp\/v2\/media?parent=20218"}],"wp:term":[{"taxonomy":"product_brand","embeddable":true,"href":"https:\/\/mama-niemowlaka.pl\/sklep\/wp-json\/wp\/v2\/product_brand?post=20218"},{"taxonomy":"product_cat","embeddable":true,"href":"https:\/\/mama-niemowlaka.pl\/sklep\/wp-json\/wp\/v2\/product_cat?post=20218"},{"taxonomy":"product_tag","embeddable":true,"href":"https:\/\/mama-niemowlaka.pl\/sklep\/wp-json\/wp\/v2\/product_tag?post=20218"}],"curies":[{"name":"wp","href":"https:\/\/api.w.org\/{rel}","templated":true}]}}