{"id":20233,"date":"2025-05-01T00:30:07","date_gmt":"2025-04-30T22:30:07","guid":{"rendered":"https:\/\/mama-niemowlaka.pl\/sklep\/?post_type=product&#038;p=20233"},"modified":"2026-02-03T00:32:10","modified_gmt":"2026-02-02T23:32:10","slug":"komplet-niemowlecy-dla-dziewczynki-ogrodniczki-i-t-shirt","status":"publish","type":"product","link":"https:\/\/mama-niemowlaka.pl\/sklep\/produkt\/ubranka-niemowlece\/komplet-niemowlecy\/komplet-niemowlecy-dla-dziewczynki-ogrodniczki-i-t-shirt\/","title":{"rendered":"Komplet niemowl\u0119cy dla dziewczynki ogrodniczki i t-shirt"},"content":{"rendered":"<h2 data-pm-slice=\"1 1 []\"><strong>Letni komplet ubranek dla dziewczynki<\/strong><\/h2>\n<p>Komplet niemowl\u0119cy dla dziewczynki to idealny wyb\u00f3r dla ka\u017cdej mamy, kt\u00f3ra szuka wygodnego i praktycznego ubranka dla swojej c\u00f3reczki. Zestaw sk\u0142ada si\u0119 z przewiewnej bawe\u0142nianej bluzeczki z kr\u00f3tkim r\u0119kawem oraz spodni typu ogrodniczki z kr\u00f3tkimi nogawkami.<\/p>\n<h2><strong>Ogrodniczki niemowl\u0119ce i bluzeczka<\/strong><\/h2>\n<p>Ogrodniczki s\u0105 doskonale przemy\u015blane i zapewniaj\u0105 wygod\u0119 i swobod\u0119 ruch\u00f3w dziecka. Posiadaj\u0105 praktyczne zapi\u0119cie na ramionach, kt\u00f3re u\u0142atwia zak\u0142adanie. Ponadto, na spodniach znajduje si\u0119 urocza kieszonka, kt\u00f3ry dodaje uroku.<\/p>\n<p>Bluzeczka wykonana jest z mi\u0119kkiej i przewiewnej bawe\u0142ny, co gwarantuje dziecku komfort i swobod\u0119 ruch\u00f3w. Posiada ona okr\u0105g\u0142y dekolt oraz kr\u00f3tkie r\u0119kawy, co sprawia, \u017ce jest idealnym strojem na ciep\u0142e letnie dni. Dodatkowo bluzeczka posiada zapi\u0119cie na napk\u0119 na ramieniu, kt\u00f3re u\u0142atwia zak\u0142adanie i zdejmowanie ubranka.<\/p>\n<h2><strong>Wygodny komplet niemowl\u0119cy<\/strong><\/h2>\n<p>Zestaw ubranek dla dziewczynki jest dost\u0119pny w r\u00f3\u017cnych rozmiarach, dzi\u0119ki czemu mo\u017cna dopasowa\u0107 go do indywidualnych potrzeb dziecka. Ca\u0142o\u015b\u0107 uszyta jest z najwy\u017cszej jako\u015bci bawe\u0142ny, co zapewnia trwa\u0142o\u015b\u0107 i \u0142atwo\u015b\u0107 w utrzymaniu czysto\u015bci.<\/p>\n<p>Dzi\u0119ki temu kompletowi niemowl\u0119cemu, mama mo\u017ce mie\u0107 pewno\u015b\u0107, \u017ce jej c\u00f3reczka b\u0119dzie wygodnie i modnie ubrana w ka\u017cdej sytuacji. Zestaw ten jest idealnym prezentem dla ka\u017cdej mamy, kt\u00f3ra ceni sobie jako\u015b\u0107 i atrakcyjny wygl\u0105d.<\/p>\n<p>Sk\u0142ad: 100% bawe\u0142na<\/p>\n","protected":false},"excerpt":{"rendered":"<p data-pm-slice=\"1 1 []\">Komplet niemowl\u0119cy w sk\u0142ad, kt\u00f3rego wchodz\u0105 ogrodniczki i bluzeczka. Zestaw wykonany jest z najwy\u017cszej jako\u015bci bawe\u0142ny, zapewni dziecku komfort w ka\u017cdej sytuacji, a uroczy wz\u00f3r w motylki na ogrodniczkach dodaje mu dziewcz\u0119cego uroku. Nasz komplet niemowl\u0119cy to idealny prezent dla ka\u017cdej mamy, kt\u00f3ra ceni sobie jako\u015b\u0107 i atrakcyjny wygl\u0105d swojego dziecka. Kup teraz i przekonaj si\u0119, jak \u0142atwo i wygodnie mo\u017cna ubra\u0107 swoj\u0105 c\u00f3reczk\u0119 w modny str\u00f3j!<\/p>\n<p>Komplet ubranek dost\u0119pny jest w czterech rozmiarach.<\/p>\n","protected":false},"featured_media":8669,"template":"","meta":[],"product_brand":[],"product_cat":[122,79,57],"product_tag":[118,152,153,351,162,358,355,160,154],"class_list":{"0":"post-20233","1":"product","2":"type-product","3":"status-publish","4":"has-post-thumbnail","6":"product_cat-komplet-niemowlecy","7":"product_cat-spodnie-niemowlece","8":"product_cat-ubranka-niemowlece","9":"product_tag-bawelna","10":"product_tag-ubranka-dla-niemowlat-dziewczynek","11":"product_tag-komplet","12":"product_tag-komplety-niemowlece-dla-dziewczynki","13":"product_tag-lato","14":"product_tag-ubranka-letnie-dla-dziewczynki","15":"product_tag-letnie-ubranka-dla-niemowlat","16":"product_tag-ogrodniczki","17":"product_tag-szorty","18":"product_shipping_class-lekka","19":"pa_rozmiar-312","20":"pa_rozmiar-313","21":"pa_rozmiar-314","22":"pa_rozmiar-315","24":"first","25":"instock","26":"taxable","27":"shipping-taxable","28":"purchasable","29":"product-type-variable","30":"has-default-attributes","31":"wvs-archive-product-wrapper"},"_links":{"self":[{"href":"https:\/\/mama-niemowlaka.pl\/sklep\/wp-json\/wp\/v2\/product\/20233","targetHints":{"allow":["GET"]}}],"collection":[{"href":"https:\/\/mama-niemowlaka.pl\/sklep\/wp-json\/wp\/v2\/product"}],"about":[{"href":"https:\/\/mama-niemowlaka.pl\/sklep\/wp-json\/wp\/v2\/types\/product"}],"wp:featuredmedia":[{"embeddable":true,"href":"https:\/\/mama-niemowlaka.pl\/sklep\/wp-json\/wp\/v2\/media\/8669"}],"wp:attachment":[{"href":"https:\/\/mama-niemowlaka.pl\/sklep\/wp-json\/wp\/v2\/media?parent=20233"}],"wp:term":[{"taxonomy":"product_brand","embeddable":true,"href":"https:\/\/mama-niemowlaka.pl\/sklep\/wp-json\/wp\/v2\/product_brand?post=20233"},{"taxonomy":"product_cat","embeddable":true,"href":"https:\/\/mama-niemowlaka.pl\/sklep\/wp-json\/wp\/v2\/product_cat?post=20233"},{"taxonomy":"product_tag","embeddable":true,"href":"https:\/\/mama-niemowlaka.pl\/sklep\/wp-json\/wp\/v2\/product_tag?post=20233"}],"curies":[{"name":"wp","href":"https:\/\/api.w.org\/{rel}","templated":true}]}}