{"id":20238,"date":"2024-04-03T00:35:16","date_gmt":"2024-04-02T22:35:16","guid":{"rendered":"https:\/\/mama-niemowlaka.pl\/sklep\/?post_type=product&#038;p=20238"},"modified":"2026-02-03T00:36:52","modified_gmt":"2026-02-02T23:36:52","slug":"spodnie-ogrodniczki-niemowlece-jeansowe","status":"publish","type":"product","link":"https:\/\/mama-niemowlaka.pl\/sklep\/produkt\/ubranka-niemowlece\/spodnie-niemowlece\/spodnie-ogrodniczki-niemowlece-jeansowe\/","title":{"rendered":"Spodnie ogrodniczki niemowl\u0119ce jeansowe"},"content":{"rendered":"<h2><span style=\"font-weight: 400;\">Spodnie ogrodniczki <\/span><span style=\"font-weight: 400;\">niemowl\u0119ce\u00a0<\/span><span style=\"font-weight: 400;\">jeansowe.<\/span><\/h2>\n<p>Spodnie ogrodniczki dla niemowl\u0105t to niezwykle praktyczne ubranie dla najm\u0142odszych. Produkt ten pozwoli Twojemu dziecku na swobodne poruszanie si\u0119 oraz zapewni wygod\u0119 podczas zabawy i odkrywania \u015bwiata. Wykonane z wysokiej jako\u015bci materia\u0142u jeansowego, spodnie ogrodniczki s\u0105 odporne na uszkodzenia oraz wytrzyma\u0142e na noszenie, co jest szczeg\u00f3lnie wa\u017cne dla niemowl\u0105t, kt\u00f3re bardzo szybko rosn\u0105 i intensywnie si\u0119 rozwijaj\u0105.<\/p>\n<p>Spodnie ogrodniczki to nie tylko praktyczne, ale r\u00f3wnie\u017c bardzo stylowe ubranie dla niemowl\u0105t. Modny kr\u00f3j oraz uniwersalny kolor jeansu pozwoli na stworzenie wielu r\u00f3\u017cnorodnych zestaw\u00f3w z innymi ubraniami dzieci\u0119cymi. Ogrodniczki to idealny wyb\u00f3r dla ka\u017cdej mamy, kt\u00f3ra chce zadba\u0107 o wygod\u0119 i styl swojego dziecka.<\/p>\n<p>Nie czekaj i zam\u00f3w ju\u017c dzi\u015b spodnie ogrodniczki dla swojego dziecka &#8211; po\u0142\u0105czysz wygod\u0119 z modnym stylem, a jednocze\u015bnie zyskasz pewno\u015b\u0107, \u017ce Twoje dziecko b\u0119dzie czu\u0142o si\u0119 komfortowo i bezpiecznie podczas ka\u017cdej aktywno\u015bci.<\/p>\n<h3><span style=\"font-weight: 400;\">Sk\u0142ad spodni:<\/span><\/h3>\n<p><span style=\"font-weight: 400;\">98% bawe\u0142na, 2% lycra<br \/>\n<\/span><\/p>\n","protected":false},"excerpt":{"rendered":"<h2><span style=\"font-weight: 400;\">Spodnie ogrodniczki <\/span><span style=\"font-weight: 400;\">niemowl\u0119ce\u00a0<\/span><span style=\"font-weight: 400;\">jeansowe.<\/span><\/h2>\n<p>Spodnie ogrodniczki dla niemowl\u0105t to niezwykle praktyczne ubranie dla najm\u0142odszych. Produkt ten pozwoli Twojemu dziecku na swobodne poruszanie si\u0119 oraz zapewni wygod\u0119 podczas zabawy i odkrywania \u015bwiata. Wykonane z wysokiej jako\u015bci materia\u0142u jeansowego, spodnie ogrodniczki s\u0105 odporne na uszkodzenia oraz wytrzyma\u0142e na noszenie, co jest szczeg\u00f3lnie wa\u017cne dla niemowl\u0105t, kt\u00f3re bardzo szybko rosn\u0105 i intensywnie si\u0119 rozwijaj\u0105.<\/p>\n<p>Spodnie ogrodniczki to nie tylko praktyczne, ale r\u00f3wnie\u017c bardzo stylowe ubranie dla niemowl\u0105t. Modny kr\u00f3j oraz uniwersalny kolor jeansu pozwoli na stworzenie wielu r\u00f3\u017cnorodnych zestaw\u00f3w z innymi ubraniami dzieci\u0119cymi. Ogrodniczki to idealny wyb\u00f3r dla ka\u017cdej mamy, kt\u00f3ra chce zadba\u0107 o wygod\u0119 i styl swojego dziecka.<\/p>\n<p>Nie czekaj i zam\u00f3w ju\u017c dzi\u015b spodnie ogrodniczki dla swojego dziecka &#8211; po\u0142\u0105czysz wygod\u0119 z modnym stylem, a jednocze\u015bnie zyskasz pewno\u015b\u0107, \u017ce Twoje dziecko b\u0119dzie czu\u0142o si\u0119 komfortowo i bezpiecznie podczas ka\u017cdej aktywno\u015bci.<\/p>\n<h3><span style=\"font-weight: 400;\">Sk\u0142ad spodni:<\/span><\/h3>\n<p><span style=\"font-weight: 400;\">98% bawe\u0142na, 2% lycra<\/span><\/p>\n","protected":false},"featured_media":5289,"template":"","meta":[],"product_brand":[],"product_cat":[79,57],"product_tag":[214,145,152],"class_list":{"0":"post-20238","1":"product","2":"type-product","3":"status-publish","4":"has-post-thumbnail","6":"product_cat-spodnie-niemowlece","7":"product_cat-ubranka-niemowlece","8":"product_tag-bestseller","9":"product_tag-ubranka-dla-niemowlat-chlopca","10":"product_tag-ubranka-dla-niemowlat-dziewczynek","11":"product_shipping_class-lekka","12":"pa_rozmiar-313","13":"pa_rozmiar-315","14":"pa_rozmiar-316","15":"pa_rozmiar-317","17":"first","18":"instock","19":"taxable","20":"shipping-taxable","21":"purchasable","22":"product-type-variable","23":"has-default-attributes","24":"wvs-archive-product-wrapper"},"_links":{"self":[{"href":"https:\/\/mama-niemowlaka.pl\/sklep\/wp-json\/wp\/v2\/product\/20238","targetHints":{"allow":["GET"]}}],"collection":[{"href":"https:\/\/mama-niemowlaka.pl\/sklep\/wp-json\/wp\/v2\/product"}],"about":[{"href":"https:\/\/mama-niemowlaka.pl\/sklep\/wp-json\/wp\/v2\/types\/product"}],"wp:featuredmedia":[{"embeddable":true,"href":"https:\/\/mama-niemowlaka.pl\/sklep\/wp-json\/wp\/v2\/media\/5289"}],"wp:attachment":[{"href":"https:\/\/mama-niemowlaka.pl\/sklep\/wp-json\/wp\/v2\/media?parent=20238"}],"wp:term":[{"taxonomy":"product_brand","embeddable":true,"href":"https:\/\/mama-niemowlaka.pl\/sklep\/wp-json\/wp\/v2\/product_brand?post=20238"},{"taxonomy":"product_cat","embeddable":true,"href":"https:\/\/mama-niemowlaka.pl\/sklep\/wp-json\/wp\/v2\/product_cat?post=20238"},{"taxonomy":"product_tag","embeddable":true,"href":"https:\/\/mama-niemowlaka.pl\/sklep\/wp-json\/wp\/v2\/product_tag?post=20238"}],"curies":[{"name":"wp","href":"https:\/\/api.w.org\/{rel}","templated":true}]}}