{"id":20247,"date":"2023-12-03T00:47:37","date_gmt":"2023-12-02T23:47:37","guid":{"rendered":"https:\/\/mama-niemowlaka.pl\/sklep\/?post_type=product&#038;p=20247"},"modified":"2026-02-03T00:49:43","modified_gmt":"2026-02-02T23:49:43","slug":"bloomersy-dla-dziewczynki-niemowlaka-kwiatki","status":"publish","type":"product","link":"https:\/\/mama-niemowlaka.pl\/sklep\/produkt\/ubranka-niemowlece\/bielizna-dla-niemowlaka\/bloomersy-dla-dziewczynki-niemowlaka-kwiatki\/","title":{"rendered":"Bloomersy  niemowl\u0119ce dla dziewczynki &#8211; kwiatki"},"content":{"rendered":"<h2 data-pm-slice=\"1 1 []\"><strong>Dekoracyjne majteczki &#8211; wysokiej jako\u015bci bloomersy dla dziewczynki<\/strong><\/h2>\n<p data-pm-slice=\"1 1 []\"><a href=\"https:\/\/mama-niemowlaka.pl\/sklep\/produkt\/ubranka-niemowlece\/bielizna-dla-niemowlaka\/bloomersy-dla-dziewczynki-niemowlaka-kwiatki\/\" target=\"_blank\" rel=\"noopener\"><strong>Bloomersy dla dziewczynki<\/strong><\/a> to niezwykle urocze i wygodne ubranko, kt\u00f3re zapewniaj\u0105 komfort i swobod\u0119 ruchu dla Twojego maluszka.<\/p>\n<p data-pm-slice=\"1 1 []\">Bloomersy wykonane z mi\u0119kkiej bawe\u0142ny, wysokiej jako\u015bci s\u0105 delikatne dla delikatnej sk\u00f3ry niemowlaka. Ich staranne wykonanie gwarantuje, \u017ce b\u0119d\u0105 idealne dla Twojego dziecka. Bloomersy dziewcz\u0119ce posiadaj\u0105 w pasie i przy n\u00f3\u017ckach n\u00f3\u017ckach delikatny, mi\u0119kki \u015bci\u0105gacz. Delikatna, nieuciskaj\u0105ca gumka wszyta w pasie i przy nogawkach utrzymuje ubranko we w\u0142a\u015bciwym miejscu, a odpowiedni kr\u00f3j zapewnia dziecku wysoki komfort noszenia i nie kr\u0119puje ruch\u00f3w podczas zabawy. Z ty\u0142u bloomers\u00f3w znajduje si\u0119 urocza falbanka, kt\u00f3ra dodaje im dziewcz\u0119cego uroku. Ich wz\u00f3r w drobne pastelowe kwiaty nadaje im jeszcze wi\u0119kszej urody i sprawia, \u017ce Twoje dziecko b\u0119dzie wygl\u0105da\u0107 uroczo i modnie. Drobne pastelowe kwiatowe wzory dodaj\u0105 im uroku i sprawiaj\u0105, \u017ce b\u0119d\u0105 doskona\u0142ym wyborem na letnie spacery czy pikniki.<\/p>\n<h3 data-pm-slice=\"1 1 []\"><strong>Kiedy zak\u0142ada\u0107 dziecku bloomersy?<\/strong><\/h3>\n<p data-pm-slice=\"1 1 []\">Bawe\u0142niane bloomersy to absolutny must have niemowl\u0119cej garderoby szczeg\u00f3lnie latem. <a href=\"https:\/\/mama-niemowlaka.pl\/sklep\/produkt\/ubranka-niemowlece\/bielizna-dla-niemowlaka\/bloomersy-dla-dziewczynki-niemowlaka-kwiatki\/\" target=\"_blank\" rel=\"noopener\"><strong>Bloomersy dla dziewczynki<\/strong><\/a> z falbank\u0105 to idealne ubranko na lato dla Twojej dziewczynki. Ich lu\u017any kr\u00f3j zapewnia swobod\u0119 ruchu, a jednocze\u015bnie zakrywa tylko pieluszk\u0119, dzi\u0119ki czemu maluch czuje si\u0119 komfortowo nawet w upalne dni. To idealne rozwi\u0105zanie podczas ciep\u0142ych dni, kiedy nie musisz zak\u0142ada\u0107 dziecku niczego wi\u0119cej. <a href=\"https:\/\/mama-niemowlaka.pl\/sklep\/t\/bloomersy\/\" target=\"_blank\" rel=\"noopener\"><strong>Bloomersy niemowl\u0119ce<\/strong><\/a> mo\u017cna z powodzeniem zak\u0142ada\u0107 pod sukieneczk\u0119 b\u0105d\u017a te\u017c traktowa\u0107 je jako kr\u00f3tkie spodenki. Niekt\u00f3rzy rodzice zak\u0142adaj\u0105 bloomersy na pla\u017c\u0119, s\u0105 zdecydowanie wygodniejsze ni\u017c stroje k\u0105pielowe.<\/p>\n<h2 data-pm-slice=\"1 1 []\"><strong>Bloomersy dziewcz\u0119ce. Niemowl\u0119ca bielizna w sklepie <\/strong><a href=\"https:\/\/mama-niemowlaka.pl\/sklep\" target=\"_blank\" rel=\"noopener\"><strong>mama-niemowlaka.pl<\/strong><\/a><\/h2>\n<p data-pm-slice=\"1 1 []\">Bloomersy dla dziewczynki zakryj\u0105 pieluszk\u0119 ma\u0142ej damy, dzi\u0119ki czemu ka\u017cda stylizacja zyska elegancji. <a href=\"https:\/\/mama-niemowlaka.pl\/sklep\/t\/bloomersy\/\" target=\"_blank\" rel=\"noopener\"><strong>Bloomersy niemowl\u0119ce<\/strong><\/a> to nie tylko funkcjonalne ubranko, ale r\u00f3wnie\u017c stylowy dodatek do letniej garderoby Twojej ma\u0142ej dziewczynki. W sklepie <a href=\"https:\/\/mama-niemowlaka.pl\/sklep\" target=\"_blank\" rel=\"noopener\">mama-niemowlaka.pl<\/a> bloomersy niemowl\u0119ce dost\u0119pne s\u0105 w r\u00f3\u017cnych rozmiarach, kolorach i wzorach.<\/p>\n<h3><strong>Stw\u00f3rz modn\u0105 letni\u0105 stylizacj\u0119 dla swojej dziewczynki<\/strong><\/h3>\n<p>Wybierz <a href=\"https:\/\/mama-niemowlaka.pl\/sklep\/t\/bloomersy\/\" target=\"_blank\" rel=\"noopener\"><strong>bloomersy niemowl\u0119ce<\/strong><\/a> dla Twojej dziewczynki i ciesz si\u0119 z uroku i wygody, jakie zapewniaj\u0105. To nie tylko praktyczne ubranko, ale tak\u017ce modny element letniej dzieci\u0119cej garderoby. Zam\u00f3w ju\u017c teraz. Sprawd\u017a pozosta\u0142e <a href=\"https:\/\/mama-niemowlaka.pl\/sklep\/t\/letnie-ubranka-dla-niemowlat\/\" target=\"_blank\" rel=\"noopener\"><strong>letnie ubranka dla niemowl\u0105t<\/strong><\/a> w naszym sklepie.<\/p>\n","protected":false},"excerpt":{"rendered":"<p data-pm-slice=\"1 1 []\">Delikatne, wygodne i stylowe &#8211; urocze bloomersy dla dziewczynek! Lu\u017any kr\u00f3j, niezwykle mi\u0119kka, wysokiej jako\u015bci bawe\u0142na i uroczy wz\u00f3r w pastelowych kwiatach sprawi\u0105, \u017ce Twoja ma\u0142a ksi\u0119\u017cniczka b\u0119dzie wygl\u0105da\u0107 uroczo. W pasie i przy n\u00f3\u017ckach delikatny, mi\u0119kki \u015bci\u0105gacz. <a href=\"https:\/\/mama-niemowlaka.pl\/sklep\/t\/bloomersy\/\" target=\"_blank\" rel=\"noopener\"><strong>Bloomersy dla niemowlaka<\/strong><\/a> mo\u017cna z powodzeniem zak\u0142ada\u0107 pod sukieneczk\u0119 b\u0105d\u017a te\u017c traktowa\u0107 je jako kr\u00f3tkie spodenki. Idealne w sezonie letnim podczas upa\u0142\u00f3w. Bloomersy niemowl\u0119ce dla dziewczynki to gustowna propozycja na zakrycie pieluszki, przydatnie szczeg\u00f3lnie w letnie dni, gdy jest gor\u0105co.<\/p>\n<p><a href=\"https:\/\/mama-niemowlaka.pl\/sklep\/produkt\/ubranka-niemowlece\/bielizna-dla-niemowlaka\/bloomersy-dla-dziewczynki-niemowlaka-kwiatki\/\" target=\"_blank\" rel=\"noopener\"><strong>Dziewcz\u0119ce bloomersy<\/strong><\/a> s\u0105 dost\u0119pne w trzech rozmiarach: 68, 74 i 80. Dost\u0119pne s\u0105 r\u00f3wnie\u017c inne wersje kolorystyczne: <a href=\"https:\/\/mama-niemowlaka.pl\/sklep\/produkt\/ubranka-niemowlece\/bielizna-dla-niemowlaka\/niemowlece-bloomersy-z-falbanka-rozowe\/\" target=\"_blank\" rel=\"noopener\"><strong>Bloomersy niemowl\u0119ce dla dziewczynki- r\u00f3\u017cowe<\/strong><\/a> i <a href=\"https:\/\/mama-niemowlaka.pl\/sklep\/produkt\/ubranka-niemowlece\/bielizna-dla-niemowlaka\/bloomersy-dla-niemowlat-roz-w-biale-kwiaty\/\" target=\"_blank\" rel=\"noopener\"><strong>Bloomersy niemowl\u0119ce dla dziewczynki \u2013 r\u00f3\u017c w bia\u0142e kwiaty<\/strong><\/a>.<\/p>\n<p>Sk\u0142ad: 100% bawe\u0142na<\/p>\n","protected":false},"featured_media":7958,"template":"","meta":[],"product_brand":[],"product_cat":[190,57],"product_tag":[118,175,152,162,355],"class_list":{"0":"post-20247","1":"product","2":"type-product","3":"status-publish","4":"has-post-thumbnail","6":"product_cat-bielizna-dla-niemowlaka","7":"product_cat-ubranka-niemowlece","8":"product_tag-bawelna","9":"product_tag-bloomersy-niemowlece","10":"product_tag-ubranka-dla-niemowlat-dziewczynek","11":"product_tag-lato","12":"product_tag-letnie-ubranka-dla-niemowlat","13":"product_shipping_class-lekka","14":"pa_rozmiar-313","15":"pa_rozmiar-314","16":"pa_rozmiar-315","18":"first","19":"instock","20":"taxable","21":"shipping-taxable","22":"purchasable","23":"product-type-variable","24":"has-default-attributes","25":"wvs-archive-product-wrapper"},"_links":{"self":[{"href":"https:\/\/mama-niemowlaka.pl\/sklep\/wp-json\/wp\/v2\/product\/20247","targetHints":{"allow":["GET"]}}],"collection":[{"href":"https:\/\/mama-niemowlaka.pl\/sklep\/wp-json\/wp\/v2\/product"}],"about":[{"href":"https:\/\/mama-niemowlaka.pl\/sklep\/wp-json\/wp\/v2\/types\/product"}],"wp:featuredmedia":[{"embeddable":true,"href":"https:\/\/mama-niemowlaka.pl\/sklep\/wp-json\/wp\/v2\/media\/7958"}],"wp:attachment":[{"href":"https:\/\/mama-niemowlaka.pl\/sklep\/wp-json\/wp\/v2\/media?parent=20247"}],"wp:term":[{"taxonomy":"product_brand","embeddable":true,"href":"https:\/\/mama-niemowlaka.pl\/sklep\/wp-json\/wp\/v2\/product_brand?post=20247"},{"taxonomy":"product_cat","embeddable":true,"href":"https:\/\/mama-niemowlaka.pl\/sklep\/wp-json\/wp\/v2\/product_cat?post=20247"},{"taxonomy":"product_tag","embeddable":true,"href":"https:\/\/mama-niemowlaka.pl\/sklep\/wp-json\/wp\/v2\/product_tag?post=20247"}],"curies":[{"name":"wp","href":"https:\/\/api.w.org\/{rel}","templated":true}]}}