{"id":20309,"date":"2025-11-30T10:34:59","date_gmt":"2025-11-30T09:34:59","guid":{"rendered":"https:\/\/mama-niemowlaka.pl\/sklep\/?post_type=product&#038;p=20309"},"modified":"2026-04-12T13:17:47","modified_gmt":"2026-04-12T11:17:47","slug":"koszula-plus-size-granatowa","status":"publish","type":"product","link":"https:\/\/mama-niemowlaka.pl\/sklep\/produkt\/dlamamy\/koszule-do-karmienia\/koszula-plus-size-granatowa\/","title":{"rendered":"Koszula plus size granatowa"},"content":{"rendered":"<blockquote>\n<h2 data-pm-slice=\"1 1 []\"><strong>Koszula plus size granatowa &#8211; koszula ci\u0105\u017cowa do karmienia rozpinana z przodu<\/strong><\/h2>\n<\/blockquote>\n<p data-pm-slice=\"1 1 []\">Bawe\u0142niana <a href=\"https:\/\/mama-niemowlaka.pl\/sklep\/produkt\/dlamamy\/koszule-do-karmienia\/koszula-ciazowa-plus-size-granatowa\/\" target=\"_blank\" rel=\"noopener\"><strong>koszula plus size granatowa<\/strong><\/a> dla kobiet karmi\u0105cych piersi\u0105 i w ci\u0105\u017cy. Wykonana w 100% z bawe\u0142ny. Bardzo wygodna i funkcjonalna &#8211; idealnie sprawdzi si\u0119 u kobiet o pe\u0142niejszych kszta\u0142tach. Koszula plus size granatowa o klasycznym kroju &#8211; prosta i wygodna, z du\u017cym dekoltem rozpinanym na napy. Koszula plus size granatowa posiada kr\u00f3j dopasowany do rosn\u0105cego brzucha, dzi\u0119ki czemu nie kr\u0119puje ruch\u00f3w i jest bardzo wygodna. <a href=\"https:\/\/mama-niemowlaka.pl\/sklep\/produkt\/dlamamy\/koszule-do-karmienia\/koszula-ciazowa-plus-size-granatowa\/\" target=\"_blank\" rel=\"noopener\"><strong>Koszulka nocna do karmienia<\/strong><\/a> w uroczym, granatowym kolorze, d\u0142ugo\u015b\u0107 przed kolano. Bardzo kobieca, wygodna i funkcjonalna.<\/p>\n<p data-pm-slice=\"1 1 []\">Nasz\u0105 <a href=\"https:\/\/mama-niemowlaka.pl\/sklep\/produkt\/dlamamy\/koszule-do-karmienia\/koszula-ciazowa-plus-size-granatowa\/\" target=\"_blank\" rel=\"noopener\"><strong>koszul\u0119 ci\u0105\u017cow\u0105 do karmienia<\/strong><\/a> w rozmiarze plus size mo\u017cesz pra\u0107 w pralce oraz nie musisz jej prasowa\u0107, co pozwala zaoszcz\u0119dzi\u0107 czas. Koszula do karmienia plus size zosta\u0142a wykonana w trosce o najmniejsze detale. Podsumowuj\u0105c, w naszej koszuli ci\u0105\u017cowej plus size poczujesz si\u0119 w niej atrakcyjnie i komfortowo.<\/p>\n<h2 data-pm-slice=\"1 1 []\"><strong>Koszule do porodu i do karmienia w sklepie <\/strong><a href=\"https:\/\/mama-niemowlaka.pl\/sklep\/\" target=\"_blank\" rel=\"noopener\"><strong>www.mama-niemowlaka.pl<\/strong><\/a><strong> &#8211; wybierz nasze koszule nocne ci\u0105\u017cowe do karmienia piersi\u0105<\/strong><\/h2>\n<p data-pm-slice=\"1 1 []\">W sklepie <a href=\"https:\/\/mama-niemowlaka.pl\/sklep\/\" target=\"_blank\" rel=\"noopener\"><strong>mama-niemowlaka.pl<\/strong><\/a> znajdziesz szeroki wyb\u00f3r koszul do karmienia piersi\u0105. Znajdziesz zar\u00f3wno klasyczn\u0105 <a href=\"https:\/\/mama-niemowlaka.pl\/sklep\/c\/dlamamy\/koszule-do-karmienia\/\" target=\"_blank\" rel=\"noopener\"><strong>koszul\u0119 do karmienia<\/strong><\/a> zapinan\u0105 na guziki jaki koszule na napy, a tak\u017ce pi\u017camy ci\u0105\u017cowe. Nasze produkty wysy\u0142amy w ci\u0105gu 48 godzin. Oferujemy bezp\u0142atn\u0105 wymian\u0119 i 14-dniowy zwrot. Dodatkowo, je\u015bli zam\u00f3wisz za minimum 249 z\u0142, dostawa b\u0119dzie ca\u0142kowicie bezp\u0142atna. Nasze produkty s\u0105 starannie dobierane tak, aby zapewni\u0107 Ci maksymalny komfort i bezpiecze\u0144stwo. Nie musisz ju\u017c traci\u0107 czasu na przeszukiwanie innych sklep\u00f3w. <a href=\"https:\/\/mama-niemowlaka.pl\/sklep\/\" target=\"_blank\" rel=\"noopener\"><strong>mama-niemowlaka.pl<\/strong><\/a> ma wszystko, czego potrzebujesz!<\/p>\n<p data-pm-slice=\"1 1 []\">Skorzystaj z naszych us\u0142ug ju\u017c teraz i sprawd\u017a nasz\u0105 ofert\u0119 komfortowych <a href=\"https:\/\/mama-niemowlaka.pl\/sklep\/c\/dlamamy\/koszule-do-karmienia\/\" target=\"_blank\" rel=\"noopener\"><strong>koszul nocnych do karmienia<\/strong><\/a>, <a href=\"https:\/\/mama-niemowlaka.pl\/sklep\/c\/dlamamy\/dresy-ciazowe\/\" target=\"_blank\" rel=\"noopener\"><strong>odzie\u017c ci\u0105\u017cow\u0105<\/strong><\/a>, <a href=\"https:\/\/mama-niemowlaka.pl\/sklep\/c\/dlamamy\/bielizna-poporodowa\/\" target=\"_blank\" rel=\"noopener\"><strong>bielizn\u0119 dla przysz\u0142ych mam<\/strong><\/a> oraz <a href=\"https:\/\/mama-niemowlaka.pl\/sklep\/ubranka-niemowlece\/\" target=\"_blank\" rel=\"noopener\"><strong>ubranka dla niemowl\u0105t<\/strong><\/a> ju\u017c dzi\u015b! Sprawd\u017a nasze pozosta\u0142e koszule ci\u0105\u017cowe plus size &#8211; znajdziesz je tutaj -&gt; <a href=\"https:\/\/mama-niemowlaka.pl\/sklep\/tag-produktu\/duze-rozmiary\/\" target=\"_blank\" rel=\"noopener\"><strong>koszule do karmienia xxxl<\/strong><\/a>. Wszystkie koszule nocne ci\u0105\u017cowe w naszym sklepie to bawe\u0142niane koszule nocne.<\/p>\n<p data-pm-slice=\"1 1 []\">Do naszych koszul nocnych ci\u0105\u017cowych do karmienia mo\u017cesz dokupi\u0107 r\u00f3wnie\u017c <a href=\"https:\/\/mama-niemowlaka.pl\/sklep\/c\/dlamamy\/szlafrok-ciazowy\/\" target=\"_blank\" rel=\"noopener\"><strong>szlafrok ci\u0105\u017cowy<\/strong><\/a>. Sprawd\u017a tak\u017ce nasze <a href=\"https:\/\/mama-niemowlaka.pl\/sklep\/t\/szlafroki-damskie-duze-rozmiary\/\" target=\"_blank\" rel=\"noopener\"><strong>szlafroki damskie du\u017ce rozmiary<\/strong><\/a>.<\/p>\n<h2>Tabela rozmiar\u00f3w koszuli <strong>plus size granatowej <\/strong>:<\/h2>\n<table width=\"700\">\n<tbody>\n<tr>\n<td><strong>Rozmiar<\/strong><\/td>\n<td style=\"text-align: center;\"><strong>XL<\/strong><\/td>\n<td style=\"text-align: center;\"><strong>2XL<\/strong><\/td>\n<td style=\"text-align: center;\"><strong>3XL<\/strong><\/td>\n<td style=\"text-align: center;\"><strong>4XL<\/strong><\/td>\n<\/tr>\n<tr>\n<td>D\u0142ugo\u015b\u0107 ca\u0142kowita<\/td>\n<td style=\"text-align: center;\">104 cm<\/td>\n<td style=\"text-align: center;\">105 cm<\/td>\n<td style=\"text-align: center;\">106 cm<\/td>\n<td style=\"text-align: center;\">107 cm<\/td>\n<\/tr>\n<tr>\n<td>Obw\u00f3d d\u00f3\u0142<\/td>\n<td style=\"text-align: center;\">150 cm<\/td>\n<td style=\"text-align: center;\">156 cm<\/td>\n<td style=\"text-align: center;\">162 cm<\/td>\n<td style=\"text-align: center;\">168 cm<\/td>\n<\/tr>\n<tr>\n<td>Obw\u00f3d pod pachami<\/td>\n<td style=\"text-align: center;\">116\u00a0 cm<\/td>\n<td style=\"text-align: center;\">124 cm<\/td>\n<td style=\"text-align: center;\">132 cm<\/td>\n<td style=\"text-align: center;\">144cm<\/td>\n<\/tr>\n<\/tbody>\n<\/table>\n<p>Sk\u0142ad: 100% bawe\u0142na<br \/>\nKraj produkcji: Turcja<\/p>\n","protected":false},"excerpt":{"rendered":"<p data-pm-slice=\"1 1 []\">Bawe\u0142niana koszula plus size granatowa, do karmienia, rozpinana z przodu, posiada kr\u00f3tki r\u0119kaw i przeznaczona jest dla kobiet do karmienia dziecka piersi\u0105. Model o wygodnym kroju dla kobiet o pe\u0142nych kszta\u0142tach. Wygodna koszula plus size granatowa zapewnia komfort karmienia dziecka dzi\u0119ki zapi\u0119ciu na napy w dekolcie.<\/p>\n<p>Koszula plus size granatowa dost\u0119pna jest w czterech rozmiarach: XL, XXL, 3XL i 4XL.<\/p>\n<h3>Tabela rozmiar\u00f3w koszuli <strong>plus size granatowej <\/strong>:<\/h3>\n<table width=\"700\">\n<tbody>\n<tr>\n<td><strong>Rozmiar<\/strong><\/td>\n<td style=\"text-align: center;\"><strong>XL<\/strong><\/td>\n<td style=\"text-align: center;\"><strong>2XL<\/strong><\/td>\n<td style=\"text-align: center;\"><strong>3XL<\/strong><\/td>\n<td style=\"text-align: center;\"><strong>4XL<\/strong><\/td>\n<\/tr>\n<tr>\n<td>D\u0142ugo\u015b\u0107 ca\u0142kowita<\/td>\n<td style=\"text-align: center;\">104 cm<\/td>\n<td style=\"text-align: center;\">105 cm<\/td>\n<td style=\"text-align: center;\">106 cm<\/td>\n<td style=\"text-align: center;\">107 cm<\/td>\n<\/tr>\n<tr>\n<td>Obw\u00f3d d\u00f3\u0142<\/td>\n<td style=\"text-align: center;\">150 cm<\/td>\n<td style=\"text-align: center;\">156 cm<\/td>\n<td style=\"text-align: center;\">162 cm<\/td>\n<td style=\"text-align: center;\">168 cm<\/td>\n<\/tr>\n<tr>\n<td>Obw\u00f3d pod pachami<\/td>\n<td style=\"text-align: center;\">116\u00a0 cm<\/td>\n<td style=\"text-align: center;\">124 cm<\/td>\n<td style=\"text-align: center;\">132 cm<\/td>\n<td style=\"text-align: center;\">144cm<\/td>\n<\/tr>\n<\/tbody>\n<\/table>\n<p>Sk\u0142ad: 100% bawe\u0142na<br \/>\nKraj produkcji: Turcja<\/p>\n","protected":false},"featured_media":18249,"template":"","meta":[],"product_brand":[],"product_cat":[97,64],"product_tag":[118,608,119,181,236,262,263,138,146,98,260,261,180,228],"class_list":{"0":"post-20309","1":"product","2":"type-product","3":"status-publish","4":"has-post-thumbnail","6":"product_cat-koszule-do-karmienia","7":"product_cat-dlamamy","8":"product_tag-bawelna","9":"product_tag-bestsellery-dla-mamy","10":"product_tag-dla-mamy","11":"product_tag-koszule-do-karmienia-plus-size","12":"product_tag-koszula-do-karmienia","13":"product_tag-koszula-do-karmienia-3xl","14":"product_tag-koszula-do-karmienia-4xl","15":"product_tag-koszule-ciazowe","16":"product_tag-koszule-ciazowe-do-karmienia","17":"product_tag-koszule-nocne-do-karmienia","18":"product_tag-koszula-do-karmienia-xl","19":"product_tag-koszula-do-karmienia-xxl","20":"product_tag-nowosc","21":"product_tag-promocje","22":"product_shipping_class-lekka","23":"pa_rozmiar-2xl","24":"pa_rozmiar-3xl","25":"pa_rozmiar-4xl","26":"pa_rozmiar-xl","28":"first","29":"instock","30":"sale","31":"taxable","32":"shipping-taxable","33":"purchasable","34":"product-type-variable","35":"has-default-attributes","36":"wvs-archive-product-wrapper"},"_links":{"self":[{"href":"https:\/\/mama-niemowlaka.pl\/sklep\/wp-json\/wp\/v2\/product\/20309","targetHints":{"allow":["GET"]}}],"collection":[{"href":"https:\/\/mama-niemowlaka.pl\/sklep\/wp-json\/wp\/v2\/product"}],"about":[{"href":"https:\/\/mama-niemowlaka.pl\/sklep\/wp-json\/wp\/v2\/types\/product"}],"wp:featuredmedia":[{"embeddable":true,"href":"https:\/\/mama-niemowlaka.pl\/sklep\/wp-json\/wp\/v2\/media\/18249"}],"wp:attachment":[{"href":"https:\/\/mama-niemowlaka.pl\/sklep\/wp-json\/wp\/v2\/media?parent=20309"}],"wp:term":[{"taxonomy":"product_brand","embeddable":true,"href":"https:\/\/mama-niemowlaka.pl\/sklep\/wp-json\/wp\/v2\/product_brand?post=20309"},{"taxonomy":"product_cat","embeddable":true,"href":"https:\/\/mama-niemowlaka.pl\/sklep\/wp-json\/wp\/v2\/product_cat?post=20309"},{"taxonomy":"product_tag","embeddable":true,"href":"https:\/\/mama-niemowlaka.pl\/sklep\/wp-json\/wp\/v2\/product_tag?post=20309"}],"curies":[{"name":"wp","href":"https:\/\/api.w.org\/{rel}","templated":true}]}}