{"id":20397,"date":"2026-02-22T19:14:49","date_gmt":"2026-02-22T18:14:49","guid":{"rendered":"https:\/\/mama-niemowlaka.pl\/sklep\/?post_type=product&#038;p=20397"},"modified":"2026-04-09T15:49:55","modified_gmt":"2026-04-09T13:49:55","slug":"kremowy-garnitur-dla-niemowlaka-do-chrztu","status":"publish","type":"product","link":"https:\/\/mama-niemowlaka.pl\/sklep\/produkt\/ubranka-niemowlece\/komplet-niemowlecy\/kremowy-garnitur-dla-niemowlaka-do-chrztu\/","title":{"rendered":"Kremowy garnitur dla niemowlaka do chrztu"},"content":{"rendered":"<h2 data-pm-slice=\"1 1 []\"><strong>Elegancki komplet niemowl\u0119cy &#8211; kremowy garnitur dla niemowlaka do chrztu<\/strong><\/h2>\n<p data-pm-slice=\"1 3 []\">Szykowny garnitur dla niemowlaka w kolorze kremowym zosta\u0142 stworzony z my\u015bl\u0105 o ma\u0142ych d\u017centelmenach, kt\u00f3rzy chc\u0105 wygl\u0105da\u0107 elegancko i modnie od najm\u0142odszych lat. <a href=\"https:\/\/mama-niemowlaka.pl\/sklep\/produkt\/ubranka-niemowlece\/komplet-niemowlecy\/niebieski-garnitur-dla-niemowlaka-do-chrztu\/\" target=\"_blank\" rel=\"noopener\"><strong>Garnitur niemowl\u0119cy<\/strong><\/a> sk\u0142ada si\u0119 z trzech g\u0142\u00f3wnych element\u00f3w, kt\u00f3re razem tworz\u0105 kompletny, stylowy look:<\/p>\n<ul>\n<li>marynarka niemowl\u0119ca &#8211; Materia\u0142 jest bardzo mi\u0119kki, dzi\u0119ki czemu marynarka zapewnia komfort i swobod\u0119 ruch\u00f3w dla Twojego maluszka. Z przodu posiada guziki, kt\u00f3re dodaj\u0105 uroku i pozwalaj\u0105 na \u0142atwe zak\u0142adanie i zdejmowanie.<\/li>\n<li>eleganckie spodnie niemowl\u0119ce &#8211; doskonale komponuj\u0105 si\u0119 z marynark\u0105. Elastyczny pas gwarantuje, \u017ce spodnie b\u0119d\u0105 idealnie dopasowane do brzuszka Twojego dziecka, zapewniaj\u0105c mu swobod\u0119 i wygod\u0119 podczas zabawy. Spodnie s\u0105 r\u00f3wnie\u017c \u0142atwe do za\u0142o\u017cenia i zdejmowania, dzi\u0119ki czemu zmiana pieluch jest wygodna<\/li>\n<li>koszulobody niemowl\u0119ce z d\u0142ugim r\u0119kawem &#8211; eleganckie body z ko\u0142nierzem dodaje charakteru i uroku ca\u0142emu zestawowi. Zapewnia przyjemne uczucie noszenia. D\u0142ugie r\u0119kawy zapewniaj\u0105 ciep\u0142o i ochron\u0119 przed ch\u0142odem, a muszka dodaje niepowtarzalnego, uroczego akcentu.<\/li>\n<li>mucha na gumce w kolorze marynarki<\/li>\n<\/ul>\n<p data-pm-slice=\"1 1 []\">Je\u015bli pragniesz, aby Tw\u00f3j syn wygl\u0105da\u0142 uroczo i stylowo w dniu jego Chrztu lub podczas innych wa\u017cnych okazji, nasz <a href=\"https:\/\/mama-niemowlaka.pl\/sklep\/produkt\/ubranka-niemowlece\/komplet-niemowlecy\/niebieski-garnitur-dla-niemowlaka-do-chrztu\/\" target=\"_blank\" rel=\"noopener\"><strong>garnitur niemowl\u0119cy<\/strong><\/a> jest idealnym wyborem. Niezale\u017cnie od okazji nasze <a href=\"https:\/\/mama-niemowlaka.pl\/sklep\/c\/ubranka-niemowlece\/eleganckie-ubranka-dla-niemowlaka\/\" target=\"_blank\" rel=\"noopener\"><strong>elegancki komplet niemowl\u0119cy<\/strong><\/a> na Chrzest sprawi, \u017ce Tw\u00f3j maluszek b\u0119dzie wygl\u0105da\u0107 ol\u015bniewaj\u0105co i niezapomnianie.<\/p>\n<p data-pm-slice=\"1 1 []\">Wybierz nasz elegancki <a href=\"https:\/\/mama-niemowlaka.pl\/sklep\/produkt\/ubranka-niemowlece\/komplet-niemowlecy\/niebieski-garnitur-dla-niemowlaka-do-chrztu\/\" target=\"_blank\" rel=\"noopener\"><strong>garnitur niemowl\u0119cy<\/strong><\/a> ch\u0142opi\u0119cy do Chrztu, kt\u00f3ry nie odbiega od klasycznego garnituru dla doros\u0142ego m\u0119\u017cczyzny.<\/p>\n<h2 data-pm-slice=\"1 1 []\"><strong>Eleganckie ubranka niemowl\u0119ce w sklepie <\/strong><a href=\"https:\/\/mama-niemowlaka.pl\"><strong>mama-niemowlaka.pl<\/strong><\/a><strong> &#8211; komplety ubranek dzieci\u0119cych<\/strong><\/h2>\n<p data-pm-slice=\"1 1 []\">Je\u017celi szukasz <a href=\"https:\/\/mama-niemowlaka.pl\/sklep\/t\/ubranka-do-chrztu-dla-chlopca\/\" target=\"_blank\" rel=\"noopener\"><strong>ubranka na Chrzest dla ch\u0142opca<\/strong><\/a> koniecznie sprawd\u017a nasz\u0105 ofert\u0119 garnitur\u00f3w niemowl\u0119cych. Odkryj stylowe i <a href=\"https:\/\/mama-niemowlaka.pl\/sklep\/c\/ubranka-niemowlece\/eleganckie-ubranka-dla-niemowlaka\/\" target=\"_blank\" rel=\"noopener\"><strong>eleganckie komplety niemowl\u0119ce<\/strong><\/a> w sklepie <a href=\"https:\/\/mama-niemowlaka.pl\/sklep\/\" target=\"_blank\" rel=\"noopener\"><strong>mama-niemowlaka.pl<\/strong><\/a>. Niezale\u017cnie od tego, czy szukasz <a href=\"https:\/\/mama-niemowlaka.pl\/sklep\/t\/ubranka-do-chrztu-dla-chlopca\/\" target=\"_blank\" rel=\"noopener\"><strong>zestawu do Chrztu dla ch\u0142opca<\/strong><\/a>, kompletnego stroju na Chrzest dla ch\u0142opca czy eleganckich ubranek na uroczysto\u015bci, <a href=\"https:\/\/mama-niemowlaka.pl\/sklep\/\" target=\"_blank\" rel=\"noopener\"><strong>mama-niemowlaka.pl<\/strong><\/a> ma to, czego potrzebujesz. Zapewnij swojemu maluszkowi wyj\u0105tkowy wygl\u0105d podczas ceremonii Chrztu dzi\u0119ki naszej kolekcji <a href=\"https:\/\/mama-niemowlaka.pl\/sklep\/c\/ubranka-niemowlece\/eleganckie-ubranka-dla-niemowlaka\/\" target=\"_blank\" rel=\"noopener\"><strong>eleganckich ubranek dla niemowl\u0105t<\/strong><\/a>. Wybierz spo\u015br\u00f3d r\u00f3\u017cnych styl\u00f3w i wzor\u00f3w, aby znale\u017a\u0107 idealny <a href=\"https:\/\/mama-niemowlaka.pl\/sklep\/t\/ubranka-do-chrztu-dla-chlopca\/\" target=\"_blank\" rel=\"noopener\"><strong>komplet ch\u0142opi\u0119cy do Chrztu<\/strong><\/a>.<\/p>\n<p data-pm-slice=\"1 1 []\">Sklep <a href=\"https:\/\/mama-niemowlaka.pl\/sklep\/\" target=\"_blank\" rel=\"noopener\"><strong>mama-niemowlaka.pl<\/strong><\/a> to miejsce, gdzie znajdziesz nie tylko najnowsze trendy w modzie dla niemowl\u0105t, ale tak\u017ce wysok\u0105 jako\u015b\u0107 i doskona\u0142e dopasowanie. Przygotuj si\u0119 na wyj\u0105tkowy dzie\u0144 i ubierz swojego ch\u0142opca w oryginalny zestaw na Chrzest, kt\u00f3ry b\u0119dzie wywo\u0142ywa\u0142 u\u015bmiech na twarzach wszystkich obecnych. Pozosta\u0142e <a href=\"https:\/\/mama-niemowlaka.pl\/sklep\/t\/ubranka-do-chrztu\/\" target=\"_blank\" rel=\"noopener\"><strong>ubranka do Chrztu<\/strong><\/a> znajdziesz w kategoriach: <a href=\"https:\/\/mama-niemowlaka.pl\/sklep\/t\/ubranka-do-chrztu\/\" target=\"_blank\" rel=\"noopener\"><strong>ubranka do Chrztu<\/strong><\/a>, <a href=\"https:\/\/mama-niemowlaka.pl\/sklep\/t\/ubranka-do-chrztu-dla-chlopca\/\" target=\"_blank\" rel=\"noopener\"><strong>ubranka do Chrztu dla ch\u0142opca<\/strong><\/a> i <a href=\"https:\/\/mama-niemowlaka.pl\/sklep\/t\/ubranka-do-chrztu-dla-dziewczynki\/\" target=\"_blank\" rel=\"noopener\"><strong>ubranka do Chrztu dla dziewczynki<\/strong><\/a>.<button class=\"rank-math-content-ai-tooltip\">Skr\u00f3\u0107 ze SI<\/button><\/p>\n<p data-pm-slice=\"1 1 []\">W naszym sklepie znajdziesz tak\u017ce pozosta\u0142e elementy garderoby niemowl\u0119cej jak <a href=\"https:\/\/mama-niemowlaka.pl\/sklep\/c\/ubranka-niemowlece\/szelki-i-mucha-dla-niemowlaka\/\" target=\"_blank\" rel=\"noopener\"><strong>szelki i mucha dla niemowlaka<\/strong><\/a> czy <a href=\"https:\/\/mama-niemowlaka.pl\/sklep\/t\/rajstopy-niemowlece\/\" target=\"_blank\" rel=\"noopener\"><strong>rajstopy niemowl\u0119ce<\/strong><\/a>.<\/p>\n<p>Sprawd\u017a nasza ofert\u0119 i kup ju\u017c dzi\u015b <a href=\"https:\/\/mama-niemowlaka.pl\/sklep\/t\/ubranka-do-chrztu\/\" target=\"_blank\" rel=\"noopener\"><strong>eleganckie komplety niemowl\u0119ce na Chrzest<\/strong><\/a>.<\/p>\n","protected":false},"excerpt":{"rendered":"<p data-pm-slice=\"1 1 []\">Wyj\u0105tkowy kremowy garnitur dla niemowlaka do chrztu w sk\u0142ad, kt\u00f3rego wchodzi kremowa marynarka, bia\u0142e koszulobody z d\u0142ugim r\u0119kawem i kremowa mucha oraz spodnie ch\u0142opi\u0119ce. Komplet niemowl\u0119cy dla ch\u0142opca zosta\u0142 uszyty z przewiewnych tkaniny na bazie lnu. Je\u015bli chcesz, aby Tw\u00f3j maluszek wygl\u0105da\u0142 uroczo i stylowo w dniu jego Chrztu lub podczas innej wa\u017cnej uroczysto\u015bci, to nasze garnitury dla niemowlak\u00f3w s\u0105 idealnym wyborem.<\/p>\n<p>Kremowy<a href=\"https:\/\/mama-niemowlaka.pl\/sklep\/produkt\/ubranka-niemowlece\/komplet-niemowlecy\/niebieski-garnitur-dla-niemowlaka-do-chrztu\/\" target=\"_blank\" rel=\"noopener\"><strong>\u00a0garnitur niemowl\u0119cy<\/strong><\/a> do chrztu wyst\u0119puje w rozmiarach: 62, 68, 74 i 80.<br \/>\nTen model dost\u0119pny jest tak\u017ce w innych kolorach: <a href=\"https:\/\/mama-niemowlaka.pl\/sklep\/produkt\/ubranka-niemowlece\/komplet-niemowlecy\/bezowy-garnitur-niemowlecy-do-chrztu\/\">be\u017cowym<\/a>, niebieskim, <a href=\"https:\/\/mama-niemowlaka.pl\/sklep\/produkt\/ubranka-niemowlece\/komplet-niemowlecy\/szary-garnitur-niemowlecy-do-chrztu\/\">szarym<\/a> oraz <a href=\"https:\/\/mama-niemowlaka.pl\/sklep\/produkt\/ubranka-niemowlece\/komplet-niemowlecy\/czarny-garnitur-niemowlecy-do-chrztu\/\">czarnym<\/a>.<\/p>\n<p><strong>Tabela rozmiar\u00f3w:<\/strong><\/p>\n<table>\n<tbody>\n<tr>\n<td><b>Koszulobody<\/b><\/td>\n<td style=\"text-align: center\"><b>62<\/b><\/td>\n<td style=\"text-align: center\"><b>68<\/b><\/td>\n<td style=\"text-align: center\"><b>74<\/b><\/td>\n<td style=\"text-align: center\"><b>80<\/b><\/td>\n<\/tr>\n<tr>\n<td><span style=\"font-weight: 400\">D\u0142ugo\u015b\u0107 ca\u0142kowita (bez ko\u0142nierza)<\/span><\/td>\n<td><span style=\"font-weight: 400\">38 cm<\/span><\/td>\n<td><span style=\"font-weight: 400\">40 cm<\/span><\/td>\n<td><span style=\"font-weight: 400\">41 cm<\/span><\/td>\n<td><span style=\"font-weight: 400\">43 cm<\/span><\/td>\n<\/tr>\n<tr>\n<td><span style=\"font-weight: 400\">Obw\u00f3d pod pachami<\/span><\/td>\n<td><span style=\"font-weight: 400\">50 cm<\/span><\/td>\n<td><span style=\"font-weight: 400\">52 cm<\/span><\/td>\n<td><span style=\"font-weight: 400\">54 cm<\/span><\/td>\n<td><span style=\"font-weight: 400\">56 cm<\/span><\/td>\n<\/tr>\n<tr>\n<td><span style=\"font-weight: 400\">D\u0142ugo\u015b\u0107 r\u0119kawa<\/span><\/td>\n<td><span style=\"font-weight: 400\">24 cm<\/span><\/td>\n<td><span style=\"font-weight: 400\">26 cm<\/span><\/td>\n<td><span style=\"font-weight: 400\">28 cm<\/span><\/td>\n<td><span style=\"font-weight: 400\">29 cm<\/span><\/td>\n<\/tr>\n<tr>\n<td><b>Spodnie<\/b><\/td>\n<td style=\"text-align: center\"><b>62<\/b><\/td>\n<td style=\"text-align: center\"><b>68<\/b><\/td>\n<td style=\"text-align: center\"><b>74<\/b><\/td>\n<td style=\"text-align: center\"><b>80<\/b><\/td>\n<\/tr>\n<tr>\n<td><span style=\"font-weight: 400\">Obw\u00f3d w pasie<\/span><\/td>\n<td><span style=\"font-weight: 400\">\u00a042 cm<\/span><\/td>\n<td><span style=\"font-weight: 400\">\u00a045 cm<\/span><\/td>\n<td><span style=\"font-weight: 400\">46 cm<\/span><\/td>\n<td><span style=\"font-weight: 400\">47 cm<\/span><\/td>\n<\/tr>\n<tr>\n<td><span style=\"font-weight: 400\">D\u0142ugo\u015b\u0107\u00a0 (bez podwini\u0119cia)<\/span><\/td>\n<td><span style=\"font-weight: 400\">\u00a034 cm<\/span><\/td>\n<td><span style=\"font-weight: 400\">\u00a038 cm<\/span><\/td>\n<td><span style=\"font-weight: 400\">40 cm<\/span><\/td>\n<td><span style=\"font-weight: 400\">42 cm<\/span><\/td>\n<\/tr>\n<\/tbody>\n<\/table>\n<p>Sk\u0142ad:<br \/>\nkoszulobody 70% bawe\u0142na, 30% poliester<br \/>\nmarynarka i spodnie: 55% len, 45% poliester<\/p>\n<p>Kraj produkcji: Turcja<\/p>\n","protected":false},"featured_media":20407,"template":"","meta":[],"product_brand":[],"product_cat":[122,143,135,57],"product_tag":[214,125,145,155,166,153,352,167,180,343],"class_list":{"0":"post-20397","1":"product","2":"type-product","3":"status-publish","4":"has-post-thumbnail","6":"product_cat-komplet-niemowlecy","7":"product_cat-eleganckie-ubranka-dla-chlopca","8":"product_cat-eleganckie-ubranka-dla-niemowlaka","9":"product_cat-ubranka-niemowlece","10":"product_tag-bestseller","11":"product_tag-ubranka-do-chrztu","12":"product_tag-ubranka-dla-niemowlat-chlopca","13":"product_tag-eleganckie","14":"product_tag-garnitur","15":"product_tag-komplet","16":"product_tag-komplety-niemowlece-dla-chlopca","17":"product_tag-marynarka","18":"product_tag-nowosc","19":"product_tag-ubranka-do-chrztu-dla-chlopca","20":"product_shipping_class-lekka","21":"pa_rozmiar-312","22":"pa_rozmiar-313","23":"pa_rozmiar-314","24":"pa_rozmiar-315","26":"first","27":"instock","28":"taxable","29":"shipping-taxable","30":"purchasable","31":"product-type-variable","32":"has-default-attributes","33":"wvs-archive-product-wrapper"},"_links":{"self":[{"href":"https:\/\/mama-niemowlaka.pl\/sklep\/wp-json\/wp\/v2\/product\/20397","targetHints":{"allow":["GET"]}}],"collection":[{"href":"https:\/\/mama-niemowlaka.pl\/sklep\/wp-json\/wp\/v2\/product"}],"about":[{"href":"https:\/\/mama-niemowlaka.pl\/sklep\/wp-json\/wp\/v2\/types\/product"}],"wp:featuredmedia":[{"embeddable":true,"href":"https:\/\/mama-niemowlaka.pl\/sklep\/wp-json\/wp\/v2\/media\/20407"}],"wp:attachment":[{"href":"https:\/\/mama-niemowlaka.pl\/sklep\/wp-json\/wp\/v2\/media?parent=20397"}],"wp:term":[{"taxonomy":"product_brand","embeddable":true,"href":"https:\/\/mama-niemowlaka.pl\/sklep\/wp-json\/wp\/v2\/product_brand?post=20397"},{"taxonomy":"product_cat","embeddable":true,"href":"https:\/\/mama-niemowlaka.pl\/sklep\/wp-json\/wp\/v2\/product_cat?post=20397"},{"taxonomy":"product_tag","embeddable":true,"href":"https:\/\/mama-niemowlaka.pl\/sklep\/wp-json\/wp\/v2\/product_tag?post=20397"}],"curies":[{"name":"wp","href":"https:\/\/api.w.org\/{rel}","templated":true}]}}