{"id":20888,"date":"2026-04-29T01:05:12","date_gmt":"2026-04-28T23:05:12","guid":{"rendered":"https:\/\/mama-niemowlaka.pl\/sklep\/?post_type=product&#038;p=20888"},"modified":"2026-04-29T01:27:12","modified_gmt":"2026-04-28T23:27:12","slug":"elegancki-szary-stroj-dla-chlopca","status":"publish","type":"product","link":"https:\/\/mama-niemowlaka.pl\/sklep\/produkt\/ubranka-niemowlece\/eleganckie-ubranka-dla-chlopca\/elegancki-szary-stroj-dla-chlopca\/","title":{"rendered":"Elegancki szary str\u00f3j dla ch\u0142opca"},"content":{"rendered":"<h2 data-pm-slice=\"1 1 []\"><strong>Elegancki szary str\u00f3j dla ch\u0142opca &#8211; elegancki zestaw na specjalne okazje dla ch\u0142opca<\/strong><\/h2>\n<p data-pm-slice=\"1 1 []\"><a href=\"https:\/\/mama-niemowlaka.pl\/sklep\/produkt\/ubranka-niemowlece\/eleganckie-ubranka-dla-chlopca\/elegancki-szary-stroj-dla-chlopca\/\" target=\"_blank\" rel=\"noopener\"><strong>Elegancki szary str\u00f3j dla ch\u0142opca<\/strong><\/a> niemowlaka to idealne rozwi\u0105zanie na specjalne okazje, takie jak Chrzest lub inne uroczysto\u015bci. Nasz szary komplet wizytowy dla ch\u0142opca sprawdzi si\u0119 r\u00f3wnie\u017c jako ubranko na roczek. W sk\u0142ad tego wyj\u0105tkowego zestawu dla ch\u0142opca wchodz\u0105 bia\u0142e koszulobody z muszk\u0105, szare spodnie oraz szelki. Szare, <a href=\"https:\/\/mama-niemowlaka.pl\/sklep\/c\/ubranka-niemowlece\/spodnie-niemowlece\/\" target=\"_blank\" rel=\"noopener\"><strong>eleganckie spodnie dla ch\u0142opca<\/strong><\/a> sprawdz\u0105 si\u0119 w wielu sytuacjach. <a href=\"https:\/\/mama-niemowlaka.pl\/sklep\/t\/eleganckie-body\/\" target=\"_blank\" rel=\"noopener\"><strong>Eleganckie body<\/strong><\/a> dla ch\u0142opca to body koszulowe, kt\u00f3re imituj\u0105 koszul\u0119 to obowi\u0105zkowy element garderoby prawdziwego d\u017centelmena. <a href=\"https:\/\/mama-niemowlaka.pl\/sklep\/c\/ubranka-niemowlece\/szelki-i-mucha-dla-niemowlaka\/\" target=\"_blank\" rel=\"noopener\"><strong>Szelki i mucha dla niemowlaka<\/strong><\/a> dodaj\u0105 elegancji ca\u0142ej stylizacji.<\/p>\n<p data-pm-slice=\"1 1 []\"><a href=\"https:\/\/mama-niemowlaka.pl\/sklep\/produkt\/ubranka-niemowlece\/eleganckie-ubranka-dla-chlopca\/elegancki-szary-komplet-dla-chlopca\" target=\"_blank\" rel=\"noopener\"><strong>Elegancki szary komplet<\/strong><\/a>\u00a0wykonany jest z najwy\u017cszej jako\u015bci materia\u0142\u00f3w zapewnia nie tylko wygod\u0119, ale r\u00f3wnie\u017c elegancj\u0119 i styl. Niezwyczajna kombinacja kolor\u00f3w nadaje temu zestawowi niepowtarzalnego charakteru, a dba\u0142o\u015b\u0107 o szczeg\u00f3\u0142y sprawia, \u017ce ka\u017cdy element prezentuje si\u0119 doskonale. Ten szary <a href=\"https:\/\/mama-niemowlaka.pl\/sklep\/c\/ubranka-niemowlece\/komplet-niemowlecy\/\" target=\"_blank\" rel=\"noopener\"><strong>komplet dla ch\u0142opca<\/strong><\/a> b\u0119dzie doskona\u0142ym dodatkiem do garderoby Twojego maluszka na wszelkie okazje wymagaj\u0105ce wyj\u0105tkowego stroju.<\/p>\n<h2 data-pm-slice=\"1 1 []\"><strong>Eleganckie ubranka dla ch\u0142opca w sklepie <\/strong><a href=\"https:\/\/mama-niemowlaka.pl\/sklep\/\" target=\"_blank\" rel=\"noopener\"><strong>mama-niemowlaka.pl<\/strong><\/a><\/h2>\n<p data-pm-slice=\"1 1 []\">Znajd\u017a idealny <a href=\"https:\/\/mama-niemowlaka.pl\/sklep\/c\/ubranka-niemowlece\/komplet-niemowlecy\/\" target=\"_blank\" rel=\"noopener\"><strong>eleganckie ubrania dla ch\u0142opca<\/strong><\/a> w sklepie <a href=\"https:\/\/mama-niemowlaka.pl\/sklep\/\" target=\"_blank\" rel=\"noopener\"><strong>mama-niemowlaka.pl<\/strong><\/a>. Oferujemy szeroki wyb\u00f3r <a href=\"https:\/\/mama-niemowlaka.pl\/sklep\/c\/ubranka-niemowlece\/eleganckie-ubranka-dla-chlopca\/\" target=\"_blank\" rel=\"noopener\"><strong>eleganckich ubranek dla ch\u0142opc\u00f3w<\/strong><\/a>, w tym wygodne <a href=\"https:\/\/mama-niemowlaka.pl\/sklep\/c\/ubranka-niemowlece\/komplet-niemowlecy\/\" target=\"_blank\" rel=\"noopener\"><strong>komplety niemowl\u0119ce<\/strong><\/a>, <a href=\"https:\/\/mama-niemowlaka.pl\/sklep\/t\/ubranka-do-chrztu\/\" target=\"_blank\" rel=\"noopener\"><strong>ubranka do Chrztu<\/strong><\/a> oraz <a href=\"https:\/\/mama-niemowlaka.pl\/sklep\/c\/ubranka-niemowlece\/szelki-i-mucha-dla-niemowlaka\/\" target=\"_blank\" rel=\"noopener\"><strong>szelki i muchy dla niemowlaka<\/strong><\/a>. Nasze <a href=\"https:\/\/mama-niemowlaka.pl\/sklep\/c\/ubranka-niemowlece\/komplet-niemowlecy\/\" target=\"_blank\" rel=\"noopener\"><strong>eleganckie komplety niemowl\u0119ce<\/strong><\/a> s\u0105 wykonane z wysokiej jako\u015bci materia\u0142\u00f3w, zapewniaj\u0105c wygod\u0119 i modny wygl\u0105d Twojemu maluchowi. Zapoznaj si\u0119 z nasz\u0105 kolekcj\u0105 ubranek na specjalne okazje dla ch\u0142opca i wybierz najlepszy <a href=\"https:\/\/mama-niemowlaka.pl\/sklep\/c\/ubranka-niemowlece\/komplet-niemowlecy\/\" target=\"_blank\" rel=\"noopener\"><strong>eleganckie komplety ch\u0142opi\u0119ce<\/strong><\/a> dla ma\u0142ych d\u017centelmen\u00f3w ju\u017c dzi\u015b! Pozosta\u0142e eleganckie komplety ch\u0142opi\u0119ce znajdziesz w kategorii <a href=\"https:\/\/mama-niemowlaka.pl\/sklep\/c\/ubranka-niemowlece\/eleganckie-ubranka-dla-chlopca\/\" target=\"_blank\" rel=\"noopener\"><strong>Eleganckie ubranka dla ch\u0142opca<\/strong><\/a>.<\/p>\n<p><strong>Tabela rozmiar\u00f3w:<\/strong><\/p>\n<p><strong>Tabela rozmiar\u00f3w:<\/strong><\/p>\n<table>\n<tbody>\n<tr>\n<td><b>Koszulobody<\/b><\/td>\n<td style=\"text-align: center;\"><b>68<\/b><\/td>\n<td style=\"text-align: center;\"><b>74<\/b><\/td>\n<td style=\"text-align: center;\"><b>80<\/b><\/td>\n<td style=\"text-align: center;\"><b>86<\/b><\/td>\n<\/tr>\n<tr>\n<td><span style=\"font-weight: 400;\">D\u0142ugo\u015b\u0107 ca\u0142kowita (bez ko\u0142nierza)<\/span><\/td>\n<td><span style=\"font-weight: 400;\">38 cm<\/span><\/td>\n<td><span style=\"font-weight: 400;\">40 cm<\/span><\/td>\n<td><span style=\"font-weight: 400;\">42 cm<\/span><\/td>\n<td><span style=\"font-weight: 400;\">44 cm<\/span><\/td>\n<\/tr>\n<tr>\n<td><span style=\"font-weight: 400;\">Obw\u00f3d pod pachami<\/span><\/td>\n<td><span style=\"font-weight: 400;\">51 cm<\/span><\/td>\n<td><span style=\"font-weight: 400;\">52 cm<\/span><\/td>\n<td><span style=\"font-weight: 400;\">54 cm<\/span><\/td>\n<td><span style=\"font-weight: 400;\">56 cm<\/span><\/td>\n<\/tr>\n<tr>\n<td><span style=\"font-weight: 400;\">D\u0142ugo\u015b\u0107 r\u0119kawa<\/span><\/td>\n<td><span style=\"font-weight: 400;\">23 cm<\/span><\/td>\n<td><span style=\"font-weight: 400;\">24 cm<\/span><\/td>\n<td><span style=\"font-weight: 400;\">25 cm<\/span><\/td>\n<td><span style=\"font-weight: 400;\">26 cm<\/span><\/td>\n<\/tr>\n<tr>\n<td><b>Spodnie<\/b><\/td>\n<td style=\"text-align: center;\"><b>68<\/b><\/td>\n<td style=\"text-align: center;\"><b>74<\/b><\/td>\n<td style=\"text-align: center;\"><b>80<\/b><\/td>\n<td style=\"text-align: center;\"><b>86<\/b><\/td>\n<\/tr>\n<tr>\n<td><span style=\"font-weight: 400;\">Obw\u00f3d w pasie<\/span><\/td>\n<td><span style=\"font-weight: 400;\">48 cm<\/span><\/td>\n<td><span style=\"font-weight: 400;\">50 cm<\/span><\/td>\n<td><span style=\"font-weight: 400;\">52 cm<\/span><\/td>\n<td><span style=\"font-weight: 400;\">54 cm<\/span><\/td>\n<\/tr>\n<tr>\n<td><span style=\"font-weight: 400;\">D\u0142ugo\u015b\u0107\u00a0<\/span><\/td>\n<td><span style=\"font-weight: 400;\">36 cm<\/span><\/td>\n<td><span style=\"font-weight: 400;\">38 cm<\/span><\/td>\n<td><span style=\"font-weight: 400;\">40 cm<\/span><\/td>\n<td><span style=\"font-weight: 400;\">44 cm<\/span><\/td>\n<\/tr>\n<\/tbody>\n<\/table>\n<p>&nbsp;<\/p>\n","protected":false},"excerpt":{"rendered":"<p data-pm-slice=\"1 1 []\"><strong><a href=\"https:\/\/mama-niemowlaka.pl\/sklep\/produkt\/ubranka-niemowlece\/eleganckie-ubranka-dla-chlopca\/elegancki-szary-komplet-dla-chlopca\" target=\"_blank\" rel=\"noopener\">Elegancki szary str\u00f3j dla ch\u0142opca<\/a><\/strong> to doskona\u0142e rozwi\u0105zanie dla ma\u0142ych d\u017centelmen\u00f3w . W sk\u0142ad kompletu dla ch\u0142opca wchodz\u0105: bia\u0142e koszulobody ozdobione deseniem w szar\u0105 delikatn\u0105 krat\u0119, szare, wygodne spodnie, szare szelki i muszka na gumce. Ten elegancki komplet dla ch\u0142opca zapewni Twojemu dziecku wyj\u0105tkowy wygl\u0105d podczas wa\u017cnych moment\u00f3w. Komplet dla ch\u0142opca sprawdzi si\u0119 jako <strong><a href=\"https:\/\/mama-niemowlaka.pl\/sklep\/t\/ubranka-do-chrztu\/\" target=\"_blank\" rel=\"noopener\">ubranko do Chrztu<\/a><\/strong>, ubranko na roczek oraz ka\u017cd\u0105 wa\u017cn\u0105 uroczysto\u015b\u0107. Teraz mo\u017cesz sprawi\u0107, \u017ce Tw\u00f3j maluszek b\u0119dzie prezentowa\u0107 si\u0119 jeszcze bardziej uroczo i elegancko.<\/p>\n<p>Szary komplet wizytowy dost\u0119pny jest w czterech rozmiarach: 68, 74, 80 i 86. Elegancki komplet dla ch\u0142opca mo\u017cesz zam\u00f3wi\u0107 r\u00f3wnie\u017c w innych kolorach: <a href=\"https:\/\/mama-niemowlaka.pl\/sklep\/produkt\/ubranka-niemowlece\/komplet-niemowlecy\/elegancki-stroj-dla-chlopca-bez\/\">be\u017cowym<\/a>, <a href=\"https:\/\/mama-niemowlaka.pl\/sklep\/produkt\/ubranka-niemowlece\/eleganckie-ubranka-dla-chlopca\/elegancki-niebieski-komplet-dla-chlopca\">b\u0142\u0119kitnym,<\/a> <a href=\"https:\/\/mama-niemowlaka.pl\/sklep\/produkt\/ubranka-niemowlece\/komplet-niemowlecy\/elegancki-zestaw-dla-chlopca-granatowy\/\">granatowym<\/a>, <a href=\"https:\/\/mama-niemowlaka.pl\/sklep\/produkt\/ubranka-niemowlece\/eleganckie-ubranka-dla-chlopca\/elegancki-szary-komplet-dla-chlopca\">szarym<\/a> i <a href=\"https:\/\/mama-niemowlaka.pl\/sklep\/produkt\/ubranka-niemowlece\/komplet-niemowlecy\/elegancki-komplet-dla-chlopca-czarny\/\">czarnym<\/a>.<\/p>\n<p>Sk\u0142ad:<br \/>\nkoszulobody : 65% bawe\u0142na, 35%poliester<br \/>\nspodnie : 100% bawe\u0142na<br \/>\nKraj produkcji : Turcja<\/p>\n","protected":false},"featured_media":20894,"template":"","meta":[],"product_brand":[],"product_cat":[143,135,122,57],"product_tag":[214,161,125,145,155,248,352,342,359,355,180,343],"class_list":{"0":"post-20888","1":"product","2":"type-product","3":"status-publish","4":"has-post-thumbnail","6":"product_cat-eleganckie-ubranka-dla-chlopca","7":"product_cat-eleganckie-ubranka-dla-niemowlaka","8":"product_cat-komplet-niemowlecy","9":"product_cat-ubranka-niemowlece","10":"product_tag-bestseller","11":"product_tag-body-dla-niemowlat","12":"product_tag-ubranka-do-chrztu","13":"product_tag-ubranka-dla-niemowlat-chlopca","14":"product_tag-eleganckie","15":"product_tag-eleganckie-body","16":"product_tag-komplety-niemowlece-dla-chlopca","17":"product_tag-koszulobody","18":"product_tag-ubranka-dla-niemowlaka-chlopca-na-lato","19":"product_tag-letnie-ubranka-dla-niemowlat","20":"product_tag-nowosc","21":"product_tag-ubranka-do-chrztu-dla-chlopca","22":"product_shipping_class-lekka","23":"pa_rozmiar-313","24":"pa_rozmiar-314","25":"pa_rozmiar-315","26":"pa_rozmiar-316","27":"pa_rozmiar-317","29":"first","30":"instock","31":"taxable","32":"shipping-taxable","33":"purchasable","34":"product-type-variable","35":"has-default-attributes","36":"wvs-archive-product-wrapper"},"_links":{"self":[{"href":"https:\/\/mama-niemowlaka.pl\/sklep\/wp-json\/wp\/v2\/product\/20888","targetHints":{"allow":["GET"]}}],"collection":[{"href":"https:\/\/mama-niemowlaka.pl\/sklep\/wp-json\/wp\/v2\/product"}],"about":[{"href":"https:\/\/mama-niemowlaka.pl\/sklep\/wp-json\/wp\/v2\/types\/product"}],"wp:featuredmedia":[{"embeddable":true,"href":"https:\/\/mama-niemowlaka.pl\/sklep\/wp-json\/wp\/v2\/media\/20894"}],"wp:attachment":[{"href":"https:\/\/mama-niemowlaka.pl\/sklep\/wp-json\/wp\/v2\/media?parent=20888"}],"wp:term":[{"taxonomy":"product_brand","embeddable":true,"href":"https:\/\/mama-niemowlaka.pl\/sklep\/wp-json\/wp\/v2\/product_brand?post=20888"},{"taxonomy":"product_cat","embeddable":true,"href":"https:\/\/mama-niemowlaka.pl\/sklep\/wp-json\/wp\/v2\/product_cat?post=20888"},{"taxonomy":"product_tag","embeddable":true,"href":"https:\/\/mama-niemowlaka.pl\/sklep\/wp-json\/wp\/v2\/product_tag?post=20888"}],"curies":[{"name":"wp","href":"https:\/\/api.w.org\/{rel}","templated":true}]}}