{"id":2191,"date":"2022-02-21T14:23:14","date_gmt":"2022-02-21T13:23:14","guid":{"rendered":"https:\/\/mama-niemowlaka.pl\/sklep\/?post_type=product&#038;p=2191"},"modified":"2024-10-01T14:25:07","modified_gmt":"2024-10-01T12:25:07","slug":"szare-szelki-i-mucha-dla-chlopca","status":"publish","type":"product","link":"https:\/\/mama-niemowlaka.pl\/sklep\/produkt\/ubranka-niemowlece\/szelki-i-mucha-dla-niemowlaka\/szare-szelki-i-mucha-dla-chlopca\/","title":{"rendered":"Szelki i mucha dla ch\u0142opca &#8211; Szare"},"content":{"rendered":"<h2 data-pm-slice=\"1 1 []\"><strong>Elegancki zestaw szelki i mucha dla ch\u0142opca<\/strong><\/h2>\n<p>Ten elegancki zestaw szelki i mucha dla ch\u0142opca do koszuli to doskona\u0142y element eleganckiej stylizacji. Szelki i mucha dla dziecka maj\u0105 ten sam wz\u00f3r \u2013 w delikatne kropeczki.<br \/>\nEleganckie szelki niemowl\u0119ce wykonane s\u0105 z elastycznej gumy, zapi\u0119cie szelek jest metalowe &#8211; klamry srebrne. \u0141\u0105czenie szelek wykonane jest ze sk\u00f3ry ekologicznej w czarnym kolorze.\u00a0 Zar\u00f3wno szelki dla ma\u0142ych ch\u0142opc\u00f3w jak i mucha dzieci\u0119ca maj\u0105 regulacj\u0119 d\u0142ugo\u015bci.<\/p>\n<p>Komplet muszka i szelki dla ch\u0142opca to obowi\u0105zkowy element eleganckiej stylizacji ch\u0142opca podczas r\u00f3\u017cnego rodzaju uroczysto\u015bci, jak np. Chrzest dziecka, urodziny czy wesele. Kupuj\u0105c ubranko do Chrztu dla ch\u0142opca nie zapomnij o modnych szelkach dla maluszka i koszulo-body z much\u0105.<\/p>\n<h3><strong>Zestaw szelki i mucha dla dziecka wyst\u0119puj\u0105 w o\u015bmiu wariatach kolorystycznych<\/strong><\/h3>\n<p>Dost\u0119pne kolory zestawu:<\/p>\n<ul>\n<li><a href=\"https:\/\/mama-niemowlaka.pl\/sklep\/produkt\/ubranka\/szelki\/zestaw-szelki-i-mucha-dla-chlopca-szare\/\">Szare szelki z much\u0105<\/a><\/li>\n<li><a href=\"https:\/\/mama-niemowlaka.pl\/sklep\/produkt\/ubranka\/szelki\/zestaw-szelki-i-mucha-dla-chlopca-blekitne\/\">Szelki b\u0142\u0119kitne i mucha<\/a><\/li>\n<li><a href=\"https:\/\/mama-niemowlaka.pl\/sklep\/produkt\/ubranka\/dodatki\/szelki-i-mucha-dla-chlopca-niebieskie\/\">Niebieskie szelki z much\u0105<\/a><\/li>\n<li><a href=\"https:\/\/mama-niemowlaka.pl\/sklep\/produkt\/ubranka\/szelki\/zestaw-szelki-i-mucha-dla-chlopca-rozowe\/\">Muszka i szelki r\u00f3\u017cowe<\/a><\/li>\n<li><a href=\"https:\/\/mama-niemowlaka.pl\/sklep\/produkt\/ubranka\/szelki\/zestaw-szelki-i-mucha-dla-chlopca-czerwone\/\">Czerwone szelki i mucha<\/a><\/li>\n<li><a href=\"https:\/\/mama-niemowlaka.pl\/sklep\/produkt\/ubranka\/szelki\/zestaw-szelki-i-mucha-dla-chlopca-granatowe\/\">Granatowe szelki i mucha<\/a><\/li>\n<li><a href=\"https:\/\/mama-niemowlaka.pl\/sklep\/produkt\/ubranka\/szelki\/zestaw-szelki-i-mucha-dla-chlopca\/\">Eleganckie czarne szelki i mucha<\/a><\/li>\n<li><a href=\"https:\/\/mama-niemowlaka.pl\/sklep\/produkt\/ubranka\/dodatki\/szelki-i-mucha-dla-chlopca-zolte\/\" target=\"_blank\" rel=\"noopener\">Muszka i szelki \u017c\u00f3\u0142te<\/a><\/li>\n<\/ul>\n<p>Wszystkie dost\u0119pne kolory znajdziesz w kategorii <a href=\"https:\/\/mama-niemowlaka.pl\/sklep\/c\/ubranka-niemowlece\/szelki-i-mucha-dla-niemowlaka\/\" target=\"_blank\" rel=\"noopener\"><strong>szelki i mucha dla niemowlaka<\/strong><\/a>.<\/p>\n<h3><strong>Wymiary zestawu muszka i szelki :<\/strong><\/h3>\n<ul>\n<li>Mucha dzieci\u0119ca:\n<ul>\n<li>Szeroko\u015b\u0107 \u2013 10cm<\/li>\n<li>Wysoko\u015b\u0107 \u2013 5cm<\/li>\n<li>Regulowany obw\u00f3d szyi.<\/li>\n<\/ul>\n<\/li>\n<li>Szelki ch\u0142opi\u0119ce:\n<ul>\n<li>Szeroko\u015b\u0107 szelek \u2013 2,5cm<\/li>\n<li>D\u0142ugo\u015b\u0107 regulowana \u2013 40-60cm.<\/li>\n<\/ul>\n<\/li>\n<\/ul>\n<p>Kolor: Szary<\/p>\n<p>Wybierz i kup elegancki zestaw szelki i mucha dla dziecka w sklepie <strong><a href=\"https:\/\/mama-niemowlaka.pl\/sklep\/\" target=\"_blank\" rel=\"noopener\">mama-niemowlaka.pl<\/a><\/strong><\/p>\n","protected":false},"excerpt":{"rendered":"<p data-pm-slice=\"1 1 []\">Komplet szelki i mucha dla ch\u0142opca to niezb\u0119dny element eleganckich stylizacji ch\u0142opi\u0119cych. Zar\u00f3wno szelki dla ch\u0142opca jak i mucha maj\u0105 ten sam wz\u00f3r \u2013 w delikatne kropeczki.<\/p>\n<p>Szelki ch\u0142opi\u0119ce wykonane s\u0105 z elastycznej gumy, z metalowymi uniwersalnymi zapi\u0119ciami. \u0141\u0105czenie szelek wykonane jest ze sk\u00f3ry ekologicznej w czarnym kolorze. Zar\u00f3wno szelki ch\u0142opi\u0119ce jak i mucha maj\u0105 regulacj\u0119 d\u0142ugo\u015bci. Szelki i mucha dla ch\u0142opca w kolorze szarym idealnie sprawdz\u0105 si\u0119 w wi\u0119kszo\u015bci stylizacji.<\/p>\n<p>Komplet muszka i szelki dla ch\u0142opca pasuj\u0105 dla dzieci od 0 do 3 lat.<\/p>\n<div id=\"gtx-trans\" style=\"position: absolute; left: 19px; top: 307.573px;\">\n<div class=\"gtx-trans-icon\"><\/div>\n<\/div>\n","protected":false},"featured_media":1701,"template":"","meta":[],"product_brand":[],"product_cat":[134,57],"product_tag":[214,238,125,145,155,343],"class_list":{"0":"post-2191","1":"product","2":"type-product","3":"status-publish","4":"has-post-thumbnail","6":"product_cat-szelki-i-mucha-dla-niemowlaka","7":"product_cat-ubranka-niemowlece","8":"product_tag-bestseller","9":"product_tag-ubranka-swiateczne-dla-niemowlaka","10":"product_tag-ubranka-do-chrztu","11":"product_tag-ubranka-dla-niemowlat-chlopca","12":"product_tag-eleganckie","13":"product_tag-ubranka-do-chrztu-dla-chlopca","14":"product_shipping_class-lekka","15":"pa_kolor-czarny","16":"pa_kolor-czerwony","17":"pa_kolor-granat","18":"pa_kolor-niebieski","19":"pa_kolor-rozowy","20":"pa_kolor-szary","22":"first","23":"outofstock","24":"taxable","25":"shipping-taxable","26":"purchasable","27":"product-type-simple"},"_links":{"self":[{"href":"https:\/\/mama-niemowlaka.pl\/sklep\/wp-json\/wp\/v2\/product\/2191","targetHints":{"allow":["GET"]}}],"collection":[{"href":"https:\/\/mama-niemowlaka.pl\/sklep\/wp-json\/wp\/v2\/product"}],"about":[{"href":"https:\/\/mama-niemowlaka.pl\/sklep\/wp-json\/wp\/v2\/types\/product"}],"wp:featuredmedia":[{"embeddable":true,"href":"https:\/\/mama-niemowlaka.pl\/sklep\/wp-json\/wp\/v2\/media\/1701"}],"wp:attachment":[{"href":"https:\/\/mama-niemowlaka.pl\/sklep\/wp-json\/wp\/v2\/media?parent=2191"}],"wp:term":[{"taxonomy":"product_brand","embeddable":true,"href":"https:\/\/mama-niemowlaka.pl\/sklep\/wp-json\/wp\/v2\/product_brand?post=2191"},{"taxonomy":"product_cat","embeddable":true,"href":"https:\/\/mama-niemowlaka.pl\/sklep\/wp-json\/wp\/v2\/product_cat?post=2191"},{"taxonomy":"product_tag","embeddable":true,"href":"https:\/\/mama-niemowlaka.pl\/sklep\/wp-json\/wp\/v2\/product_tag?post=2191"}],"curies":[{"name":"wp","href":"https:\/\/api.w.org\/{rel}","templated":true}]}}