{"id":4625,"date":"2022-12-20T13:29:02","date_gmt":"2022-12-20T12:29:02","guid":{"rendered":"https:\/\/mama-niemowlaka.pl\/sklep\/?post_type=product&#038;p=4625"},"modified":"2025-04-23T00:47:49","modified_gmt":"2025-04-22T22:47:49","slug":"sukienka-sztruksowa-dla-dziewczynki-czerwona","status":"publish","type":"product","link":"https:\/\/mama-niemowlaka.pl\/sklep\/produkt\/ubranka-niemowlece\/sukienki-dla-niemowlat\/sukienka-sztruksowa-dla-dziewczynki-czerwona\/","title":{"rendered":"Sukienka sztruksowa dla dziewczynki &#8211; czerwona"},"content":{"rendered":"<h2>Sukienka dla dziewczynki w kolorze czerwonym, w komplecie z bia\u0142\u0105 bluzk\u0105<\/h2>\n<p>\u015aliczna sukieneczka dla dziewczynki w kolorze czerwonym na szelkach w komplecie z bia\u0142\u0105 bluzeczk\u0105 z d\u0142ugim r\u0119kawem z mi\u0119kkiej, milutkiej bawe\u0142ny. Ta s\u0142odka sukieneczka zmieni twoj\u0105 dziewczynk\u0119 w ma\u0142\u0105 ksi\u0119\u017cniczk\u0119. Sukienka zosta\u0142a uszyta z wysokiej jako\u015bci bawe\u0142ny, dzi\u0119ki czemu jest bezpieczna i przyjemna dla niemowlaka.<\/p>\n<p>Sukienka zosta\u0142a wykonana z wyj\u0105tkowo przyjemnego sztruksu. Sukieneczka posiada szelki zapinane na guziki, kt\u00f3re ozdobione s\u0105 uroczymi misiami. To niepowtarzalny model sukieneczki. D\u00f3\u0142 sukienki posiada kr\u00f3j A wyko\u0144czony na dole falbank\u0105. Ka\u017cda ma\u0142a dama b\u0119dzie w niej wygl\u0105da\u0107 uroczo.<\/p>\n<p>Bluzeczka, kt\u00f3ra jest w zestawie z sukienk\u0105 dziewcz\u0119c\u0105 posiada d\u0142ugi r\u0119kaw. Bluzka jest w kolorze bia\u0142ym i zosta\u0142a uszyta z delikatnej bawe\u0142ny. Dekolt sukienki zosta\u0142 przyozdobiony uroczym ko\u0142nierzykiem dzi\u0119ki czemu sukienka ma bardziej od\u015bwi\u0119tny charakter.<\/p>\n<p>Sukienka dziewcz\u0119ca doskonale sprawdzi si\u0119 jako elegancka sukieneczka \u015bwi\u0105teczna dla dziewczynki lub sukienka na co dzie\u0144. Sukienka dla dziewczynki czerwona dost\u0119pna jest w czterech rozmiarach.<\/p>\n<h3>Sukienka dziewcz\u0119ca sztruksowa z bia\u0142\u0105 bluzk\u0105 dost\u0119pna jest w trzech kolorach:<\/h3>\n<ul>\n<li><a href=\"https:\/\/mama-niemowlaka.pl\/sklep\/produkt\/ubranka\/sukienki\/sukienka-niemowleca-sztruksowa-czerwona\/\" target=\"_blank\" rel=\"noopener\">czerwonym<\/a><\/li>\n<li><a href=\"https:\/\/mama-niemowlaka.pl\/sklep\/produkt\/ubranka\/sukienki\/sukienka-niemowleca-sztruksowa-bezowa\/\" target=\"_blank\" rel=\"noopener\">be\u017cowym<\/a><\/li>\n<li><a href=\"https:\/\/mama-niemowlaka.pl\/sklep\/produkt\/ubranka\/sukienki\/sukienka-sztruksowa-dla-dziewczynki-granatowa\/\" target=\"_blank\" rel=\"noopener\">granatowym<\/a>.<\/li>\n<\/ul>\n<h3><span style=\"font-weight: 400;\">Sk\u0142ad:<\/span><\/h3>\n<p><span style=\"font-weight: 400;\">97% bawe\u0142na<br \/>\n<\/span>3% elastan<\/p>\n","protected":false},"excerpt":{"rendered":"<h2>Sukienka dla dziewczynki w kolorze czerwonym, w komplecie z bia\u0142\u0105 bluzk\u0105<\/h2>\n<p>\u015aliczna sukieneczka dla dziewczynki w kolorze czerwonym na szelkach w komplecie z bia\u0142\u0105 bluzeczk\u0105 z d\u0142ugim r\u0119kawem z mi\u0119kkiej, milutkiej bawe\u0142ny. Ta s\u0142odka sukieneczka zmieni twoj\u0105 dziewczynk\u0119 w ma\u0142\u0105 ksi\u0119\u017cniczk\u0119. Sukienka zosta\u0142a uszyta z wysokiej jako\u015bci bawe\u0142ny, dzi\u0119ki czemu jest bezpieczna i przyjemna dla niemowlaka.<\/p>\n<p>Sukienka zosta\u0142a wykonana z wyj\u0105tkowo przyjemnego sztruksu. Sukieneczka posiada szelki zapinane na guziki, kt\u00f3re ozdobione s\u0105 uroczymi misiami. To niepowtarzalny model sukieneczki. D\u00f3\u0142 sukienki posiada kr\u00f3j A wyko\u0144czony na dole falbank\u0105. Ka\u017cda ma\u0142a dama b\u0119dzie w niej wygl\u0105da\u0107 uroczo.<\/p>\n<p>Bluzeczka, kt\u00f3ra jest w zestawie z sukienk\u0105 dziewcz\u0119c\u0105 posiada d\u0142ugi r\u0119kaw. Bluzka jest w kolorze bia\u0142ym i zosta\u0142a uszyta z delikatnej bawe\u0142ny. Dekolt sukienki zosta\u0142 przyozdobiony uroczym ko\u0142nierzykiem dzi\u0119ki czemu sukienka ma bardziej od\u015bwi\u0119tny charakter.<\/p>\n<p>Sukienka dziewcz\u0119ca doskonale sprawdzi si\u0119 jako elegancka sukieneczka \u015bwi\u0105teczna dla dziewczynki lub sukienka na co dzie\u0144. Sukienka dla dziewczynki czerwona dost\u0119pna jest w czterech rozmiarach.<\/p>\n<h3>Sukienka dziewcz\u0119ca sztruksowa z bia\u0142\u0105 bluzk\u0105 dost\u0119pna jest w trzech kolorach:<\/h3>\n<ul>\n<li><a href=\"https:\/\/mama-niemowlaka.pl\/sklep\/produkt\/ubranka\/sukienki\/sukienka-niemowleca-sztruksowa-czerwona\/\" target=\"_blank\" rel=\"noopener\">czerwonym<\/a><\/li>\n<li><a href=\"https:\/\/mama-niemowlaka.pl\/sklep\/produkt\/ubranka\/sukienki\/sukienka-niemowleca-sztruksowa-bezowa\/\" target=\"_blank\" rel=\"noopener\">be\u017cowym<\/a><\/li>\n<li><a href=\"https:\/\/mama-niemowlaka.pl\/sklep\/produkt\/ubranka\/sukienki\/sukienka-sztruksowa-dla-dziewczynki-granatowa\/\" target=\"_blank\" rel=\"noopener\">granatowym<\/a>.<\/li>\n<\/ul>\n<h3><span style=\"font-weight: 400;\">Sk\u0142ad:<\/span><\/h3>\n<p><span style=\"font-weight: 400;\">97% bawe\u0142na<br \/>\n<\/span>3% elastan<\/p>\n","protected":false},"featured_media":10974,"template":"","meta":[],"product_brand":[],"product_cat":[126,122,57],"product_tag":[118,238,152,351],"class_list":{"0":"post-4625","1":"product","2":"type-product","3":"status-publish","4":"has-post-thumbnail","6":"product_cat-sukienki-dla-niemowlat","7":"product_cat-komplet-niemowlecy","8":"product_cat-ubranka-niemowlece","9":"product_tag-bawelna","10":"product_tag-ubranka-swiateczne-dla-niemowlaka","11":"product_tag-ubranka-dla-niemowlat-dziewczynek","12":"product_tag-komplety-niemowlece-dla-dziewczynki","13":"product_shipping_class-lekka","14":"pa_rozmiar-313","15":"pa_rozmiar-314","16":"pa_rozmiar-315","17":"pa_rozmiar-316","19":"first","20":"outofstock","21":"taxable","22":"shipping-taxable","23":"product-type-variable","24":"has-default-attributes","25":"wvs-archive-product-wrapper"},"_links":{"self":[{"href":"https:\/\/mama-niemowlaka.pl\/sklep\/wp-json\/wp\/v2\/product\/4625","targetHints":{"allow":["GET"]}}],"collection":[{"href":"https:\/\/mama-niemowlaka.pl\/sklep\/wp-json\/wp\/v2\/product"}],"about":[{"href":"https:\/\/mama-niemowlaka.pl\/sklep\/wp-json\/wp\/v2\/types\/product"}],"wp:featuredmedia":[{"embeddable":true,"href":"https:\/\/mama-niemowlaka.pl\/sklep\/wp-json\/wp\/v2\/media\/10974"}],"wp:attachment":[{"href":"https:\/\/mama-niemowlaka.pl\/sklep\/wp-json\/wp\/v2\/media?parent=4625"}],"wp:term":[{"taxonomy":"product_brand","embeddable":true,"href":"https:\/\/mama-niemowlaka.pl\/sklep\/wp-json\/wp\/v2\/product_brand?post=4625"},{"taxonomy":"product_cat","embeddable":true,"href":"https:\/\/mama-niemowlaka.pl\/sklep\/wp-json\/wp\/v2\/product_cat?post=4625"},{"taxonomy":"product_tag","embeddable":true,"href":"https:\/\/mama-niemowlaka.pl\/sklep\/wp-json\/wp\/v2\/product_tag?post=4625"}],"curies":[{"name":"wp","href":"https:\/\/api.w.org\/{rel}","templated":true}]}}