{"id":5085,"date":"2023-02-18T16:53:12","date_gmt":"2023-02-18T15:53:12","guid":{"rendered":"https:\/\/mama-niemowlaka.pl\/sklep\/?post_type=product&#038;p=5085"},"modified":"2025-07-08T10:35:01","modified_gmt":"2025-07-08T08:35:01","slug":"szara-czapka-niemowleca-moi-noi","status":"publish","type":"product","link":"https:\/\/mama-niemowlaka.pl\/sklep\/produkt\/ubranka-niemowlece\/czapki-dla-niemowlat\/szara-czapka-niemowleca-moi-noi\/","title":{"rendered":"Czapka niemowl\u0119ca Moi Noi &#8211; szara"},"content":{"rendered":"<h2><strong>Bawe\u0142niana czapka niemowl\u0119ca Moi Noi w kolorze szarym &#8211; dwa wzory<\/strong><\/h2>\n<p>Czapki niemowl\u0119ce Moi Noi uszyte s\u0105 z mi\u0119kkiej i przyjemnej w dotyku dzianiny bawe\u0142nianej. Do wyboru s\u0105 dwa warianty czapeczek. Pierwsza szara czapka niemowl\u0119ca jest g\u0142adka, natomiast druga posiada wz\u00f3r &#8211; dok\u0142adnie taki sam jak <a href=\"https:\/\/mama-niemowlaka.pl\/sklep\/produkt\/ubranka\/body-i-pajacyki\/pajacyk-na-suwak-szary-moi-noi\/\" target=\"_blank\" rel=\"noopener\">pajacyk na suwak szary Moi Noi<\/a>. Czapeczki nie uciskaj\u0105 g\u0142\u00f3wki dziecka.<\/p>\n<p><a href=\"https:\/\/mama-niemowlaka.pl\/sklep\/c\/ubranka-niemowlece\/czapki-dla-niemowlat\/\" target=\"_blank\" rel=\"noopener\"><strong>Czapeczki niemowl\u0119ce<\/strong><\/a> to obowi\u0105zkowy element wyprawki dla niemowl\u0105t. Przydadz\u0105 si\u0119 r\u00f3wnie\u017c maluszkom narodzonym w letnich miesi\u0105cach. Wybieraj\u0105c czapeczk\u0119 dla dzidziusia zwracajmy uwag\u0119 na materia\u0142 z jakiego jest wykonana. Najlepszym wyborem b\u0119dzie bawe\u0142na, kt\u00f3ra pozwala na oddychanie sk\u00f3ry dziecka.<\/p>\n<h3>Czapeczki niemowl\u0119ce Moi Noi to\u00a0cudny dodatek do garderoby malucha, zw\u0142aszcza w zestawie z pajacykiem w tym samym kolorze.<\/h3>\n<h2><strong><a href=\"https:\/\/mama-niemowlaka.pl\/sklep\/c\/ubranka-niemowlece\/czapki-dla-niemowlat\/\" target=\"_blank\" rel=\"noopener\">Czapki dla niemowl\u0105t<\/a> w sklepie <a href=\"https:\/\/mama-niemowlaka.pl\/sklep\/\" target=\"_blank\" rel=\"noopener\">mama-niemowlaka.pl<\/a><\/strong><\/h2>\n<p>W sklepie <a href=\"https:\/\/mama-niemowlaka.pl\/sklep\/\" target=\"_blank\" rel=\"noopener\"><strong>mama-niemowlaka.pl<\/strong><\/a> oferujemy modele czapek dla niemowl\u0105t wysokiej jako\u015bci, bezpieczne i wygodne. <a href=\"https:\/\/mama-niemowlaka.pl\/sklep\/c\/ubranka-niemowlece\/czapki-dla-niemowlat\/\" target=\"_blank\" rel=\"noopener\"><strong>Czapeczki dla niemowl\u0105t<\/strong><\/a> wykonane s\u0105 z mi\u0119kkiego materia\u0142u, kt\u00f3ry nie podra\u017cnia sk\u00f3ry delikatnej sk\u00f3ry dziecka, a jednocze\u015bnie s\u0105 trwa\u0142e i odporne na pranie. Eleganckie i praktyczne czapeczki dla maluszk\u00f3w dost\u0119pne w naszym sklepie znajdziesz w kategorii <a href=\"https:\/\/mama-niemowlaka.pl\/sklep\/c\/ubranka-niemowlece\/czapki-dla-niemowlat\/\" target=\"_blank\" rel=\"noopener\"><strong>Czapki dla niemowl\u0105t<\/strong><\/a>. W naszej ofercie znajdziesz zar\u00f3wno czapki dla niemowl\u0105t dziewczynek jak i czapki dla niemowl\u0105t ch\u0142opc\u00f3w.<\/p>\n<p>&nbsp;<\/p>\n","protected":false},"excerpt":{"rendered":"<p>Szara czapka niemowl\u0119ca, kt\u00f3ra pasuje do <a href=\"https:\/\/mama-niemowlaka.pl\/sklep\/produkt\/ubranka-niemowlece\/pajacyki-dla-niemowlat\/pajacyk-na-suwak-szary-moi-noi\/\" target=\"_blank\" rel=\"noopener\"><strong>pajacyka dla niemowlaka na suwak<\/strong><\/a> w tym samym wzorze. Delikatna, bawe\u0142niana czapeczka niemowl\u0119ca idealna na ch\u0142odne dni. Delikatnie otuli g\u0142\u00f3wk\u0119 niemowlaka i zabezpieczy j\u0105 przed ch\u0142odem.<\/p>\n<p>Czapka niemowl\u0119ca dla ch\u0142opca dost\u0119pna jest w dw\u00f3ch wariantach: g\u0142adka, szara czapka niemowl\u0119ca i czapeczka niemowl\u0119ca ze wzorem.<\/p>\n<p>Sk\u0142ad: 100% bawe\u0142na<\/p>\n","protected":false},"featured_media":5114,"template":"","meta":[],"product_brand":[],"product_cat":[189,57],"product_tag":[118,145,120,224],"class_list":{"0":"post-5085","1":"product","2":"type-product","3":"status-publish","4":"has-post-thumbnail","6":"product_cat-czapki-dla-niemowlat","7":"product_cat-ubranka-niemowlece","8":"product_tag-bawelna","9":"product_tag-ubranka-dla-niemowlat-chlopca","10":"product_tag-moi-noi","11":"product_tag-moinoi","12":"product_shipping_class-lekka","14":"first","15":"outofstock","16":"taxable","17":"shipping-taxable","18":"product-type-variable","19":"has-default-attributes","20":"wvs-archive-product-wrapper"},"_links":{"self":[{"href":"https:\/\/mama-niemowlaka.pl\/sklep\/wp-json\/wp\/v2\/product\/5085","targetHints":{"allow":["GET"]}}],"collection":[{"href":"https:\/\/mama-niemowlaka.pl\/sklep\/wp-json\/wp\/v2\/product"}],"about":[{"href":"https:\/\/mama-niemowlaka.pl\/sklep\/wp-json\/wp\/v2\/types\/product"}],"wp:featuredmedia":[{"embeddable":true,"href":"https:\/\/mama-niemowlaka.pl\/sklep\/wp-json\/wp\/v2\/media\/5114"}],"wp:attachment":[{"href":"https:\/\/mama-niemowlaka.pl\/sklep\/wp-json\/wp\/v2\/media?parent=5085"}],"wp:term":[{"taxonomy":"product_brand","embeddable":true,"href":"https:\/\/mama-niemowlaka.pl\/sklep\/wp-json\/wp\/v2\/product_brand?post=5085"},{"taxonomy":"product_cat","embeddable":true,"href":"https:\/\/mama-niemowlaka.pl\/sklep\/wp-json\/wp\/v2\/product_cat?post=5085"},{"taxonomy":"product_tag","embeddable":true,"href":"https:\/\/mama-niemowlaka.pl\/sklep\/wp-json\/wp\/v2\/product_tag?post=5085"}],"curies":[{"name":"wp","href":"https:\/\/api.w.org\/{rel}","templated":true}]}}