{"id":6451,"date":"2025-10-04T12:20:29","date_gmt":"2025-10-04T10:20:29","guid":{"rendered":"https:\/\/mama-niemowlaka.pl\/sklep\/?post_type=product&#038;p=6451"},"modified":"2026-05-09T12:40:14","modified_gmt":"2026-05-09T10:40:14","slug":"koszula-ciazowa-do-karmienia-niebieska","status":"publish","type":"product","link":"https:\/\/mama-niemowlaka.pl\/sklep\/produkt\/dlamamy\/koszule-do-karmienia\/koszula-ciazowa-do-karmienia-niebieska\/","title":{"rendered":"Koszula ci\u0105\u017cowa do karmienia niebieska"},"content":{"rendered":"<h1 data-pm-slice=\"1 1 []\">Koszula ci\u0105\u017cowa do karmienia niebieska<\/h1>\n<p>Przysz\u0142a mama wybieraj\u0105c koszule nocne ci\u0105\u017cowe oraz koszule do karmienia piersi\u0105 musi zwr\u00f3ci\u0107 szczeg\u00f3ln\u0105 uwag\u0119 na to czy koszula zapewnia szybki dost\u0119p do piersi i czy materia\u0142 z kt\u00f3rego takie koszule s\u0105 wykonane jest na tyle elastyczny \u017ce \u0142atwo dopasowuje si\u0119 do zmieniaj\u0105cego cia\u0142a i rosn\u0105cego brzuszka. Podstawa wygody w ci\u0105\u017cy i podczas karmienia male\u0144stwa to dobra koszula nocna. Koszula ci\u0105\u017cowa powinna zapewni\u0107 Ci pe\u0142na swobod\u0119. Koszule do karmienia powinny si\u0119 znale\u017a\u0107 w szafie ka\u017cdej m\u0142odej mamy.<\/p>\n<h2><strong>Koszule nocne ci\u0105\u017cowe i do karmienia &#8211; kiedy warto kupi\u0107?<\/strong><\/h2>\n<p>W czasie ci\u0105\u017cy diametralnie zmienia si\u0119 kszta\u0142t sylwetki kobiety, poniewa\u017c maluch w brzuchu szybko ro\u015bnie. Do tego w pierwszych miesi\u0105cach \u017cycia dziecka potrzebujemy czu\u0107 si\u0119 przede wszystkim komfortowo i wygodnie. Nasza r\u00f3\u017cowa nocna koszula do karmienia piersi\u0105 z guzikami to doskona\u0142e rozwi\u0105zanie dla mam, kt\u00f3re chc\u0105 poczu\u0107 si\u0119 wygodnie i zacz\u0105\u0107 karmienie swojego maluszka bez zb\u0119dnego stresu. Koszula pomie\u015bci ka\u017cdej wielko\u015bci ci\u0105\u017cowy brzuszek a tak\u017ce doskonale sprawdzi si\u0119 w okresie karmienia male\u0144stwa piersi\u0105. Nasza koszula ci\u0105\u017cowa uszyta jest ze 100% bawe\u0142ny.<\/p>\n<h2><strong>Wybierz koszul\u0119 ci\u0105\u017cow\u0105 umo\u017cliwiaj\u0105c\u0105 wygodne karmienie piersi\u0105<\/strong><\/h2>\n<p>Nasza koszula ci\u0105\u017cowa do karmienia niebieska zosta\u0142a specjalnie zaprojektowana z my\u015bl\u0105 o kobietach w ci\u0105\u017cy i karmi\u0105cych piersi\u0105. To oznacza, \u017ce zadbali\u015bmy o to, aby zapewni\u0107 Ci wygod\u0119 i funkcjonalno\u015b\u0107 w ka\u017cdej sytuacji.<\/p>\n<p>Koszula ci\u0105\u017cowa do karmienia niebieska umo\u017cliwia Ci karmienie dziecka w spos\u00f3b \u0142atwy i wygodny, bez konieczno\u015bci ca\u0142kowitego ods\u0142aniania piersi. To bardzo praktyczne rozwi\u0105zanie, kt\u00f3re pozwoli Ci na wygodne karmienie w ka\u017cdych warunkach. R\u00f3wnie\u017c nocne karmienie maluszka b\u0119dzie bardzo wygodne. Zapi\u0119cie po obu stronach piersi daje swobodny dost\u0119p dziecku do piersi bez konieczno\u015bci \u015bci\u0105gania ca\u0142ej koszuli nocnej. Wygodne karmienie male\u0144stwa w spos\u00f3b dyskretny i komfortowy jest mo\u017cliwe dzi\u0119ki rozpinanej koszuli nocnej.<\/p>\n<p>Jeste\u015bmy pewni, \u017ce nasza bawe\u0142niana koszula ci\u0105\u017cowa do karmienia niebieska spe\u0142ni Twoje oczekiwania i zapewni Ci wygod\u0119 oraz funkcjonalno\u015b\u0107. Je\u015bli jednak z jakiego\u015b powodu nie spe\u0142ni Twoich oczekiwa\u0144, zawsze mo\u017cesz j\u0105 zwr\u00f3ci\u0107 lub wymieni\u0107 na inny produkt.<\/p>\n<h3><strong>Koszula ci\u0105\u017cowa do karmienia niebieska. Sprawd\u017a dost\u0119pne opcje.<\/strong><\/h3>\n<h2><strong>Stw\u00f3rz sw\u00f3j zestaw bielizny nocnej<\/strong><\/h2>\n<p>Do koszuli mo\u017cesz dobra\u0107 szlafrok ci\u0105\u017cowy w tym samym wzorze i kolorze. Sprawd\u017a dost\u0119pne opcje i ju\u017c dzi\u015b wybierz sw\u00f3j zestaw ulubion\u0105 koszul\u0119 nocn\u0105 i szlafrok ci\u0105\u017cowy.<\/p>\n<p>Zach\u0119camy do zakupu naszej niebieskiej koszuli ci\u0105\u017cowej z guzikami. Dzi\u0119ki niej b\u0119dziesz czu\u0107 si\u0119 komfortowo i pewnie w ka\u017cdej sytuacji. Zar\u00f3wno w okresie ci\u0105\u017cy jaki i w okresie karmienia piersi\u0105. Nasza koszula ci\u0105\u017cowa to doskona\u0142y wyb\u00f3r dla wszystkich przysz\u0142ych mam i matek karmi\u0105cych, kt\u00f3re ceni\u0105 sobie wygod\u0119, funkcjonalno\u015b\u0107 i styl.<\/p>\n<h2><strong>Bawe\u0142niane koszule nocne w sklepie <a href=\"https:\/\/mama-niemowlaka.pl\">mama-niemowlaka.pl<\/a><\/strong><\/h2>\n<p>W naszym sklepie internetowym znajdziesz <a href=\"https:\/\/mama-niemowlaka.pl\/sklep\/c\/dlamamy\/koszule-do-karmienia\/\" rel=\" \"><strong>wygodne koszule nocne ci\u0105\u017cowe<\/strong><\/a> i do karmienia piersi\u0105. Znajdziesz koszule ci\u0105\u017cowe zapinane na guziki, napy ale tak\u017ce bardzo eleganckie <a href=\"https:\/\/mama-niemowlaka.pl\/sklep\/produkt\/dlamamy\/koszula-ciazowa-do-karmienia-granatowa\/\" rel=\" \"><strong>koszule nocne ci\u0105\u017cowe zapinane na suwak<\/strong><\/a>. Wszystkie nasze koszule ci\u0105\u017cowe dla mam umo\u017cliwiaj\u0105 karmienie piersi\u0105. Do koszul dobierzesz r\u00f3wnie\u017c pasuj\u0105ce szlafroki ci\u0105\u017cowe. Nie zapomnij r\u00f3wnie\u017c o zakupie bielizny ci\u0105\u017cowej. Sprawd\u017a nasz\u0105 ofert\u0119 <a href=\"https:\/\/mama-niemowlaka.pl\/sklep\/c\/dlamamy\/bielizna-poporodowa\/\" rel=\" \"><strong>majtek poporodowych<\/strong><\/a> oraz <a href=\"https:\/\/mama-niemowlaka.pl\/sklep\/produkt\/dlamamy\/bielizna-poporodowa\/biustonosz-do-karmienia\/\" rel=\" \"><strong>biustonosz do karmienia<\/strong><\/a>.<\/p>\n<h3><strong>Nie czekaj d\u0142u\u017cej, zam\u00f3w ju\u017c dzi\u015b. Nasze koszule nocne ci\u0105\u017cowe zapewni\u0105 Ci \u0142atwe i wygodne karmienie swojej pociechy! Pami\u0119taj, \u017ce ka\u017cda koszula ci\u0105\u017cowa marki mama-niemowlaka jest dost\u0119pna w r\u00f3\u017cnych rozmiarach, wi\u0119c ka\u017cda z przysz\u0142ych mam znajdzie dla siebie wyj\u0105tkow\u0105 koszulk\u0119 ci\u0105\u017cow\u0105. Z nami przygotowanie si\u0119 na przyj\u015bcie na \u015bwiat dziecka jest jeszcze \u0142atwiejsze i przyjemniejsze!<\/strong><\/h3>\n<p>Sk\u0142ad: 100% bawe\u0142na<br \/>\nKraj produkcji: Turcja<\/p>\n<table width=\"700\">\n<tbody>\n<tr>\n<td><strong>Rozmiar<\/strong><\/td>\n<td style=\"text-align: center;\"><strong>M<\/strong><\/td>\n<td style=\"text-align: center;\"><strong>L<\/strong><\/td>\n<td style=\"text-align: center;\"><strong>XL<\/strong><\/td>\n<td style=\"text-align: center;\"><strong>2XL<\/strong><\/td>\n<\/tr>\n<tr>\n<td>D\u0142ugo\u015b\u0107 ca\u0142kowita<\/td>\n<td style=\"text-align: center;\">95 cm<\/td>\n<td style=\"text-align: center;\">97 cm<\/td>\n<td style=\"text-align: center;\">99 cm<\/td>\n<td style=\"text-align: center;\">100 cm<\/td>\n<\/tr>\n<tr>\n<td>Obw\u00f3d w biodrach<\/td>\n<td style=\"text-align: center;\">102 cm<\/td>\n<td style=\"text-align: center;\">108 cm<\/td>\n<td style=\"text-align: center;\">114 cm<\/td>\n<td style=\"text-align: center;\">120 cm<\/td>\n<\/tr>\n<tr>\n<td>Obw\u00f3d w biu\u015bcie<\/td>\n<td style=\"text-align: center;\">98 cm<\/td>\n<td style=\"text-align: center;\">104 cm<\/td>\n<td style=\"text-align: center;\">110 cm<\/td>\n<td style=\"text-align: center;\">116 cm<\/td>\n<\/tr>\n<\/tbody>\n<\/table>\n","protected":false},"excerpt":{"rendered":"<p>Bawe\u0142niana koszula ci\u0105\u017cowa do karmienia niebieska w drobne serca. <span style=\"font-weight: 200;\">Mo\u017cliwo\u015b\u0107 karmienia dzi\u0119ki suwakom po obu stronach piersi. Koszula ci\u0105\u017cowa do karmienia niebieska posiada kr\u00f3tki r\u0119kaw. Bardzo przyjemna i delikatna bawe\u0142na.<\/span><\/p>\n<p>Do koszuli ci\u0105\u017cowej mo\u017cesz dobra\u0107 <a href=\"https:\/\/mama-niemowlaka.pl\/sklep\/produkt\/dlamamy\/szlafrok-ciazowy\/szlafrok-ciazowy-niebieski-w-serduszka\/\" target=\"_blank\" rel=\"noopener\"><strong>szlafrok ci\u0105\u017cowy<\/strong><\/a> w tym samym wzorze i kolorze.<\/p>\n<table width=\"700\">\n<tbody>\n<tr>\n<td><strong>Rozmiar<\/strong><\/td>\n<td style=\"text-align: center;\"><strong>M<\/strong><\/td>\n<td style=\"text-align: center;\"><strong>L<\/strong><\/td>\n<td style=\"text-align: center;\"><strong>XL<\/strong><\/td>\n<td style=\"text-align: center;\"><strong>2XL<\/strong><\/td>\n<\/tr>\n<tr>\n<td>D\u0142ugo\u015b\u0107 ca\u0142kowita<\/td>\n<td style=\"text-align: center;\">95 cm<\/td>\n<td style=\"text-align: center;\">97 cm<\/td>\n<td style=\"text-align: center;\">99 cm<\/td>\n<td style=\"text-align: center;\">100 cm<\/td>\n<\/tr>\n<tr>\n<td>Obw\u00f3d w biodrach<\/td>\n<td style=\"text-align: center;\">102 cm<\/td>\n<td style=\"text-align: center;\">108 cm<\/td>\n<td style=\"text-align: center;\">114 cm<\/td>\n<td style=\"text-align: center;\">120 cm<\/td>\n<\/tr>\n<tr>\n<td>Obw\u00f3d w biu\u015bcie<\/td>\n<td style=\"text-align: center;\">98 cm<\/td>\n<td style=\"text-align: center;\">104 cm<\/td>\n<td style=\"text-align: center;\">110 cm<\/td>\n<td style=\"text-align: center;\">116 cm<\/td>\n<\/tr>\n<\/tbody>\n<\/table>\n<p>Sk\u0142ad: 100% bawe\u0142na<br \/>\nKraj produkcji: Turcja<\/p>\n","protected":false},"featured_media":17936,"template":"","meta":[],"product_brand":[],"product_cat":[64,97],"product_tag":[118,608,119,236,138,146,259,258,98,260,261,331,180],"class_list":{"0":"post-6451","1":"product","2":"type-product","3":"status-publish","4":"has-post-thumbnail","6":"product_cat-dlamamy","7":"product_cat-koszule-do-karmienia","8":"product_tag-bawelna","9":"product_tag-bestsellery-dla-mamy","10":"product_tag-dla-mamy","11":"product_tag-koszula-do-karmienia","12":"product_tag-koszule-ciazowe","13":"product_tag-koszule-ciazowe-do-karmienia","14":"product_tag-koszula-do-karmienia-l","15":"product_tag-koszula-do-karmienia-m","16":"product_tag-koszule-nocne-do-karmienia","17":"product_tag-koszula-do-karmienia-xl","18":"product_tag-koszula-do-karmienia-xxl","19":"product_tag-koszulka-nocna-do-karmienia","20":"product_tag-nowosc","21":"product_shipping_class-lekka","22":"pa_rozmiar-2xl","23":"pa_rozmiar-3xl","24":"pa_rozmiar-l","25":"pa_rozmiar-m","26":"pa_rozmiar-xl","28":"first","29":"instock","30":"taxable","31":"shipping-taxable","32":"purchasable","33":"product-type-variable","34":"has-default-attributes","35":"wvs-archive-product-wrapper"},"_links":{"self":[{"href":"https:\/\/mama-niemowlaka.pl\/sklep\/wp-json\/wp\/v2\/product\/6451","targetHints":{"allow":["GET"]}}],"collection":[{"href":"https:\/\/mama-niemowlaka.pl\/sklep\/wp-json\/wp\/v2\/product"}],"about":[{"href":"https:\/\/mama-niemowlaka.pl\/sklep\/wp-json\/wp\/v2\/types\/product"}],"wp:featuredmedia":[{"embeddable":true,"href":"https:\/\/mama-niemowlaka.pl\/sklep\/wp-json\/wp\/v2\/media\/17936"}],"wp:attachment":[{"href":"https:\/\/mama-niemowlaka.pl\/sklep\/wp-json\/wp\/v2\/media?parent=6451"}],"wp:term":[{"taxonomy":"product_brand","embeddable":true,"href":"https:\/\/mama-niemowlaka.pl\/sklep\/wp-json\/wp\/v2\/product_brand?post=6451"},{"taxonomy":"product_cat","embeddable":true,"href":"https:\/\/mama-niemowlaka.pl\/sklep\/wp-json\/wp\/v2\/product_cat?post=6451"},{"taxonomy":"product_tag","embeddable":true,"href":"https:\/\/mama-niemowlaka.pl\/sklep\/wp-json\/wp\/v2\/product_tag?post=6451"}],"curies":[{"name":"wp","href":"https:\/\/api.w.org\/{rel}","templated":true}]}}