{"id":6476,"date":"2024-05-02T23:23:53","date_gmt":"2024-05-02T21:23:53","guid":{"rendered":"https:\/\/mama-niemowlaka.pl\/sklep\/?post_type=product&#038;p=6476"},"modified":"2025-12-01T00:02:59","modified_gmt":"2025-11-30T23:02:59","slug":"koszula-ciazowa-do-karmienia-na-ramiaczkach-roz","status":"publish","type":"product","link":"https:\/\/mama-niemowlaka.pl\/sklep\/produkt\/dlamamy\/koszule-do-karmienia\/koszula-ciazowa-do-karmienia-na-ramiaczkach-roz\/","title":{"rendered":"Koszula do karmienia na rami\u0105czkach &#8211; r\u00f3\u017cowa"},"content":{"rendered":"<h2 data-pm-slice=\"1 1 []\"><strong>Wygodna koszula do karmienia na rami\u0105czkach dla przysz\u0142ych mam<\/strong><\/h2>\n<p data-pm-slice=\"1 1 []\">R\u00f3\u017cowa <a href=\"https:\/\/mama-niemowlaka.pl\/sklep\/produkt\/dlamamy\/koszule-do-karmienia\/koszula-ciazowa-do-karmienia-na-ramiaczkach-roz\/\" target=\"_blank\" rel=\"noopener\"><strong>koszula do karmienia na rami\u0105czkach<\/strong><\/a> o wyj\u0105tkowa koszula nocna zapinana na guziki. <a href=\"https:\/\/mama-niemowlaka.pl\/sklep\/t\/koszule-ciazowe\/\" target=\"_blank\" rel=\"noopener\"><strong>Koszula ci\u0105\u017cowa<\/strong><\/a> powinna zapewni\u0107 pe\u0142n\u0105 swobod\u0119. Nasza delikatna koszula nocna do karmienia jest niezwykle wygodna ze wzgl\u0119du na umieszczenie zapi\u0119cia na \u015brodku, co pozwala szybko i bez wysi\u0142ku nakarmi\u0107 male\u0144stwo. Idealnie sprawdzi si\u0119 jako <a href=\"https:\/\/mama-niemowlaka.pl\/sklep\/c\/dlamamy\/pizamy-do-karmienia\/\" target=\"_blank\" rel=\"noopener\"><strong>pi\u017cama ci\u0105\u017cowa<\/strong><\/a> w ciep\u0142e, letnie dni oraz jako niezb\u0119dny element garderoby podczas pobytu w szpitalu.<\/p>\n<p data-pm-slice=\"1 1 []\">R\u00f3\u017cowa <a href=\"https:\/\/mama-niemowlaka.pl\/sklep\/produkt\/dlamamy\/koszule-do-karmienia\/koszula-ciazowa-do-karmienia-na-ramiaczkach-roz\/\" target=\"_blank\" rel=\"noopener\"><strong>koszula do karmienia na rami\u0105czkach<\/strong><\/a> jest niezwykle elegancka i przewiewna, a jej dodatkowy plus stanowi wytrzyma\u0142o\u015b\u0107, kt\u00f3r\u0105 zawdzi\u0119cza naturalnej bawe\u0142nie. Kupuj\u0105c j\u0105, ka\u017cda mama mo\u017ce mie\u0107 pewno\u015b\u0107, \u017ce doskonale sprawdzi si\u0119 zar\u00f3wno trakcie d\u0142ugich miesi\u0119cy ci\u0105\u017cy, jak i w czasie karmienia maluszka.<\/p>\n<p data-pm-slice=\"1 1 []\">Ka\u017cda m\u0142oda mama potrzebuje koszule ci\u0105\u017cowe, kt\u00f3re u\u0142atwi\u0105 nocne karmienia noworodka. Ta <a href=\"https:\/\/mama-niemowlaka.pl\/sklep\/produkt\/dlamamy\/koszule-do-karmienia\/koszula-ciazowa-do-karmienia-na-ramiaczkach-roz\/\" target=\"_blank\" rel=\"noopener\"><strong>koszula do karmienia na rami\u0105czkach<\/strong><\/a> to doskona\u0142y wyb\u00f3r. Wybierz swoj\u0105 ulubion\u0105 koszul\u0119 nocn\u0105 ju\u017c dzi\u015b.<\/p>\n<h2 data-pm-slice=\"1 1 []\"><strong>Koszule nocne ci\u0105\u017cowe i koszule do karmienia male\u0144stwa w sklepie <\/strong><a href=\"https:\/\/mama-niemowlaka.pl\"><strong>mama-niemowlaka.pl<\/strong><\/a><\/h2>\n<p data-pm-slice=\"1 1 []\">W sklepie <a href=\"https:\/\/mama-niemowlaka.pl\/sklep\/\" target=\"_blank\" rel=\"noopener\"><strong>mama-niemowlaka.pl<\/strong><\/a> znajdziesz szeroki wyb\u00f3r koszul do wygodnego karmienia piersi\u0105. Znajdziesz zar\u00f3wno klasyczn\u0105 <a href=\"https:\/\/mama-niemowlaka.pl\/sklep\/t\/koszula-do-karmienia\/\" target=\"_blank\" rel=\"noopener\"><strong>koszul\u0119 do karmienia<\/strong><\/a> noworodka zapinan\u0105 na guziki jaki <a href=\"https:\/\/mama-niemowlaka.pl\/sklep\/t\/koszula-na-napy\/\" target=\"_blank\" rel=\"noopener\"><strong>koszulki do karmienia na napy<\/strong><\/a>, <a href=\"https:\/\/mama-niemowlaka.pl\/sklep\/t\/koszule-do-porodu\/\" target=\"_blank\" rel=\"noopener\"><strong>porodowe koszule nocne<\/strong><\/a><a href=\"https:\/\/mama-niemowlaka.pl\/sklep\/t\/eleganckie-koszule-ciazowe\/\" target=\"_blank\" rel=\"noopener\"><strong>, eleganckie koszule ci\u0105\u017cowe,<\/strong><\/a> tuniki ci\u0105\u017cowe a tak\u017ce <a href=\"https:\/\/mama-niemowlaka.pl\/sklep\/c\/dlamamy\/pizamy-do-karmienia\/\" target=\"_blank\" rel=\"noopener\"><strong>pi\u017camy ci\u0105\u017cowe<\/strong><\/a>. Wszystkie nasze koszule ci\u0105\u017cowe nadaj\u0105 si\u0119 te\u017c do karmienia dziecka. Nasze produkty wysy\u0142amy w ci\u0105gu 48 godzin. Oferujemy bezp\u0142atn\u0105 wymian\u0119 i 14-dniowy zwrot. Dodatkowo, je\u015bli zam\u00f3wisz za minimum 249 z\u0142, dostawa b\u0119dzie ca\u0142kowicie bezp\u0142atna. Nasze produkty s\u0105 starannie dobierane tak, aby zapewni\u0107 Ci maksymalny komfort i bezpiecze\u0144stwo. Nie musisz ju\u017c traci\u0107 czasu na przeszukiwanie innych sklep\u00f3w. <a href=\"https:\/\/mama-niemowlaka.pl\/sklep\/\" target=\"_blank\" rel=\"noopener\"><strong>mama-niemowlaka.pl<\/strong><\/a> ma wszystko, czego potrzebujesz!<\/p>\n<p data-pm-slice=\"1 1 []\">Skorzystaj z naszych us\u0142ug ju\u017c teraz i sprawd\u017a nasz\u0105 ofert\u0119 <a href=\"https:\/\/mama-niemowlaka.pl\/sklep\/c\/dlamamy\/koszule-do-karmienia\/\" target=\"_blank\" rel=\"noopener\"><strong>koszul nocnych do karmienia<\/strong><\/a>, <a href=\"https:\/\/mama-niemowlaka.pl\/sklep\/c\/dlamamy\/dresy-ciazowe\/\" target=\"_blank\" rel=\"noopener\"><strong>odzie\u017c ci\u0105\u017cow\u0105<\/strong><\/a>, <a href=\"https:\/\/mama-niemowlaka.pl\/sklep\/c\/dlamamy\/bielizna-poporodowa\/\" target=\"_blank\" rel=\"noopener\"><strong>bielizn\u0119 dla przysz\u0142ych mam<\/strong><\/a> oraz <a href=\"https:\/\/mama-niemowlaka.pl\/sklep\/ubranka-niemowlece\/\" target=\"_blank\" rel=\"noopener\"><strong>ubranka dla niemowl\u0105t<\/strong><\/a> ju\u017c dzi\u015b! Sprawd\u017a nasze pozosta\u0142e koszule nocne ci\u0105\u017cowe i do karmienia oraz tuniki ci\u0105\u017cowe &#8211; znajdziesz je w kategorii <a href=\"https:\/\/mama-niemowlaka.pl\/sklep\/c\/dlamamy\/koszule-do-karmienia\/\" target=\"_blank\" rel=\"noopener\"><strong>koszule do karmienia<\/strong><\/a>. Wszystkie koszule nocne ci\u0105\u017cowe w naszym sklepie to bawe\u0142niane koszule nocne.<\/p>\n<p>Do naszych koszul nocnych ci\u0105\u017cowych do karmienia mo\u017cesz dokupi\u0107 r\u00f3wnie\u017c <a href=\"https:\/\/mama-niemowlaka.pl\/sklep\/c\/dlamamy\/szlafrok-ciazowy\/\" target=\"_blank\" rel=\"noopener\"><strong>szlafrok ci\u0105\u017cowy<\/strong><\/a>.<\/p>\n<p>Tabela rozmiar\u00f3w:<\/p>\n<table width=\"700\">\n<tbody>\n<tr>\n<td><strong>Rozmiar<\/strong><\/td>\n<td style=\"text-align: center;\"><strong>S<\/strong><\/td>\n<td style=\"text-align: center;\"><strong>M<\/strong><\/td>\n<td style=\"text-align: center;\"><strong>L<\/strong><\/td>\n<td style=\"text-align: center;\"><strong>XL<\/strong><\/td>\n<\/tr>\n<tr>\n<td>D\u0142ugo\u015b\u0107 ca\u0142kowita<\/td>\n<td style=\"text-align: center;\">85 cm<\/td>\n<td style=\"text-align: center;\">89 cm<\/td>\n<td style=\"text-align: center;\">94 cm<\/td>\n<td style=\"text-align: center;\">96 cm<\/td>\n<\/tr>\n<tr>\n<td>Obw\u00f3d w pasie<\/td>\n<td style=\"text-align: center;\">96 cm<\/td>\n<td style=\"text-align: center;\">100 cm<\/td>\n<td style=\"text-align: center;\">102 cm<\/td>\n<td style=\"text-align: center;\">108 cm<\/td>\n<\/tr>\n<tr>\n<td>Obw\u00f3d pod pachami<\/td>\n<td style=\"text-align: center;\">80 cm<\/td>\n<td style=\"text-align: center;\">82 cm<\/td>\n<td style=\"text-align: center;\">84 cm<\/td>\n<td style=\"text-align: center;\">88 cm<\/td>\n<\/tr>\n<\/tbody>\n<\/table>\n","protected":false},"excerpt":{"rendered":"<p data-pm-slice=\"1 1 []\"><a href=\"https:\/\/mama-niemowlaka.pl\/sklep\/produkt\/dlamamy\/koszule-do-karmienia\/koszula-ciazowa-do-karmienia-na-ramiaczkach-roz\/\" target=\"_blank\" rel=\"noopener\"><strong>Koszula do karmienia na rami\u0105czkach<\/strong><\/a> jest doskona\u0142ym wyborem w okresie karmienia piersi\u0105 i w lecie, gdy jeste\u015b w ci\u0105\u017cy. To klasyczna koszula nocna, kt\u00f3ra da Ci uczucie komfortu oraz zapewni wygod\u0119 jakiej potrzebujesz. Ta wygodna koszula u\u0142atwia karmienie piersi\u0105 dzi\u0119ki zapi\u0119ciu na guziki przez \u015brodek koszulki nocnej. Wybieraj\u0105c koszul\u0119 nocn\u0105 w naszym sklepie zapewnisz sobie komfort przez ca\u0142y okres ci\u0105\u017cy i podczas karmienia piersi\u0105.<\/p>\n<p><a href=\"https:\/\/mama-niemowlaka.pl\/sklep\/produkt\/dlamamy\/koszule-do-karmienia\/koszula-ciazowa-do-karmienia-na-ramiaczkach-roz\/\" target=\"_blank\" rel=\"noopener\"><strong>Koszula do karmienia na rami\u0105czkach<\/strong><\/a> w kolorze r\u00f3\u017cowym wyst\u0119puje w czterech rozmiarach: S, M, L i XL. Koszula nocna wyst\u0119puje r\u00f3wnie\u017c w kolorze niebieskim &#8211; <a href=\"https:\/\/mama-niemowlaka.pl\/sklep\/produkt\/dlamamy\/koszule-do-karmienia\/koszula-nocna-do-karmienia-na-ramiaczkach-niebieski\/\" target=\"_blank\" rel=\"noopener\"><strong>Koszula do karmienia na rami\u0105czkach &#8211; niebieska.<\/strong><\/a><\/p>\n<p>Sk\u0142ad: 95% bawe\u0142na 5%Elastan<\/p>\n","protected":false},"featured_media":14620,"template":"","meta":[],"product_brand":[],"product_cat":[64,97],"product_tag":[608,119,236,138,146,259,258,173,98,257,260,331],"class_list":{"0":"post-6476","1":"product","2":"type-product","3":"status-publish","4":"has-post-thumbnail","6":"product_cat-dlamamy","7":"product_cat-koszule-do-karmienia","8":"product_tag-bestsellery-dla-mamy","9":"product_tag-dla-mamy","10":"product_tag-koszula-do-karmienia","11":"product_tag-koszule-ciazowe","12":"product_tag-koszule-ciazowe-do-karmienia","13":"product_tag-koszula-do-karmienia-l","14":"product_tag-koszula-do-karmienia-m","15":"product_tag-koszula-na-ramiaczkach","16":"product_tag-koszule-nocne-do-karmienia","17":"product_tag-koszula-do-karmienia-s","18":"product_tag-koszula-do-karmienia-xl","19":"product_tag-koszulka-nocna-do-karmienia","20":"product_shipping_class-lekka","21":"pa_rozmiar-l","22":"pa_rozmiar-m","23":"pa_rozmiar-s","24":"pa_rozmiar-xl","26":"first","27":"instock","28":"taxable","29":"shipping-taxable","30":"purchasable","31":"product-type-variable","32":"has-default-attributes","33":"wvs-archive-product-wrapper"},"_links":{"self":[{"href":"https:\/\/mama-niemowlaka.pl\/sklep\/wp-json\/wp\/v2\/product\/6476","targetHints":{"allow":["GET"]}}],"collection":[{"href":"https:\/\/mama-niemowlaka.pl\/sklep\/wp-json\/wp\/v2\/product"}],"about":[{"href":"https:\/\/mama-niemowlaka.pl\/sklep\/wp-json\/wp\/v2\/types\/product"}],"wp:featuredmedia":[{"embeddable":true,"href":"https:\/\/mama-niemowlaka.pl\/sklep\/wp-json\/wp\/v2\/media\/14620"}],"wp:attachment":[{"href":"https:\/\/mama-niemowlaka.pl\/sklep\/wp-json\/wp\/v2\/media?parent=6476"}],"wp:term":[{"taxonomy":"product_brand","embeddable":true,"href":"https:\/\/mama-niemowlaka.pl\/sklep\/wp-json\/wp\/v2\/product_brand?post=6476"},{"taxonomy":"product_cat","embeddable":true,"href":"https:\/\/mama-niemowlaka.pl\/sklep\/wp-json\/wp\/v2\/product_cat?post=6476"},{"taxonomy":"product_tag","embeddable":true,"href":"https:\/\/mama-niemowlaka.pl\/sklep\/wp-json\/wp\/v2\/product_tag?post=6476"}],"curies":[{"name":"wp","href":"https:\/\/api.w.org\/{rel}","templated":true}]}}